{"id":6571,"date":"2026-05-05T19:28:21","date_gmt":"2026-05-05T19:28:21","guid":{"rendered":"https:\/\/one22jh.org\/?page_id=6571"},"modified":"2026-05-08T17:34:07","modified_gmt":"2026-05-08T17:34:07","slug":"aniversario","status":"publish","type":"page","link":"https:\/\/one22jh.org\/es\/anniversary\/","title":{"rendered":"Aniversario"},"content":{"rendered":"<div id=\"ninec_banner_1\" class=\"ninec_fullwidth\"><div class=\"ninec_image_banner_wrapper\"><div class=\"ninec_image_banner\"><img loading=\"lazy\" decoding=\"async\" src=\"data:image\/png;base64,iVBORw0KGgoAAAANSUhEUgAAAAMAAAACCAQAAAA3fa6RAAAADklEQVR42mNkAANGCAUAACMAA2w\/AMgAAAAASUVORK5CYII=\" class=\"lazyload nineclazy\" width=\"1600\" height=\"650\" data-src=\"https:\/\/one22jh.org\/wp-content\/uploads\/2026\/05\/CFALawn-Banner.jpg\" alt=\"\"><div class=\"ninec_image_banner_caption animated zoomIn duration3 delay0 eds-on-scroll\"><h1><span>RESERVA LA FECHA<\/span><br>Celebraci\u00f3n del 25\u00ba aniversario<\/h1><h2><p>Acompa\u00f1a a One22 para celebrar 25 a\u00f1os de orientaci\u00f3n, recursos y apoyo. <\/p>\n<\/h2><\/div><\/div><\/div><\/div>\n\n\n<div style=\"height:300px\" aria-hidden=\"true\" class=\"wp-block-spacer 2022-haeader-above-spacing\"><\/div>\n\n\n<div  class=\"ninec_normalwidth ninec_grid_row_wrapper_1\"><div class=\"ninec_grid_wrapper\"><div class=\"ninec_row\"><div id=\"\" class=\"ninec_col ninec_grid_col\"><\/div><div id=\"\" class=\"ninec_col ninec_grid_col\"><img loading=\"lazy\" decoding=\"async\" width=\"350\" height=\"300\" src=\"data:image\/png;base64,iVBORw0KGgoAAAANSUhEUgAAAAMAAAACCAQAAAA3fa6RAAAADklEQVR42mNkAANGCAUAACMAA2w\/AMgAAAAASUVORK5CYII=\" data-src=\"https:\/\/one22jh.org\/wp-content\/uploads\/2026\/05\/Anniversary-logo-for-website.png\" alt=\"\" class=\"lazyload nineclazy\"><\/div><div id=\"\" class=\"ninec_col ninec_grid_col\"><h2 ><span style=\"color: #79AEF2;\">23 de junio<br>4-7 pm<\/span><\/h2><h3 ><span style=\"color: #F2BC57;\">Explanada del Centro de Artes<\/span><\/h3><div class=\"ninec_grid_col_content\"><p style=\"color: #F27C62\"><strong>M\u00daSICA \u00b7 COMIDA \u00b7 ACTIVIDADES<\/strong><\/p>\n<p style=\"color: #84CDB3\"><strong>Gratis, para todas las edades<\/strong><\/p>\n<\/div><\/div><div id=\"\" class=\"ninec_col ninec_grid_col ninec_grid_col_last\"><\/div><div class=\"clearfix\"><\/div><\/div><\/div><\/div>\n\n\n<div style=\"height:80px\" aria-hidden=\"true\" class=\"wp-block-spacer rent-assistance-spacer-three\"><\/div>\n\n\n\n<div style=\"height:100px\" aria-hidden=\"true\" class=\"wp-block-spacer apply-now-botton-spacing\"><\/div>","protected":false},"excerpt":{"rendered":"","protected":false},"author":3,"featured_media":0,"parent":0,"menu_order":0,"comment_status":"closed","ping_status":"closed","template":"","meta":{"footnotes":""},"class_list":["post-6571","page","type-page","status-publish","hentry"],"yoast_head":"<!-- This site is optimized with the Yoast SEO plugin v27.6 - https:\/\/yoast.com\/product\/yoast-seo-wordpress\/ -->\n<title>25th Anniversary | One22 Resource Center | Jackson Hole<\/title>\n<meta name=\"description\" content=\"Join One22 Resource Center as we celebrate 25 years of guidance, resources and care on June 23 at the Center for the Arts Lawn.\" \/>\n<meta name=\"robots\" content=\"index, follow, max-snippet:-1, max-image-preview:large, max-video-preview:-1\" \/>\n<link rel=\"canonical\" href=\"https:\/\/one22jh.org\/es\/aniversario\/\" \/>\n<meta property=\"og:locale\" content=\"es_MX\" \/>\n<meta property=\"og:type\" content=\"article\" \/>\n<meta property=\"og:title\" content=\"25th Anniversary | One22 Resource Center | Jackson Hole\" \/>\n<meta property=\"og:description\" content=\"Join One22 Resource Center as we celebrate 25 years of guidance, resources and care on June 23 at the Center for the Arts Lawn.\" \/>\n<meta property=\"og:url\" content=\"https:\/\/one22jh.org\/es\/aniversario\/\" \/>\n<meta property=\"og:site_name\" content=\"One22 Resource Center\" \/>\n<meta property=\"article:modified_time\" content=\"2026-05-08T17:34:07+00:00\" \/>\n<meta name=\"twitter:card\" content=\"summary_large_image\" \/>\n<script type=\"application\/ld+json\" class=\"yoast-schema-graph\">{\"@context\":\"https:\\\/\\\/schema.org\",\"@graph\":[{\"@type\":\"WebPage\",\"@id\":\"https:\\\/\\\/one22jh.org\\\/anniversary\\\/\",\"url\":\"https:\\\/\\\/one22jh.org\\\/anniversary\\\/\",\"name\":\"25th Anniversary | One22 Resource Center | Jackson Hole\",\"isPartOf\":{\"@id\":\"https:\\\/\\\/one22jh.org\\\/#website\"},\"datePublished\":\"2026-05-05T19:28:21+00:00\",\"dateModified\":\"2026-05-08T17:34:07+00:00\",\"description\":\"Join One22 Resource Center as we celebrate 25 years of guidance, resources and care on June 23 at the Center for the Arts Lawn.\",\"breadcrumb\":{\"@id\":\"https:\\\/\\\/one22jh.org\\\/anniversary\\\/#breadcrumb\"},\"inLanguage\":\"es\",\"potentialAction\":[{\"@type\":\"ReadAction\",\"target\":[\"https:\\\/\\\/one22jh.org\\\/anniversary\\\/\"]}]},{\"@type\":\"BreadcrumbList\",\"@id\":\"https:\\\/\\\/one22jh.org\\\/anniversary\\\/#breadcrumb\",\"itemListElement\":[{\"@type\":\"ListItem\",\"position\":1,\"name\":\"Home\",\"item\":\"https:\\\/\\\/one22jh.org\\\/\"},{\"@type\":\"ListItem\",\"position\":2,\"name\":\"Anniversary Celebration\"}]},{\"@type\":\"WebSite\",\"@id\":\"https:\\\/\\\/one22jh.org\\\/#website\",\"url\":\"https:\\\/\\\/one22jh.org\\\/\",\"name\":\"One22 Resource Center\",\"description\":\"We are One22  Resources to Support One Thriving and Diverse Greater Teton Community.\",\"publisher\":{\"@id\":\"https:\\\/\\\/one22jh.org\\\/#organization\"},\"potentialAction\":[{\"@type\":\"SearchAction\",\"target\":{\"@type\":\"EntryPoint\",\"urlTemplate\":\"https:\\\/\\\/one22jh.org\\\/?s={search_term_string}\"},\"query-input\":{\"@type\":\"PropertyValueSpecification\",\"valueRequired\":true,\"valueName\":\"search_term_string\"}}],\"inLanguage\":\"es\"},{\"@type\":\"Organization\",\"@id\":\"https:\\\/\\\/one22jh.org\\\/#organization\",\"name\":\"One22 Resource Center\",\"url\":\"https:\\\/\\\/one22jh.org\\\/\",\"logo\":{\"@type\":\"ImageObject\",\"inLanguage\":\"es\",\"@id\":\"https:\\\/\\\/one22jh.org\\\/#\\\/schema\\\/logo\\\/image\\\/\",\"url\":\"https:\\\/\\\/one22jh.org\\\/wp-content\\\/uploads\\\/2026\\\/04\\\/one22_logo.avif\",\"contentUrl\":\"https:\\\/\\\/one22jh.org\\\/wp-content\\\/uploads\\\/2026\\\/04\\\/one22_logo.avif\",\"width\":937,\"height\":346,\"caption\":\"One22 Resource Center\"},\"image\":{\"@id\":\"https:\\\/\\\/one22jh.org\\\/#\\\/schema\\\/logo\\\/image\\\/\"}}]}<\/script>\n<!-- \/ Yoast SEO plugin. -->","yoast_head_json":{"title":"25\u00ba aniversario | El Centro de Recursos One22","description":"Acompa\u00f1a a One22 para celebrar 25 a\u00f1os de orientaci\u00f3n, recursos y apoyo.","robots":{"index":"index","follow":"follow","max-snippet":"max-snippet:-1","max-image-preview":"max-image-preview:large","max-video-preview":"max-video-preview:-1"},"canonical":"https:\/\/one22jh.org\/es\/aniversario\/","og_locale":"es_MX","og_type":"article","og_title":"25th Anniversary | One22 Resource Center | Jackson Hole","og_description":"Join One22 Resource Center as we celebrate 25 years of guidance, resources and care on June 23 at the Center for the Arts Lawn.","og_url":"https:\/\/one22jh.org\/es\/aniversario\/","og_site_name":"One22 Resource Center","article_modified_time":"2026-05-08T17:34:07+00:00","twitter_card":"summary_large_image","schema":{"@context":"https:\/\/schema.org","@graph":[{"@type":"WebPage","@id":"https:\/\/one22jh.org\/anniversary\/","url":"https:\/\/one22jh.org\/anniversary\/","name":"25\u00ba aniversario | El Centro de Recursos One22","isPartOf":{"@id":"https:\/\/one22jh.org\/#website"},"datePublished":"2026-05-05T19:28:21+00:00","dateModified":"2026-05-08T17:34:07+00:00","description":"Acompa\u00f1a a One22 para celebrar 25 a\u00f1os de orientaci\u00f3n, recursos y apoyo.","breadcrumb":{"@id":"https:\/\/one22jh.org\/anniversary\/#breadcrumb"},"inLanguage":"es","potentialAction":[{"@type":"ReadAction","target":["https:\/\/one22jh.org\/anniversary\/"]}]},{"@type":"BreadcrumbList","@id":"https:\/\/one22jh.org\/anniversary\/#breadcrumb","itemListElement":[{"@type":"ListItem","position":1,"name":"Home","item":"https:\/\/one22jh.org\/"},{"@type":"ListItem","position":2,"name":"Anniversary Celebration"}]},{"@type":"WebSite","@id":"https:\/\/one22jh.org\/#website","url":"https:\/\/one22jh.org\/","name":"Centro de Recursos One22","description":"Somos One22 Recursos para apoyar una comunidad pr\u00f3spera y diversa de Greater Teton.","publisher":{"@id":"https:\/\/one22jh.org\/#organization"},"potentialAction":[{"@type":"SearchAction","target":{"@type":"EntryPoint","urlTemplate":"https:\/\/one22jh.org\/?s={search_term_string}"},"query-input":{"@type":"PropertyValueSpecification","valueRequired":true,"valueName":"search_term_string"}}],"inLanguage":"es"},{"@type":"Organization","@id":"https:\/\/one22jh.org\/#organization","name":"Centro de Recursos One22","url":"https:\/\/one22jh.org\/","logo":{"@type":"ImageObject","inLanguage":"es","@id":"https:\/\/one22jh.org\/#\/schema\/logo\/image\/","url":"https:\/\/one22jh.org\/wp-content\/uploads\/2026\/04\/one22_logo.avif","contentUrl":"https:\/\/one22jh.org\/wp-content\/uploads\/2026\/04\/one22_logo.avif","width":937,"height":346,"caption":"One22 Resource Center"},"image":{"@id":"https:\/\/one22jh.org\/#\/schema\/logo\/image\/"}}]}},"acf":[],"_links":{"self":[{"href":"https:\/\/one22jh.org\/es\/wp-json\/wp\/v2\/pages\/6571","targetHints":{"allow":["GET"]}}],"collection":[{"href":"https:\/\/one22jh.org\/es\/wp-json\/wp\/v2\/pages"}],"about":[{"href":"https:\/\/one22jh.org\/es\/wp-json\/wp\/v2\/types\/page"}],"author":[{"embeddable":true,"href":"https:\/\/one22jh.org\/es\/wp-json\/wp\/v2\/users\/3"}],"replies":[{"embeddable":true,"href":"https:\/\/one22jh.org\/es\/wp-json\/wp\/v2\/comments?post=6571"}],"version-history":[{"count":0,"href":"https:\/\/one22jh.org\/es\/wp-json\/wp\/v2\/pages\/6571\/revisions"}],"wp:attachment":[{"href":"https:\/\/one22jh.org\/es\/wp-json\/wp\/v2\/media?parent=6571"}],"curies":[{"name":"wp","href":"https:\/\/api.w.org\/{rel}","templated":true}]}}