{"id":6204,"date":"2025-04-04T03:55:44","date_gmt":"2025-04-04T03:55:44","guid":{"rendered":"https:\/\/one22jh.org\/?page_id=6204"},"modified":"2026-02-10T17:41:10","modified_gmt":"2026-02-10T17:41:10","slug":"dona-mensualmente","status":"publish","type":"page","link":"https:\/\/one22jh.org\/es\/dona-mensualmente\/","title":{"rendered":"Dona mensualmente"},"content":{"rendered":"<div style=\"height:50px\" aria-hidden=\"true\" class=\"wp-block-spacer\"><\/div>\n\n\n<div  id=\"ninec-one-22-design-supports-us-today-section-one\" class=\"ninec_normalwidth ninec_grid_row_wrapper_1 ninec-one-22-design-supports-us-today custom-h1 width-boxed\"><div class=\"ninec_grid_wrapper\"><div class=\"ninec_row\"><div id=\"\" class=\"ninec_col ninec_grid_col ninec_grid_col_last animated zoomIn duration3 delay0 eds-on-scroll\"><div class=\"ninec_grid_col_content\"><h1>Our Neighborhood<\/h1>\n<p><i>Our Neighborhood<\/i> es una comunidad compasiva de individuos que apoyan a sus vecinos de la zona conurbada de los Tetons mediante donaciones mensuales a One22. Cada a\u00f1o, atendemos a m\u00e1s de mil 800 hogares locales. \u00danete y ay\u00fadanos a proporcionar estabilidad y apoyo a quienes enfrentan los mayores retos de la vida.<\/p>\n<\/div><\/div><div class=\"clearfix\"><\/div><\/div><\/div><\/div>\n\n\n<div style=\"height:50px\" aria-hidden=\"true\" class=\"wp-block-spacer\"><\/div>\n\n\n<div data-bgset=\"https:\/\/one22jh.org\/wp-content\/uploads\/2025\/04\/banner-give-monthly-neighborhood-donation.avif\" id=\"two-column-grid-image-section-forward\" class=\"ninec_fullwidth lazyload ninec_grid_row_wrapper_1 two-column-grid-image-section animated fadeInUp  rm-mar-top row-classyform\"><div class=\"ninec_grid_wrapper\"><div class=\"ninec_row ninec_row_vertical\"><div id=\"\" class=\"ninec_col ninec_grid_col aos-flip-left\"><h2 >Monthly Giving<\/h2><\/div><div id=\"\" class=\"ninec_col ninec_grid_col ninec_grid_col_last ninec-grid-column-content-box1 col-direction\"><div class=\"ninec_grid_col_content two-column-grid-content\"><div id=\"RssMMnCz09XB6EqyYdHws\" classy=\"672720\" \/><\/div>\n<\/div><\/div><div class=\"clearfix\"><\/div><\/div><\/div><\/div>\n\n\n<script async=\"\" src=\"https:\/\/giving.classy.org\/embedded\/api\/sdk\/js\/83351\"><\/script>\n\n\n\n<div style=\"height:50px\" aria-hidden=\"true\" class=\"wp-block-spacer\"><\/div>\n\n\n<div  class=\"ninec_normalwidth ninec_grid_row_wrapper_1 in-kind-doantions-one-22-design-box-width  animated fadeIn duration2 delay0 eds-on-scroll width-boxed\"><div class=\"ninec_grid_wrapper\"><div class=\"ninec_row\"><div id=\"\" class=\"ninec_col ninec_grid_col ninec_grid_col_last aos-flip-up\"><div class=\"ninec_grid_col_content\"><p>Una comunidad fuerte y resiliente requiere de un apoyo constante. Como miembro de <i>Our Neighborhood<\/i>, tus contribuciones mensuales brindan un mecanismo vital de protecci\u00f3n, as\u00ed como un camino hacia delante para las personas y familias trabajadoras de la zona conurbada de los Tetons. Juntos podemos guiar a nuestros vecinos hacia la estabilidad y el crecimiento a trav\u00e9s de la prestaci\u00f3n de recursos para cubrir necesidades b\u00e1sicas y emergencias, as\u00ed como educaci\u00f3n financiera.<\/p>\n<\/div><\/div><div class=\"clearfix\"><\/div><\/div><\/div><\/div>\n\n<div  id=\"three-column-grid-section-services-area-normal-width-icon\" class=\"ninec_normalwidth ninec_grid_row_wrapper_1 three-column-grid-section-services-area width-boxed-big\"><div class=\"ninec_grid_wrapper\"><div class=\"ninec_row\"><div id=\"\" class=\"ninec_col ninec_grid_col aos-slide-up animated fadeInUp duration3 delay0 eds-on-scroll\"><img loading=\"lazy\" decoding=\"async\" width=\"970\" height=\"683\" src=\"data:image\/png;base64,iVBORw0KGgoAAAANSUhEUgAAAAMAAAACCAQAAAA3fa6RAAAADklEQVR42mNkAANGCAUAACMAA2w\/AMgAAAAASUVORK5CYII=\" data-src=\"https:\/\/one22jh.org\/wp-content\/uploads\/2025\/05\/Watermelon.jpg\" alt=\"\" class=\"lazyload nineclazy icon-thumbnail-height\"><div class=\"ninec_grid_col_content\"><p>Al donar $25 al mes, le provees a un usuario del Jackson Cupboard un mes de productos frescos.<\/p>\n<\/div><\/div><div id=\"\" class=\"ninec_col ninec_grid_col aos-slide-up animated fadeInUp duration3 delay2 eds-on-scroll\"><img loading=\"lazy\" decoding=\"async\" width=\"922\" height=\"775\" src=\"data:image\/png;base64,iVBORw0KGgoAAAANSUhEUgAAAAMAAAACCAQAAAA3fa6RAAAADklEQVR42mNkAANGCAUAACMAA2w\/AMgAAAAASUVORK5CYII=\" data-src=\"https:\/\/one22jh.org\/wp-content\/uploads\/2025\/05\/Heart.jpg\" alt=\"\" class=\"lazyload nineclazy icon-thumbnail-height\"><div class=\"ninec_grid_col_content\"><p>Al donar $50 al mes, suministras transporte de emergencia para alguien que necesita atenci\u00f3n m\u00e9dica esencial fuera del Condado de Teton.<\/p>\n<\/div><\/div><div id=\"\" class=\"ninec_col ninec_grid_col ninec_grid_col_last aos-slide-down animated fadeInUp duration3 delay1 eds-on-scroll\"><img loading=\"lazy\" decoding=\"async\" width=\"901\" height=\"781\" src=\"data:image\/png;base64,iVBORw0KGgoAAAANSUhEUgAAAAMAAAACCAQAAAA3fa6RAAAADklEQVR42mNkAANGCAUAACMAA2w\/AMgAAAAASUVORK5CYII=\" data-src=\"https:\/\/one22jh.org\/wp-content\/uploads\/2025\/05\/Pig.jpg\" alt=\"\" class=\"lazyload nineclazy icon-thumbnail-height\"><div class=\"ninec_grid_col_content\"><p>Al donar $100 al mes, nos permites proporcionarle orientaci\u00f3n financiera personalizada a una familia, con el fin de forjar un presupuesto familiar sostenible.<\/p>\n<\/div><\/div><div class=\"clearfix\"><\/div><\/div><\/div><\/div>\n\n<div style='background-color:#f8f8f8' class=\"ninec_gridbackground ninec_grid_row_wrapper_1 in-kind-doantions-one-22-design-box-width  animated fadeIn duration2 delay0 eds-on-scroll rm-mar-top pad-top-bottom-50 custom-h2 width-boxed\"><div class=\"ninec_grid_wrapper\"><h2 class=\"ninec_grid_heading\">Las ventajas de donar mes tras mes<\/h2><div class=\"ninec_row\"><div id=\"\" class=\"ninec_col ninec_grid_col ninec_grid_col_last aos-flip-up\"><div class=\"ninec_grid_col_content\"><p>Tu apoyo constante, a trav\u00e9s de <i>Our Neighborhood<\/i>, nos permite prepararnos para tomar acci\u00f3n, ya sea ante retos cotidianos o crisis inesperadas.<\/p>\n<\/div><\/div><div class=\"clearfix\"><\/div><\/div><\/div><\/div>\n\n<div style='background-color:#f8f8f8' id=\"two-column-grid-image-section-forward\" class=\"ninec_fullwidth lazyload ninec_grid_row_wrapper_1 two-column-grid-image-section two-column-grid-content-small-section animated fadeIn duration3 delay0 eds-on-scroll rm-mar-top\"><div class=\"ninec_grid_wrapper\"><div class=\"ninec_row ninec_row_vertical\"><div id=\"\" class=\"ninec_col ninec_grid_col aos-flip-left\"><a href=\"\/es\/solicita-apoyo\/asistencia-financiera\/\" target=\"\"><img loading=\"lazy\" decoding=\"async\" width=\"1280\" height=\"928\" src=\"data:image\/png;base64,iVBORw0KGgoAAAANSUhEUgAAAAMAAAACCAQAAAA3fa6RAAAADklEQVR42mNkAANGCAUAACMAA2w\/AMgAAAAASUVORK5CYII=\" data-src=\"https:\/\/one22jh.org\/wp-content\/uploads\/2025\/04\/thumb-monthly-giving-benefits-donation-one22.avif\" alt=\"monthly-giving-benefits-donation\" class=\"lazyload nineclazy ninec-grid-column-image-box\"><\/a><\/div><div id=\"\" class=\"ninec_col ninec_grid_col ninec_grid_col_last ninec-grid-column-content-box1 col-direction\"><div class=\"ninec_grid_col_content two-column-grid-content\"><p><strong>Es m\u00e1s conveniente<\/strong> - Tu donaci\u00f3n ser\u00e1 procesada autom\u00e1ticamente cada mes y recibir\u00e1s un resumen fiscal anual.<\/p>\n<p><strong>Puede personalizarse<\/strong> - dona lo que se ajuste a tu presupuesto; reaj\u00fastalo en cualquier momento.<\/p>\n<p><strong>Es m\u00e1s eficaz<\/strong> - al automatizar tus donaciones, una mayor parte de \u00e9stas ser\u00e1 utilizada directamente por los programas que influyen.<\/p>\n<\/div><a class=\"site-buttons\" href=\"https:\/\/giving.classy.org\/campaign\/672310\/donate\" target=\"_blank\">Dona mensualmente<\/a><\/div><div class=\"clearfix\"><\/div><\/div><\/div><\/div>\n\n<div  id=\"three-column-grid-section-services-area-normal-width-list\" class=\"ninec_normalwidth ninec_grid_row_wrapper_1 three-column-grid-section-services-area no-list-style pad-top-bottom-50 width-boxed-big pad-bot-title\"><div class=\"ninec_grid_wrapper\"><h3 class=\"ninec_grid_heading\">Conoce a tus vecinos que ya se comprometieron a cambiar vidas<\/h3><div class=\"ninec_row\"><div id=\"\" class=\"ninec_col ninec_grid_col aos-slide-up animated fadeInUp duration3 delay0 eds-on-scroll\"><div class=\"ninec_grid_col_content\"><ul>\n<li style=\"text-align: center;\">Jennifer y Will Bradof<\/li>\n<li style=\"text-align: center;\">Cooke Dawes<\/li>\n<li style=\"text-align: center;\">Shauna y Christian Earl<\/li>\n<li style=\"text-align: center;\">William Egan<\/li>\n<li style=\"text-align: center;\">Adelle Eslinger<\/li>\n<li style=\"text-align: center;\">Sara Flitner<\/li>\n<li style=\"text-align: center;\">Jennifer Ford y Rhys Brown<\/li>\n<li style=\"text-align: center;\">Carmen Garcia Fernandez<\/li>\n<li style=\"text-align: center;\">Mary Gerty<\/li>\n<li style=\"text-align: center;\">Uschi y Jochen Grocke<\/li>\n<li style=\"text-align: center;\">Carol Harkness<\/li>\n<\/ul>\n<\/div><\/div><div id=\"\" class=\"ninec_col ninec_grid_col aos-slide-up animated fadeInUp duration3 delay2 eds-on-scroll\"><div class=\"ninec_grid_col_content\"><ul>\n<li style=\"text-align: center;\">Lauren Harnishfeger<\/li>\n<li style=\"text-align: center;\">Jessica y Chris Jaubert<\/li>\n<li style=\"text-align: center;\">Ian Johnston<\/li>\n<li style=\"text-align: center;\">Jenny Karns<\/li>\n<li style=\"text-align: center;\">Kay y Jack Krouskup<\/li>\n<li style=\"text-align: center;\">Daley Matthews-Pennanen<\/li>\n<li style=\"text-align: center;\">Si Matthies<\/li>\n<li style=\"text-align: center;\">Abigail Moore<\/li>\n<li style=\"text-align: center;\">Kelloway Norton<\/li>\n<li style=\"text-align: center;\">June Nystrom<\/li>\n<li style=\"text-align: center;\">Annette y Noah Osnos<\/li>\n<\/ul>\n<\/div><\/div><div id=\"\" class=\"ninec_col ninec_grid_col ninec_grid_col_last aos-slide-down animated fadeInUp duration3 delay1 eds-on-scroll\"><div class=\"ninec_grid_col_content\"><ul>\n<li style=\"text-align: center;\">Michelle Rooks y Eric Orton<\/li>\n<li style=\"text-align: center;\">Donald Runnicles<\/li>\n<li style=\"text-align: center;\">Amy Ryan<\/li>\n<li style=\"text-align: center;\">Bill Southard<\/li>\n<li style=\"text-align: center;\">Diane Thomas y Mike King<\/li>\n<li style=\"text-align: center;\">Stephanie Thomas<\/li>\n<li style=\"text-align: center;\">Alexandra Willemain<\/li>\n<li style=\"text-align: center;\">Ingrid Wobst<\/li>\n<li style=\"text-align: center;\">Debra Wuersch y Robert Ablondi<\/li>\n<li style=\"text-align: center;\">Anonymous (9)<\/li>\n<\/ul>\n<\/div><\/div><div class=\"clearfix\"><\/div><\/div><\/div><\/div>\n\n<div  class=\"ninec_normalwidth ninec_grid_row_wrapper_1 in-kind-doantions-one-22-design-box-width  animated fadeInUp duration2 delay0 eds-on-scroll rm-mar-top giving-monthly-testimonial width-boxed-small\"><div class=\"ninec_grid_wrapper\"><div class=\"ninec_row\"><div id=\"\" class=\"ninec_col ninec_grid_col ninec_grid_col_last aos-flip-up\"><div class=\"ninec_grid_col_content txt-orange\"><p style=\"text-align: center;\">\"Yo dono a One22 porque creo en fortalecer a la gente mediante educaci\u00f3n y apoyo, para que puedan desarrollar cimientos fuertes para su vida y su futuro. Me parece que One22 ejecuta programas y difusi\u00f3n en nuestra comunidad con compasi\u00f3n y liderazgo.\"<\/p>\n<p style=\"text-align: center;\" class=\"testi-author\">&#8211; JESSICA JAUBERT<\/p>\n<\/div><\/div><div class=\"clearfix\"><\/div><\/div><\/div><\/div>\n\n<div style='background-color:#f8f8f8' class=\"ninec_gridbackground ninec_grid_row_wrapper_1 one-22-design-questions-box-width-icon aos-fade-right animated zoomIn duration3 delay0 eds-on-scroll pad-top-bottom-50 txt-center\"><div class=\"ninec_grid_wrapper\"><h3 class=\"ninec_grid_heading\">\u00bfYa eres miembro de Our Neighborhood?<\/h3><h5 class=\"ninec_grid_sub_heading\">Actualiza tus datos personales o informaci\u00f3n de pago<\/h5><div class=\"ninec_row ninec_row_vertical\"><div id=\"\" class=\"ninec_col ninec_grid_col ninec_grid_col_last\"><a class=\"site-buttons\" href=\"https:\/\/support.classy.org\/s\/article\/update-your-recurring-donation\" target=\"_blank\">Actual\u00edzalos aqu\u00ed<\/a><\/div><div class=\"clearfix\"><\/div><\/div><\/div><\/div>\n\n\n<p><\/p>","protected":false},"excerpt":{"rendered":"","protected":false},"author":2,"featured_media":0,"parent":0,"menu_order":0,"comment_status":"closed","ping_status":"closed","template":"","meta":{"footnotes":""},"class_list":["post-6204","page","type-page","status-publish","hentry"],"yoast_head":"<!-- This site is optimized with the Yoast SEO plugin v27.3 - https:\/\/yoast.com\/product\/yoast-seo-wordpress\/ -->\n<title>Become a Monthly Donor | One22 Resource Center | Jackson Hole<\/title>\n<meta name=\"description\" content=\"As a member of Our Neighborhood, your monthly giving provides a vital safety net and a pathway forward for hardworking individuals and families in the Greater Teton area.\" \/>\n<meta name=\"robots\" content=\"index, follow, max-snippet:-1, max-image-preview:large, max-video-preview:-1\" \/>\n<link rel=\"canonical\" href=\"https:\/\/one22jh.org\/es\/dona-mensualmente\/\" \/>\n<meta property=\"og:locale\" content=\"es_MX\" \/>\n<meta property=\"og:type\" content=\"article\" \/>\n<meta property=\"og:title\" content=\"Become a Monthly Donor | One22 Resource Center | Jackson Hole\" \/>\n<meta property=\"og:description\" content=\"As a member of Our Neighborhood, your monthly giving provides a vital safety net and a pathway forward for hardworking individuals and families in the Greater Teton area.\" \/>\n<meta property=\"og:url\" content=\"https:\/\/one22jh.org\/es\/dona-mensualmente\/\" \/>\n<meta property=\"og:site_name\" content=\"One22 Resource Center\" \/>\n<meta property=\"article:modified_time\" content=\"2026-02-10T17:41:10+00:00\" \/>\n<meta name=\"twitter:card\" content=\"summary_large_image\" \/>\n<script type=\"application\/ld+json\" class=\"yoast-schema-graph\">{\"@context\":\"https:\\\/\\\/schema.org\",\"@graph\":[{\"@type\":\"WebPage\",\"@id\":\"https:\\\/\\\/one22jh.org\\\/give-monthly\\\/\",\"url\":\"https:\\\/\\\/one22jh.org\\\/give-monthly\\\/\",\"name\":\"Become a Monthly Donor | One22 Resource Center | Jackson Hole\",\"isPartOf\":{\"@id\":\"https:\\\/\\\/one22jh.org\\\/#website\"},\"datePublished\":\"2025-04-04T03:55:44+00:00\",\"dateModified\":\"2026-02-10T17:41:10+00:00\",\"description\":\"As a member of Our Neighborhood, your monthly giving provides a vital safety net and a pathway forward for hardworking individuals and families in the Greater Teton area.\",\"breadcrumb\":{\"@id\":\"https:\\\/\\\/one22jh.org\\\/give-monthly\\\/#breadcrumb\"},\"inLanguage\":\"es\",\"potentialAction\":[{\"@type\":\"ReadAction\",\"target\":[\"https:\\\/\\\/one22jh.org\\\/give-monthly\\\/\"]}]},{\"@type\":\"BreadcrumbList\",\"@id\":\"https:\\\/\\\/one22jh.org\\\/give-monthly\\\/#breadcrumb\",\"itemListElement\":[{\"@type\":\"ListItem\",\"position\":1,\"name\":\"Home\",\"item\":\"https:\\\/\\\/one22jh.org\\\/\"},{\"@type\":\"ListItem\",\"position\":2,\"name\":\"Give Monthly\"}]},{\"@type\":\"WebSite\",\"@id\":\"https:\\\/\\\/one22jh.org\\\/#website\",\"url\":\"https:\\\/\\\/one22jh.org\\\/\",\"name\":\"One22 Resource Center\",\"description\":\"We are One22  Resources to Support One Thriving and Diverse Greater Teton Community.\",\"publisher\":{\"@id\":\"https:\\\/\\\/one22jh.org\\\/#organization\"},\"potentialAction\":[{\"@type\":\"SearchAction\",\"target\":{\"@type\":\"EntryPoint\",\"urlTemplate\":\"https:\\\/\\\/one22jh.org\\\/?s={search_term_string}\"},\"query-input\":{\"@type\":\"PropertyValueSpecification\",\"valueRequired\":true,\"valueName\":\"search_term_string\"}}],\"inLanguage\":\"es\"},{\"@type\":\"Organization\",\"@id\":\"https:\\\/\\\/one22jh.org\\\/#organization\",\"name\":\"One22 Resource Center\",\"url\":\"https:\\\/\\\/one22jh.org\\\/\",\"logo\":{\"@type\":\"ImageObject\",\"inLanguage\":\"es\",\"@id\":\"https:\\\/\\\/one22jh.org\\\/#\\\/schema\\\/logo\\\/image\\\/\",\"url\":\"https:\\\/\\\/one22jh.org\\\/wp-content\\\/uploads\\\/2026\\\/04\\\/one22_logo.avif\",\"contentUrl\":\"https:\\\/\\\/one22jh.org\\\/wp-content\\\/uploads\\\/2026\\\/04\\\/one22_logo.avif\",\"width\":937,\"height\":346,\"caption\":\"One22 Resource Center\"},\"image\":{\"@id\":\"https:\\\/\\\/one22jh.org\\\/#\\\/schema\\\/logo\\\/image\\\/\"}}]}<\/script>\n<!-- \/ Yoast SEO plugin. -->","yoast_head_json":{"title":"Dona Mensualmente | Centro de Recursos One22 | Jackson Hole","description":"Como miembro de Our Neighborhood, tus contribuciones mensuales brindan un mecanismo vital de protecci\u00f3n, as\u00ed como un camino hacia delante para las personas y familias trabajadoras de la zona conurbada de los Tetons.","robots":{"index":"index","follow":"follow","max-snippet":"max-snippet:-1","max-image-preview":"max-image-preview:large","max-video-preview":"max-video-preview:-1"},"canonical":"https:\/\/one22jh.org\/es\/dona-mensualmente\/","og_locale":"es_MX","og_type":"article","og_title":"Become a Monthly Donor | One22 Resource Center | Jackson Hole","og_description":"As a member of Our Neighborhood, your monthly giving provides a vital safety net and a pathway forward for hardworking individuals and families in the Greater Teton area.","og_url":"https:\/\/one22jh.org\/es\/dona-mensualmente\/","og_site_name":"One22 Resource Center","article_modified_time":"2026-02-10T17:41:10+00:00","twitter_card":"summary_large_image","schema":{"@context":"https:\/\/schema.org","@graph":[{"@type":"WebPage","@id":"https:\/\/one22jh.org\/give-monthly\/","url":"https:\/\/one22jh.org\/give-monthly\/","name":"Dona Mensualmente | Centro de Recursos One22 | Jackson Hole","isPartOf":{"@id":"https:\/\/one22jh.org\/#website"},"datePublished":"2025-04-04T03:55:44+00:00","dateModified":"2026-02-10T17:41:10+00:00","description":"Como miembro de Our Neighborhood, tus contribuciones mensuales brindan un mecanismo vital de protecci\u00f3n, as\u00ed como un camino hacia delante para las personas y familias trabajadoras de la zona conurbada de los Tetons.","breadcrumb":{"@id":"https:\/\/one22jh.org\/give-monthly\/#breadcrumb"},"inLanguage":"es","potentialAction":[{"@type":"ReadAction","target":["https:\/\/one22jh.org\/give-monthly\/"]}]},{"@type":"BreadcrumbList","@id":"https:\/\/one22jh.org\/give-monthly\/#breadcrumb","itemListElement":[{"@type":"ListItem","position":1,"name":"Home","item":"https:\/\/one22jh.org\/"},{"@type":"ListItem","position":2,"name":"Give Monthly"}]},{"@type":"WebSite","@id":"https:\/\/one22jh.org\/#website","url":"https:\/\/one22jh.org\/","name":"Centro de Recursos One22","description":"Somos One22 Recursos para apoyar una comunidad pr\u00f3spera y diversa de Greater Teton.","publisher":{"@id":"https:\/\/one22jh.org\/#organization"},"potentialAction":[{"@type":"SearchAction","target":{"@type":"EntryPoint","urlTemplate":"https:\/\/one22jh.org\/?s={search_term_string}"},"query-input":{"@type":"PropertyValueSpecification","valueRequired":true,"valueName":"search_term_string"}}],"inLanguage":"es"},{"@type":"Organization","@id":"https:\/\/one22jh.org\/#organization","name":"Centro de Recursos One22","url":"https:\/\/one22jh.org\/","logo":{"@type":"ImageObject","inLanguage":"es","@id":"https:\/\/one22jh.org\/#\/schema\/logo\/image\/","url":"https:\/\/one22jh.org\/wp-content\/uploads\/2026\/04\/one22_logo.avif","contentUrl":"https:\/\/one22jh.org\/wp-content\/uploads\/2026\/04\/one22_logo.avif","width":937,"height":346,"caption":"One22 Resource Center"},"image":{"@id":"https:\/\/one22jh.org\/#\/schema\/logo\/image\/"}}]}},"acf":[],"_links":{"self":[{"href":"https:\/\/one22jh.org\/es\/wp-json\/wp\/v2\/pages\/6204","targetHints":{"allow":["GET"]}}],"collection":[{"href":"https:\/\/one22jh.org\/es\/wp-json\/wp\/v2\/pages"}],"about":[{"href":"https:\/\/one22jh.org\/es\/wp-json\/wp\/v2\/types\/page"}],"author":[{"embeddable":true,"href":"https:\/\/one22jh.org\/es\/wp-json\/wp\/v2\/users\/2"}],"replies":[{"embeddable":true,"href":"https:\/\/one22jh.org\/es\/wp-json\/wp\/v2\/comments?post=6204"}],"version-history":[{"count":0,"href":"https:\/\/one22jh.org\/es\/wp-json\/wp\/v2\/pages\/6204\/revisions"}],"wp:attachment":[{"href":"https:\/\/one22jh.org\/es\/wp-json\/wp\/v2\/media?parent=6204"}],"curies":[{"name":"wp","href":"https:\/\/api.w.org\/{rel}","templated":true}]}}