{"id":6200,"date":"2025-04-03T16:36:09","date_gmt":"2025-04-03T16:36:09","guid":{"rendered":"https:\/\/one22jh.org\/?page_id=6200"},"modified":"2026-01-20T21:48:28","modified_gmt":"2026-01-20T21:48:28","slug":"dona-anualmente","status":"publish","type":"page","link":"https:\/\/one22jh.org\/es\/dona-anualmente\/","title":{"rendered":"Dona anualmente"},"content":{"rendered":"<div id=\"ninec_banner_1\" class=\"ninec_fullwidth\"><div class=\"ninec_image_banner_wrapper\"><div class=\"ninec_image_banner\"><img loading=\"lazy\" decoding=\"async\" src=\"data:image\/png;base64,iVBORw0KGgoAAAANSUhEUgAAAAMAAAACCAQAAAA3fa6RAAAADklEQVR42mNkAANGCAUAACMAA2w\/AMgAAAAASUVORK5CYII=\" class=\"lazyload nineclazy\" width=\"1920\" height=\"769\" data-src=\"https:\/\/one22jh.org\/wp-content\/uploads\/2025\/04\/banner-multi-year-donation-one22.avif\" alt=\"multi-year-donation-one22\"><\/div><\/div><\/div>\n\n\n<div style=\"height:50px\" aria-hidden=\"true\" class=\"wp-block-spacer\"><\/div>\n\n\n<div  id=\"ninec-one-22-design-supports-us-today-section-one\" class=\"ninec_normalwidth ninec_grid_row_wrapper_1 ninec-one-22-design-supports-us-today custom-h1 width-boxed-big custom-intro\"><div class=\"ninec_grid_wrapper\"><div class=\"ninec_row\"><div id=\"\" class=\"ninec_col ninec_grid_col ninec_grid_col_last animated zoomIn duration3 delay0 eds-on-scroll\"><div class=\"ninec_grid_col_content\"><h1 style=\"text-align: center;\">Donaciones anuales Pathfinders: apoyo fiable, alcance que transforma<\/h1>\n<\/div><h4 >CON ALIADOS COMPROMETIDOS COMO T\u00da, PODEMOS PROPORCIONAR RECURSOS RECURSOS TRASCENDENTES PARA NUESTRA COMUNIDAD.<\/h4><div class=\"ninec_grid_col_content custom-content\"><p>Los <i>Pathfinders<\/i> son un grupo compasivo de donantes que creen en el poder de crear cambios duraderos para individuos y familias que encaran dificultades en nuestra localidad. Al comprometerte a donar anualmente, durante tres a\u00f1os o m\u00e1s, con una suma que sea significativa para ti, nos brindas una base s\u00f3lida con la cual podremos ayudar a nuestros vecinos a pasar de la penuria a la estabilidad. Tu compromiso impulsa soluciones a largo plazo, permiti\u00e9ndonos sustentar y mejorar los programas cr\u00edticos que cada a\u00f1o atienden a m\u00e1s de mil 800 hogares.<\/p>\n<\/div><\/div><div class=\"clearfix\"><\/div><\/div><\/div><\/div>\n\n\n<div style=\"height:50px\" aria-hidden=\"true\" class=\"wp-block-spacer\"><\/div>\n\n\n<div style='background-color:#f8f8f8' class=\"ninec_gridbackground ninec_grid_row_wrapper_1 in-kind-doantions-one-22-design-box-width  animated fadeIn duration2 delay0 eds-on-scroll rm-mar-top pad-top-bottom-50  width-boxed\"><div class=\"ninec_grid_wrapper\"><h2 class=\"ninec_grid_heading\">C\u00f3mo afiliarte<\/h2><div class=\"ninec_row\"><div id=\"\" class=\"ninec_col ninec_grid_col ninec_grid_col_last aos-flip-up\"><div class=\"ninec_grid_col_content\"><p>Un apoyo constante y comprometido es clave para fortalecer a los hogares locales. Al convertirte en Pathfinder, contribuyes a hacer realidad nuestra visi\u00f3n: una comunidad diversa en el \u00e1rea conurbada de los Tetons, con oportunidades para que todos los habitantes prosperen.<\/p>\n<\/div><\/div><div class=\"clearfix\"><\/div><\/div><\/div><\/div>\n\n<div style='background-color:#f8f8f8' id=\"two-column-grid-image-section-forward\" class=\"ninec_fullwidth lazyload ninec_grid_row_wrapper_1 two-column-grid-image-section two-column-grid-content-small-section animated fadeIn duration3 delay0 eds-on-scroll rm-mar-top\"><div class=\"ninec_grid_wrapper\"><div class=\"ninec_row ninec_row_vertical\"><div id=\"\" class=\"ninec_col ninec_grid_col aos-flip-left img-cover\"><a href=\"\/es\/solicita-apoyo\/asistencia-financiera\/\" target=\"\"><img loading=\"lazy\" decoding=\"async\" width=\"1280\" height=\"986\" src=\"data:image\/png;base64,iVBORw0KGgoAAAANSUhEUgAAAAMAAAACCAQAAAA3fa6RAAAADklEQVR42mNkAANGCAUAACMAA2w\/AMgAAAAASUVORK5CYII=\" data-src=\"https:\/\/one22jh.org\/wp-content\/uploads\/2025\/04\/thumb-multi-year-how-to-join-donation-one22.avif\" alt=\"multi-year-how-to-join-donation-one22\" class=\"lazyload nineclazy ninec-grid-column-image-box\"><\/a><\/div><div id=\"\" class=\"ninec_col ninec_grid_col ninec_grid_col_last ninec-grid-column-content-box1 rm-over-box col-commitment\"><div class=\"ninec_grid_col_content two-column-grid-content\"><h3>Af\u00edliate ya<\/h3>\n<ol>\n<li><a href=\"https:\/\/one22jh.org\/wp-content\/uploads\/2025\/05\/Pathfinder-Pledge-Form-2025.pdf\" target=\"_blank\" rel=\"noopener\">Descarga<\/a> Descarga la carta de compromiso o contacta a Sarah Duggan, directora de Desarrollo, al correo sarah.duggan@one22jh.org o al tel\u00e9fono (307) 219-0810.<\/li>\n<li>Comprom\u00e9tete a aportar al nivel m\u00e1s significativo para ti, durante al menos tres a\u00f1os.<\/li>\n<li>Recibir\u00e1s un recordatorio 30 d\u00edas antes de la fecha de tu pago.<br \/>\n<br \/>Direcci\u00f3n postal:\u00a0<br \/>\nCentro de Recursos One22<br \/>\nPO Box 1232, Jackson, WY 83001<\/p>\n<p>One22 Resource Center es una organizaci\u00f3n exenta de impuestos 501(c)(3). Nuestro n\u00famero de identificaci\u00f3n de empleador es n\u00ba 74-3104462.<\/li>\n<\/ol>\n<\/div><\/div><div class=\"clearfix\"><\/div><\/div><\/div><\/div>\n\n<div  class=\"ninec_normalwidth ninec_grid_row_wrapper_1 one-22-design-questions-box-width aos-fade-right animated zoomIn duration3 delay0 eds-on-scroll  width-boxed-mini pad-top-50\"><div class=\"ninec_grid_wrapper\"><h3 class=\"ninec_grid_heading\">Nuestra comunidad de Pathfinders<\/h3><div class=\"ninec_row\"><div id=\"\" class=\"ninec_col ninec_grid_col text-center\"><div class=\"ninec_grid_col_content no-list-style\"><ul>\n<li style=\"text-align: center;\">Lisa Carlin<\/li>\n<li style=\"text-align: center;\">Nancy y Richard Collister<\/li>\n<li style=\"text-align: center;\">Sara Flitner<\/li>\n<li style=\"text-align: center;\">Jan y Bob Hartman<\/li>\n<li style=\"text-align: center;\">Fundaci\u00f3n Ben\u00e9fica Hughes<\/li>\n<li style=\"text-align: center;\">Shirley y Paul Piper<\/li>\n<li style=\"text-align: center;\">Laurie y Tom Saylak<\/li>\n<li style=\"text-align: center;\">Singleton\/Peery Financial<\/li>\n<\/ul>\n<\/div><\/div><div id=\"\" class=\"ninec_col ninec_grid_col ninec_grid_col_last text-center-email\"><div class=\"ninec_grid_col_content no-list-style\"><ul>\n<li style=\"text-align: center;\">Margot Snowdon<\/li>\n<li style=\"text-align: center;\">Noa y Ted Staryk<\/li>\n<li style=\"text-align: center;\">Diane Thomas y Mike King<\/li>\n<li style=\"text-align: center;\">Teresa y Bill Waterman<\/li>\n<li style=\"text-align: center;\">Missy Whelan<\/li>\n<li style=\"text-align: center;\">Chris y Jeff Willemain<\/li>\n<li style=\"text-align: center;\">Donante an\u00f3nimo<\/li>\n<\/ul>\n<\/div><\/div><div class=\"clearfix\"><\/div><\/div><\/div><\/div>\n\n\n<div style=\"height:70px\" aria-hidden=\"true\" class=\"wp-block-spacer ninec-question-spacer-two\"><\/div>","protected":false},"excerpt":{"rendered":"","protected":false},"author":2,"featured_media":0,"parent":0,"menu_order":0,"comment_status":"closed","ping_status":"closed","template":"","meta":{"footnotes":""},"class_list":["post-6200","page","type-page","status-publish","hentry"],"yoast_head":"<!-- This site is optimized with the Yoast SEO plugin v27.3 - https:\/\/yoast.com\/product\/yoast-seo-wordpress\/ -->\n<title>Multi-Year Giving | One22 Resource Center | Jackson Hole<\/title>\n<meta name=\"description\" content=\"By committing to giving annually for three years or more, you provide the steady foundation that helps our neighbors move from hardship to stability.\" \/>\n<meta name=\"robots\" content=\"index, follow, max-snippet:-1, max-image-preview:large, max-video-preview:-1\" \/>\n<link rel=\"canonical\" href=\"https:\/\/one22jh.org\/es\/dona-anualmente\/\" \/>\n<meta property=\"og:locale\" content=\"es_MX\" \/>\n<meta property=\"og:type\" content=\"article\" \/>\n<meta property=\"og:title\" content=\"Multi-Year Giving | One22 Resource Center | Jackson Hole\" \/>\n<meta property=\"og:description\" content=\"By committing to giving annually for three years or more, you provide the steady foundation that helps our neighbors move from hardship to stability.\" \/>\n<meta property=\"og:url\" content=\"https:\/\/one22jh.org\/es\/dona-anualmente\/\" \/>\n<meta property=\"og:site_name\" content=\"One22 Resource Center\" \/>\n<meta property=\"article:modified_time\" content=\"2026-01-20T21:48:28+00:00\" \/>\n<meta name=\"twitter:card\" content=\"summary_large_image\" \/>\n<script type=\"application\/ld+json\" class=\"yoast-schema-graph\">{\"@context\":\"https:\\\/\\\/schema.org\",\"@graph\":[{\"@type\":\"WebPage\",\"@id\":\"https:\\\/\\\/one22jh.org\\\/multi-year-giving\\\/\",\"url\":\"https:\\\/\\\/one22jh.org\\\/multi-year-giving\\\/\",\"name\":\"Multi-Year Giving | One22 Resource Center | Jackson Hole\",\"isPartOf\":{\"@id\":\"https:\\\/\\\/one22jh.org\\\/#website\"},\"datePublished\":\"2025-04-03T16:36:09+00:00\",\"dateModified\":\"2026-01-20T21:48:28+00:00\",\"description\":\"By committing to giving annually for three years or more, you provide the steady foundation that helps our neighbors move from hardship to stability.\",\"breadcrumb\":{\"@id\":\"https:\\\/\\\/one22jh.org\\\/multi-year-giving\\\/#breadcrumb\"},\"inLanguage\":\"es\",\"potentialAction\":[{\"@type\":\"ReadAction\",\"target\":[\"https:\\\/\\\/one22jh.org\\\/multi-year-giving\\\/\"]}]},{\"@type\":\"BreadcrumbList\",\"@id\":\"https:\\\/\\\/one22jh.org\\\/multi-year-giving\\\/#breadcrumb\",\"itemListElement\":[{\"@type\":\"ListItem\",\"position\":1,\"name\":\"Home\",\"item\":\"https:\\\/\\\/one22jh.org\\\/\"},{\"@type\":\"ListItem\",\"position\":2,\"name\":\"Multi Year Giving\"}]},{\"@type\":\"WebSite\",\"@id\":\"https:\\\/\\\/one22jh.org\\\/#website\",\"url\":\"https:\\\/\\\/one22jh.org\\\/\",\"name\":\"One22 Resource Center\",\"description\":\"We are One22  Resources to Support One Thriving and Diverse Greater Teton Community.\",\"publisher\":{\"@id\":\"https:\\\/\\\/one22jh.org\\\/#organization\"},\"potentialAction\":[{\"@type\":\"SearchAction\",\"target\":{\"@type\":\"EntryPoint\",\"urlTemplate\":\"https:\\\/\\\/one22jh.org\\\/?s={search_term_string}\"},\"query-input\":{\"@type\":\"PropertyValueSpecification\",\"valueRequired\":true,\"valueName\":\"search_term_string\"}}],\"inLanguage\":\"es\"},{\"@type\":\"Organization\",\"@id\":\"https:\\\/\\\/one22jh.org\\\/#organization\",\"name\":\"One22 Resource Center\",\"url\":\"https:\\\/\\\/one22jh.org\\\/\",\"logo\":{\"@type\":\"ImageObject\",\"inLanguage\":\"es\",\"@id\":\"https:\\\/\\\/one22jh.org\\\/#\\\/schema\\\/logo\\\/image\\\/\",\"url\":\"https:\\\/\\\/one22jh.org\\\/wp-content\\\/uploads\\\/2024\\\/07\\\/logo-blue.webp\",\"contentUrl\":\"https:\\\/\\\/one22jh.org\\\/wp-content\\\/uploads\\\/2024\\\/07\\\/logo-blue.webp\",\"width\":271,\"height\":101,\"caption\":\"One22 Resource Center\"},\"image\":{\"@id\":\"https:\\\/\\\/one22jh.org\\\/#\\\/schema\\\/logo\\\/image\\\/\"}}]}<\/script>\n<!-- \/ Yoast SEO plugin. -->","yoast_head_json":{"title":"Donaciones anuales | Centro de Recursos One22 | Jackson Hole","description":"Al comprometerte a donar anualmente, durante tres a\u00f1os o m\u00e1s, nos brindas una base s\u00f3lida con la cual podremos ayudar a nuestros vecinos a pasar de la penuria a la estabilidad.","robots":{"index":"index","follow":"follow","max-snippet":"max-snippet:-1","max-image-preview":"max-image-preview:large","max-video-preview":"max-video-preview:-1"},"canonical":"https:\/\/one22jh.org\/es\/dona-anualmente\/","og_locale":"es_MX","og_type":"article","og_title":"Multi-Year Giving | One22 Resource Center | Jackson Hole","og_description":"By committing to giving annually for three years or more, you provide the steady foundation that helps our neighbors move from hardship to stability.","og_url":"https:\/\/one22jh.org\/es\/dona-anualmente\/","og_site_name":"One22 Resource Center","article_modified_time":"2026-01-20T21:48:28+00:00","twitter_card":"summary_large_image","schema":{"@context":"https:\/\/schema.org","@graph":[{"@type":"WebPage","@id":"https:\/\/one22jh.org\/multi-year-giving\/","url":"https:\/\/one22jh.org\/multi-year-giving\/","name":"Donaciones anuales | Centro de Recursos One22 | Jackson Hole","isPartOf":{"@id":"https:\/\/one22jh.org\/#website"},"datePublished":"2025-04-03T16:36:09+00:00","dateModified":"2026-01-20T21:48:28+00:00","description":"Al comprometerte a donar anualmente, durante tres a\u00f1os o m\u00e1s, nos brindas una base s\u00f3lida con la cual podremos ayudar a nuestros vecinos a pasar de la penuria a la estabilidad.","breadcrumb":{"@id":"https:\/\/one22jh.org\/multi-year-giving\/#breadcrumb"},"inLanguage":"es","potentialAction":[{"@type":"ReadAction","target":["https:\/\/one22jh.org\/multi-year-giving\/"]}]},{"@type":"BreadcrumbList","@id":"https:\/\/one22jh.org\/multi-year-giving\/#breadcrumb","itemListElement":[{"@type":"ListItem","position":1,"name":"Home","item":"https:\/\/one22jh.org\/"},{"@type":"ListItem","position":2,"name":"Multi Year Giving"}]},{"@type":"WebSite","@id":"https:\/\/one22jh.org\/#website","url":"https:\/\/one22jh.org\/","name":"Centro de Recursos One22","description":"Somos One22 Recursos para apoyar una comunidad pr\u00f3spera y diversa de Greater Teton.","publisher":{"@id":"https:\/\/one22jh.org\/#organization"},"potentialAction":[{"@type":"SearchAction","target":{"@type":"EntryPoint","urlTemplate":"https:\/\/one22jh.org\/?s={search_term_string}"},"query-input":{"@type":"PropertyValueSpecification","valueRequired":true,"valueName":"search_term_string"}}],"inLanguage":"es"},{"@type":"Organization","@id":"https:\/\/one22jh.org\/#organization","name":"Centro de Recursos One22","url":"https:\/\/one22jh.org\/","logo":{"@type":"ImageObject","inLanguage":"es","@id":"https:\/\/one22jh.org\/#\/schema\/logo\/image\/","url":"https:\/\/one22jh.org\/wp-content\/uploads\/2024\/07\/logo-blue.webp","contentUrl":"https:\/\/one22jh.org\/wp-content\/uploads\/2024\/07\/logo-blue.webp","width":271,"height":101,"caption":"One22 Resource Center"},"image":{"@id":"https:\/\/one22jh.org\/#\/schema\/logo\/image\/"}}]}},"acf":[],"_links":{"self":[{"href":"https:\/\/one22jh.org\/es\/wp-json\/wp\/v2\/pages\/6200","targetHints":{"allow":["GET"]}}],"collection":[{"href":"https:\/\/one22jh.org\/es\/wp-json\/wp\/v2\/pages"}],"about":[{"href":"https:\/\/one22jh.org\/es\/wp-json\/wp\/v2\/types\/page"}],"author":[{"embeddable":true,"href":"https:\/\/one22jh.org\/es\/wp-json\/wp\/v2\/users\/2"}],"replies":[{"embeddable":true,"href":"https:\/\/one22jh.org\/es\/wp-json\/wp\/v2\/comments?post=6200"}],"version-history":[{"count":0,"href":"https:\/\/one22jh.org\/es\/wp-json\/wp\/v2\/pages\/6200\/revisions"}],"wp:attachment":[{"href":"https:\/\/one22jh.org\/es\/wp-json\/wp\/v2\/media?parent=6200"}],"curies":[{"name":"wp","href":"https:\/\/api.w.org\/{rel}","templated":true}]}}