{"id":5518,"date":"2024-03-29T19:11:25","date_gmt":"2024-03-29T19:11:25","guid":{"rendered":"https:\/\/one22jh.org\/?page_id=5518"},"modified":"2025-07-17T22:13:32","modified_gmt":"2025-07-17T22:13:32","slug":"haz-tu-pedido","status":"publish","type":"page","link":"https:\/\/one22jh.org\/es\/solicita-apoyo\/asistencia-alimenticia\/haz-tu-pedido\/","title":{"rendered":"Place an order"},"content":{"rendered":"<div style='background-color:#7165bf' class=\"ninec_gridbackground ninec_grid_row_wrapper_1 one-22-design-immediately-saying animated zoomIn duration3 delay0 eds-on-scroll\"><div class=\"ninec_grid_wrapper\"><div class=\"ninec_row ninec_row_vertical\"><div id=\"\" class=\"ninec_col ninec_grid_col ninec_grid_col_last\"><h2 >\u00a1POR FAVOR LEE CON ATENCI\u00d3N!<\/h2><h3 >Antes de realizar tu pedido te pedimos, de la manera m\u00e1s atenta, que leas detenidamente los siguientes t\u00e9rminos*, a los que te comprometes al solicitar una cuenta con el Jackson Cupboard:<\/h3><div class=\"ninec_grid_col_content\"><ol>\n<li><strong>A presentarte puntual a la hora de entrega seleccionada.<\/strong>Por favor no selecciones una fecha y horario si no podr\u00e1s presentarte. Cualquier pedido no recogido ser\u00e1 cancelado.<\/li>\n<li>Si no eres capaz de recoger tu pedido y necesitas reprogramar tu horario o d\u00eda de entrega, llama al Jackson Cupboard al tel\u00e9fono (307) 203-1709. Porfavor <strong>deja un mensaje de voz<\/strong> si no hay alguien disponible para atender tu llamada.<\/li>\n<li>Dos fallas en recoger tu pedido (sin avisar) resultar\u00e1n en la desactivaci\u00f3n de tu cuenta. Para reactivarla, deber\u00e1s llamarnos y programar una cita presencial.<\/li>\n<\/ol>\n<p><em>*El incumplimiento de estos t\u00e9rminos podr\u00e1 resultar en una suspensi\u00f3n prolongada de la cuenta.<\/em> \u2193<\/p>\n<\/div><\/div><div class=\"clearfix\"><\/div><\/div><\/div><\/div>\n\n\n<div style=\"height:60px\" aria-hidden=\"true\" class=\"wp-block-spacer faq-title-spacing\"><\/div>\n\n\n<div  id=\"two-column-grid-image-section-reverse\" class=\"ninec_fullwidth lazyload ninec_grid_row_wrapper_1 two-column-grid-image-section animated fadeInRight duration3 delay0 eds-on-scroll\"><div class=\"ninec_grid_wrapper\"><div class=\"ninec_row ninec_row_vertical\"><div id=\"\" class=\"ninec_col ninec_grid_col ninec-grid-column-content-box-reverse aos-slide-right\"><img loading=\"lazy\" decoding=\"async\" width=\"300\" height=\"300\" src=\"data:image\/png;base64,iVBORw0KGgoAAAANSUhEUgAAAAMAAAACCAQAAAA3fa6RAAAADklEQVR42mNkAANGCAUAACMAA2w\/AMgAAAAASUVORK5CYII=\" data-src=\"https:\/\/one22jh.org\/wp-content\/uploads\/2023\/06\/orange-carrot.png\" alt=\"Programa de ayuda financiera\" class=\"lazyload nineclazy two-column-grid-image-icon-reverse\"><div class=\"ninec_grid_col_content two-column-grid-content-reverse\"><h3>\u00bfPor qu\u00e9 es importante esto?<\/h3>\n<h4>Actualmente existe una demanda muy grande por estos servicios.<\/h4>\n<p>Los pedidos no recogidos permanecen m\u00e1s de lo esperado en los anaqueles y, a menudo, los art\u00edculos se estropean y desperdician. Los que no se desperdician deber\u00e1n ser devueltos a los diferentes estantes. Comunicarnos con cada cliente cuando este falla en recoger sus pedidos toma tiempo y energ\u00eda adicionales. Asimismo, al utilizar uno de los espacios disponibles y no presentarte, le quitas la oportunidad a otro hogar que carece de alimento. Por favor toma en cuenta que proporcionar este servicio implica un esfuerzo considerable. \u00a1Gracias!<\/p>\n<p><a class=\"site-buttons\" style=\"color:#000\" href=\"https:\/\/www.smartchoice.life\/cgi-bin\/landing.cgi?cid=FuzfCi\" target=\"_blank\" rel=\"noopener\">Haz tu pedido<\/a><\/p>\n<\/div><\/div><div id=\"\" class=\"ninec_col ninec_grid_col ninec_grid_col_last two-column-grid-image-reverse-last aos-slide-left\"><img loading=\"lazy\" decoding=\"async\" width=\"1280\" height=\"800\" src=\"data:image\/png;base64,iVBORw0KGgoAAAANSUhEUgAAAAMAAAACCAQAAAA3fa6RAAAADklEQVR42mNkAANGCAUAACMAA2w\/AMgAAAAASUVORK5CYII=\" data-src=\"https:\/\/one22jh.org\/wp-content\/uploads\/2023\/08\/thumb-get-help-no-cost-groceries-financial-empowerment-services-jpg.webp\" alt=\"Servicios de capacitaci\u00f3n financiera\" class=\"lazyload nineclazy ninec-grid-column-image-box-reverse\"><\/div><div class=\"clearfix\"><\/div><\/div><\/div><\/div>\n\n\n<div style=\"height:50px\" aria-hidden=\"true\" class=\"wp-block-spacer apply-now-botton-spacing\"><\/div>\n\n\n<div id=\"one-twenty-two-another-services-section\" class=\"ninec_normalwidth ninec_grid_row_wrapper_1 one-twenty-two-another-services-area animated fadeInRight duration2 delay0 eds-on-scroll\"><div class=\"ninec_grid_wrapper\"><h2 class=\"ninec_grid_heading\">Otros servicios<\/h2><div class=\"ninec_row ninec_row_vertical\"><div class=\"ninec_col ninec_grid_col one-twenty-two-another-services-column aos-fade-right aos-init aos-animate\" data-aos=\"fade-right\"><a href=\"\/es\/solicita-apoyo\/asistencia-financiera\/\" target=\"_self\"><img loading=\"lazy\" decoding=\"async\" class=\"nineclazy\" width=\"300\" height=\"300\" src=\"https:\/\/one22jh.org\/wp-content\/uploads\/2023\/07\/one-ss-get-involved-icon.png\" alt=\"Programa de ayuda financiera\"\/><\/a><h4><a href=\"\/es\/solicita-apoyo\/asistencia-financiera\/\" target=\"_self\">ASISTENCIA FINANCIERA<\/a><\/h4><a href=\"\/es\/solicita-apoyo\/asistencia-financiera\/\" target=\"_self\"><img loading=\"lazy\" decoding=\"async\" class=\"nineclazy financial-heading-image-link\" width=\"298\" height=\"148\" src=\"\/wp-content\/uploads\/2023\/06\/one-22-blue-arrow-icon.png\" alt=\"Programa de ayuda financiera\"\/><\/a><\/div><div class=\"ninec_col ninec_grid_col one-twenty-two-another-services-column aos-fade-right aos-init aos-animate\" data-aos=\"fade-right\"><a href=\"\/es\/solicita-apoyo\/immigrant-services\/\" target=\"_self\"><img loading=\"lazy\" decoding=\"async\" class=\"nineclazy\" width=\"245\" height=\"234\" src=\"https:\/\/one22jh.org\/wp-content\/uploads\/2023\/06\/icons.png\" alt=\"Programa de ayuda financiera\"\/><\/a><h4><a href=\"\/es\/solicita-apoyo\/immigrant-services\/\" target=\"_self\">ACCESO LING\u00dc\u00cdSTICO<\/a><\/h4><a href=\"\/es\/solicita-apoyo\/immigrant-services\/\" target=\"_self\"><img loading=\"lazy\" decoding=\"async\" class=\"nineclazy financial-heading-image-link\" width=\"298\" height=\"148\" src=\"\/wp-content\/uploads\/2023\/06\/one-22-blue-arrow-icon.png\" alt=\"Programa de ayuda financiera\"\/><\/a><\/div><div class=\"ninec_col ninec_grid_col one-twenty-two-another-services-column aos-fade-right aos-init aos-animate\" data-aos=\"fade-right\"><a href=\"\/es\/solicita-apoyo\/becas-de-enriquecimiento\/\" target=\"_self\"><img loading=\"lazy\" decoding=\"async\" class=\"nineclazy\" width=\"300\" height=\"300\" src=\"https:\/\/one22jh.org\/wp-content\/uploads\/2023\/06\/one-twenty-two-blue-paint-icon.png\" alt=\"Programa de ayuda financiera\"\/><\/a><h4><a href=\"\/es\/solicita-apoyo\/becas-de-enriquecimiento\/\" target=\"_self\">BECAS DE ENRIQUECIMIENTO JUVENIL<\/a><\/h4><a href=\"\/es\/solicita-apoyo\/becas-de-enriquecimiento\/\" target=\"_self\"><img loading=\"lazy\" decoding=\"async\" class=\"nineclazy financial-heading-image-link\" width=\"298\" height=\"148\" src=\"\/wp-content\/uploads\/2023\/06\/one-22-blue-arrow-icon.png\" alt=\"Programa de ayuda financiera\"\/><\/a><\/div><div class=\"ninec_col ninec_grid_col one-twenty-two-another-services-column aos-fade-right aos-init aos-animate\" data-aos=\"fade-right\"><a href=\"\/es\/solicita-apoyo\/empoderamiento-financiero\/\" target=\"_self\"><img loading=\"lazy\" decoding=\"async\" class=\"nineclazy\" width=\"300\" height=\"300\" src=\"https:\/\/one22jh.org\/wp-content\/uploads\/2023\/06\/one-twenty-two-blue-piggy-bank.png\" alt=\"Programa de ayuda financiera\"\/><\/a><h4><a href=\"\/es\/solicita-apoyo\/empoderamiento-financiero\/\" target=\"_self\">EMPODERAMIENTO FINANCIERO<\/a><\/h4><a href=\"\/es\/solicita-apoyo\/empoderamiento-financiero\/\" target=\"_self\"><img loading=\"lazy\" decoding=\"async\" class=\"nineclazy financial-heading-image-link\" width=\"298\" height=\"148\" src=\"\/wp-content\/uploads\/2023\/06\/one-22-blue-arrow-icon.png\" alt=\"Programa de ayuda financiera\"\/><\/a><\/div><\/div><\/div><\/div>","protected":false},"excerpt":{"rendered":"","protected":false},"author":3,"featured_media":0,"parent":471,"menu_order":0,"comment_status":"closed","ping_status":"closed","template":"","meta":{"footnotes":""},"class_list":["post-5518","page","type-page","status-publish","hentry"],"yoast_head":"<!-- This site is optimized with the Yoast SEO plugin v27.3 - https:\/\/yoast.com\/product\/yoast-seo-wordpress\/ -->\n<title>Order Groceries | Jackson Cupboard | One22 Resource Center<\/title>\n<meta name=\"description\" content=\"Please show up for the pickup time you select. Do not select a time you do not intend to show up for. Orders not picked up will be canceled.\" \/>\n<meta name=\"robots\" content=\"index, follow, max-snippet:-1, max-image-preview:large, max-video-preview:-1\" \/>\n<link rel=\"canonical\" href=\"https:\/\/one22jh.org\/es\/solicita-apoyo\/asistencia-alimenticia\/haz-tu-pedido\/\" \/>\n<meta property=\"og:locale\" content=\"es_MX\" \/>\n<meta property=\"og:type\" content=\"article\" \/>\n<meta property=\"og:title\" content=\"Order Groceries | Jackson Cupboard | One22 Resource Center\" \/>\n<meta property=\"og:description\" content=\"Please show up for the pickup time you select. Do not select a time you do not intend to show up for. Orders not picked up will be canceled.\" \/>\n<meta property=\"og:url\" content=\"https:\/\/one22jh.org\/es\/solicita-apoyo\/asistencia-alimenticia\/haz-tu-pedido\/\" \/>\n<meta property=\"og:site_name\" content=\"One22 Resource Center\" \/>\n<meta property=\"article:modified_time\" content=\"2025-07-17T22:13:32+00:00\" \/>\n<meta name=\"twitter:card\" content=\"summary_large_image\" \/>\n<script type=\"application\/ld+json\" class=\"yoast-schema-graph\">{\"@context\":\"https:\\\/\\\/schema.org\",\"@graph\":[{\"@type\":\"WebPage\",\"@id\":\"https:\\\/\\\/one22jh.org\\\/get-help\\\/food-assistance\\\/place-an-order\\\/\",\"url\":\"https:\\\/\\\/one22jh.org\\\/get-help\\\/food-assistance\\\/place-an-order\\\/\",\"name\":\"Order Groceries | Jackson Cupboard | One22 Resource Center\",\"isPartOf\":{\"@id\":\"https:\\\/\\\/one22jh.org\\\/#website\"},\"datePublished\":\"2024-03-29T19:11:25+00:00\",\"dateModified\":\"2025-07-17T22:13:32+00:00\",\"description\":\"Please show up for the pickup time you select. Do not select a time you do not intend to show up for. Orders not picked up will be canceled.\",\"breadcrumb\":{\"@id\":\"https:\\\/\\\/one22jh.org\\\/get-help\\\/food-assistance\\\/place-an-order\\\/#breadcrumb\"},\"inLanguage\":\"es\",\"potentialAction\":[{\"@type\":\"ReadAction\",\"target\":[\"https:\\\/\\\/one22jh.org\\\/get-help\\\/food-assistance\\\/place-an-order\\\/\"]}]},{\"@type\":\"BreadcrumbList\",\"@id\":\"https:\\\/\\\/one22jh.org\\\/get-help\\\/food-assistance\\\/place-an-order\\\/#breadcrumb\",\"itemListElement\":[{\"@type\":\"ListItem\",\"position\":1,\"name\":\"Home\",\"item\":\"https:\\\/\\\/one22jh.org\\\/\"},{\"@type\":\"ListItem\",\"position\":2,\"name\":\"Get Help\",\"item\":\"https:\\\/\\\/one22jh.org\\\/get-help\\\/\"},{\"@type\":\"ListItem\",\"position\":3,\"name\":\"Food Assistance\",\"item\":\"https:\\\/\\\/one22jh.org\\\/get-help\\\/food-assistance\\\/\"},{\"@type\":\"ListItem\",\"position\":4,\"name\":\"Place an order\"}]},{\"@type\":\"WebSite\",\"@id\":\"https:\\\/\\\/one22jh.org\\\/#website\",\"url\":\"https:\\\/\\\/one22jh.org\\\/\",\"name\":\"One22 Resource Center\",\"description\":\"We are One22  Resources to Support One Thriving and Diverse Greater Teton Community.\",\"publisher\":{\"@id\":\"https:\\\/\\\/one22jh.org\\\/#organization\"},\"potentialAction\":[{\"@type\":\"SearchAction\",\"target\":{\"@type\":\"EntryPoint\",\"urlTemplate\":\"https:\\\/\\\/one22jh.org\\\/?s={search_term_string}\"},\"query-input\":{\"@type\":\"PropertyValueSpecification\",\"valueRequired\":true,\"valueName\":\"search_term_string\"}}],\"inLanguage\":\"es\"},{\"@type\":\"Organization\",\"@id\":\"https:\\\/\\\/one22jh.org\\\/#organization\",\"name\":\"One22 Resource Center\",\"url\":\"https:\\\/\\\/one22jh.org\\\/\",\"logo\":{\"@type\":\"ImageObject\",\"inLanguage\":\"es\",\"@id\":\"https:\\\/\\\/one22jh.org\\\/#\\\/schema\\\/logo\\\/image\\\/\",\"url\":\"https:\\\/\\\/one22jh.org\\\/wp-content\\\/uploads\\\/2024\\\/07\\\/logo-blue.webp\",\"contentUrl\":\"https:\\\/\\\/one22jh.org\\\/wp-content\\\/uploads\\\/2024\\\/07\\\/logo-blue.webp\",\"width\":271,\"height\":101,\"caption\":\"One22 Resource Center\"},\"image\":{\"@id\":\"https:\\\/\\\/one22jh.org\\\/#\\\/schema\\\/logo\\\/image\\\/\"}}]}<\/script>\n<!-- \/ Yoast SEO plugin. -->","yoast_head_json":{"title":"Pedir alimentos | Jackson Cupboard | One22 Resource Center","description":"A presentarte puntual a la hora de entrega seleccionada.Por favor no selecciones una fecha y horario si no podr\u00e1s presentarte. Cualquier pedido no recogido ser\u00e1 cancelado.","robots":{"index":"index","follow":"follow","max-snippet":"max-snippet:-1","max-image-preview":"max-image-preview:large","max-video-preview":"max-video-preview:-1"},"canonical":"https:\/\/one22jh.org\/es\/solicita-apoyo\/asistencia-alimenticia\/haz-tu-pedido\/","og_locale":"es_MX","og_type":"article","og_title":"Order Groceries | Jackson Cupboard | One22 Resource Center","og_description":"Please show up for the pickup time you select. Do not select a time you do not intend to show up for. Orders not picked up will be canceled.","og_url":"https:\/\/one22jh.org\/es\/solicita-apoyo\/asistencia-alimenticia\/haz-tu-pedido\/","og_site_name":"One22 Resource Center","article_modified_time":"2025-07-17T22:13:32+00:00","twitter_card":"summary_large_image","schema":{"@context":"https:\/\/schema.org","@graph":[{"@type":"WebPage","@id":"https:\/\/one22jh.org\/get-help\/food-assistance\/place-an-order\/","url":"https:\/\/one22jh.org\/get-help\/food-assistance\/place-an-order\/","name":"Pedir alimentos | Jackson Cupboard | One22 Resource Center","isPartOf":{"@id":"https:\/\/one22jh.org\/#website"},"datePublished":"2024-03-29T19:11:25+00:00","dateModified":"2025-07-17T22:13:32+00:00","description":"A presentarte puntual a la hora de entrega seleccionada.Por favor no selecciones una fecha y horario si no podr\u00e1s presentarte. Cualquier pedido no recogido ser\u00e1 cancelado.","breadcrumb":{"@id":"https:\/\/one22jh.org\/get-help\/food-assistance\/place-an-order\/#breadcrumb"},"inLanguage":"es","potentialAction":[{"@type":"ReadAction","target":["https:\/\/one22jh.org\/get-help\/food-assistance\/place-an-order\/"]}]},{"@type":"BreadcrumbList","@id":"https:\/\/one22jh.org\/get-help\/food-assistance\/place-an-order\/#breadcrumb","itemListElement":[{"@type":"ListItem","position":1,"name":"Home","item":"https:\/\/one22jh.org\/"},{"@type":"ListItem","position":2,"name":"Get Help","item":"https:\/\/one22jh.org\/get-help\/"},{"@type":"ListItem","position":3,"name":"Food Assistance","item":"https:\/\/one22jh.org\/get-help\/food-assistance\/"},{"@type":"ListItem","position":4,"name":"Place an order"}]},{"@type":"WebSite","@id":"https:\/\/one22jh.org\/#website","url":"https:\/\/one22jh.org\/","name":"Centro de Recursos One22","description":"Somos One22 Recursos para apoyar una comunidad pr\u00f3spera y diversa de Greater Teton.","publisher":{"@id":"https:\/\/one22jh.org\/#organization"},"potentialAction":[{"@type":"SearchAction","target":{"@type":"EntryPoint","urlTemplate":"https:\/\/one22jh.org\/?s={search_term_string}"},"query-input":{"@type":"PropertyValueSpecification","valueRequired":true,"valueName":"search_term_string"}}],"inLanguage":"es"},{"@type":"Organization","@id":"https:\/\/one22jh.org\/#organization","name":"Centro de Recursos One22","url":"https:\/\/one22jh.org\/","logo":{"@type":"ImageObject","inLanguage":"es","@id":"https:\/\/one22jh.org\/#\/schema\/logo\/image\/","url":"https:\/\/one22jh.org\/wp-content\/uploads\/2024\/07\/logo-blue.webp","contentUrl":"https:\/\/one22jh.org\/wp-content\/uploads\/2024\/07\/logo-blue.webp","width":271,"height":101,"caption":"One22 Resource Center"},"image":{"@id":"https:\/\/one22jh.org\/#\/schema\/logo\/image\/"}}]}},"acf":[],"_links":{"self":[{"href":"https:\/\/one22jh.org\/es\/wp-json\/wp\/v2\/pages\/5518","targetHints":{"allow":["GET"]}}],"collection":[{"href":"https:\/\/one22jh.org\/es\/wp-json\/wp\/v2\/pages"}],"about":[{"href":"https:\/\/one22jh.org\/es\/wp-json\/wp\/v2\/types\/page"}],"author":[{"embeddable":true,"href":"https:\/\/one22jh.org\/es\/wp-json\/wp\/v2\/users\/3"}],"replies":[{"embeddable":true,"href":"https:\/\/one22jh.org\/es\/wp-json\/wp\/v2\/comments?post=5518"}],"version-history":[{"count":0,"href":"https:\/\/one22jh.org\/es\/wp-json\/wp\/v2\/pages\/5518\/revisions"}],"up":[{"embeddable":true,"href":"https:\/\/one22jh.org\/es\/wp-json\/wp\/v2\/pages\/471"}],"wp:attachment":[{"href":"https:\/\/one22jh.org\/es\/wp-json\/wp\/v2\/media?parent=5518"}],"curies":[{"name":"wp","href":"https:\/\/api.w.org\/{rel}","templated":true}]}}