{"id":5466,"date":"2024-03-18T22:30:17","date_gmt":"2024-03-18T22:30:17","guid":{"rendered":"https:\/\/one22jh.org\/?page_id=5466"},"modified":"2026-03-18T17:48:39","modified_gmt":"2026-03-18T17:48:39","slug":"serie-primavera","status":"publish","type":"page","link":"https:\/\/one22jh.org\/es\/solicita-apoyo\/empoderamiento-financiero\/serie-primavera\/","title":{"rendered":"Serie Primavera 2026"},"content":{"rendered":"<div id=\"ninec_banner_1\" class=\"ninec_fullwidth\"><div class=\"ninec_image_banner_wrapper\"><div class=\"ninec_image_banner\"><img loading=\"lazy\" decoding=\"async\" src=\"data:image\/png;base64,iVBORw0KGgoAAAANSUhEUgAAAAMAAAACCAQAAAA3fa6RAAAADklEQVR42mNkAANGCAUAACMAA2w\/AMgAAAAASUVORK5CYII=\" class=\"lazyload nineclazy\" width=\"1600\" height=\"650\" data-src=\"https:\/\/one22jh.org\/wp-content\/uploads\/2026\/03\/FE-Spring2026-Banner.png\" alt=\"\"><div class=\"ninec_image_banner_caption animated zoomIn duration3 delay0 eds-on-scroll\"><h1><span>TALLERES GRATUITOS DE EMPODERAMIENTO FINANCIERO<\/span><br>Serie Primavera 2026<\/h1><h2><p>Hacerte cargo de tus finanzas y forjar un camino hacia la autosuficiencia financiera puede parecer dif\u00edcil; para muchos sonar\u00e1 imposible. Nuestros talleres de Empoderamiento Financiero buscan facilitar este proceso y ayudarte a desempe\u00f1ar un papel m\u00e1s activo en tu vida financiera. Dise\u00f1amos esta serie para ayudar a que los miembros de la comunidad de bajos y medianos-bajos ingresos den pasos graduales pero significativos en el camino hacia la estabilidad financiera.<\/p>\n<\/h2><\/div><\/div><\/div><\/div>\n\n\n<div style=\"height:325px\" aria-hidden=\"true\" class=\"wp-block-spacer rent-assistance-spacer-first\"><\/div>\n\n\n<div  class=\"ninec_normalwidth ninec_grid_row_wrapper_1\"><div class=\"ninec_grid_wrapper\"><div class=\"ninec_row\"><div id=\"\" class=\"ninec_col ninec_grid_col ninec_grid_col_last\"><div class=\"ninec_grid_col_content\"><p><a href=\"https:\/\/tclib.org\" target=\"_blank\" rel=\"noopener\"><img loading=\"lazy\" decoding=\"async\" class=\"alignnone size-medium wp-image-6529 aligncenter\" src=\"https:\/\/one22jh.org\/wp-content\/uploads\/2026\/03\/TCL_bilingual_color_stacked-600-300x125.jpg\" alt=\"\" width=\"300\" height=\"125\" srcset=\"https:\/\/one22jh.org\/wp-content\/uploads\/2026\/03\/TCL_bilingual_color_stacked-600-300x125.jpg 300w, https:\/\/one22jh.org\/wp-content\/uploads\/2026\/03\/TCL_bilingual_color_stacked-600-18x7.jpg 18w, https:\/\/one22jh.org\/wp-content\/uploads\/2026\/03\/TCL_bilingual_color_stacked-600.jpg 600w\" sizes=\"auto, (max-width: 300px) 100vw, 300px\" \/><\/a><\/p>\n<p style=\"text-align: center;\">Nuestra serie primavera 2026 se presenta en colaboraci\u00f3n con la Biblioteca del Condado de Teton. Estos talleres sobre planificaci\u00f3n financiera personal guiar\u00e1n a los participantes en los aspectos esenciales de la elaboraci\u00f3n de presupuestos y les ayudar\u00e1n a dar pasos pr\u00e1cticos y concretos hacia la seguridad financiera.<\/p>\n<p style=\"text-align: center;\"><em>Reg\u00edstrate y asiste al taller en espa\u00f1ol o en ingl\u00e9s para tener la oportunidad de ganar una tarjeta de regalo de $75.<\/em><\/p>\n<\/div><\/div><div class=\"clearfix\"><\/div><\/div><\/div><\/div>\n\n<div  id=\"three-column-grid-section-services-area-normal-width\" class=\"ninec_normalwidth ninec_grid_row_wrapper_1 three-column-grid-section-services-area\"><div class=\"ninec_grid_wrapper\"><div class=\"ninec_row\"><div id=\"\" class=\"ninec_col ninec_grid_col\"><img loading=\"lazy\" decoding=\"async\" width=\"200\" height=\"200\" src=\"data:image\/png;base64,iVBORw0KGgoAAAANSUhEUgAAAAMAAAACCAQAAAA3fa6RAAAADklEQVR42mNkAANGCAUAACMAA2w\/AMgAAAAASUVORK5CYII=\" data-src=\"https:\/\/one22jh.org\/wp-content\/uploads\/2026\/03\/MeganS.png\" alt=\"\" class=\"lazyload nineclazy\"><h3 >Jueves, 16 de abril<br>(ingl\u00e9s)<\/h3><h4 >Presupuesto: \u00a1tu primer paso hacia el \u00e9xito!<br>con Megan Smith<\/h4><div class=\"ninec_grid_col_content\"><p>5:30 pm - 7 pm <\/p>\n<p><em>Biblioteca del Condado de Teton<br \/>\nAuditorio Ordway<br \/>\n125 Virginian Lane<\/em><\/p>\n<\/div><a class=\"site-buttons\" href=\"https:\/\/formstack.io\/B185B\" target=\"_blank\">\u00a1Inscr\u00edbete Ya!<\/a><\/div><div id=\"\" class=\"ninec_col ninec_grid_col ninec_grid_col_last\"><img loading=\"lazy\" decoding=\"async\" width=\"200\" height=\"200\" src=\"data:image\/png;base64,iVBORw0KGgoAAAANSUhEUgAAAAMAAAACCAQAAAA3fa6RAAAADklEQVR42mNkAANGCAUAACMAA2w\/AMgAAAAASUVORK5CYII=\" data-src=\"https:\/\/one22jh.org\/wp-content\/uploads\/2026\/03\/MaggieOR.png\" alt=\"\" class=\"lazyload nineclazy\"><h3 >Jueves, 16 de abril<br>(espa\u00f1ol)<\/h3><h4 >Presupuesto: \u00a1tu primer paso hacia el \u00e9xito!<br>with Maggie Ord\u00f3\u00f1ez Rojas<\/h4><div class=\"ninec_grid_col_content\"><p>5:30 pm - 7 pm<\/p>\n<p><em>Biblioteca del Condado de Teton<br \/>\nAuditorio Ordway<br \/>\n125 Virginian Lane<\/em><\/p>\n<\/div><a class=\"site-buttons\" href=\"https:\/\/formstack.io\/B185B\" target=\"_blank\">\u00a1Inscr\u00edbete Ya!<\/a><\/div><div class=\"clearfix\"><\/div><\/div><\/div><\/div>\n\n\n<div style=\"height:50px\" aria-hidden=\"true\" class=\"wp-block-spacer\"><\/div>\n\n\n<div style='background-color:#7165bf' class=\"ninec_gridbackground ninec_grid_row_wrapper_1 one-22-design-immediately-saying animated zoomIn duration3 delay0 eds-on-scroll\"><div class=\"ninec_grid_wrapper\"><div class=\"ninec_row ninec_row_vertical\"><div id=\"\" class=\"ninec_col ninec_grid_col ninec_grid_col_last aos-fade-right\"><h4 >\u00a1Gracias a nuestros ponentes!<\/h4><div class=\"ninec_grid_col_content\"><p>En One22, sabemos que la educaci\u00f3n financiera es una pieza fundamental del \u00e9xito personal y comunitario. Agradecemos a nuestros presentadores y colaboradores por asociarse con nosotros para traer estos atractivos eventos a nuestra \u00e1rea. Si tienes preguntas sobre c\u00f3mo involucrarte m\u00e1s en esta serie como ponente o patrocinador o tienes preguntas generales sobre nuestros talleres, escr\u00edbenos a info@one22jh.org.<\/p>\n<\/div><\/div><div class=\"clearfix\"><\/div><\/div><\/div><\/div>\n\n\n<div style=\"height:100px\" aria-hidden=\"true\" class=\"wp-block-spacer\"><\/div>\n\n\n\n<h2 class=\"wp-block-heading has-text-align-center\">M\u00e1s informaci\u00f3n sobre las presentadoras<\/h2>\n\n\n\n<div style=\"height:60px\" aria-hidden=\"true\" class=\"wp-block-spacer\"><\/div>\n\n\n\n<div class=\"wp-block-esab-accordion accordion-e4498a0e\" data-mode=\"global\"><div class=\"esab__container\">\n<div class=\"wp-block-esab-accordion-child\"><div class=\"esab__head\" role=\"button\" aria-expanded=\"false\"><div class=\"esab__heading_txt\"><h3 class=\"esab__heading_tag\">Megan Smith<\/h3><\/div><div class=\"esab__icon\"><div class=\"esab__collapse\"> <svg version=\"1.2\" viewbox=\"0 0 24 24\" width=\"24\" height=\"24\"><path d=\"m11.3 3.6h1.4q0.2 0 0.2 0.1v16.6q0 0.1-0.2 0.1h-1.4q-0.2 0-0.2-0.2v-16.5q0-0.1 0.2-0.1z\"><\/path><path d=\"m4.1 11.1h15.8q0.2 0 0.2 0.2v1.4q0 0.2-0.2 0.2h-15.8q-0.2 0-0.2-0.2v-1.4q0-0.2 0.2-0.2z\"><\/path><\/svg> <\/div><div class=\"esab__expand\"> <svg width=\"24px\" height=\"24px\" viewbox=\"0 0 24 24\"><path d=\"M13.41,12l4.3-4.29a1,1,0,1,0-1.42-1.42L12,10.59,7.71,6.29A1,1,0,0,0,6.29,7.71L10.59,12l-4.3,4.29a1,1,0,0,0,0,1.42,1,1,0,0,0,1.42,0L12,13.41l4.29,4.3a1,1,0,0,0,1.42,0,1,1,0,0,0,0-1.42Z\"><\/path><\/svg> <\/div><\/div><\/div><div class=\"esab__body\">\n<p>M\u00e1s informaci\u00f3n sobre las presentadoras \n16 de abril \/ t\u00edtulo (ingl\u00e9s) +\nSobre Megan:\nMegan Smith es pensadora sist\u00e9mica y due\u00f1a de un peque\u00f1o negocio. Hace m\u00e1s de diez a\u00f1os empez\u00f3 a interesarse mucho por las finanzas personales. Fund\u00f3 Deliberate Dollars con la idea de que cualquier persona puede cambiar su situaci\u00f3n financiera. Es coach y educadora orientada a la acci\u00f3n. Ayuda a las personas a crear planes y sistemas que se adapten a sus metas, para que puedan sentir m\u00e1s control y seguridad sobre su dinero. Ha trabajado con una gran variedad de personas, tanto de manera individual como a trav\u00e9s de los cursos y talleres de Deliberate Dollars, a nivel local y en todo el estado.<\/p>\n<\/div><\/div>\n\n\n\n<div class=\"wp-block-esab-accordion-child\"><div class=\"esab__head\" role=\"button\" aria-expanded=\"false\"><div class=\"esab__heading_txt\"><h3 class=\"esab__heading_tag\">Maggie Ord\u00f3\u00f1ez Rojas<\/h3><\/div><div class=\"esab__icon\"><div class=\"esab__collapse\"> <svg version=\"1.2\" viewbox=\"0 0 24 24\" width=\"24\" height=\"24\"><path d=\"m11.3 3.6h1.4q0.2 0 0.2 0.1v16.6q0 0.1-0.2 0.1h-1.4q-0.2 0-0.2-0.2v-16.5q0-0.1 0.2-0.1z\"><\/path><path d=\"m4.1 11.1h15.8q0.2 0 0.2 0.2v1.4q0 0.2-0.2 0.2h-15.8q-0.2 0-0.2-0.2v-1.4q0-0.2 0.2-0.2z\"><\/path><\/svg> <\/div><div class=\"esab__expand\"> <svg width=\"24px\" height=\"24px\" viewbox=\"0 0 24 24\"><path d=\"M13.41,12l4.3-4.29a1,1,0,1,0-1.42-1.42L12,10.59,7.71,6.29A1,1,0,0,0,6.29,7.71L10.59,12l-4.3,4.29a1,1,0,0,0,0,1.42,1,1,0,0,0,1.42,0L12,13.41l4.29,4.3a1,1,0,0,0,1.42,0,1,1,0,0,0,0-1.42Z\"><\/path><\/svg> <\/div><\/div><\/div><div class=\"esab__body\">\n<p>Maggie Ord\u00f3\u00f1ez Rojas, una experta ejecutiva bancaria con m\u00e1s de diez a\u00f1os de experiencia trabajando al servicio del Condado de Teton,\ntiene un amplio conocimiento del sector de los servicios financieros. Su experiencia abarca auditor\u00eda, cumplimiento, gesti\u00f3n de riesgos, pr\u00e9stamos, gesti\u00f3n fiduciaria y patrimonial, operaciones minoristas, as\u00ed como las certificaciones CCBIA y CCBCO. Como l\u00edder comprometida con la comunidad, a Maggie le apasiona apoyar a peque\u00f1os negocios locales y a las personas, ya sea a trav\u00e9s de servicios bancarios de alta calidad o colaborando con organizaciones sin fines de lucro. <\/p>\n\n\n\n<p>Es fundadora de Acoquiza LLC, una empresa enfocada en cerrar la brecha de conocimiento financiero a trav\u00e9s de la educaci\u00f3n y la promoci\u00f3n. En su tiempo libre, Maggie disfruta pasar tiempo con su familia. Tambi\u00e9n le gusta hacer senderismo, excursiones con mochila y kayak en verano, y esqu\u00ed n\u00f3rdico en invierno.<\/p>\n<\/div><\/div>\n<\/div><\/div>\n\n\n\n<div style=\"height:100px\" aria-hidden=\"true\" class=\"wp-block-spacer apply-now-botton-spacing\"><\/div>","protected":false},"excerpt":{"rendered":"<p>M\u00e1s informaci\u00f3n sobre las presentadoras<\/p>","protected":false},"author":3,"featured_media":0,"parent":477,"menu_order":0,"comment_status":"closed","ping_status":"closed","template":"","meta":{"footnotes":""},"class_list":["post-5466","page","type-page","status-publish","hentry"],"yoast_head":"<!-- This site is optimized with the Yoast SEO plugin v27.3 - https:\/\/yoast.com\/product\/yoast-seo-wordpress\/ -->\n<title>Financial Empowerment Series | One22 | Jackson Hole<\/title>\n<meta name=\"description\" content=\"One22&#039;s Financial Empowerment programs aim to prevent financial crises and help participants take an active role in their financial lives.\" \/>\n<meta name=\"robots\" content=\"index, follow, max-snippet:-1, max-image-preview:large, max-video-preview:-1\" \/>\n<link rel=\"canonical\" href=\"https:\/\/one22jh.org\/es\/solicita-apoyo\/empoderamiento-financiero\/serie-primavera\/\" \/>\n<meta property=\"og:locale\" content=\"es_MX\" \/>\n<meta property=\"og:type\" content=\"article\" \/>\n<meta property=\"og:title\" content=\"Financial Empowerment Series | One22 | Jackson Hole\" \/>\n<meta property=\"og:description\" content=\"One22&#039;s Financial Empowerment programs aim to prevent financial crises and help participants take an active role in their financial lives.\" \/>\n<meta property=\"og:url\" content=\"https:\/\/one22jh.org\/es\/solicita-apoyo\/empoderamiento-financiero\/serie-primavera\/\" \/>\n<meta property=\"og:site_name\" content=\"One22 Resource Center\" \/>\n<meta property=\"article:modified_time\" content=\"2026-03-18T17:48:39+00:00\" \/>\n<meta name=\"twitter:card\" content=\"summary_large_image\" \/>\n<meta name=\"twitter:label1\" content=\"Tiempo de lectura\" \/>\n\t<meta name=\"twitter:data1\" content=\"1 minuto\" \/>\n<script type=\"application\/ld+json\" class=\"yoast-schema-graph\">{\"@context\":\"https:\\\/\\\/schema.org\",\"@graph\":[{\"@type\":\"WebPage\",\"@id\":\"https:\\\/\\\/one22jh.org\\\/get-help\\\/financial-empowerment\\\/spring-series\\\/\",\"url\":\"https:\\\/\\\/one22jh.org\\\/get-help\\\/financial-empowerment\\\/spring-series\\\/\",\"name\":\"Financial Empowerment Series | One22 | Jackson Hole\",\"isPartOf\":{\"@id\":\"https:\\\/\\\/one22jh.org\\\/#website\"},\"datePublished\":\"2024-03-18T22:30:17+00:00\",\"dateModified\":\"2026-03-18T17:48:39+00:00\",\"description\":\"One22's Financial Empowerment programs aim to prevent financial crises and help participants take an active role in their financial lives.\",\"breadcrumb\":{\"@id\":\"https:\\\/\\\/one22jh.org\\\/get-help\\\/financial-empowerment\\\/spring-series\\\/#breadcrumb\"},\"inLanguage\":\"es\",\"potentialAction\":[{\"@type\":\"ReadAction\",\"target\":[\"https:\\\/\\\/one22jh.org\\\/get-help\\\/financial-empowerment\\\/spring-series\\\/\"]}]},{\"@type\":\"BreadcrumbList\",\"@id\":\"https:\\\/\\\/one22jh.org\\\/get-help\\\/financial-empowerment\\\/spring-series\\\/#breadcrumb\",\"itemListElement\":[{\"@type\":\"ListItem\",\"position\":1,\"name\":\"Home\",\"item\":\"https:\\\/\\\/one22jh.org\\\/\"},{\"@type\":\"ListItem\",\"position\":2,\"name\":\"Get Help\",\"item\":\"https:\\\/\\\/one22jh.org\\\/get-help\\\/\"},{\"@type\":\"ListItem\",\"position\":3,\"name\":\"Financial Empowerment\",\"item\":\"https:\\\/\\\/one22jh.org\\\/get-help\\\/financial-empowerment\\\/\"},{\"@type\":\"ListItem\",\"position\":4,\"name\":\"Spring 2026 Series\"}]},{\"@type\":\"WebSite\",\"@id\":\"https:\\\/\\\/one22jh.org\\\/#website\",\"url\":\"https:\\\/\\\/one22jh.org\\\/\",\"name\":\"One22 Resource Center\",\"description\":\"We are One22  Resources to Support One Thriving and Diverse Greater Teton Community.\",\"publisher\":{\"@id\":\"https:\\\/\\\/one22jh.org\\\/#organization\"},\"potentialAction\":[{\"@type\":\"SearchAction\",\"target\":{\"@type\":\"EntryPoint\",\"urlTemplate\":\"https:\\\/\\\/one22jh.org\\\/?s={search_term_string}\"},\"query-input\":{\"@type\":\"PropertyValueSpecification\",\"valueRequired\":true,\"valueName\":\"search_term_string\"}}],\"inLanguage\":\"es\"},{\"@type\":\"Organization\",\"@id\":\"https:\\\/\\\/one22jh.org\\\/#organization\",\"name\":\"One22 Resource Center\",\"url\":\"https:\\\/\\\/one22jh.org\\\/\",\"logo\":{\"@type\":\"ImageObject\",\"inLanguage\":\"es\",\"@id\":\"https:\\\/\\\/one22jh.org\\\/#\\\/schema\\\/logo\\\/image\\\/\",\"url\":\"https:\\\/\\\/one22jh.org\\\/wp-content\\\/uploads\\\/2024\\\/07\\\/logo-blue.webp\",\"contentUrl\":\"https:\\\/\\\/one22jh.org\\\/wp-content\\\/uploads\\\/2024\\\/07\\\/logo-blue.webp\",\"width\":271,\"height\":101,\"caption\":\"One22 Resource Center\"},\"image\":{\"@id\":\"https:\\\/\\\/one22jh.org\\\/#\\\/schema\\\/logo\\\/image\\\/\"}}]}<\/script>\n<!-- \/ Yoast SEO plugin. -->","yoast_head_json":{"title":"Talleres de Empoderamiento Financiero | One22","description":"Nuestros talleres de Empoderamiento Financiero buscan facilitar este proceso y ayudarte a desempe\u00f1ar un papel m\u00e1s activo en tu vida financiera.","robots":{"index":"index","follow":"follow","max-snippet":"max-snippet:-1","max-image-preview":"max-image-preview:large","max-video-preview":"max-video-preview:-1"},"canonical":"https:\/\/one22jh.org\/es\/solicita-apoyo\/empoderamiento-financiero\/serie-primavera\/","og_locale":"es_MX","og_type":"article","og_title":"Financial Empowerment Series | One22 | Jackson Hole","og_description":"One22's Financial Empowerment programs aim to prevent financial crises and help participants take an active role in their financial lives.","og_url":"https:\/\/one22jh.org\/es\/solicita-apoyo\/empoderamiento-financiero\/serie-primavera\/","og_site_name":"One22 Resource Center","article_modified_time":"2026-03-18T17:48:39+00:00","twitter_card":"summary_large_image","twitter_misc":{"Tiempo de lectura":"1 minuto"},"schema":{"@context":"https:\/\/schema.org","@graph":[{"@type":"WebPage","@id":"https:\/\/one22jh.org\/get-help\/financial-empowerment\/spring-series\/","url":"https:\/\/one22jh.org\/get-help\/financial-empowerment\/spring-series\/","name":"Talleres de Empoderamiento Financiero | One22","isPartOf":{"@id":"https:\/\/one22jh.org\/#website"},"datePublished":"2024-03-18T22:30:17+00:00","dateModified":"2026-03-18T17:48:39+00:00","description":"Nuestros talleres de Empoderamiento Financiero buscan facilitar este proceso y ayudarte a desempe\u00f1ar un papel m\u00e1s activo en tu vida financiera.","breadcrumb":{"@id":"https:\/\/one22jh.org\/get-help\/financial-empowerment\/spring-series\/#breadcrumb"},"inLanguage":"es","potentialAction":[{"@type":"ReadAction","target":["https:\/\/one22jh.org\/get-help\/financial-empowerment\/spring-series\/"]}]},{"@type":"BreadcrumbList","@id":"https:\/\/one22jh.org\/get-help\/financial-empowerment\/spring-series\/#breadcrumb","itemListElement":[{"@type":"ListItem","position":1,"name":"Home","item":"https:\/\/one22jh.org\/"},{"@type":"ListItem","position":2,"name":"Get Help","item":"https:\/\/one22jh.org\/get-help\/"},{"@type":"ListItem","position":3,"name":"Financial Empowerment","item":"https:\/\/one22jh.org\/get-help\/financial-empowerment\/"},{"@type":"ListItem","position":4,"name":"Spring 2026 Series"}]},{"@type":"WebSite","@id":"https:\/\/one22jh.org\/#website","url":"https:\/\/one22jh.org\/","name":"Centro de Recursos One22","description":"Somos One22 Recursos para apoyar una comunidad pr\u00f3spera y diversa de Greater Teton.","publisher":{"@id":"https:\/\/one22jh.org\/#organization"},"potentialAction":[{"@type":"SearchAction","target":{"@type":"EntryPoint","urlTemplate":"https:\/\/one22jh.org\/?s={search_term_string}"},"query-input":{"@type":"PropertyValueSpecification","valueRequired":true,"valueName":"search_term_string"}}],"inLanguage":"es"},{"@type":"Organization","@id":"https:\/\/one22jh.org\/#organization","name":"Centro de Recursos One22","url":"https:\/\/one22jh.org\/","logo":{"@type":"ImageObject","inLanguage":"es","@id":"https:\/\/one22jh.org\/#\/schema\/logo\/image\/","url":"https:\/\/one22jh.org\/wp-content\/uploads\/2024\/07\/logo-blue.webp","contentUrl":"https:\/\/one22jh.org\/wp-content\/uploads\/2024\/07\/logo-blue.webp","width":271,"height":101,"caption":"One22 Resource Center"},"image":{"@id":"https:\/\/one22jh.org\/#\/schema\/logo\/image\/"}}]}},"acf":[],"_links":{"self":[{"href":"https:\/\/one22jh.org\/es\/wp-json\/wp\/v2\/pages\/5466","targetHints":{"allow":["GET"]}}],"collection":[{"href":"https:\/\/one22jh.org\/es\/wp-json\/wp\/v2\/pages"}],"about":[{"href":"https:\/\/one22jh.org\/es\/wp-json\/wp\/v2\/types\/page"}],"author":[{"embeddable":true,"href":"https:\/\/one22jh.org\/es\/wp-json\/wp\/v2\/users\/3"}],"replies":[{"embeddable":true,"href":"https:\/\/one22jh.org\/es\/wp-json\/wp\/v2\/comments?post=5466"}],"version-history":[{"count":0,"href":"https:\/\/one22jh.org\/es\/wp-json\/wp\/v2\/pages\/5466\/revisions"}],"up":[{"embeddable":true,"href":"https:\/\/one22jh.org\/es\/wp-json\/wp\/v2\/pages\/477"}],"wp:attachment":[{"href":"https:\/\/one22jh.org\/es\/wp-json\/wp\/v2\/media?parent=5466"}],"curies":[{"name":"wp","href":"https:\/\/api.w.org\/{rel}","templated":true}]}}