{"id":487,"date":"2023-04-10T11:58:04","date_gmt":"2023-04-10T11:58:04","guid":{"rendered":"https:\/\/one22jh.wpengine.com\/?page_id=487"},"modified":"2025-07-17T21:11:52","modified_gmt":"2025-07-17T21:11:52","slug":"trabaja-en-one22","status":"publish","type":"page","link":"https:\/\/one22jh.org\/es\/quienes-somos\/trabaja-en-one22\/","title":{"rendered":"Oportunidades de empleo"},"content":{"rendered":"<div id=\"ninec_banner_1\" class=\"ninec_fullwidth\"><div class=\"ninec_image_banner_wrapper\"><div class=\"ninec_image_banner\"><img loading=\"lazy\" decoding=\"async\" src=\"data:image\/png;base64,iVBORw0KGgoAAAANSUhEUgAAAAMAAAACCAQAAAA3fa6RAAAADklEQVR42mNkAANGCAUAACMAA2w\/AMgAAAAASUVORK5CYII=\" class=\"lazyload nineclazy\" width=\"1500\" height=\"610\" data-src=\"https:\/\/one22jh.org\/wp-content\/uploads\/2023\/10\/One22-Team-Nov22-jpg.webp\" alt=\"\"><div class=\"ninec_image_banner_caption animated zoomIn duration3 delay0 eds-on-scroll\"><h1><span>\u00daNETE A ONE22<\/span><br>NUESTRO TRABAJO<\/h1><h2><p>\u00bfTe apasiona influir en la vida de las personas? \u00a1\u00danete a nuestro equipo! Forma parte de un grupo de personas comprometidas que buscan construir una comunidad m\u00e1s fuerte y equitativa. Ofrecemos oportunidades profesionales gratificantes en las que puedes aportar tus conocimientos y experiencia para ayudar quienes lo necesitan. Explora nuestras vacantes actuales y oportunidades de voluntariado para descubrir c\u00f3mo puedes formar parte de nuestra organizaci\u00f3n.<\/p>\n<\/h2><\/div><\/div><\/div><\/div>\n\n\n<div style=\"height:250px\" aria-hidden=\"true\" class=\"wp-block-spacer rent-assistance-spacer-first\"><\/div>\n\n\n\n<div style=\"height:40px\" aria-hidden=\"true\" class=\"wp-block-spacer become-a-volunteer-spacer-four\"><\/div>\n\n\n<div  id=\"two-column-box-width-become-a-volunteer-opportunities-section1\" class=\"ninec_normalwidth ninec_grid_row_wrapper_1 two-column-box-width-become-a-volunteer-opportunities\"><div class=\"ninec_grid_wrapper\"><div class=\"ninec_row ninec_row_vertical\"><div id=\"\" class=\"ninec_col ninec_grid_col ninec_grid_col_last has-text-align-center opportunities-column-two-content1\"><h2 >Vacantes actuales<\/h2><\/div><div class=\"clearfix\"><\/div><\/div><\/div><\/div>\n\n<div style='background-color:#83aeec' id=\"two-column-box-width-become-a-volunteer-opportunities-section\" class=\"ninec_gridbackground ninec_grid_row_wrapper_1 two-column-box-width-become-a-volunteer-opportunities\"><div class=\"ninec_grid_wrapper\"><div class=\"ninec_row ninec_row_vertical\"><div id=\"\" class=\"ninec_col ninec_grid_col ninec_grid_col_last opportunities-column-two-content\"><div class=\"ninec_grid_col_content has-text-align-center\"><div class=\"swiper1 mySwipers1\"><div class=\"swiper-wrapper1\"><div class=\"swiper-button-prev1 Opportunities1\"><\/div><div class=\"swiper-button-next1 Opportunities1\"><\/div><div class=\"swiper-slide1\"><div class=\"swiper-paginations\"><\/div><h3>Especialista en Asistencia Alimentaria<\/h3><p class=\"process-text\"><!-- wp:paragraph -->\n<p>El especialista en asistencia alimentaria supervisa el inventario de nuestro programa de asistencia de alimentos, desde el Jackson Cupboard. Esta persona brinda apoyo a las operaciones generales del Jackson Cupboard, adem\u00e1s de involucrarse en proyectos e iniciativas especiales, que surgen de las necesidades cambiantes del programa, brind\u00e1ndole oportunidades para influir y crecer.<\/p>\n<!-- \/wp:paragraph -->\n\n<!-- wp:paragraph -->\n<p><\/p>\n<!-- \/wp:paragraph -->\n\n<!-- wp:paragraph {\"className\":\"mar-top-20\"} -->\n<p class=\"mar-top-20\"><strong>Horario:<\/strong> Medio tiempo, durante el horario matutino.<\/p>\n<!-- \/wp:paragraph -->\n\n<!-- wp:paragraph {\"className\":\"txt-white mar-top-20\"} -->\n<p class=\"txt-white mar-top-20\"><a href=\"https:\/\/one22jh.org\/wp-content\/uploads\/2026\/04\/One22-Food-Assistance-Specialist.pdf\" target=\"_blank\" rel=\"noopener\"><strong>HAZ CLIC AQU\u00cd<\/strong><\/a> para ver la descripci\u00f3n completa de la vacante, as\u00ed como el proceso de solicitud (descripci\u00f3n \u00fanicamente en ingl\u00e9s).<\/p>\n<!-- \/wp:paragraph -->\n\n<!-- wp:paragraph -->\n<p><\/p>\n<!-- \/wp:paragraph --><\/p><a class=\"site-buttons opportunity-button\" href=\"mailto:kiersten@one22jh.org\" target=\"\">ENV\u00cdANOS TU CURRICULUM<\/a><\/div><p class=\"has-text-align-left volunteer-page-asperate-links\"><a href=\"\/es\/voluntario\/\">VISITA NUESTRA P\u00c1GINA DE VOLUNTARIADO<\/a><\/p><script>\n      var swiper = new Swiper(\".mySwipers\", {\n    speed: 600,\n    loop: true,\n       autoplay: {\n      delay: 60000,\n      disableOnInteraction: true\n    },\n\tnavigation: {\n\t\t\t\t\tnextEl: \".swiper-button-next\",\n\t\t\t\t\tprevEl: \".swiper-button-prev\",\n\t\t\t\t},\n\t\t breakpoints: {\n      320: {\n        slidesPerView: 1,\n        spaceBetween: 40\n      },\n      480: {\n        slidesPerView: 1,\n        spaceBetween: 10\n      },\n      640: {\n        slidesPerView: 1,\n        spaceBetween: 80\n      },\n      1200: {\n        slidesPerView: 1,\n      }\n    }\n      });\n    <\/script><\/div><\/div>\n<\/div><\/div><div class=\"clearfix\"><\/div><\/div><\/div><\/div>\n\n\n<div style=\"height:40px\" aria-hidden=\"true\" class=\"wp-block-spacer become-a-volunteer-spacer-four\"><\/div>\n\n\n\n<div style=\"height:50px\" aria-hidden=\"true\" class=\"wp-block-spacer\"><\/div>\n\n\n<div id=\"one-twenty-two-another-services-section\" class=\"ninec_normalwidth ninec_grid_row_wrapper_1 one-twenty-two-another-services-area animated fadeInRight duration2 delay0 eds-on-scroll\"><div class=\"ninec_grid_wrapper\"><h2 class=\"ninec_grid_heading\">M\u00e1s informaci\u00f3n<\/h2><div class=\"ninec_row ninec_row_vertical\"><div class=\"ninec_col ninec_grid_col one-twenty-two-another-services-column aos-fade-right aos-init aos-animate\" data-aos=\"fade-right\"><a href=\"\/es\/quienes-somos\/personal\/\" target=\"_self\"><img loading=\"lazy\" decoding=\"async\" class=\"nineclazy\" width=\"300\" height=\"300\" src=\"https:\/\/one22jh.org\/wp-content\/uploads\/2023\/07\/leadership-icon.png\" alt=\"Programa de ayuda financiera\"\/><\/a><h4><a href=\"\/es\/quienes-somos\/personal\/\" target=\"_self\">NUESTRO PERSONAL<\/a><\/h4><a href=\"\/es\/quienes-somos\/personal\/\" target=\"_self\"><img loading=\"lazy\" decoding=\"async\" class=\"nineclazy financial-heading-image-link\" width=\"298\" height=\"148\" src=\"\/wp-content\/uploads\/2023\/06\/one-22-blue-arrow-icon.png\" alt=\"Programa de ayuda financiera\"\/><\/a><\/div><div class=\"ninec_col ninec_grid_col one-twenty-two-another-services-column aos-fade-right aos-init aos-animate\" data-aos=\"fade-right\"><a href=\"\/es\/quienes-somos\/our-partners\/\" target=\"_self\"><img loading=\"lazy\" decoding=\"async\" class=\"nineclazy\" width=\"300\" height=\"300\" src=\"https:\/\/one22jh.org\/wp-content\/uploads\/2023\/07\/blue-link.png\" alt=\"Programa de ayuda financiera\"\/><\/a><h4><a href=\"\/es\/quienes-somos\/our-partners\/\" target=\"_self\">ORGANIZACIONES ALIADAS<\/a><\/h4><a href=\"\/es\/quienes-somos\/our-partners\/\" target=\"_self\"><img loading=\"lazy\" decoding=\"async\" class=\"nineclazy financial-heading-image-link\" width=\"298\" height=\"148\" src=\"\/wp-content\/uploads\/2023\/06\/one-22-blue-arrow-icon.png\" alt=\"Programa de ayuda financiera\"\/><\/a><\/div><div class=\"ninec_col ninec_grid_col one-twenty-two-another-services-column aos-fade-right aos-init aos-animate\" data-aos=\"fade-right\"><a href=\"\/es\/quienes-somos\/testimonios-de-clientes\/\" target=\"_self\"><img loading=\"lazy\" decoding=\"async\" class=\"nineclazy\" width=\"300\" height=\"300\" src=\"https:\/\/one22jh.org\/wp-content\/uploads\/2023\/07\/stories-icon.png\" alt=\"Programa de ayuda financiera\"\/><\/a><h4><a href=\"\/es\/quienes-somos\/testimonios-de-clientes\/\" target=\"_self\">TESTIMONIOS DE CLIENTES<\/a><\/h4><a href=\"\/es\/quienes-somos\/testimonios-de-clientes\/\" target=\"_self\"><img loading=\"lazy\" decoding=\"async\" class=\"nineclazy financial-heading-image-link\" width=\"298\" height=\"148\" src=\"\/wp-content\/uploads\/2023\/06\/one-22-blue-arrow-icon.png\" alt=\"Programa de ayuda financiera\"\/><\/a><\/div><div class=\"ninec_col ninec_grid_col one-twenty-two-another-services-column aos-fade-right aos-init aos-animate\" data-aos=\"fade-right\"><a href=\"\/es\/quienes-somos\/informe-anual\/\" target=\"_self\"><img loading=\"lazy\" decoding=\"async\" class=\"nineclazy\" width=\"300\" height=\"300\" src=\"https:\/\/one22jh.org\/wp-content\/uploads\/2023\/07\/folder-icon.png\" alt=\"Programa de ayuda financiera\"\/><\/a><h4><a href=\"\/es\/quienes-somos\/informe-anual\/\" target=\"_self\">INFORME ANUAL<\/a><\/h4><a href=\"\/es\/quienes-somos\/informe-anual\/\" target=\"_self\"><img loading=\"lazy\" decoding=\"async\" class=\"nineclazy financial-heading-image-link\" width=\"298\" height=\"148\" src=\"\/wp-content\/uploads\/2023\/06\/one-22-blue-arrow-icon.png\" alt=\"Programa de ayuda financiera\"\/><\/a><\/div><\/div><\/div><\/div>","protected":false},"excerpt":{"rendered":"","protected":false},"author":2,"featured_media":0,"parent":278,"menu_order":0,"comment_status":"closed","ping_status":"closed","template":"","meta":{"footnotes":""},"class_list":["post-487","page","type-page","status-publish","hentry"],"yoast_head":"<!-- This site is optimized with the Yoast SEO plugin v27.3 - https:\/\/yoast.com\/product\/yoast-seo-wordpress\/ -->\n<title>Careers | One22 Resource Center | Jackson Hole<\/title>\n<meta name=\"description\" content=\"Do you love helping others? Join One22&#039;s devoted staff and help build a stronger, fairer community. We have rewarding jobs where you can help others.\" \/>\n<meta name=\"robots\" content=\"index, follow, max-snippet:-1, max-image-preview:large, max-video-preview:-1\" \/>\n<link rel=\"canonical\" href=\"https:\/\/one22jh.org\/es\/quienes-somos\/trabaja-en-one22\/\" \/>\n<meta property=\"og:locale\" content=\"es_MX\" \/>\n<meta property=\"og:type\" content=\"article\" \/>\n<meta property=\"og:title\" content=\"Careers | One22 Resource Center | Jackson Hole\" \/>\n<meta property=\"og:description\" content=\"Do you love helping others? Join One22&#039;s devoted staff and help build a stronger, fairer community. We have rewarding jobs where you can help others.\" \/>\n<meta property=\"og:url\" content=\"https:\/\/one22jh.org\/es\/quienes-somos\/trabaja-en-one22\/\" \/>\n<meta property=\"og:site_name\" content=\"One22 Resource Center\" \/>\n<meta property=\"article:modified_time\" content=\"2025-07-17T21:11:52+00:00\" \/>\n<meta name=\"twitter:card\" content=\"summary_large_image\" \/>\n<script type=\"application\/ld+json\" class=\"yoast-schema-graph\">{\"@context\":\"https:\\\/\\\/schema.org\",\"@graph\":[{\"@type\":\"WebPage\",\"@id\":\"https:\\\/\\\/one22jh.org\\\/about-us\\\/careers\\\/\",\"url\":\"https:\\\/\\\/one22jh.org\\\/about-us\\\/careers\\\/\",\"name\":\"Careers | One22 Resource Center | Jackson Hole\",\"isPartOf\":{\"@id\":\"https:\\\/\\\/one22jh.org\\\/#website\"},\"datePublished\":\"2023-04-10T11:58:04+00:00\",\"dateModified\":\"2025-07-17T21:11:52+00:00\",\"description\":\"Do you love helping others? Join One22's devoted staff and help build a stronger, fairer community. We have rewarding jobs where you can help others.\",\"breadcrumb\":{\"@id\":\"https:\\\/\\\/one22jh.org\\\/about-us\\\/careers\\\/#breadcrumb\"},\"inLanguage\":\"es\",\"potentialAction\":[{\"@type\":\"ReadAction\",\"target\":[\"https:\\\/\\\/one22jh.org\\\/about-us\\\/careers\\\/\"]}]},{\"@type\":\"BreadcrumbList\",\"@id\":\"https:\\\/\\\/one22jh.org\\\/about-us\\\/careers\\\/#breadcrumb\",\"itemListElement\":[{\"@type\":\"ListItem\",\"position\":1,\"name\":\"Home\",\"item\":\"https:\\\/\\\/one22jh.org\\\/\"},{\"@type\":\"ListItem\",\"position\":2,\"name\":\"About Us\",\"item\":\"https:\\\/\\\/one22jh.org\\\/about-us\\\/\"},{\"@type\":\"ListItem\",\"position\":3,\"name\":\"Careers\"}]},{\"@type\":\"WebSite\",\"@id\":\"https:\\\/\\\/one22jh.org\\\/#website\",\"url\":\"https:\\\/\\\/one22jh.org\\\/\",\"name\":\"One22 Resource Center\",\"description\":\"We are One22  Resources to Support One Thriving and Diverse Greater Teton Community.\",\"publisher\":{\"@id\":\"https:\\\/\\\/one22jh.org\\\/#organization\"},\"potentialAction\":[{\"@type\":\"SearchAction\",\"target\":{\"@type\":\"EntryPoint\",\"urlTemplate\":\"https:\\\/\\\/one22jh.org\\\/?s={search_term_string}\"},\"query-input\":{\"@type\":\"PropertyValueSpecification\",\"valueRequired\":true,\"valueName\":\"search_term_string\"}}],\"inLanguage\":\"es\"},{\"@type\":\"Organization\",\"@id\":\"https:\\\/\\\/one22jh.org\\\/#organization\",\"name\":\"One22 Resource Center\",\"url\":\"https:\\\/\\\/one22jh.org\\\/\",\"logo\":{\"@type\":\"ImageObject\",\"inLanguage\":\"es\",\"@id\":\"https:\\\/\\\/one22jh.org\\\/#\\\/schema\\\/logo\\\/image\\\/\",\"url\":\"https:\\\/\\\/one22jh.org\\\/wp-content\\\/uploads\\\/2026\\\/04\\\/one22_logo.avif\",\"contentUrl\":\"https:\\\/\\\/one22jh.org\\\/wp-content\\\/uploads\\\/2026\\\/04\\\/one22_logo.avif\",\"width\":937,\"height\":346,\"caption\":\"One22 Resource Center\"},\"image\":{\"@id\":\"https:\\\/\\\/one22jh.org\\\/#\\\/schema\\\/logo\\\/image\\\/\"}}]}<\/script>\n<!-- \/ Yoast SEO plugin. -->","yoast_head_json":{"title":"\u00danete a One22 | Centro de Recursos One22 | Jackson Hole","description":"\u00bfTe gusta ayudar a los dem\u00e1s? \u00danete al entregado personal de One22 y ayuda a construir una comunidad m\u00e1s fuerte y justa. Tenemos trabajos gratificantes en los que puedes ayudar a los dem\u00e1s.","robots":{"index":"index","follow":"follow","max-snippet":"max-snippet:-1","max-image-preview":"max-image-preview:large","max-video-preview":"max-video-preview:-1"},"canonical":"https:\/\/one22jh.org\/es\/quienes-somos\/trabaja-en-one22\/","og_locale":"es_MX","og_type":"article","og_title":"Careers | One22 Resource Center | Jackson Hole","og_description":"Do you love helping others? Join One22's devoted staff and help build a stronger, fairer community. We have rewarding jobs where you can help others.","og_url":"https:\/\/one22jh.org\/es\/quienes-somos\/trabaja-en-one22\/","og_site_name":"One22 Resource Center","article_modified_time":"2025-07-17T21:11:52+00:00","twitter_card":"summary_large_image","schema":{"@context":"https:\/\/schema.org","@graph":[{"@type":"WebPage","@id":"https:\/\/one22jh.org\/about-us\/careers\/","url":"https:\/\/one22jh.org\/about-us\/careers\/","name":"\u00danete a One22 | Centro de Recursos One22 | Jackson Hole","isPartOf":{"@id":"https:\/\/one22jh.org\/#website"},"datePublished":"2023-04-10T11:58:04+00:00","dateModified":"2025-07-17T21:11:52+00:00","description":"\u00bfTe gusta ayudar a los dem\u00e1s? \u00danete al entregado personal de One22 y ayuda a construir una comunidad m\u00e1s fuerte y justa. Tenemos trabajos gratificantes en los que puedes ayudar a los dem\u00e1s.","breadcrumb":{"@id":"https:\/\/one22jh.org\/about-us\/careers\/#breadcrumb"},"inLanguage":"es","potentialAction":[{"@type":"ReadAction","target":["https:\/\/one22jh.org\/about-us\/careers\/"]}]},{"@type":"BreadcrumbList","@id":"https:\/\/one22jh.org\/about-us\/careers\/#breadcrumb","itemListElement":[{"@type":"ListItem","position":1,"name":"Home","item":"https:\/\/one22jh.org\/"},{"@type":"ListItem","position":2,"name":"About Us","item":"https:\/\/one22jh.org\/about-us\/"},{"@type":"ListItem","position":3,"name":"Careers"}]},{"@type":"WebSite","@id":"https:\/\/one22jh.org\/#website","url":"https:\/\/one22jh.org\/","name":"Centro de Recursos One22","description":"Somos One22 Recursos para apoyar una comunidad pr\u00f3spera y diversa de Greater Teton.","publisher":{"@id":"https:\/\/one22jh.org\/#organization"},"potentialAction":[{"@type":"SearchAction","target":{"@type":"EntryPoint","urlTemplate":"https:\/\/one22jh.org\/?s={search_term_string}"},"query-input":{"@type":"PropertyValueSpecification","valueRequired":true,"valueName":"search_term_string"}}],"inLanguage":"es"},{"@type":"Organization","@id":"https:\/\/one22jh.org\/#organization","name":"Centro de Recursos One22","url":"https:\/\/one22jh.org\/","logo":{"@type":"ImageObject","inLanguage":"es","@id":"https:\/\/one22jh.org\/#\/schema\/logo\/image\/","url":"https:\/\/one22jh.org\/wp-content\/uploads\/2026\/04\/one22_logo.avif","contentUrl":"https:\/\/one22jh.org\/wp-content\/uploads\/2026\/04\/one22_logo.avif","width":937,"height":346,"caption":"One22 Resource Center"},"image":{"@id":"https:\/\/one22jh.org\/#\/schema\/logo\/image\/"}}]}},"acf":[],"_links":{"self":[{"href":"https:\/\/one22jh.org\/es\/wp-json\/wp\/v2\/pages\/487","targetHints":{"allow":["GET"]}}],"collection":[{"href":"https:\/\/one22jh.org\/es\/wp-json\/wp\/v2\/pages"}],"about":[{"href":"https:\/\/one22jh.org\/es\/wp-json\/wp\/v2\/types\/page"}],"author":[{"embeddable":true,"href":"https:\/\/one22jh.org\/es\/wp-json\/wp\/v2\/users\/2"}],"replies":[{"embeddable":true,"href":"https:\/\/one22jh.org\/es\/wp-json\/wp\/v2\/comments?post=487"}],"version-history":[{"count":0,"href":"https:\/\/one22jh.org\/es\/wp-json\/wp\/v2\/pages\/487\/revisions"}],"up":[{"embeddable":true,"href":"https:\/\/one22jh.org\/es\/wp-json\/wp\/v2\/pages\/278"}],"wp:attachment":[{"href":"https:\/\/one22jh.org\/es\/wp-json\/wp\/v2\/media?parent=487"}],"curies":[{"name":"wp","href":"https:\/\/api.w.org\/{rel}","templated":true}]}}