{"id":486,"date":"2023-04-10T11:57:49","date_gmt":"2023-04-10T11:57:49","guid":{"rendered":"https:\/\/one22jh.wpengine.com\/?page_id=486"},"modified":"2025-07-21T20:57:05","modified_gmt":"2025-07-21T20:57:05","slug":"informe-anual","status":"publish","type":"page","link":"https:\/\/one22jh.org\/es\/quienes-somos\/informe-anual\/","title":{"rendered":"Informe anual"},"content":{"rendered":"<h1 class=\"wp-block-heading has-text-align-center financial-main-page-heading aos-fade-right\">Informe anual<\/h1>\n\n\n\n<div style=\"height:50px\" aria-hidden=\"true\" class=\"wp-block-spacer\"><\/div>\n\n\n\n<div class=\"wp-block-gutena-tabs gutena-tabs-block gutena-tabs-block-34f219-98 pdf-tab-section\"><ul class=\"gutena-tabs-tab tab-center\"><li class=\"gutena-tab-title active\" data-tab=\"1\"><div class=\"gutena-tab-title-content icon-top\"><div class=\"gutena-tab-title-text\"><div>2024<\/div><\/div><\/div><\/li><li class=\"gutena-tab-title inactive\" data-tab=\"2\"><div class=\"gutena-tab-title-content icon-top\"><div class=\"gutena-tab-title-text\"><div>2023<\/div><\/div><\/div><\/li><li class=\"gutena-tab-title inactive\" data-tab=\"3\"><div class=\"gutena-tab-title-content icon-top\"><div class=\"gutena-tab-title-text\"><div>2022<\/div><\/div><\/div><\/li><li class=\"gutena-tab-title inactive\" data-tab=\"4\"><div class=\"gutena-tab-title-content icon-top\"><div class=\"gutena-tab-title-text\"><div>2021<\/div><\/div><\/div><\/li><\/ul><div class=\"gutena-tabs-content is-layout-flow wp-block-gutena-tabs-is-layout-flow\">\n<div class=\"wp-block-gutena-tab gutena-tab-block gutena-tab-block-4ce29b-5c active\" data-tab=\"1\"><div  class=\"ninec_normalwidth ninec_grid_row_wrapper_1\"><div class=\"ninec_grid_wrapper\"><div class=\"ninec_row\"><div id=\"\" class=\"ninec_col ninec_grid_col ninec_grid_col_last\"><div class=\"ninec_grid_col_content\">\n<\/p>\n<div style=\"position:relative;padding-top:max(60%,326px);height:0;width:100%\"><iframe allow=\"clipboard-write\" sandbox=\"allow-top-navigation allow-top-navigation-by-user-activation allow-downloads allow-scripts allow-same-origin allow-popups allow-modals allow-popups-to-escape-sandbox allow-forms\" allowfullscreen=\"true\" style=\"position:absolute;border:none;width:100%;height:100%;left:0;right:0;top:0;bottom:0;\" src=\"https:\/\/e.issuu.com\/embed.html?d=informe_anual_2024_en_espa_ol_&#038;u=one22resourcecenter\"><\/iframe><\/div>\n<p>\n<\/div><\/div><div class=\"clearfix\"><\/div><\/div><\/div><\/div><\/div>\n\n\n\n<div class=\"wp-block-gutena-tab gutena-tab-block gutena-tab-block-d0236d-20 inactive\" data-tab=\"2\"><div  class=\"ninec_normalwidth ninec_grid_row_wrapper_1\"><div class=\"ninec_grid_wrapper\"><div class=\"ninec_row\"><div id=\"\" class=\"ninec_col ninec_grid_col ninec_grid_col_last\"><div class=\"ninec_grid_col_content\">\n<\/p>\n<div style=\"position:relative;padding-top:max(60%,326px);height:0;width:100%\"><iframe allow=\"clipboard-write\" sandbox=\"allow-top-navigation allow-top-navigation-by-user-activation allow-downloads allow-scripts allow-same-origin allow-popups allow-modals allow-popups-to-escape-sandbox allow-forms\" allowfullscreen=\"true\" style=\"position:absolute;border:none;width:100%;height:100%;left:0;right:0;top:0;bottom:0;\" src=\" https:\/\/e.issuu.com\/embed.html?d=one22_annual_report_spanish_2023&#038;pageLayout=singlePage&#038;u=one22resourcecenter \"><\/iframe><\/div>\n<p>\n<\/div><\/div><div class=\"clearfix\"><\/div><\/div><\/div><\/div><\/div>\n\n\n\n<div class=\"wp-block-gutena-tab gutena-tab-block gutena-tab-block-f2f983-1a inactive\" data-tab=\"3\"><div  class=\"ninec_normalwidth ninec_grid_row_wrapper_1\"><div class=\"ninec_grid_wrapper\"><div class=\"ninec_row\"><div id=\"\" class=\"ninec_col ninec_grid_col ninec_grid_col_last\"><div class=\"ninec_grid_col_content\"><div style=\"position:relative;padding-top:max(60%,326px);height:0;width:100%\"><iframe allow=\"clipboard-write\" sandbox=\"allow-top-navigation allow-top-navigation-by-user-activation allow-downloads allow-scripts allow-same-origin allow-popups allow-modals allow-popups-to-escape-sandbox allow-forms\" allowfullscreen=\"true\" style=\"position:absolute;border:none;width:100%;height:100%;left:0;right:0;top:0;bottom:0;\" src=\"https:\/\/e.issuu.com\/embed.html?d=one22_annual_report_digital&amp;u=one22resourcecenter\"><\/iframe><\/div>\n<\/div><\/div><div class=\"clearfix\"><\/div><\/div><\/div><\/div><\/div>\n\n\n\n<div class=\"wp-block-gutena-tab gutena-tab-block gutena-tab-block-dfcc5b-cd inactive\" data-tab=\"4\"><div  class=\"ninec_normalwidth ninec_grid_row_wrapper_1\"><div class=\"ninec_grid_wrapper\"><div class=\"ninec_row\"><div id=\"\" class=\"ninec_col ninec_grid_col ninec_grid_col_last\"><div class=\"ninec_grid_col_content\"><div style=\"position:relative;padding-top:max(60%,326px);height:0;width:100%\"><iframe allow=\"clipboard-write\" sandbox=\"allow-top-navigation allow-top-navigation-by-user-activation allow-downloads allow-scripts allow-same-origin allow-popups allow-modals allow-popups-to-escape-sandbox allow-forms\" allowfullscreen=\"true\" style=\"position:absolute;border:none;width:100%;height:100%;left:0;right:0;top:0;bottom:0;\" src=\"https:\/\/e.issuu.com\/embed.html?d=2021_annual_report&amp;u=one22resourcecenter\"><\/iframe><\/div>\n<\/div><\/div><div class=\"clearfix\"><\/div><\/div><\/div><\/div><\/div>\n<\/div><\/div>\n\n\n\n<div style=\"height:50px\" aria-hidden=\"true\" class=\"wp-block-spacer\"><\/div>\n\n\n<div id=\"one-twenty-two-another-services-section\" class=\"ninec_normalwidth ninec_grid_row_wrapper_1 one-twenty-two-another-services-area animated fadeInRight duration2 delay0 eds-on-scroll\"><div class=\"ninec_grid_wrapper\"><h2 class=\"ninec_grid_heading\">M\u00e1s informaci\u00f3n<\/h2><div class=\"ninec_row ninec_row_vertical\"><div class=\"ninec_col ninec_grid_col one-twenty-two-another-services-column aos-fade-right aos-init aos-animate\" data-aos=\"fade-right\"><a href=\"\/es\/quienes-somos\/personal\/\" target=\"_self\"><img loading=\"lazy\" decoding=\"async\" class=\"nineclazy\" width=\"300\" height=\"300\" src=\"https:\/\/one22jh.org\/wp-content\/uploads\/2023\/07\/leadership-icon.png\" alt=\"Programa de ayuda financiera\"\/><\/a><h4><a href=\"\/es\/quienes-somos\/personal\/\" target=\"_self\">NUESTRO PERSONAL<\/a><\/h4><a href=\"\/es\/quienes-somos\/personal\/\" target=\"_self\"><img loading=\"lazy\" decoding=\"async\" class=\"nineclazy financial-heading-image-link\" width=\"298\" height=\"148\" src=\"\/wp-content\/uploads\/2023\/06\/one-22-blue-arrow-icon.png\" alt=\"Programa de ayuda financiera\"\/><\/a><\/div><div class=\"ninec_col ninec_grid_col one-twenty-two-another-services-column aos-fade-right aos-init aos-animate\" data-aos=\"fade-right\"><a href=\"\/es\/quienes-somos\/our-partners\/\" target=\"_self\"><img loading=\"lazy\" decoding=\"async\" class=\"nineclazy\" width=\"300\" height=\"300\" src=\"https:\/\/one22jh.org\/wp-content\/uploads\/2023\/07\/blue-link.png\" alt=\"Programa de ayuda financiera\"\/><\/a><h4><a href=\"\/es\/quienes-somos\/our-partners\/\" target=\"_self\">ORGANIZACIONES ALIADAS<\/a><\/h4><a href=\"\/es\/quienes-somos\/our-partners\/\" target=\"_self\"><img loading=\"lazy\" decoding=\"async\" class=\"nineclazy financial-heading-image-link\" width=\"298\" height=\"148\" src=\"\/wp-content\/uploads\/2023\/06\/one-22-blue-arrow-icon.png\" alt=\"Programa de ayuda financiera\"\/><\/a><\/div><div class=\"ninec_col ninec_grid_col one-twenty-two-another-services-column aos-fade-right aos-init aos-animate\" data-aos=\"fade-right\"><a href=\"\/es\/quienes-somos\/testimonios-de-clientes\/\" target=\"_self\"><img loading=\"lazy\" decoding=\"async\" class=\"nineclazy\" width=\"300\" height=\"300\" src=\"https:\/\/one22jh.org\/wp-content\/uploads\/2023\/07\/stories-icon.png\" alt=\"Programa de ayuda financiera\"\/><\/a><h4><a href=\"\/es\/quienes-somos\/testimonios-de-clientes\/\" target=\"_self\">TESTIMONIOS DE CLIENTES<\/a><\/h4><a href=\"\/es\/quienes-somos\/testimonios-de-clientes\/\" target=\"_self\"><img loading=\"lazy\" decoding=\"async\" class=\"nineclazy financial-heading-image-link\" width=\"298\" height=\"148\" src=\"\/wp-content\/uploads\/2023\/06\/one-22-blue-arrow-icon.png\" alt=\"Programa de ayuda financiera\"\/><\/a><\/div><div class=\"ninec_col ninec_grid_col one-twenty-two-another-services-column aos-fade-right aos-init aos-animate\" data-aos=\"fade-right\"><a href=\"\/es\/quienes-somos\/nuestra-historia\/\" target=\"_self\"><img loading=\"lazy\" decoding=\"async\" class=\"nineclazy\" width=\"300\" height=\"300\" src=\"https:\/\/one22jh.org\/wp-content\/uploads\/2023\/07\/one-ss-get-involved-icon.png\" alt=\"Programa de ayuda financiera\"\/><\/a><h4><a href=\"\/es\/quienes-somos\/nuestra-historia\/\" target=\"_self\">NUESTRA HISTORIA<\/a><\/h4><a href=\"\/es\/quienes-somos\/nuestra-historia\/\" target=\"_self\"><img loading=\"lazy\" decoding=\"async\" class=\"nineclazy financial-heading-image-link\" width=\"298\" height=\"148\" src=\"\/wp-content\/uploads\/2023\/06\/one-22-blue-arrow-icon.png\" alt=\"Programa de ayuda financiera\"\/><\/a><\/div><\/div><\/div><\/div>","protected":false},"excerpt":{"rendered":"<p>Informe anual<\/p>","protected":false},"author":2,"featured_media":0,"parent":278,"menu_order":0,"comment_status":"closed","ping_status":"closed","template":"","meta":{"footnotes":""},"class_list":["post-486","page","type-page","status-publish","hentry"],"yoast_head":"<!-- This site is optimized with the Yoast SEO plugin v27.3 - https:\/\/yoast.com\/product\/yoast-seo-wordpress\/ -->\n<title>Annual Report | One22 Resource Center | Jackson Hole<\/title>\n<meta name=\"description\" content=\"Meet One22&#039;s passionate team, united in building a stronger, more resilient community, and offering client service and professional program coordinators.\" \/>\n<meta name=\"robots\" content=\"index, follow, max-snippet:-1, max-image-preview:large, max-video-preview:-1\" \/>\n<link rel=\"canonical\" href=\"https:\/\/one22jh.org\/es\/quienes-somos\/informe-anual\/\" \/>\n<meta property=\"og:locale\" content=\"es_MX\" \/>\n<meta property=\"og:type\" content=\"article\" \/>\n<meta property=\"og:title\" content=\"Annual Report | One22 Resource Center | Jackson Hole\" \/>\n<meta property=\"og:description\" content=\"Meet One22&#039;s passionate team, united in building a stronger, more resilient community, and offering client service and professional program coordinators.\" \/>\n<meta property=\"og:url\" content=\"https:\/\/one22jh.org\/es\/quienes-somos\/informe-anual\/\" \/>\n<meta property=\"og:site_name\" content=\"One22 Resource Center\" \/>\n<meta property=\"article:modified_time\" content=\"2025-07-21T20:57:05+00:00\" \/>\n<meta name=\"twitter:card\" content=\"summary_large_image\" \/>\n<meta name=\"twitter:label1\" content=\"Tiempo de lectura\" \/>\n\t<meta name=\"twitter:data1\" content=\"1 minuto\" \/>\n<script type=\"application\/ld+json\" class=\"yoast-schema-graph\">{\"@context\":\"https:\\\/\\\/schema.org\",\"@graph\":[{\"@type\":\"WebPage\",\"@id\":\"https:\\\/\\\/one22jh.org\\\/about-us\\\/annual-report\\\/\",\"url\":\"https:\\\/\\\/one22jh.org\\\/about-us\\\/annual-report\\\/\",\"name\":\"Annual Report | One22 Resource Center | Jackson Hole\",\"isPartOf\":{\"@id\":\"https:\\\/\\\/one22jh.org\\\/#website\"},\"datePublished\":\"2023-04-10T11:57:49+00:00\",\"dateModified\":\"2025-07-21T20:57:05+00:00\",\"description\":\"Meet One22's passionate team, united in building a stronger, more resilient community, and offering client service and professional program coordinators.\",\"breadcrumb\":{\"@id\":\"https:\\\/\\\/one22jh.org\\\/about-us\\\/annual-report\\\/#breadcrumb\"},\"inLanguage\":\"es\",\"potentialAction\":[{\"@type\":\"ReadAction\",\"target\":[\"https:\\\/\\\/one22jh.org\\\/about-us\\\/annual-report\\\/\"]}]},{\"@type\":\"BreadcrumbList\",\"@id\":\"https:\\\/\\\/one22jh.org\\\/about-us\\\/annual-report\\\/#breadcrumb\",\"itemListElement\":[{\"@type\":\"ListItem\",\"position\":1,\"name\":\"Home\",\"item\":\"https:\\\/\\\/one22jh.org\\\/\"},{\"@type\":\"ListItem\",\"position\":2,\"name\":\"About Us\",\"item\":\"https:\\\/\\\/one22jh.org\\\/about-us\\\/\"},{\"@type\":\"ListItem\",\"position\":3,\"name\":\"Annual Report\"}]},{\"@type\":\"WebSite\",\"@id\":\"https:\\\/\\\/one22jh.org\\\/#website\",\"url\":\"https:\\\/\\\/one22jh.org\\\/\",\"name\":\"One22 Resource Center\",\"description\":\"We are One22  Resources to Support One Thriving and Diverse Greater Teton Community.\",\"publisher\":{\"@id\":\"https:\\\/\\\/one22jh.org\\\/#organization\"},\"potentialAction\":[{\"@type\":\"SearchAction\",\"target\":{\"@type\":\"EntryPoint\",\"urlTemplate\":\"https:\\\/\\\/one22jh.org\\\/?s={search_term_string}\"},\"query-input\":{\"@type\":\"PropertyValueSpecification\",\"valueRequired\":true,\"valueName\":\"search_term_string\"}}],\"inLanguage\":\"es\"},{\"@type\":\"Organization\",\"@id\":\"https:\\\/\\\/one22jh.org\\\/#organization\",\"name\":\"One22 Resource Center\",\"url\":\"https:\\\/\\\/one22jh.org\\\/\",\"logo\":{\"@type\":\"ImageObject\",\"inLanguage\":\"es\",\"@id\":\"https:\\\/\\\/one22jh.org\\\/#\\\/schema\\\/logo\\\/image\\\/\",\"url\":\"https:\\\/\\\/one22jh.org\\\/wp-content\\\/uploads\\\/2024\\\/07\\\/logo-blue.webp\",\"contentUrl\":\"https:\\\/\\\/one22jh.org\\\/wp-content\\\/uploads\\\/2024\\\/07\\\/logo-blue.webp\",\"width\":271,\"height\":101,\"caption\":\"One22 Resource Center\"},\"image\":{\"@id\":\"https:\\\/\\\/one22jh.org\\\/#\\\/schema\\\/logo\\\/image\\\/\"}}]}<\/script>\n<!-- \/ Yoast SEO plugin. -->","yoast_head_json":{"title":"Informe Anual | Centro de Recursos One22 | Jackson Hole","description":"Conozca al apasionado equipo de One22, unido en la construcci\u00f3n de una comunidad m\u00e1s fuerte y resistente, y que ofrece un servicio de atenci\u00f3n al cliente y coordinadores de programas profesionales.","robots":{"index":"index","follow":"follow","max-snippet":"max-snippet:-1","max-image-preview":"max-image-preview:large","max-video-preview":"max-video-preview:-1"},"canonical":"https:\/\/one22jh.org\/es\/quienes-somos\/informe-anual\/","og_locale":"es_MX","og_type":"article","og_title":"Annual Report | One22 Resource Center | Jackson Hole","og_description":"Meet One22's passionate team, united in building a stronger, more resilient community, and offering client service and professional program coordinators.","og_url":"https:\/\/one22jh.org\/es\/quienes-somos\/informe-anual\/","og_site_name":"One22 Resource Center","article_modified_time":"2025-07-21T20:57:05+00:00","twitter_card":"summary_large_image","twitter_misc":{"Tiempo de lectura":"1 minuto"},"schema":{"@context":"https:\/\/schema.org","@graph":[{"@type":"WebPage","@id":"https:\/\/one22jh.org\/about-us\/annual-report\/","url":"https:\/\/one22jh.org\/about-us\/annual-report\/","name":"Informe Anual | Centro de Recursos One22 | Jackson Hole","isPartOf":{"@id":"https:\/\/one22jh.org\/#website"},"datePublished":"2023-04-10T11:57:49+00:00","dateModified":"2025-07-21T20:57:05+00:00","description":"Conozca al apasionado equipo de One22, unido en la construcci\u00f3n de una comunidad m\u00e1s fuerte y resistente, y que ofrece un servicio de atenci\u00f3n al cliente y coordinadores de programas profesionales.","breadcrumb":{"@id":"https:\/\/one22jh.org\/about-us\/annual-report\/#breadcrumb"},"inLanguage":"es","potentialAction":[{"@type":"ReadAction","target":["https:\/\/one22jh.org\/about-us\/annual-report\/"]}]},{"@type":"BreadcrumbList","@id":"https:\/\/one22jh.org\/about-us\/annual-report\/#breadcrumb","itemListElement":[{"@type":"ListItem","position":1,"name":"Home","item":"https:\/\/one22jh.org\/"},{"@type":"ListItem","position":2,"name":"About Us","item":"https:\/\/one22jh.org\/about-us\/"},{"@type":"ListItem","position":3,"name":"Annual Report"}]},{"@type":"WebSite","@id":"https:\/\/one22jh.org\/#website","url":"https:\/\/one22jh.org\/","name":"Centro de Recursos One22","description":"Somos One22 Recursos para apoyar una comunidad pr\u00f3spera y diversa de Greater Teton.","publisher":{"@id":"https:\/\/one22jh.org\/#organization"},"potentialAction":[{"@type":"SearchAction","target":{"@type":"EntryPoint","urlTemplate":"https:\/\/one22jh.org\/?s={search_term_string}"},"query-input":{"@type":"PropertyValueSpecification","valueRequired":true,"valueName":"search_term_string"}}],"inLanguage":"es"},{"@type":"Organization","@id":"https:\/\/one22jh.org\/#organization","name":"Centro de Recursos One22","url":"https:\/\/one22jh.org\/","logo":{"@type":"ImageObject","inLanguage":"es","@id":"https:\/\/one22jh.org\/#\/schema\/logo\/image\/","url":"https:\/\/one22jh.org\/wp-content\/uploads\/2024\/07\/logo-blue.webp","contentUrl":"https:\/\/one22jh.org\/wp-content\/uploads\/2024\/07\/logo-blue.webp","width":271,"height":101,"caption":"One22 Resource Center"},"image":{"@id":"https:\/\/one22jh.org\/#\/schema\/logo\/image\/"}}]}},"acf":[],"_links":{"self":[{"href":"https:\/\/one22jh.org\/es\/wp-json\/wp\/v2\/pages\/486","targetHints":{"allow":["GET"]}}],"collection":[{"href":"https:\/\/one22jh.org\/es\/wp-json\/wp\/v2\/pages"}],"about":[{"href":"https:\/\/one22jh.org\/es\/wp-json\/wp\/v2\/types\/page"}],"author":[{"embeddable":true,"href":"https:\/\/one22jh.org\/es\/wp-json\/wp\/v2\/users\/2"}],"replies":[{"embeddable":true,"href":"https:\/\/one22jh.org\/es\/wp-json\/wp\/v2\/comments?post=486"}],"version-history":[{"count":0,"href":"https:\/\/one22jh.org\/es\/wp-json\/wp\/v2\/pages\/486\/revisions"}],"up":[{"embeddable":true,"href":"https:\/\/one22jh.org\/es\/wp-json\/wp\/v2\/pages\/278"}],"wp:attachment":[{"href":"https:\/\/one22jh.org\/es\/wp-json\/wp\/v2\/media?parent=486"}],"curies":[{"name":"wp","href":"https:\/\/api.w.org\/{rel}","templated":true}]}}