{"id":483,"date":"2023-04-10T11:56:29","date_gmt":"2023-04-10T11:56:29","guid":{"rendered":"https:\/\/one22jh.wpengine.com\/?page_id=483"},"modified":"2026-04-27T16:25:07","modified_gmt":"2026-04-27T16:25:07","slug":"personal","status":"publish","type":"page","link":"https:\/\/one22jh.org\/es\/quienes-somos\/personal\/","title":{"rendered":"Staff &#038; Leadership"},"content":{"rendered":"<h1 class=\"wp-block-heading has-text-align-center financial-main-page-heading aos-fade-right animated fadeIn duration3 delay1 eds-on-scroll\">Nuestro Personal<\/h1>\n\n\n\n<div style=\"height:70px\" aria-hidden=\"true\" class=\"wp-block-spacer financial-assistance-first-section-height\"><\/div>\n\n\n<div  class=\"ninec_normalwidth ninec_grid_row_wrapper_1 one-22-design-team-member\"><div class=\"ninec_grid_wrapper\"><div class=\"ninec_row\"><div id=\"\" class=\"ninec_col ninec_grid_col one-22-design-team-member-column animated fadeInRight duration3 delay2 eds-on-scroll\"><img loading=\"lazy\" decoding=\"async\" width=\"600\" height=\"400\" src=\"data:image\/png;base64,iVBORw0KGgoAAAANSUhEUgAAAAMAAAACCAQAAAA3fa6RAAAADklEQVR42mNkAANGCAUAACMAA2w\/AMgAAAAASUVORK5CYII=\" data-src=\"https:\/\/one22jh.org\/wp-content\/uploads\/2025\/11\/Addy-M-600.jpg\" alt=\"\" class=\"lazyload nineclazy\"><h5 class=\"team-member-name\">Addy Mohorcich<\/h5><div class=\"ninec_grid_col_content\"><p>Coordinadora de Servicio al Cliente<\/p>\n<\/div><\/div><div id=\"\" class=\"ninec_col ninec_grid_col one-22-design-team-member-column animated fadeInRight duration3 delay2 eds-on-scroll\"><img loading=\"lazy\" decoding=\"async\" width=\"600\" height=\"420\" src=\"data:image\/png;base64,iVBORw0KGgoAAAANSUhEUgAAAAMAAAACCAQAAAA3fa6RAAAADklEQVR42mNkAANGCAUAACMAA2w\/AMgAAAAASUVORK5CYII=\" data-src=\"https:\/\/one22jh.org\/wp-content\/uploads\/2024\/10\/Ana_Green_2024web-jpg.avif\" alt=\"Ana Quiroz\" class=\"lazyload nineclazy\"><h5 class=\"team-member-name\">Ana Quiroz<\/h5><div class=\"ninec_grid_col_content\"><p>Coordinadora de Servicio al Cliente<\/p>\n<\/div><\/div><div id=\"\" class=\"ninec_col ninec_grid_col ninec_grid_col_last one-22-design-team-member-column animated fadeInRight duration3 delay0 eds-on-scroll\"><img loading=\"lazy\" decoding=\"async\" width=\"800\" height=\"559\" src=\"data:image\/png;base64,iVBORw0KGgoAAAANSUhEUgAAAAMAAAACCAQAAAA3fa6RAAAADklEQVR42mNkAANGCAUAACMAA2w\/AMgAAAAASUVORK5CYII=\" data-src=\"https:\/\/one22jh.org\/wp-content\/uploads\/2024\/10\/Carey-Stanley_blue_2024web-jpg.avif\" alt=\"Carey Stanley\" class=\"lazyload nineclazy\"><h5 class=\"team-member-name\">Carey Stanley<\/h5><div class=\"ninec_grid_col_content\"><p>Directora de Operaciones<\/p>\n<\/div><\/div><div class=\"clearfix\"><\/div><div id=\"\" class=\"ninec_col ninec_grid_col one-22-design-team-member-column animated fadeInRight duration3 delay1 eds-on-scroll\"><img loading=\"lazy\" decoding=\"async\" width=\"600\" height=\"420\" src=\"data:image\/png;base64,iVBORw0KGgoAAAANSUhEUgAAAAMAAAACCAQAAAA3fa6RAAAADklEQVR42mNkAANGCAUAACMAA2w\/AMgAAAAASUVORK5CYII=\" data-src=\"https:\/\/one22jh.org\/wp-content\/uploads\/2024\/10\/Cindy-Bartz_Yellow_2024web-jpg.avif\" alt=\"Cindy Bartz\" class=\"lazyload nineclazy\"><h5 class=\"team-member-name\">Cindy Bartz<\/h5><div class=\"ninec_grid_col_content\"><p>Coordinadora de Proyectos Especiales<\/p>\n<\/div><\/div><div id=\"\" class=\"ninec_col ninec_grid_col one-22-design-team-member-column animated fadeInRight duration3 delay2 eds-on-scroll\"><img loading=\"lazy\" decoding=\"async\" width=\"600\" height=\"400\" src=\"data:image\/png;base64,iVBORw0KGgoAAAANSUhEUgAAAAMAAAACCAQAAAA3fa6RAAAADklEQVR42mNkAANGCAUAACMAA2w\/AMgAAAAASUVORK5CYII=\" data-src=\"https:\/\/one22jh.org\/wp-content\/uploads\/2025\/11\/Elizabeth-M-600.jpg\" alt=\"\" class=\"lazyload nineclazy\"><h5 class=\"team-member-name\">Elizabeth Martinez<\/h5><div class=\"ninec_grid_col_content\"><p>Directora de Servicio al Cliente<\/p>\n<\/div><\/div><div id=\"\" class=\"ninec_col ninec_grid_col ninec_grid_col_last one-22-design-team-member-column animated fadeInRight duration3 delay2 eds-on-scroll\"><img loading=\"lazy\" decoding=\"async\" width=\"600\" height=\"400\" src=\"data:image\/png;base64,iVBORw0KGgoAAAANSUhEUgAAAAMAAAACCAQAAAA3fa6RAAAADklEQVR42mNkAANGCAUAACMAA2w\/AMgAAAAASUVORK5CYII=\" data-src=\"https:\/\/one22jh.org\/wp-content\/uploads\/2026\/03\/Gabriel-600x400-1.jpg\" alt=\"\" class=\"lazyload nineclazy\"><h5 class=\"team-member-name\">Gabriel Soto<\/h5><div class=\"ninec_grid_col_content\"><p>Coordinador de Recepci\u00f3n<\/p>\n<\/div><\/div><div class=\"clearfix\"><\/div><div id=\"\" class=\"ninec_col ninec_grid_col one-22-design-team-member-column animated fadeInRight duration3 delay2 eds-on-scroll\"><img loading=\"lazy\" decoding=\"async\" width=\"600\" height=\"420\" src=\"data:image\/png;base64,iVBORw0KGgoAAAANSUhEUgAAAAMAAAACCAQAAAA3fa6RAAAADklEQVR42mNkAANGCAUAACMAA2w\/AMgAAAAASUVORK5CYII=\" data-src=\"https:\/\/one22jh.org\/wp-content\/uploads\/2024\/10\/Jessica-Coakley_Purple_2024web-jpg.avif\" alt=\"Jessica Coakley\" class=\"lazyload nineclazy\"><h5 class=\"team-member-name\">Jessica Coakley<\/h5><div class=\"ninec_grid_col_content\"><p>Gerente de Negocio<\/p>\n<\/div><\/div><div id=\"\" class=\"ninec_col ninec_grid_col one-22-design-team-member-column animated fadeInRight duration3 delay1 eds-on-scroll\"><img loading=\"lazy\" decoding=\"async\" width=\"600\" height=\"419\" src=\"data:image\/png;base64,iVBORw0KGgoAAAANSUhEUgAAAAMAAAACCAQAAAA3fa6RAAAADklEQVR42mNkAANGCAUAACMAA2w\/AMgAAAAASUVORK5CYII=\" data-src=\"https:\/\/one22jh.org\/wp-content\/uploads\/2024\/10\/Karla-Jimenz_Red_2024web-jpg.avif\" alt=\"Karla Jimenez\" class=\"lazyload nineclazy\"><h5 class=\"team-member-name\">Karla Jimenez<\/h5><div class=\"ninec_grid_col_content\"><p>Coordinadora de Operaciones de Asistencia Alimenticia<\/p>\n<\/div><\/div><div id=\"\" class=\"ninec_col ninec_grid_col ninec_grid_col_last one-22-design-team-member-column animated fadeInRight duration3 delay1 eds-on-scroll\"><img loading=\"lazy\" decoding=\"async\" width=\"600\" height=\"400\" src=\"data:image\/png;base64,iVBORw0KGgoAAAANSUhEUgAAAAMAAAACCAQAAAA3fa6RAAAADklEQVR42mNkAANGCAUAACMAA2w\/AMgAAAAASUVORK5CYII=\" data-src=\"https:\/\/one22jh.org\/wp-content\/uploads\/2025\/11\/Kiersten_Blue-600.jpg\" alt=\"\" class=\"lazyload nineclazy\"><h5 class=\"team-member-name\">Kiersten Moses<\/h5><div class=\"ninec_grid_col_content\"><p>Asistente Ejecutiva<\/p>\n<\/div><\/div><div class=\"clearfix\"><\/div><div id=\"\" class=\"ninec_col ninec_grid_col one-22-design-team-member-column animated fadeInRight duration3 delay1 eds-on-scroll\"><img loading=\"lazy\" decoding=\"async\" width=\"600\" height=\"400\" src=\"data:image\/png;base64,iVBORw0KGgoAAAANSUhEUgAAAAMAAAACCAQAAAA3fa6RAAAADklEQVR42mNkAANGCAUAACMAA2w\/AMgAAAAASUVORK5CYII=\" data-src=\"https:\/\/one22jh.org\/wp-content\/uploads\/2025\/05\/Libby-staff-600x400-1.jpg\" alt=\"\" class=\"lazyload nineclazy\"><h5 class=\"team-member-name\">Libby Gardner<\/h5><div class=\"ninec_grid_col_content\"><p>Coordinadora de Difusi\u00f3n y Eventos<\/p>\n<\/div><\/div><div id=\"\" class=\"ninec_col ninec_grid_col one-22-design-team-member-column animated fadeInRight duration3 delay1 eds-on-scroll\"><img loading=\"lazy\" decoding=\"async\" width=\"600\" height=\"420\" src=\"data:image\/png;base64,iVBORw0KGgoAAAANSUhEUgAAAAMAAAACCAQAAAA3fa6RAAAADklEQVR42mNkAANGCAUAACMAA2w\/AMgAAAAASUVORK5CYII=\" data-src=\"https:\/\/one22jh.org\/wp-content\/uploads\/2024\/10\/Lina_Green_2024web-jpg.avif\" alt=\"Lina Collado\" class=\"lazyload nineclazy\"><h5 class=\"team-member-name\">Lina Collado<\/h5><div class=\"ninec_grid_col_content\"><p>Gerente de Donaciones Individuales<\/p>\n<\/div><\/div><div id=\"\" class=\"ninec_col ninec_grid_col ninec_grid_col_last one-22-design-team-member-column animated fadeInRight duration3 delay2 eds-on-scroll\"><img loading=\"lazy\" decoding=\"async\" width=\"600\" height=\"420\" src=\"data:image\/png;base64,iVBORw0KGgoAAAANSUhEUgAAAAMAAAACCAQAAAA3fa6RAAAADklEQVR42mNkAANGCAUAACMAA2w\/AMgAAAAASUVORK5CYII=\" data-src=\"https:\/\/one22jh.org\/wp-content\/uploads\/2024\/10\/Marcela-Gonzalez_Purple_2024web-jpg.avif\" alt=\"Marcela Gonzalez\" class=\"lazyload nineclazy\"><h5 class=\"team-member-name\">Marcela Gonzalez<\/h5><div class=\"ninec_grid_col_content\"><p>Coordinadora de Servicio al Cliente<\/p>\n<\/div><\/div><div class=\"clearfix\"><\/div><div id=\"\" class=\"ninec_col ninec_grid_col one-22-design-team-member-column animated fadeInRight duration3 delay2 eds-on-scroll\"><img loading=\"lazy\" decoding=\"async\" width=\"600\" height=\"419\" src=\"data:image\/png;base64,iVBORw0KGgoAAAANSUhEUgAAAAMAAAACCAQAAAA3fa6RAAAADklEQVR42mNkAANGCAUAACMAA2w\/AMgAAAAASUVORK5CYII=\" data-src=\"https:\/\/one22jh.org\/wp-content\/uploads\/2024\/10\/Monica_Green_2024web-jpg.avif\" alt=\"Monica Ruiz\" class=\"lazyload nineclazy\"><h5 class=\"team-member-name\">Monica Ruiz<\/h5><div class=\"ninec_grid_col_content\"><p>Coordinadora de Servicio al Cliente<\/p>\n<\/div><\/div><div id=\"\" class=\"ninec_col ninec_grid_col one-22-design-team-member-column animated fadeInRight duration3 delay2 eds-on-scroll\"><img loading=\"lazy\" decoding=\"async\" width=\"600\" height=\"400\" src=\"data:image\/png;base64,iVBORw0KGgoAAAANSUhEUgAAAAMAAAACCAQAAAA3fa6RAAAADklEQVR42mNkAANGCAUAACMAA2w\/AMgAAAAASUVORK5CYII=\" data-src=\"https:\/\/one22jh.org\/wp-content\/uploads\/2026\/03\/Monse-600x400-1.jpg\" alt=\"\" class=\"lazyload nineclazy\"><h5 class=\"team-member-name\">Monse Ram\u00edrez<\/h5><div class=\"ninec_grid_col_content\"><p>Coordinador de Voluntarios<\/p>\n<\/div><\/div><div id=\"\" class=\"ninec_col ninec_grid_col ninec_grid_col_last one-22-design-team-member-column animated fadeInRight duration3 delay0 eds-on-scroll\"><img loading=\"lazy\" decoding=\"async\" width=\"600\" height=\"420\" src=\"data:image\/png;base64,iVBORw0KGgoAAAANSUhEUgAAAAMAAAACCAQAAAA3fa6RAAAADklEQVR42mNkAANGCAUAACMAA2w\/AMgAAAAASUVORK5CYII=\" data-src=\"https:\/\/one22jh.org\/wp-content\/uploads\/2024\/10\/Sarah-Duggan_Yellow_2024web-jpg.avif\" alt=\"Sarah Duggan\" class=\"lazyload nineclazy\"><h5 class=\"team-member-name\">Sarah Duggan<\/h5><div class=\"ninec_grid_col_content\"><p>Directora de Desarrollo<\/p>\n<\/div><\/div><div class=\"clearfix\"><\/div><div id=\"\" class=\"ninec_col ninec_grid_col one-22-design-team-member-column animated fadeInRight duration3 delay2 eds-on-scroll\"><img loading=\"lazy\" decoding=\"async\" width=\"600\" height=\"400\" src=\"data:image\/png;base64,iVBORw0KGgoAAAANSUhEUgAAAAMAAAACCAQAAAA3fa6RAAAADklEQVR42mNkAANGCAUAACMAA2w\/AMgAAAAASUVORK5CYII=\" data-src=\"https:\/\/one22jh.org\/wp-content\/uploads\/2025\/11\/Seadar-D-Red-600.jpg\" alt=\"\" class=\"lazyload nineclazy\"><h5 class=\"team-member-name\">Seadar Rose Davis<\/h5><div class=\"ninec_grid_col_content\"><p>Directora de Vinculaci\u00f3n y Participaci\u00f3n Comunitaria<\/p>\n<\/div><\/div><div id=\"\" class=\"ninec_col ninec_grid_col one-22-design-team-member-column animated fadeInRight duration3 delay0 eds-on-scroll\"><img loading=\"lazy\" decoding=\"async\" width=\"600\" height=\"420\" src=\"data:image\/png;base64,iVBORw0KGgoAAAANSUhEUgAAAAMAAAACCAQAAAA3fa6RAAAADklEQVR42mNkAANGCAUAACMAA2w\/AMgAAAAASUVORK5CYII=\" data-src=\"https:\/\/one22jh.org\/wp-content\/uploads\/2024\/10\/Sharel-Lund_Blue_2024web-jpg.avif\" alt=\"Sharel Lund\" class=\"lazyload nineclazy\"><h5 class=\"team-member-name\">Sharel Lund<\/h5><div class=\"ninec_grid_col_content\"><p>Directora Ejecutiva<\/p>\n<\/div><\/div><div class=\"ninec_col ninec_grid_col\"><\/div><\/div><\/div><\/div>\n\n\n<div style=\"height:50px\" aria-hidden=\"true\" class=\"wp-block-spacer team-member-spacer-two\"><\/div>\n\n\n<div style='background-color:#83aeec' class=\"ninec_gridbackground ninec_grid_row_wrapper_1 one-22-design-immediately-saying\"><div class=\"ninec_grid_wrapper\"><div class=\"ninec_row ninec_row_vertical\"><div id=\"\" class=\"ninec_col ninec_grid_col ninec_grid_col_last aos-fade-right\"><div class=\"ninec_grid_col_content\"><h3 style=\"text-align: center;\">Junta Directiva<\/h3>\n<p style=\"text-align: center;\"><strong>Missy Whelan<\/strong>, <em>Presidente<\/em><br \/>\n<strong>Laura Ladd<\/strong>, <em>Vicepresidente\/Tesorera<\/em><br \/>\n<strong>Ian Johnston<\/strong>, <em>Secretario<\/em><\/p>\n<p style=\"text-align: center;\"><strong>Lisa Carlin<\/strong><br \/>\n<strong>Bill Egan<\/strong><br \/>\n<strong>Sara Flitner<\/strong><br \/>\n<strong>Bob Hartman<\/strong><br \/>\n<strong>Julie O&#8217;Halloran<\/strong><br \/>\n<strong>Margot Snowdon<\/strong><br \/>\n<strong>Paul Vogelheim<\/strong><br \/>\n<strong>Bill Waterman<\/strong><\/p>\n<\/div><\/div><div class=\"clearfix\"><\/div><\/div><\/div><\/div>\n\n\n<div style=\"height:30px\" aria-hidden=\"true\" class=\"wp-block-spacer\"><\/div>\n\n\n<div id=\"one-twenty-two-another-services-section\" class=\"ninec_normalwidth ninec_grid_row_wrapper_1 one-twenty-two-another-services-area animated fadeInRight duration2 delay0 eds-on-scroll\"><div class=\"ninec_grid_wrapper\"><h2 class=\"ninec_grid_heading\">M\u00e1s informaci\u00f3n<\/h2><div class=\"ninec_row ninec_row_vertical\"><div class=\"ninec_col ninec_grid_col one-twenty-two-another-services-column aos-fade-right aos-init aos-animate\" data-aos=\"fade-right\"><a href=\"\/es\/quienes-somos\/nuestro-impacto\/\" target=\"_self\"><img loading=\"lazy\" decoding=\"async\" class=\"nineclazy\" width=\"300\" height=\"300\" src=\"https:\/\/one22jh.org\/wp-content\/uploads\/2023\/06\/blue-emergency.png\" alt=\"Icono de asistencia de emergencia\"\/><\/a><h4><a href=\"\/es\/quienes-somos\/nuestro-impacto\/\" target=\"_self\">NUESTRO IMPACTO<\/a><\/h4><a href=\"\/es\/quienes-somos\/nuestro-impacto\/\" target=\"_self\"><img loading=\"lazy\" decoding=\"async\" class=\"nineclazy financial-heading-image-link\" width=\"298\" height=\"148\" src=\"\/wp-content\/uploads\/2023\/06\/one-22-blue-arrow-icon.png\" alt=\"Programa de ayuda financiera\"\/><\/a><\/div><div class=\"ninec_col ninec_grid_col one-twenty-two-another-services-column aos-fade-right aos-init aos-animate\" data-aos=\"fade-right\"><a href=\"\/es\/quienes-somos\/personal\/\" target=\"_self\"><img loading=\"lazy\" decoding=\"async\" class=\"nineclazy\" width=\"300\" height=\"300\" src=\"https:\/\/one22jh.org\/wp-content\/uploads\/2023\/07\/leadership-icon.png\" alt=\"Programa de ayuda financiera\"\/><\/a><h4><a href=\"\/es\/quienes-somos\/personal\/\" target=\"_self\">NUESTRO PERSONAL<\/a><\/h4><a href=\"\/es\/quienes-somos\/personal\/\" target=\"_self\"><img loading=\"lazy\" decoding=\"async\" class=\"nineclazy financial-heading-image-link\" width=\"298\" height=\"148\" src=\"\/wp-content\/uploads\/2023\/06\/one-22-blue-arrow-icon.png\" alt=\"Programa de ayuda financiera\"\/><\/a><\/div><div class=\"ninec_col ninec_grid_col one-twenty-two-another-services-column aos-fade-right aos-init aos-animate\" data-aos=\"fade-right\"><a href=\"\/es\/quienes-somos\/testimonios-de-clientes\/\" target=\"_self\"><img loading=\"lazy\" decoding=\"async\" class=\"nineclazy\" width=\"300\" height=\"300\" src=\"https:\/\/one22jh.org\/wp-content\/uploads\/2023\/07\/stories-icon.png\" alt=\"Programa de ayuda financiera\"\/><\/a><h4><a href=\"\/es\/quienes-somos\/testimonios-de-clientes\/\" target=\"_self\">TESTIMONIOS DE CLIENTES<\/a><\/h4><a href=\"\/es\/quienes-somos\/testimonios-de-clientes\/\" target=\"_self\"><img loading=\"lazy\" decoding=\"async\" class=\"nineclazy financial-heading-image-link\" width=\"298\" height=\"148\" src=\"\/wp-content\/uploads\/2023\/06\/one-22-blue-arrow-icon.png\" alt=\"Programa de ayuda financiera\"\/><\/a><\/div><div class=\"ninec_col ninec_grid_col one-twenty-two-another-services-column aos-fade-right aos-init aos-animate\" data-aos=\"fade-right\"><a href=\"\/es\/quienes-somos\/informe-anual\/\" target=\"_self\"><img loading=\"lazy\" decoding=\"async\" class=\"nineclazy\" width=\"300\" height=\"300\" src=\"https:\/\/one22jh.org\/wp-content\/uploads\/2023\/07\/folder-icon.png\" alt=\"Programa de ayuda financiera\"\/><\/a><h4><a href=\"\/es\/quienes-somos\/informe-anual\/\" target=\"_self\">INFORME ANUAL<\/a><\/h4><a href=\"\/es\/quienes-somos\/informe-anual\/\" target=\"_self\"><img loading=\"lazy\" decoding=\"async\" class=\"nineclazy financial-heading-image-link\" width=\"298\" height=\"148\" src=\"\/wp-content\/uploads\/2023\/06\/one-22-blue-arrow-icon.png\" alt=\"Programa de ayuda financiera\"\/><\/a><\/div><\/div><\/div><\/div>","protected":false},"excerpt":{"rendered":"<p>Nuestro Personal<\/p>","protected":false},"author":2,"featured_media":0,"parent":278,"menu_order":0,"comment_status":"closed","ping_status":"closed","template":"","meta":{"footnotes":""},"class_list":["post-483","page","type-page","status-publish","hentry"],"yoast_head":"<!-- This site is optimized with the Yoast SEO plugin v27.3 - https:\/\/yoast.com\/product\/yoast-seo-wordpress\/ -->\n<title>Leadership &amp; Staff | One22 Resource Center | Jackson Hole<\/title>\n<meta name=\"description\" content=\"One22&#039;s team are a resilient community, and our client services team and professional program coordinators are here to support, guide, and help you grow.\" \/>\n<meta name=\"robots\" content=\"index, follow, max-snippet:-1, max-image-preview:large, max-video-preview:-1\" \/>\n<link rel=\"canonical\" href=\"https:\/\/one22jh.org\/es\/quienes-somos\/personal\/\" \/>\n<meta property=\"og:locale\" content=\"es_MX\" \/>\n<meta property=\"og:type\" content=\"article\" \/>\n<meta property=\"og:title\" content=\"Leadership &amp; Staff | One22 Resource Center | Jackson Hole\" \/>\n<meta property=\"og:description\" content=\"One22&#039;s team are a resilient community, and our client services team and professional program coordinators are here to support, guide, and help you grow.\" \/>\n<meta property=\"og:url\" content=\"https:\/\/one22jh.org\/es\/quienes-somos\/personal\/\" \/>\n<meta property=\"og:site_name\" content=\"One22 Resource Center\" \/>\n<meta property=\"article:modified_time\" content=\"2026-04-27T16:25:07+00:00\" \/>\n<meta name=\"twitter:card\" content=\"summary_large_image\" \/>\n<meta name=\"twitter:label1\" content=\"Tiempo de lectura\" \/>\n\t<meta name=\"twitter:data1\" content=\"1 minuto\" \/>\n<script type=\"application\/ld+json\" class=\"yoast-schema-graph\">{\"@context\":\"https:\\\/\\\/schema.org\",\"@graph\":[{\"@type\":\"WebPage\",\"@id\":\"https:\\\/\\\/one22jh.org\\\/about-us\\\/leadership-staff\\\/\",\"url\":\"https:\\\/\\\/one22jh.org\\\/about-us\\\/leadership-staff\\\/\",\"name\":\"Leadership & Staff | One22 Resource Center | Jackson Hole\",\"isPartOf\":{\"@id\":\"https:\\\/\\\/one22jh.org\\\/#website\"},\"datePublished\":\"2023-04-10T11:56:29+00:00\",\"dateModified\":\"2026-04-27T16:25:07+00:00\",\"description\":\"One22's team are a resilient community, and our client services team and professional program coordinators are here to support, guide, and help you grow.\",\"breadcrumb\":{\"@id\":\"https:\\\/\\\/one22jh.org\\\/about-us\\\/leadership-staff\\\/#breadcrumb\"},\"inLanguage\":\"es\",\"potentialAction\":[{\"@type\":\"ReadAction\",\"target\":[\"https:\\\/\\\/one22jh.org\\\/about-us\\\/leadership-staff\\\/\"]}]},{\"@type\":\"BreadcrumbList\",\"@id\":\"https:\\\/\\\/one22jh.org\\\/about-us\\\/leadership-staff\\\/#breadcrumb\",\"itemListElement\":[{\"@type\":\"ListItem\",\"position\":1,\"name\":\"Home\",\"item\":\"https:\\\/\\\/one22jh.org\\\/\"},{\"@type\":\"ListItem\",\"position\":2,\"name\":\"About Us\",\"item\":\"https:\\\/\\\/one22jh.org\\\/about-us\\\/\"},{\"@type\":\"ListItem\",\"position\":3,\"name\":\"Staff &#038; Leadership\"}]},{\"@type\":\"WebSite\",\"@id\":\"https:\\\/\\\/one22jh.org\\\/#website\",\"url\":\"https:\\\/\\\/one22jh.org\\\/\",\"name\":\"One22 Resource Center\",\"description\":\"We are One22  Resources to Support One Thriving and Diverse Greater Teton Community.\",\"publisher\":{\"@id\":\"https:\\\/\\\/one22jh.org\\\/#organization\"},\"potentialAction\":[{\"@type\":\"SearchAction\",\"target\":{\"@type\":\"EntryPoint\",\"urlTemplate\":\"https:\\\/\\\/one22jh.org\\\/?s={search_term_string}\"},\"query-input\":{\"@type\":\"PropertyValueSpecification\",\"valueRequired\":true,\"valueName\":\"search_term_string\"}}],\"inLanguage\":\"es\"},{\"@type\":\"Organization\",\"@id\":\"https:\\\/\\\/one22jh.org\\\/#organization\",\"name\":\"One22 Resource Center\",\"url\":\"https:\\\/\\\/one22jh.org\\\/\",\"logo\":{\"@type\":\"ImageObject\",\"inLanguage\":\"es\",\"@id\":\"https:\\\/\\\/one22jh.org\\\/#\\\/schema\\\/logo\\\/image\\\/\",\"url\":\"https:\\\/\\\/one22jh.org\\\/wp-content\\\/uploads\\\/2026\\\/04\\\/one22_logo.avif\",\"contentUrl\":\"https:\\\/\\\/one22jh.org\\\/wp-content\\\/uploads\\\/2026\\\/04\\\/one22_logo.avif\",\"width\":937,\"height\":346,\"caption\":\"One22 Resource Center\"},\"image\":{\"@id\":\"https:\\\/\\\/one22jh.org\\\/#\\\/schema\\\/logo\\\/image\\\/\"}}]}<\/script>\n<!-- \/ Yoast SEO plugin. -->","yoast_head_json":{"title":"Direcci\u00f3n y personal | Centro de Recursos One22 | Jackson Hole","description":"El equipo de One22 es una comunidad resistente, y nuestro equipo de atenci\u00f3n al cliente y los coordinadores profesionales del programa est\u00e1n aqu\u00ed para apoyarte, guiarte y ayudarte a crecer.","robots":{"index":"index","follow":"follow","max-snippet":"max-snippet:-1","max-image-preview":"max-image-preview:large","max-video-preview":"max-video-preview:-1"},"canonical":"https:\/\/one22jh.org\/es\/quienes-somos\/personal\/","og_locale":"es_MX","og_type":"article","og_title":"Leadership & Staff | One22 Resource Center | Jackson Hole","og_description":"One22's team are a resilient community, and our client services team and professional program coordinators are here to support, guide, and help you grow.","og_url":"https:\/\/one22jh.org\/es\/quienes-somos\/personal\/","og_site_name":"One22 Resource Center","article_modified_time":"2026-04-27T16:25:07+00:00","twitter_card":"summary_large_image","twitter_misc":{"Tiempo de lectura":"1 minuto"},"schema":{"@context":"https:\/\/schema.org","@graph":[{"@type":"WebPage","@id":"https:\/\/one22jh.org\/about-us\/leadership-staff\/","url":"https:\/\/one22jh.org\/about-us\/leadership-staff\/","name":"Direcci\u00f3n y personal | Centro de Recursos One22 | Jackson Hole","isPartOf":{"@id":"https:\/\/one22jh.org\/#website"},"datePublished":"2023-04-10T11:56:29+00:00","dateModified":"2026-04-27T16:25:07+00:00","description":"El equipo de One22 es una comunidad resistente, y nuestro equipo de atenci\u00f3n al cliente y los coordinadores profesionales del programa est\u00e1n aqu\u00ed para apoyarte, guiarte y ayudarte a crecer.","breadcrumb":{"@id":"https:\/\/one22jh.org\/about-us\/leadership-staff\/#breadcrumb"},"inLanguage":"es","potentialAction":[{"@type":"ReadAction","target":["https:\/\/one22jh.org\/about-us\/leadership-staff\/"]}]},{"@type":"BreadcrumbList","@id":"https:\/\/one22jh.org\/about-us\/leadership-staff\/#breadcrumb","itemListElement":[{"@type":"ListItem","position":1,"name":"Home","item":"https:\/\/one22jh.org\/"},{"@type":"ListItem","position":2,"name":"About Us","item":"https:\/\/one22jh.org\/about-us\/"},{"@type":"ListItem","position":3,"name":"Staff &#038; Leadership"}]},{"@type":"WebSite","@id":"https:\/\/one22jh.org\/#website","url":"https:\/\/one22jh.org\/","name":"Centro de Recursos One22","description":"Somos One22 Recursos para apoyar una comunidad pr\u00f3spera y diversa de Greater Teton.","publisher":{"@id":"https:\/\/one22jh.org\/#organization"},"potentialAction":[{"@type":"SearchAction","target":{"@type":"EntryPoint","urlTemplate":"https:\/\/one22jh.org\/?s={search_term_string}"},"query-input":{"@type":"PropertyValueSpecification","valueRequired":true,"valueName":"search_term_string"}}],"inLanguage":"es"},{"@type":"Organization","@id":"https:\/\/one22jh.org\/#organization","name":"Centro de Recursos One22","url":"https:\/\/one22jh.org\/","logo":{"@type":"ImageObject","inLanguage":"es","@id":"https:\/\/one22jh.org\/#\/schema\/logo\/image\/","url":"https:\/\/one22jh.org\/wp-content\/uploads\/2026\/04\/one22_logo.avif","contentUrl":"https:\/\/one22jh.org\/wp-content\/uploads\/2026\/04\/one22_logo.avif","width":937,"height":346,"caption":"One22 Resource Center"},"image":{"@id":"https:\/\/one22jh.org\/#\/schema\/logo\/image\/"}}]}},"acf":[],"_links":{"self":[{"href":"https:\/\/one22jh.org\/es\/wp-json\/wp\/v2\/pages\/483","targetHints":{"allow":["GET"]}}],"collection":[{"href":"https:\/\/one22jh.org\/es\/wp-json\/wp\/v2\/pages"}],"about":[{"href":"https:\/\/one22jh.org\/es\/wp-json\/wp\/v2\/types\/page"}],"author":[{"embeddable":true,"href":"https:\/\/one22jh.org\/es\/wp-json\/wp\/v2\/users\/2"}],"replies":[{"embeddable":true,"href":"https:\/\/one22jh.org\/es\/wp-json\/wp\/v2\/comments?post=483"}],"version-history":[{"count":0,"href":"https:\/\/one22jh.org\/es\/wp-json\/wp\/v2\/pages\/483\/revisions"}],"up":[{"embeddable":true,"href":"https:\/\/one22jh.org\/es\/wp-json\/wp\/v2\/pages\/278"}],"wp:attachment":[{"href":"https:\/\/one22jh.org\/es\/wp-json\/wp\/v2\/media?parent=483"}],"curies":[{"name":"wp","href":"https:\/\/api.w.org\/{rel}","templated":true}]}}