{"id":482,"date":"2023-04-10T11:56:07","date_gmt":"2023-04-10T11:56:07","guid":{"rendered":"https:\/\/one22jh.wpengine.com\/?page_id=482"},"modified":"2026-05-07T22:36:55","modified_gmt":"2026-05-07T22:36:55","slug":"nuestra-historia","status":"publish","type":"page","link":"https:\/\/one22jh.org\/es\/about-us\/our-history\/","title":{"rendered":"Nuestra historia"},"content":{"rendered":"<h1 class=\"wp-block-heading has-text-align-center financial-main-page-heading aos-fade-right animated fadeIn duration5 delay1 eds-on-scroll\">Nuestra historia<\/h1>\n\n\n\n<div style=\"height:70px\" aria-hidden=\"true\" class=\"wp-block-spacer financial-assistance-first-section-height\"><\/div>\n\n\n<div  id=\"ninec-two-column-full-width-financial-section-grid\" class=\"ninec_fullwidth lazyload ninec_grid_row_wrapper_1 ninec-two-column-full-width-financial-section\"><div class=\"ninec_grid_wrapper\"><div class=\"ninec_row ninec_row_vertical\"><div id=\"\" class=\"ninec_col ninec_grid_col full-width-image-section animated fadeIn duration5 delay1 eds-on-scroll\"><img loading=\"lazy\" decoding=\"async\" width=\"1280\" height=\"800\" src=\"data:image\/png;base64,iVBORw0KGgoAAAANSUhEUgAAAAMAAAACCAQAAAA3fa6RAAAADklEQVR42mNkAANGCAUAACMAA2w\/AMgAAAAASUVORK5CYII=\" data-src=\"https:\/\/one22jh.org\/wp-content\/uploads\/2026\/05\/OurHistory-Building.jpg\" alt=\"\" class=\"lazyload nineclazy\"><\/div><div id=\"full-width-finicail-section-two-column-grid\" class=\"ninec_col ninec_grid_col ninec_grid_col_last full-width-column-content aos-fade-up animated fadeInRightBig duration3 delay0 eds-on-scroll\"><h3 >Buscamos incrementar nuestro impacto<\/h3><div class=\"ninec_grid_col_content\"><h4>COLABORANDO POR UN BIEN COLECTIVO<\/h4>\n<p><span style=\"font-weight: 400;\">El Centro de Recursos One22 se fund\u00f3 en el a\u00f1o 2016, tras la uni\u00f3n de tres organizaciones con amplia tradici\u00f3n y antig\u00fcedad en la comunidad- la Community Resource Center, el Latino Resource Center y El Puente. La fusi\u00f3n permiti\u00f3 a la nueva entidad incrementar su eficiencia operativa para asistir a clientes con un modelo integral de gesti\u00f3n de casos. En el 2020 One22 dio la bienvenida al Jackson Cupboard, que nos permiti\u00f3 amplificar a\u00fan m\u00e1s nuestros servicios.<\/span><\/p>\n<\/div><\/div><div class=\"clearfix\"><\/div><\/div><\/div><\/div>\n\n\n<div style=\"height:60px\" aria-hidden=\"true\" class=\"wp-block-spacer our-history-spacer-one\"><\/div>\n\n\n<div style='background-color:#E2E2E28B' class=\"ninec_gridbackground ninec_grid_row_wrapper_1 our-history-resource-center-box-width aos-fade-left\"><div class=\"ninec_grid_wrapper\"><h2 class=\"ninec_grid_heading\">\u00bfPorqu\u00e9 nos llamamos One22? <br>\u00bfY Centro de Recursos?<\/h2><div class=\"ninec_row\"><div id=\"\" class=\"ninec_col ninec_grid_col our-history-resource-center-box-width-content-table animated fadeInLeft duration3 delay0 eds-on-scroll\"><div class=\"ninec_grid_col_table\"><table><tbody><tr><td><span>ONE<\/span><\/td><td>o UNO en espa\u00f1ol; simboliza nuestra compromiso a mejorar la calidad de vida de toda y cada una de las personas que pasan por nuestras puertas y a UNA comunidad interconectada.<\/td><\/tr><tr><td><span>22<\/span><\/td><td>se refiere al n\u00famero asignado al Condado de Teton.<\/td><\/tr><tr><td><span>\u00bfY Centro de Recursos?<\/span><\/td><td> orientamos o informamos a nuestros vecinos sobre los recursos disponibles a nivel local, regional y federal.<\/td><\/tr><\/tbody><\/table><\/div><\/div><div id=\"\" class=\"ninec_col ninec_grid_col ninec_grid_col_last our-history-resource-center-box-width-image animated fadeInRight duration3 delay0 eds-on-scroll\"><img loading=\"lazy\" decoding=\"async\" width=\"200\" height=\"203\" src=\"data:image\/png;base64,iVBORw0KGgoAAAANSUhEUgAAAAMAAAACCAQAAAA3fa6RAAAADklEQVR42mNkAANGCAUAACMAA2w\/AMgAAAAASUVORK5CYII=\" data-src=\"https:\/\/one22jh.org\/wp-content\/uploads\/2023\/11\/22-plate-Wyoming-200.png\" alt=\"Wyoming County 22 plate\" class=\"lazyload nineclazy\"><\/div><div class=\"clearfix\"><\/div><\/div><\/div><\/div>\n\n<div style='background-color:#ebbd68' class=\"ninec_fullwidth lazyload ninec_grid_row_wrapper_1 career-opportunities-about-us\"><div class=\"ninec_grid_wrapper\"><div class=\"ninec_row ninec_row_vertical\"><div id=\"\" class=\"ninec_col ninec_grid_col career-opportunities-about-us-image aos-fade-up animated fadeInLeftBig duration3 delay0 eds-on-scroll\"><img loading=\"lazy\" decoding=\"async\" width=\"915\" height=\"882\" src=\"data:image\/png;base64,iVBORw0KGgoAAAANSUhEUgAAAAMAAAACCAQAAAA3fa6RAAAADklEQVR42mNkAANGCAUAACMAA2w\/AMgAAAAASUVORK5CYII=\" data-src=\"https:\/\/one22jh.org\/wp-content\/uploads\/2024\/07\/ScoutingForFood-2023.jpg\" alt=\"\" class=\"lazyload nineclazy\"><\/div><div id=\"\" class=\"ninec_col ninec_grid_col ninec_grid_col_last  aos-fade-down animated fadeIn duration3 delay1 eds-on-scroll\"><h3 >Nuestra Misi\u00f3n, Visi\u00f3n y Valores<\/h3><h4 >Existimos para invertir en y apoyar a quienes en nuestro alrededor encaran desaf\u00edos econ\u00f3micos \n y culturales.<\/h4><h4 >Visi\u00f3n: Una comunidad diversa, en la que todos los habitantes tengan la oportunidad de prosperar.<\/h4><div class=\"ninec_grid_col_content\"><h4><strong>Valores<\/strong><\/h4>\n<ul>\n<li style=\"font-weight: 400;\" aria-level=\"2\"><span style=\"font-weight: 400;\">Valoramos la <\/span><strong>colaboraci\u00f3n<\/strong><span style=\"font-weight: 400;\">, tanto con particulares como con otras organizaciones, para dotar a nuestros vecinos de las herramientas adecuadas para salir adelante.<\/span><\/li>\n<li style=\"font-weight: 400;\" aria-level=\"2\"><span style=\"font-weight: 400;\">Rea <\/span><b>ccionamos<\/b><span style=\"font-weight: 400;\"> ante las necesidades de los individuos y de la comunidad. Nos esforzamos por mantener una comunicaci\u00f3n confiable, coherente y transparente con nuestros clientes.\u00a0<\/span><\/li>\n<li style=\"font-weight: 400;\" aria-level=\"2\"><span style=\"font-weight: 400;\">Creemos en <\/span><b>empoderar <\/b><span style=\"font-weight: 400;\">a cada individuo para desarrollar autonom\u00eda y estabilidad duraderas.<\/span><\/li>\n<li style=\"font-weight: 400;\" aria-level=\"2\"><span style=\"font-weight: 400;\">Tratamos a nuestra comunidad <\/span><b>con dignidad <\/b><span style=\"font-weight: 400;\">y <\/span><b>respeto.<\/b><span style=\"font-weight: 400;\">Celebramos la diversidad de pensamiento, procedencia y experiencias vividas. Intentamos escuchar atentamente y aprender unos de otros en cada oportunidad.<\/span><\/li>\n<li style=\"font-weight: 400;\" aria-level=\"2\"><span style=\"font-weight: 400;\">Fomentamos una cultura de <\/span><b>integridad<\/b><span style=\"font-weight: 400;\"> y procuramos alcanzar excelencia organizativa en todas sus formas.<\/span><\/li>\n<\/ul>\n<\/div><\/div><div class=\"clearfix\"><\/div><\/div><\/div><\/div>\n\n<div  class=\"ninec_normalwidth ninec_grid_row_wrapper_1 ninec-one-22-design-throughout-the-years\"><div class=\"ninec_grid_wrapper\"><h3 class=\"ninec_grid_heading\">One22 a trav\u00e9s del tiempo<\/h3><div class=\"ninec_row\"><div id=\"\" class=\"ninec_col ninec_grid_col aos-slide-up animated fadeInRight duration3 delay0 eds-on-scroll\"><h4 class=\"mobile-year-text-red\">2016<\/h4><div class=\"ninec_grid_col_content\"><p><span style=\"font-weight: 400;\">Se establece el Centro de Recursos One22 tras la fusi\u00f3n de tres organizaciones de amplia tradici\u00f3n y antig\u00fcedad: el Centro de Recursos Comunitarios, el Centro de Recursos Latinos y El Puente. Esta fusi\u00f3n permiti\u00f3 a One22 incrementar su eficiencia operativa para asistir a clientes con un modelo integral de gesti\u00f3n de casos.<\/span><\/p>\n<\/div><\/div><div id=\"\" class=\"ninec_col ninec_grid_col aos-slide-down animated fadeInRight duration3 delay1 eds-on-scroll\"><h4 class=\"mobile-year-text-yellow\">2020<\/h4><div class=\"ninec_grid_col_content\"><p><span style=\"font-weight: 400;\">Jackson Cupboard se fusiona con One22, ampliando el papel de la organizaci\u00f3n como centro de recursos y continuando al mismo tiempo el legado del Jackson Cupboard.<\/span><\/p>\n<\/div><\/div><div id=\"\" class=\"ninec_col ninec_grid_col aos-slide-up animated fadeInRight duration3 delay2 eds-on-scroll\"><h4 class=\"mobile-year-text-green\">2021<\/h4><div class=\"ninec_grid_col_content\"><p><span style=\"font-weight: 400;\">One22 lanza su programa de asistencia para el alquiler y ampl\u00eda sus programas de asistencia para incluir cuidado infantil, as\u00ed como m\u00e1s becas para actividades juveniles. <\/span><\/p>\n<\/div><\/div><div id=\"\" class=\"ninec_col ninec_grid_col ninec_grid_col_last aos-slide-down animated fadeInRight duration3 delay3 eds-on-scroll\"><h4 class=\"mobile-year-text-purple\">2022<\/h4><div class=\"ninec_grid_col_content\"><p><span style=\"font-weight: 400;\">One22 pone en marcha un programa de empoderamiento financiero mediante talleres de educaci\u00f3n financiera, asesor\u00eda individual y recursos sobre presupuestos, cr\u00e9dito, gesti\u00f3n de deudas y ahorros. El objetivo es capacitar a las personas para que tomen el control de sus finanzas, acumulen activos y creen un camino hacia la autosuficiencia.<\/span><\/p>\n<\/div><\/div><div class=\"clearfix\"><\/div><\/div><\/div><\/div>\n\n\n<div style=\"height:50px\" aria-hidden=\"true\" class=\"wp-block-spacer\"><\/div>\n\n\n<div style='background-color:#83aeec' class=\"ninec_gridbackground ninec_grid_row_wrapper_1 ninec-one-22-design-without-the-support-from\"><div class=\"ninec_grid_wrapper\"><h3 class=\"ninec_grid_heading\">No podr\u00edamos realizar nuestras labores sin el apoyo de<\/h3><div class=\"ninec_row ninec_row_vertical\"><div id=\"\" class=\"ninec_col ninec_grid_col logo-community-foundation\"><img loading=\"lazy\" decoding=\"async\" width=\"450\" height=\"203\" src=\"data:image\/png;base64,iVBORw0KGgoAAAANSUhEUgAAAAMAAAACCAQAAAA3fa6RAAAADklEQVR42mNkAANGCAUAACMAA2w\/AMgAAAAASUVORK5CYII=\" data-src=\"https:\/\/one22jh.org\/wp-content\/uploads\/2023\/07\/foundation_logo-1.png\" alt=\"Fundaci\u00f3n Comunitaria de Jackson Hole\" class=\"lazyload nineclazy white-clean-logo\"><\/div><div id=\"\" class=\"ninec_col ninec_grid_col ninec_grid_col_last cfjh-logo-image animated fadeIn duration2 delay1 eds-on-scroll\"><div class=\"ninec_grid_col_content\"><p><span style=\"font-weight: 400;\">Con fondos proporcionados en su mayor\u00eda por la Community Foundation of Jackson Hole, One22 colabora con m\u00e1s de 30 organizaciones, proporcionando becas para que estudiantes de nuestra comunidad participen en una amplia gama de actividades enriquecedoras. <\/span><\/p>\n<\/div><\/div><div class=\"clearfix\"><\/div><\/div><\/div><\/div>\n\n<div style='background-color:#83aeec' class=\"ninec_gridbackground ninec_grid_row_wrapper_1 ninec-one-22-design-church-section-updated\"><div class=\"ninec_grid_wrapper\"><div class=\"ninec_row\"><div id=\"\" class=\"ninec_col ninec_grid_col cfjh-logo-image-white\"><img loading=\"lazy\" decoding=\"async\" width=\"927\" height=\"700\" src=\"data:image\/png;base64,iVBORw0KGgoAAAANSUhEUgAAAAMAAAACCAQAAAA3fa6RAAAADklEQVR42mNkAANGCAUAACMAA2w\/AMgAAAAASUVORK5CYII=\" data-src=\"https:\/\/one22jh.org\/wp-content\/uploads\/2023\/08\/thumb-our-history-St.-Johns-episcopal-church-financial-assistance-program.png\" alt=\"Programa de ayuda financiera\" class=\"lazyload nineclazy animated fadeInLeftBig duration3 delay0 eds-on-scroll\"><\/div><div id=\"\" class=\"ninec_col ninec_grid_col ninec_grid_col_last cfjh-logo-image-content\"><h3 >Iglesia Episcopal de St John<\/h3><div class=\"ninec_grid_col_content\"><p><span style=\"font-weight: 400;\">Agradecemos el prolongado apoyo de St John's, quien ha albergado a One22 y al Jackson Cupboard desde hace muchos a\u00f1os.<\/span><\/p>\n<\/div><\/div><div class=\"clearfix\"><\/div><\/div><\/div><\/div>\n\n<div id=\"one-twenty-two-another-services-section\" class=\"ninec_normalwidth ninec_grid_row_wrapper_1 one-twenty-two-another-services-area animated fadeInRight duration2 delay0 eds-on-scroll\"><div class=\"ninec_grid_wrapper\"><h2 class=\"ninec_grid_heading\">M\u00e1s informaci\u00f3n<\/h2><div class=\"ninec_row ninec_row_vertical\"><div class=\"ninec_col ninec_grid_col one-twenty-two-another-services-column aos-fade-right aos-init aos-animate\" data-aos=\"fade-right\"><a href=\"\/es\/quienes-somos\/personal\/\" target=\"_self\"><img loading=\"lazy\" decoding=\"async\" class=\"nineclazy\" width=\"300\" height=\"300\" src=\"https:\/\/one22jh.org\/wp-content\/uploads\/2023\/07\/leadership-icon.png\" alt=\"Programa de ayuda financiera\"\/><\/a><h4><a href=\"\/es\/quienes-somos\/personal\/\" target=\"_self\">NUESTRO PERSONAL<\/a><\/h4><a href=\"\/es\/quienes-somos\/personal\/\" target=\"_self\"><img loading=\"lazy\" decoding=\"async\" class=\"nineclazy financial-heading-image-link\" width=\"298\" height=\"148\" src=\"\/wp-content\/uploads\/2023\/06\/one-22-blue-arrow-icon.png\" alt=\"Programa de ayuda financiera\"\/><\/a><\/div><div class=\"ninec_col ninec_grid_col one-twenty-two-another-services-column aos-fade-right aos-init aos-animate\" data-aos=\"fade-right\"><a href=\"\/es\/quienes-somos\/testimonios-de-clientes\/\" target=\"_self\"><img loading=\"lazy\" decoding=\"async\" class=\"nineclazy\" width=\"300\" height=\"300\" src=\"https:\/\/one22jh.org\/wp-content\/uploads\/2023\/07\/stories-icon.png\" alt=\"Programa de ayuda financiera\"\/><\/a><h4><a href=\"\/es\/quienes-somos\/testimonios-de-clientes\/\" target=\"_self\">TESTIMONIOS DE CLIENTES<\/a><\/h4><a href=\"\/es\/quienes-somos\/testimonios-de-clientes\/\" target=\"_self\"><img loading=\"lazy\" decoding=\"async\" class=\"nineclazy financial-heading-image-link\" width=\"298\" height=\"148\" src=\"\/wp-content\/uploads\/2023\/06\/one-22-blue-arrow-icon.png\" alt=\"Programa de ayuda financiera\"\/><\/a><\/div><div class=\"ninec_col ninec_grid_col one-twenty-two-another-services-column aos-fade-right aos-init aos-animate\" data-aos=\"fade-right\"><a href=\"\/es\/quienes-somos\/informe-anual\/\" target=\"_self\"><img loading=\"lazy\" decoding=\"async\" class=\"nineclazy\" width=\"300\" height=\"300\" src=\"https:\/\/one22jh.org\/wp-content\/uploads\/2023\/07\/folder-icon.png\" alt=\"Programa de ayuda financiera\"\/><\/a><h4><a href=\"\/es\/quienes-somos\/informe-anual\/\" target=\"_self\">INFORME ANUAL<\/a><\/h4><a href=\"\/es\/quienes-somos\/informe-anual\/\" target=\"_self\"><img loading=\"lazy\" decoding=\"async\" class=\"nineclazy financial-heading-image-link\" width=\"298\" height=\"148\" src=\"\/wp-content\/uploads\/2023\/06\/one-22-blue-arrow-icon.png\" alt=\"Programa de ayuda financiera\"\/><\/a><\/div><div class=\"ninec_col ninec_grid_col one-twenty-two-another-services-column aos-fade-right aos-init aos-animate\" data-aos=\"fade-right\"><a href=\"\/es\/quienes-somos\/nuestro-impacto\/\" target=\"_self\"><img loading=\"lazy\" decoding=\"async\" class=\"nineclazy\" width=\"300\" height=\"300\" src=\"https:\/\/one22jh.org\/wp-content\/uploads\/2023\/06\/blue-emergency.png\" alt=\"Icono de asistencia de emergencia\"\/><\/a><h4><a href=\"\/es\/quienes-somos\/nuestro-impacto\/\" target=\"_self\">NUESTRO IMPACTO<\/a><\/h4><a href=\"\/es\/quienes-somos\/nuestro-impacto\/\" target=\"_self\"><img loading=\"lazy\" decoding=\"async\" class=\"nineclazy financial-heading-image-link\" width=\"298\" height=\"148\" src=\"\/wp-content\/uploads\/2023\/06\/one-22-blue-arrow-icon.png\" alt=\"Programa de ayuda financiera\"\/><\/a><\/div><\/div><\/div><\/div>","protected":false},"excerpt":{"rendered":"<p>Nuestra historia<\/p>","protected":false},"author":2,"featured_media":0,"parent":278,"menu_order":0,"comment_status":"closed","ping_status":"closed","template":"","meta":{"footnotes":""},"class_list":["post-482","page","type-page","status-publish","hentry"],"yoast_head":"<!-- This site is optimized with the Yoast SEO plugin v27.6 - https:\/\/yoast.com\/product\/yoast-seo-wordpress\/ -->\n<title>Our History | One22 Resource Center | Jackson Hole<\/title>\n<meta name=\"description\" content=\"Community Resource Center, Latino Resource Center, and El Puente merged to form One22 in 2016, improving our case management and customer assistance.\" \/>\n<meta name=\"robots\" content=\"index, follow, max-snippet:-1, max-image-preview:large, max-video-preview:-1\" \/>\n<link rel=\"canonical\" href=\"https:\/\/one22jh.org\/es\/quienes-somos\/nuestra-historia\/\" \/>\n<meta property=\"og:locale\" content=\"es_MX\" \/>\n<meta property=\"og:type\" content=\"article\" \/>\n<meta property=\"og:title\" content=\"Our History | One22 Resource Center | Jackson Hole\" \/>\n<meta property=\"og:description\" content=\"Community Resource Center, Latino Resource Center, and El Puente merged to form One22 in 2016, improving our case management and customer assistance.\" \/>\n<meta property=\"og:url\" content=\"https:\/\/one22jh.org\/es\/quienes-somos\/nuestra-historia\/\" \/>\n<meta property=\"og:site_name\" content=\"One22 Resource Center\" \/>\n<meta property=\"article:modified_time\" content=\"2026-05-07T22:36:55+00:00\" \/>\n<meta name=\"twitter:card\" content=\"summary_large_image\" \/>\n<meta name=\"twitter:label1\" content=\"Tiempo de lectura\" \/>\n\t<meta name=\"twitter:data1\" content=\"1 minuto\" \/>\n<script type=\"application\/ld+json\" class=\"yoast-schema-graph\">{\"@context\":\"https:\\\/\\\/schema.org\",\"@graph\":[{\"@type\":\"WebPage\",\"@id\":\"https:\\\/\\\/one22jh.org\\\/about-us\\\/our-history\\\/\",\"url\":\"https:\\\/\\\/one22jh.org\\\/about-us\\\/our-history\\\/\",\"name\":\"Our History | One22 Resource Center | Jackson Hole\",\"isPartOf\":{\"@id\":\"https:\\\/\\\/one22jh.org\\\/#website\"},\"datePublished\":\"2023-04-10T11:56:07+00:00\",\"dateModified\":\"2026-05-07T22:36:55+00:00\",\"description\":\"Community Resource Center, Latino Resource Center, and El Puente merged to form One22 in 2016, improving our case management and customer assistance.\",\"breadcrumb\":{\"@id\":\"https:\\\/\\\/one22jh.org\\\/about-us\\\/our-history\\\/#breadcrumb\"},\"inLanguage\":\"es\",\"potentialAction\":[{\"@type\":\"ReadAction\",\"target\":[\"https:\\\/\\\/one22jh.org\\\/about-us\\\/our-history\\\/\"]}]},{\"@type\":\"BreadcrumbList\",\"@id\":\"https:\\\/\\\/one22jh.org\\\/about-us\\\/our-history\\\/#breadcrumb\",\"itemListElement\":[{\"@type\":\"ListItem\",\"position\":1,\"name\":\"Home\",\"item\":\"https:\\\/\\\/one22jh.org\\\/\"},{\"@type\":\"ListItem\",\"position\":2,\"name\":\"About Us\",\"item\":\"https:\\\/\\\/one22jh.org\\\/about-us\\\/\"},{\"@type\":\"ListItem\",\"position\":3,\"name\":\"Our History\"}]},{\"@type\":\"WebSite\",\"@id\":\"https:\\\/\\\/one22jh.org\\\/#website\",\"url\":\"https:\\\/\\\/one22jh.org\\\/\",\"name\":\"One22 Resource Center\",\"description\":\"We are One22  Resources to Support One Thriving and Diverse Greater Teton Community.\",\"publisher\":{\"@id\":\"https:\\\/\\\/one22jh.org\\\/#organization\"},\"potentialAction\":[{\"@type\":\"SearchAction\",\"target\":{\"@type\":\"EntryPoint\",\"urlTemplate\":\"https:\\\/\\\/one22jh.org\\\/?s={search_term_string}\"},\"query-input\":{\"@type\":\"PropertyValueSpecification\",\"valueRequired\":true,\"valueName\":\"search_term_string\"}}],\"inLanguage\":\"es\"},{\"@type\":\"Organization\",\"@id\":\"https:\\\/\\\/one22jh.org\\\/#organization\",\"name\":\"One22 Resource Center\",\"url\":\"https:\\\/\\\/one22jh.org\\\/\",\"logo\":{\"@type\":\"ImageObject\",\"inLanguage\":\"es\",\"@id\":\"https:\\\/\\\/one22jh.org\\\/#\\\/schema\\\/logo\\\/image\\\/\",\"url\":\"https:\\\/\\\/one22jh.org\\\/wp-content\\\/uploads\\\/2026\\\/04\\\/one22_logo.avif\",\"contentUrl\":\"https:\\\/\\\/one22jh.org\\\/wp-content\\\/uploads\\\/2026\\\/04\\\/one22_logo.avif\",\"width\":937,\"height\":346,\"caption\":\"One22 Resource Center\"},\"image\":{\"@id\":\"https:\\\/\\\/one22jh.org\\\/#\\\/schema\\\/logo\\\/image\\\/\"}}]}<\/script>\n<!-- \/ Yoast SEO plugin. -->","yoast_head_json":{"title":"Nuestra historia | Centro de recursos One22 | Jackson Hole","description":"Community Resource Center, Latino Resource Center y El Puente se fusionaron para formar One22 en 2016, mejorando nuestra gesti\u00f3n de casos y asistencia al cliente.","robots":{"index":"index","follow":"follow","max-snippet":"max-snippet:-1","max-image-preview":"max-image-preview:large","max-video-preview":"max-video-preview:-1"},"canonical":"https:\/\/one22jh.org\/es\/quienes-somos\/nuestra-historia\/","og_locale":"es_MX","og_type":"article","og_title":"Our History | One22 Resource Center | Jackson Hole","og_description":"Community Resource Center, Latino Resource Center, and El Puente merged to form One22 in 2016, improving our case management and customer assistance.","og_url":"https:\/\/one22jh.org\/es\/quienes-somos\/nuestra-historia\/","og_site_name":"One22 Resource Center","article_modified_time":"2026-05-07T22:36:55+00:00","twitter_card":"summary_large_image","twitter_misc":{"Tiempo de lectura":"1 minuto"},"schema":{"@context":"https:\/\/schema.org","@graph":[{"@type":"WebPage","@id":"https:\/\/one22jh.org\/about-us\/our-history\/","url":"https:\/\/one22jh.org\/about-us\/our-history\/","name":"Nuestra historia | Centro de recursos One22 | Jackson Hole","isPartOf":{"@id":"https:\/\/one22jh.org\/#website"},"datePublished":"2023-04-10T11:56:07+00:00","dateModified":"2026-05-07T22:36:55+00:00","description":"Community Resource Center, Latino Resource Center y El Puente se fusionaron para formar One22 en 2016, mejorando nuestra gesti\u00f3n de casos y asistencia al cliente.","breadcrumb":{"@id":"https:\/\/one22jh.org\/about-us\/our-history\/#breadcrumb"},"inLanguage":"es","potentialAction":[{"@type":"ReadAction","target":["https:\/\/one22jh.org\/about-us\/our-history\/"]}]},{"@type":"BreadcrumbList","@id":"https:\/\/one22jh.org\/about-us\/our-history\/#breadcrumb","itemListElement":[{"@type":"ListItem","position":1,"name":"Home","item":"https:\/\/one22jh.org\/"},{"@type":"ListItem","position":2,"name":"About Us","item":"https:\/\/one22jh.org\/about-us\/"},{"@type":"ListItem","position":3,"name":"Our History"}]},{"@type":"WebSite","@id":"https:\/\/one22jh.org\/#website","url":"https:\/\/one22jh.org\/","name":"Centro de Recursos One22","description":"Somos One22 Recursos para apoyar una comunidad pr\u00f3spera y diversa de Greater Teton.","publisher":{"@id":"https:\/\/one22jh.org\/#organization"},"potentialAction":[{"@type":"SearchAction","target":{"@type":"EntryPoint","urlTemplate":"https:\/\/one22jh.org\/?s={search_term_string}"},"query-input":{"@type":"PropertyValueSpecification","valueRequired":true,"valueName":"search_term_string"}}],"inLanguage":"es"},{"@type":"Organization","@id":"https:\/\/one22jh.org\/#organization","name":"Centro de Recursos One22","url":"https:\/\/one22jh.org\/","logo":{"@type":"ImageObject","inLanguage":"es","@id":"https:\/\/one22jh.org\/#\/schema\/logo\/image\/","url":"https:\/\/one22jh.org\/wp-content\/uploads\/2026\/04\/one22_logo.avif","contentUrl":"https:\/\/one22jh.org\/wp-content\/uploads\/2026\/04\/one22_logo.avif","width":937,"height":346,"caption":"One22 Resource Center"},"image":{"@id":"https:\/\/one22jh.org\/#\/schema\/logo\/image\/"}}]}},"acf":[],"_links":{"self":[{"href":"https:\/\/one22jh.org\/es\/wp-json\/wp\/v2\/pages\/482","targetHints":{"allow":["GET"]}}],"collection":[{"href":"https:\/\/one22jh.org\/es\/wp-json\/wp\/v2\/pages"}],"about":[{"href":"https:\/\/one22jh.org\/es\/wp-json\/wp\/v2\/types\/page"}],"author":[{"embeddable":true,"href":"https:\/\/one22jh.org\/es\/wp-json\/wp\/v2\/users\/2"}],"replies":[{"embeddable":true,"href":"https:\/\/one22jh.org\/es\/wp-json\/wp\/v2\/comments?post=482"}],"version-history":[{"count":0,"href":"https:\/\/one22jh.org\/es\/wp-json\/wp\/v2\/pages\/482\/revisions"}],"up":[{"embeddable":true,"href":"https:\/\/one22jh.org\/es\/wp-json\/wp\/v2\/pages\/278"}],"wp:attachment":[{"href":"https:\/\/one22jh.org\/es\/wp-json\/wp\/v2\/media?parent=482"}],"curies":[{"name":"wp","href":"https:\/\/api.w.org\/{rel}","templated":true}]}}