{"id":481,"date":"2023-04-10T11:55:49","date_gmt":"2023-04-10T11:55:49","guid":{"rendered":"https:\/\/one22jh.wpengine.com\/?page_id=481"},"modified":"2025-11-05T19:52:07","modified_gmt":"2025-11-05T19:52:07","slug":"dona","status":"publish","type":"page","link":"https:\/\/one22jh.org\/es\/dona\/","title":{"rendered":"Dona"},"content":{"rendered":"<div id=\"ninec_banner_1\" class=\"ninec_fullwidth\"><div class=\"ninec_image_banner_wrapper\"><div class=\"ninec_image_banner\"><img loading=\"lazy\" decoding=\"async\" src=\"data:image\/png;base64,iVBORw0KGgoAAAANSUhEUgAAAAMAAAACCAQAAAA3fa6RAAAADklEQVR42mNkAANGCAUAACMAA2w\/AMgAAAAASUVORK5CYII=\" class=\"lazyload nineclazy\" width=\"1600\" height=\"650\" data-src=\"https:\/\/one22jh.org\/wp-content\/uploads\/2024\/07\/Donate-banner.jpg\" alt=\"\"><\/div><\/div><\/div>\n\n<div style='background-color:#f8f8f8' id=\"ninec-one-22-design-supports-us-today-section-one\" class=\"ninec_gridbackground ninec_grid_row_wrapper_1 ninec-one-22-design-supports-us-today\"><div class=\"ninec_grid_wrapper\"><div class=\"ninec_row\"><div id=\"\" class=\"ninec_col ninec_grid_col ninec_grid_col_last animated zoomIn duration3 delay0 eds-on-scroll\"><h2 >Brindando esperanza, transformando vidas<\/h2><h4 >PERM\u00cdTENOS CREAR UNA COMUNIDAD M\u00c1S EQUITATIVA A TRAV\u00c9S DE TUS APORTACIONES FINANCIERAS<\/h4><div class=\"ninec_grid_col_content\"><p>Tu generosidad puede cambiar vidas. Al hacer una donaci\u00f3n a One22, contribuyes directamente a nuestra misi\u00f3n: apoyar a quienes enfrentan desaf\u00edos financieros y culturales en el \u00e1rea conurbada de los Tetons.<\/p>\n<\/div><a class=\"site-buttons dual-buttons-one-line\" href=\"https:\/\/giving.classy.org\/campaign\/672567\/donate\" target=\"_blank\">Haz una donaci\u00f3n en l\u00ednea<\/a><\/div><div class=\"clearfix\"><\/div><\/div><\/div><\/div>\n\n\n<div style=\"height:20px\" aria-hidden=\"true\" class=\"wp-block-spacer\"><\/div>\n\n\n<div style='background-color:#83aeec' class=\"ninec_gridbackground ninec_grid_row_wrapper_1 one-22-design-questions-box-width aos-fade-right animated zoomIn duration3 delay0 eds-on-scroll pad-tb-50 donate-ways-give\"><div class=\"ninec_grid_wrapper\"><h2 class=\"ninec_grid_heading\">Otras formas de donar<\/h2><h5 class=\"ninec_grid_sub_heading\">\u00bfQuieres generar un impacto duradero en nuestra comunidad? Ay\u00fadanos a sustentar nuestros programas en los a\u00f1os venideros explorando nuestras opciones de donaciones mensuales y anuales.<\/h5><div class=\"ninec_row ninec_row_vertical\"><div id=\"\" class=\"ninec_col ninec_grid_col text-center\"><a class=\"site-buttons\" href=\"\/es\/dona-mensualmente\/\" target=\"\">Dona mensualmente<\/a><\/div><div id=\"\" class=\"ninec_col ninec_grid_col ninec_grid_col_last text-center-email\"><a class=\"site-buttons\" href=\"\/es\/dona-anualmente\/\" target=\"\">Donaciones anuales<\/a><\/div><div class=\"clearfix\"><\/div><\/div><\/div><\/div>\n\n<div  id=\"three-column-grid-section-services-area-normal-width\" class=\"ninec_normalwidth ninec_grid_row_wrapper_1 three-column-grid-section-services-area\"><div class=\"ninec_grid_wrapper\"><div class=\"ninec_row\"><div id=\"\" class=\"ninec_col ninec_grid_col aos-slide-up animated fadeInRight duration3 delay0 eds-on-scroll\"><h4 >Env\u00edanos un cheque<\/h4><div class=\"ninec_grid_col_content\"><p>UPS\/FedEx<br \/>\n180 S Willow Street<br \/>\nJackson, WY 83001<\/p>\n<p>USPS<br \/>\nPO Box 1232<br \/>\nJackson, WY 83001<\/p>\n<\/div><\/div><div id=\"\" class=\"ninec_col ninec_grid_col aos-slide-down animated fadeInRight duration3 delay1 eds-on-scroll\"><h4 >Dona tus acciones<\/h4><div class=\"ninec_grid_col_content\"><p>Si te interesa realizar una donaci\u00f3n de tus acciones o valores, por favor contacta a Sarah Duggan al correo <a href=\"mailto:sarah.duggan@one22jh.org\">sarah.duggan@one22jh.org<\/a> para m\u00e1s informaci\u00f3n.<\/p>\n<\/div><\/div><div id=\"\" class=\"ninec_col ninec_grid_col ninec_grid_col_last aos-slide-up animated fadeInRight duration3 delay2 eds-on-scroll\"><h4 >Dona mediante transferencia bancaria<\/h4><div class=\"ninec_grid_col_content\"><p>Si te gustar\u00eda realizar tu aportaci\u00f3n por medio de transferencia bancaria, contacta a Sarah Duggan al correo <a href=\"mailto:sarah.duggan@one22jh.org\">sarah.duggan@one22jh.org<\/a> para recibir las instrucciones de transferencia.<\/p>\n<\/div><\/div><div class=\"clearfix\"><\/div><\/div><\/div><\/div>\n\n<div  class=\"ninec_normalwidth ninec_grid_row_wrapper_1 in-kind-doantions-one-22-design-box-width  animated fadeIn duration2 delay0 eds-on-scroll\"><div class=\"ninec_grid_wrapper\"><h2 class=\"ninec_grid_heading\">Donaciones en especie<\/h2><div class=\"ninec_row\"><div id=\"\" class=\"ninec_col ninec_grid_col ninec_grid_col_last aos-flip-up\"><div class=\"ninec_grid_col_content\"><p>Si te gustar\u00eda realizar una donaci\u00f3n en especie a nuestro programa Jackson Cupboard, ya sea de alimentos u otras provisiones, consulta la siguiente lista de los v\u00edveres que m\u00e1s necesitamos. Para coordinar la entrega de una donaci\u00f3n en especie, contacta al personal del Jackson Cupboard al correo electr\u00f3nico <a href=\"mailto:jacksoncupboard@one22jh.org\">jacksoncupboard@one22jh.org<\/a>\u00a0.<\/p>\n<\/div><a class=\"site-buttons\" href=\"mailto:jacksoncupboard@one22jh.org\" target=\"\">CONT\u00c1CTANOS<\/a><\/div><div class=\"clearfix\"><\/div><\/div><\/div><\/div>\n\n<div  id=\"two-column-grid-image-section-forward\" class=\"ninec_fullwidth lazyload ninec_grid_row_wrapper_1 two-column-grid-image-section animated fadeInLeftBig duration3 delay0 eds-on-scroll\"><div class=\"ninec_grid_wrapper\"><div class=\"ninec_row ninec_row_vertical\"><div id=\"\" class=\"ninec_col ninec_grid_col aos-flip-left\"><a href=\"\/es\/solicita-apoyo\/asistencia-financiera\/\" target=\"\"><img loading=\"lazy\" decoding=\"async\" width=\"1280\" height=\"800\" src=\"data:image\/png;base64,iVBORw0KGgoAAAANSUhEUgAAAAMAAAACCAQAAAA3fa6RAAAADklEQVR42mNkAANGCAUAACMAA2w\/AMgAAAAASUVORK5CYII=\" data-src=\"https:\/\/one22jh.org\/wp-content\/uploads\/2023\/08\/thumb-donate-now-food-financial-assistance-program-jpg.webp\" alt=\"Programa de ayuda financiera\" class=\"lazyload nineclazy ninec-grid-column-image-box\"><\/a><\/div><div id=\"\" class=\"ninec_col ninec_grid_col ninec_grid_col_last ninec-grid-column-content-box\"><img loading=\"lazy\" decoding=\"async\" width=\"300\" height=\"300\" src=\"data:image\/png;base64,iVBORw0KGgoAAAANSUhEUgAAAAMAAAACCAQAAAA3fa6RAAAADklEQVR42mNkAANGCAUAACMAA2w\/AMgAAAAASUVORK5CYII=\" data-src=\"https:\/\/one22jh.org\/wp-content\/uploads\/2023\/08\/food-icon-1-2.png\" alt=\"Programa de ayuda financiera\" class=\"lazyload nineclazy two-column-grid-image-icon\"><div class=\"ninec_grid_col_content two-column-grid-content\"><h3>Alimentos de mayor necesidad<\/h3>\n<ul class=\"box-content\">\n<li>Mantequilla de man\u00ed (16 oz)<\/li>\n<li>Mermelada\/jalea<\/li>\n<li>Salsa para pasta<\/li>\n<li>Macarrones con queso<\/li>\n<li>At\u00fan en lata<\/li>\n<li>Pollo en lata<\/li>\n<li>Ma\u00edz en lata<\/li>\n<li>Caf\u00e9 molido o instant\u00e1neo<\/li>\n<li>Sobres de avena instant\u00e1nea<\/li>\n<li>Leche de larga vida\/tetrapak (almendra, avena, etc.)<\/li>\n<li>Aceite para cocinar (24 oz)<\/li>\n<li>Pi\u00f1a en lata<\/li>\n<li>Ensure (Vanilla)<\/li>\n<\/ul>\n<\/div><\/div><div class=\"clearfix\"><\/div><\/div><\/div><\/div>\n\n\n<div style=\"height:40px\" aria-hidden=\"true\" class=\"wp-block-spacer ninec-question-spacer\"><\/div>\n\n\n<div  class=\"ninec_normalwidth ninec_grid_row_wrapper_1 one-22-design-questions-box-width aos-fade-right animated zoomIn duration3 delay0 eds-on-scroll\"><div class=\"ninec_grid_wrapper\"><h3 class=\"ninec_grid_heading\">\u00bfDudas?<\/h3><h5 class=\"ninec_grid_sub_heading\">Si tienes m\u00e1s preguntas sobre c\u00f3mo donar, cont\u00e1ctanos.<\/h5><div class=\"ninec_row ninec_row_vertical\"><div id=\"\" class=\"ninec_col ninec_grid_col text-center\"><a class=\"site-buttons\" href=\"tel: 307.739.4500\" target=\"\">Ll\u00e1manos<\/a><\/div><div id=\"\" class=\"ninec_col ninec_grid_col ninec_grid_col_last text-center-email\"><a class=\"site-buttons\" href=\"mailto:info@one22jh.org\" target=\"\">Env\u00edanos un correo electr\u00f3nico<\/a><\/div><div class=\"clearfix\"><\/div><\/div><\/div><\/div>\n\n\n<div style=\"height:70px\" aria-hidden=\"true\" class=\"wp-block-spacer ninec-question-spacer-two\"><\/div>","protected":false},"excerpt":{"rendered":"","protected":false},"author":2,"featured_media":0,"parent":0,"menu_order":0,"comment_status":"closed","ping_status":"closed","template":"","meta":{"footnotes":""},"class_list":["post-481","page","type-page","status-publish","hentry"],"yoast_head":"<!-- This site is optimized with the Yoast SEO plugin v27.3 - https:\/\/yoast.com\/product\/yoast-seo-wordpress\/ -->\n<title>Make a Donation | One22 Resource Center | Jackson Hole<\/title>\n<meta name=\"description\" content=\"By making a donation to One22, you directly contribute to our mission of investing in and supporting our neighbors facing financial and cultural challenges.\" \/>\n<meta name=\"robots\" content=\"index, follow, max-snippet:-1, max-image-preview:large, max-video-preview:-1\" \/>\n<link rel=\"canonical\" href=\"https:\/\/one22jh.org\/es\/dona\/\" \/>\n<meta property=\"og:locale\" content=\"es_MX\" \/>\n<meta property=\"og:type\" content=\"article\" \/>\n<meta property=\"og:title\" content=\"Make a Donation | One22 Resource Center | Jackson Hole\" \/>\n<meta property=\"og:description\" content=\"By making a donation to One22, you directly contribute to our mission of investing in and supporting our neighbors facing financial and cultural challenges.\" \/>\n<meta property=\"og:url\" content=\"https:\/\/one22jh.org\/es\/dona\/\" \/>\n<meta property=\"og:site_name\" content=\"One22 Resource Center\" \/>\n<meta property=\"article:modified_time\" content=\"2025-11-05T19:52:07+00:00\" \/>\n<meta name=\"twitter:card\" content=\"summary_large_image\" \/>\n<script type=\"application\/ld+json\" class=\"yoast-schema-graph\">{\"@context\":\"https:\\\/\\\/schema.org\",\"@graph\":[{\"@type\":\"WebPage\",\"@id\":\"https:\\\/\\\/one22jh.org\\\/donate\\\/\",\"url\":\"https:\\\/\\\/one22jh.org\\\/donate\\\/\",\"name\":\"Make a Donation | One22 Resource Center | Jackson Hole\",\"isPartOf\":{\"@id\":\"https:\\\/\\\/one22jh.org\\\/#website\"},\"datePublished\":\"2023-04-10T11:55:49+00:00\",\"dateModified\":\"2025-11-05T19:52:07+00:00\",\"description\":\"By making a donation to One22, you directly contribute to our mission of investing in and supporting our neighbors facing financial and cultural challenges.\",\"breadcrumb\":{\"@id\":\"https:\\\/\\\/one22jh.org\\\/donate\\\/#breadcrumb\"},\"inLanguage\":\"es\",\"potentialAction\":[{\"@type\":\"ReadAction\",\"target\":[\"https:\\\/\\\/one22jh.org\\\/donate\\\/\"]}]},{\"@type\":\"BreadcrumbList\",\"@id\":\"https:\\\/\\\/one22jh.org\\\/donate\\\/#breadcrumb\",\"itemListElement\":[{\"@type\":\"ListItem\",\"position\":1,\"name\":\"Home\",\"item\":\"https:\\\/\\\/one22jh.org\\\/\"},{\"@type\":\"ListItem\",\"position\":2,\"name\":\"Make a Donation\"}]},{\"@type\":\"WebSite\",\"@id\":\"https:\\\/\\\/one22jh.org\\\/#website\",\"url\":\"https:\\\/\\\/one22jh.org\\\/\",\"name\":\"One22 Resource Center\",\"description\":\"We are One22  Resources to Support One Thriving and Diverse Greater Teton Community.\",\"publisher\":{\"@id\":\"https:\\\/\\\/one22jh.org\\\/#organization\"},\"potentialAction\":[{\"@type\":\"SearchAction\",\"target\":{\"@type\":\"EntryPoint\",\"urlTemplate\":\"https:\\\/\\\/one22jh.org\\\/?s={search_term_string}\"},\"query-input\":{\"@type\":\"PropertyValueSpecification\",\"valueRequired\":true,\"valueName\":\"search_term_string\"}}],\"inLanguage\":\"es\"},{\"@type\":\"Organization\",\"@id\":\"https:\\\/\\\/one22jh.org\\\/#organization\",\"name\":\"One22 Resource Center\",\"url\":\"https:\\\/\\\/one22jh.org\\\/\",\"logo\":{\"@type\":\"ImageObject\",\"inLanguage\":\"es\",\"@id\":\"https:\\\/\\\/one22jh.org\\\/#\\\/schema\\\/logo\\\/image\\\/\",\"url\":\"https:\\\/\\\/one22jh.org\\\/wp-content\\\/uploads\\\/2024\\\/07\\\/logo-blue.webp\",\"contentUrl\":\"https:\\\/\\\/one22jh.org\\\/wp-content\\\/uploads\\\/2024\\\/07\\\/logo-blue.webp\",\"width\":271,\"height\":101,\"caption\":\"One22 Resource Center\"},\"image\":{\"@id\":\"https:\\\/\\\/one22jh.org\\\/#\\\/schema\\\/logo\\\/image\\\/\"}}]}<\/script>\n<!-- \/ Yoast SEO plugin. -->","yoast_head_json":{"title":"Haz una donaci\u00f3n | Centro de Recursos One22 Jackson Hole","description":"Al hacer una donaci\u00f3n a One22, contribuyes directamente a nuestra misi\u00f3n: apoyar a quienes enfrentan desaf\u00edos financieros y culturales en el \u00e1rea conurbada de los Tetons.","robots":{"index":"index","follow":"follow","max-snippet":"max-snippet:-1","max-image-preview":"max-image-preview:large","max-video-preview":"max-video-preview:-1"},"canonical":"https:\/\/one22jh.org\/es\/dona\/","og_locale":"es_MX","og_type":"article","og_title":"Make a Donation | One22 Resource Center | Jackson Hole","og_description":"By making a donation to One22, you directly contribute to our mission of investing in and supporting our neighbors facing financial and cultural challenges.","og_url":"https:\/\/one22jh.org\/es\/dona\/","og_site_name":"One22 Resource Center","article_modified_time":"2025-11-05T19:52:07+00:00","twitter_card":"summary_large_image","schema":{"@context":"https:\/\/schema.org","@graph":[{"@type":"WebPage","@id":"https:\/\/one22jh.org\/donate\/","url":"https:\/\/one22jh.org\/donate\/","name":"Haz una donaci\u00f3n | Centro de Recursos One22 Jackson Hole","isPartOf":{"@id":"https:\/\/one22jh.org\/#website"},"datePublished":"2023-04-10T11:55:49+00:00","dateModified":"2025-11-05T19:52:07+00:00","description":"Al hacer una donaci\u00f3n a One22, contribuyes directamente a nuestra misi\u00f3n: apoyar a quienes enfrentan desaf\u00edos financieros y culturales en el \u00e1rea conurbada de los Tetons.","breadcrumb":{"@id":"https:\/\/one22jh.org\/donate\/#breadcrumb"},"inLanguage":"es","potentialAction":[{"@type":"ReadAction","target":["https:\/\/one22jh.org\/donate\/"]}]},{"@type":"BreadcrumbList","@id":"https:\/\/one22jh.org\/donate\/#breadcrumb","itemListElement":[{"@type":"ListItem","position":1,"name":"Home","item":"https:\/\/one22jh.org\/"},{"@type":"ListItem","position":2,"name":"Make a Donation"}]},{"@type":"WebSite","@id":"https:\/\/one22jh.org\/#website","url":"https:\/\/one22jh.org\/","name":"Centro de Recursos One22","description":"Somos One22 Recursos para apoyar una comunidad pr\u00f3spera y diversa de Greater Teton.","publisher":{"@id":"https:\/\/one22jh.org\/#organization"},"potentialAction":[{"@type":"SearchAction","target":{"@type":"EntryPoint","urlTemplate":"https:\/\/one22jh.org\/?s={search_term_string}"},"query-input":{"@type":"PropertyValueSpecification","valueRequired":true,"valueName":"search_term_string"}}],"inLanguage":"es"},{"@type":"Organization","@id":"https:\/\/one22jh.org\/#organization","name":"Centro de Recursos One22","url":"https:\/\/one22jh.org\/","logo":{"@type":"ImageObject","inLanguage":"es","@id":"https:\/\/one22jh.org\/#\/schema\/logo\/image\/","url":"https:\/\/one22jh.org\/wp-content\/uploads\/2024\/07\/logo-blue.webp","contentUrl":"https:\/\/one22jh.org\/wp-content\/uploads\/2024\/07\/logo-blue.webp","width":271,"height":101,"caption":"One22 Resource Center"},"image":{"@id":"https:\/\/one22jh.org\/#\/schema\/logo\/image\/"}}]}},"acf":[],"_links":{"self":[{"href":"https:\/\/one22jh.org\/es\/wp-json\/wp\/v2\/pages\/481","targetHints":{"allow":["GET"]}}],"collection":[{"href":"https:\/\/one22jh.org\/es\/wp-json\/wp\/v2\/pages"}],"about":[{"href":"https:\/\/one22jh.org\/es\/wp-json\/wp\/v2\/types\/page"}],"author":[{"embeddable":true,"href":"https:\/\/one22jh.org\/es\/wp-json\/wp\/v2\/users\/2"}],"replies":[{"embeddable":true,"href":"https:\/\/one22jh.org\/es\/wp-json\/wp\/v2\/comments?post=481"}],"version-history":[{"count":0,"href":"https:\/\/one22jh.org\/es\/wp-json\/wp\/v2\/pages\/481\/revisions"}],"wp:attachment":[{"href":"https:\/\/one22jh.org\/es\/wp-json\/wp\/v2\/media?parent=481"}],"curies":[{"name":"wp","href":"https:\/\/api.w.org\/{rel}","templated":true}]}}