{"id":480,"date":"2023-04-10T11:55:32","date_gmt":"2023-04-10T11:55:32","guid":{"rendered":"https:\/\/one22jh.wpengine.com\/?page_id=480"},"modified":"2026-02-18T16:57:21","modified_gmt":"2026-02-18T16:57:21","slug":"organiza-un-acopio","status":"publish","type":"page","link":"https:\/\/one22jh.org\/es\/participa\/organiza-un-acopio\/","title":{"rendered":"Organiza un acopio o recolecta de alimentos"},"content":{"rendered":"<div id=\"ninec_banner_1\" class=\"ninec_fullwidth\"><div class=\"ninec_image_banner_wrapper\"><div class=\"ninec_image_banner\"><img loading=\"lazy\" decoding=\"async\" src=\"data:image\/png;base64,iVBORw0KGgoAAAANSUhEUgAAAAMAAAACCAQAAAA3fa6RAAAADklEQVR42mNkAANGCAUAACMAA2w\/AMgAAAAASUVORK5CYII=\" class=\"lazyload nineclazy\" width=\"1600\" height=\"650\" data-src=\"https:\/\/one22jh.org\/wp-content\/uploads\/2024\/07\/FoodDrive-main.jpg\" alt=\"\"><div class=\"ninec_image_banner_caption animated zoomIn duration3 delay0 eds-on-scroll\"><h1><span>ORGANIZA UN ACOPIO O RECOLECTA DE ALIMENTO<\/span><br>C\u00f3mo funciona<\/h1><h2><p>Agradecemos tu inter\u00e9s en organizar un evento de recolecci\u00f3n de alimentos y otros productos del hogar, en beneficio del Jackson Cupboard y la comunidad. Este tipo de iniciativas son una forma muy eficaz de movilizar a tus familiares, amigos y compa\u00f1eros de trabajo para colectivamente influir en la vida de aquellos que padecen inseguridad alimentaria. Ya sea en tu lugar de trabajo, escuela u organizaci\u00f3n, organizar una recolecta de alimentos te permitir\u00e1 contribuir directamente a nuestros esfuerzos para proporcionar comestibles a personas y familias con carencias.<\/p>\n<p>Son tres simples pasos. \u00a1Te explicamos a continuaci\u00f3n!<\/p>\n<\/h2><\/div><\/div><\/div><\/div>\n\n\n<div style=\"height:150px\" aria-hidden=\"true\" class=\"wp-block-spacer rent-assistance-spacer-first\"><\/div>\n\n\n\n<div style=\"height:100px\" aria-hidden=\"true\" class=\"wp-block-spacer host-food-drive-spacer-two\"><\/div>\n\n\n\n<div class=\"wp-block-gutena-tabs gutena-tabs-block gutena-tabs-block-2b45c5-c9 host-a-food-drive-tab\"><ul class=\"gutena-tabs-tab tab-right\"><li class=\"gutena-tab-title active\" data-tab=\"1\"><div class=\"gutena-tab-title-content icon-top\"><div class=\"gutena-tab-title-text\"><div>PASO UNO<\/div><\/div><\/div><\/li><li class=\"gutena-tab-title inactive\" data-tab=\"2\"><div class=\"gutena-tab-title-content icon-top\"><div class=\"gutena-tab-title-text\"><div>PASO DOS<\/div><\/div><\/div><\/li><li class=\"gutena-tab-title inactive\" data-tab=\"3\"><div class=\"gutena-tab-title-content icon-top\"><div class=\"gutena-tab-title-text\"><div>PASO TRES<\/div><\/div><\/div><\/li><\/ul><div class=\"gutena-tabs-content is-layout-flow wp-block-gutena-tabs-is-layout-flow\">\n<div class=\"wp-block-gutena-tab gutena-tab-block gutena-tab-block-59a8bb-ab active\" data-tab=\"1\"><div  class=\"ninec_normalwidth ninec_grid_row_wrapper_1 host-a-food-drive-green-section-number-one\"><div class=\"ninec_grid_wrapper\"><div class=\"ninec_row ninec_row_vertical\"><div id=\"\" class=\"ninec_col ninec_grid_col host-a-food-drive-green-section-number-one-image\"><img loading=\"lazy\" decoding=\"async\" width=\"940\" height=\"1198\" src=\"data:image\/png;base64,iVBORw0KGgoAAAANSUhEUgAAAAMAAAACCAQAAAA3fa6RAAAADklEQVR42mNkAANGCAUAACMAA2w\/AMgAAAAASUVORK5CYII=\" data-src=\"https:\/\/one22jh.org\/wp-content\/uploads\/2024\/09\/Slide-Food-jpg.avif\" alt=\"\" class=\"lazyload nineclazy\"><\/div><div id=\"\" class=\"ninec_col ninec_grid_col ninec_grid_col_last host-a-food-drive-green-section-number-one-content\"><h2 class=\"main-heading-number\">1<\/h2><div class=\"ninec_grid_col_content\"><p><b>Escoge los tipos de productos que recolectar\u00e1s<\/b><\/p>\n<p><a href=\"https:\/\/one22jh.org\/wp-content\/uploads\/2026\/02\/One22-FoodDrive-Brochure-Sp.pdf\" target=\"_blank\" rel=\"noopener\">Descarga nuestro folleto de campa\u00f1a de acopio de alimentos<\/a> y escoge los productos en los que planeas enfocarte.<\/p>\n<p>Animamos a los interesados a <b><b>simplificar su esfuerzo enfoc\u00e1ndose en recolectar s\u00f3lo uno o dos art\u00edculos<\/b><\/b> o v\u00edveres.<\/p>\n<p><em>Al focalizar tu acopio en s\u00f3lo uno o dos art\u00edculos, nos ahorras recursos y nos permites incorporar tus donativos de inmediato a nuestro banco de alimentos. Asimismo, nos provees los productos de mayor demanda en nuestro banco de alimentos y que suelen ser los m\u00e1s dif\u00edciles de conseguir.<\/em><\/p>\n<\/div><\/div><div class=\"clearfix\"><\/div><\/div><\/div><\/div><\/div>\n\n\n\n<div class=\"wp-block-gutena-tab gutena-tab-block gutena-tab-block-fff57b-60 inactive\" data-tab=\"2\"><div  class=\"ninec_normalwidth ninec_grid_row_wrapper_1 host-a-food-drive-green-section-number-one\"><div class=\"ninec_grid_wrapper\"><div class=\"ninec_row ninec_row_vertical\"><div id=\"\" class=\"ninec_col ninec_grid_col host-a-food-drive-green-section-number-one-image\"><img loading=\"lazy\" decoding=\"async\" width=\"940\" height=\"1198\" src=\"data:image\/png;base64,iVBORw0KGgoAAAANSUhEUgAAAAMAAAACCAQAAAA3fa6RAAAADklEQVR42mNkAANGCAUAACMAA2w\/AMgAAAAASUVORK5CYII=\" data-src=\"https:\/\/one22jh.org\/wp-content\/uploads\/2024\/09\/Slide-Cans-jpg.avif\" alt=\"\" class=\"lazyload nineclazy\"><\/div><div id=\"\" class=\"ninec_col ninec_grid_col ninec_grid_col_last host-a-food-drive-green-section-number-one-content\"><h2 class=\"main-heading-number\">2<\/h2><div class=\"ninec_grid_col_content\"><p><b>\u00a1Registra y promueve tu acopio!<\/b><\/p>\n<p><span style=\"font-weight: 400;\"><a href=\"https:\/\/formstack.io\/4820E\" target=\"_blank\" rel=\"noopener\">Haz clic aqu\u00ed<\/a> para registrar tu acopio y seleccionar una fecha de entrega.<\/span><\/p>\n<p><a href=\"https:\/\/one22jh.org\/wp-content\/uploads\/2025\/11\/One22-Food-Drive-Media-Kit.zip\" target=\"_blank\" rel=\"noopener\">Haz clic aqu\u00ed<\/a> para descargar nuestro kit de medios que te ayudar\u00e1 a promocionar tu acopio.<\/p>\n<p><em>Al registrar tu evento y comunicarnos cu\u00e1les art\u00edculos planeas recolectar, nos permites planificar mejor nuestro inventario.<\/em><\/p>\n<\/div><\/div><div class=\"clearfix\"><\/div><\/div><\/div><\/div>\n\n\n<p><\/p>\n\n\n<div  class=\"ninec_normalwidth ninec_grid_row_wrapper_1\"><div class=\"ninec_grid_wrapper\"><div class=\"ninec_row\"><\/div><\/div><\/div><\/div>\n\n\n\n<div class=\"wp-block-gutena-tab gutena-tab-block gutena-tab-block-4f6efb-d1 inactive\" data-tab=\"3\"><div  class=\"ninec_normalwidth ninec_grid_row_wrapper_1 host-a-food-drive-green-section-number-one\"><div class=\"ninec_grid_wrapper\"><div class=\"ninec_row ninec_row_vertical\"><div id=\"\" class=\"ninec_col ninec_grid_col host-a-food-drive-green-section-number-one-image\"><img loading=\"lazy\" decoding=\"async\" width=\"940\" height=\"1198\" src=\"data:image\/png;base64,iVBORw0KGgoAAAANSUhEUgAAAAMAAAACCAQAAAA3fa6RAAAADklEQVR42mNkAANGCAUAACMAA2w\/AMgAAAAASUVORK5CYII=\" data-src=\"https:\/\/one22jh.org\/wp-content\/uploads\/2024\/09\/Box-of-Food-jpg.avif\" alt=\"\" class=\"lazyload nineclazy\"><\/div><div id=\"\" class=\"ninec_col ninec_grid_col ninec_grid_col_last host-a-food-drive-green-section-number-one-content\"><h2 class=\"main-heading-number\">3<\/h2><div class=\"ninec_grid_col_content\"><p><b>La recta final<\/b><\/p>\n<p><span style=\"font-weight: 400;\">Tras finalizar tu acopio, env\u00eda un correo a jacksoncupboard@one22jh.org precisando la hora en la que deseas pasar al Jackson Cupboard a dejar tus donativos.\u00a0<\/span><\/p>\n<p><em>Por favor <strong>no acudas<\/strong> al Jackson Cupboard sin coordinar antes una hora de entrega. El coordinar la hora de entrega garantiza que estemos disponibles y tengamos el personal adecuado para recibir tus donativos.<\/em><\/p>\n<\/div><\/div><div class=\"clearfix\"><\/div><\/div><\/div><\/div>\n\n<div  class=\"ninec_normalwidth ninec_grid_row_wrapper_1\"><div class=\"ninec_grid_wrapper\"><div class=\"ninec_row\"><\/div><\/div><\/div><\/div>\n<\/div><\/div>\n\n\n\n<div style=\"height:100px\" aria-hidden=\"true\" class=\"wp-block-spacer host-food-drive-spacer-two\"><\/div>\n\n\n\n<h3 class=\"wp-block-heading has-text-align-center\">Preguntas frecuentes<\/h3>\n\n\n\n<div style=\"height:60px\" aria-hidden=\"true\" class=\"wp-block-spacer faq-title-spacing\"><\/div>\n\n\n\n<div class=\"wp-block-esab-accordion accordion-92e8367c\" data-mode=\"global\"><div class=\"esab__container\">\n<div class=\"wp-block-esab-accordion-child\"><div class=\"esab__head\" role=\"button\" aria-expanded=\"false\"><div class=\"esab__heading_txt\"><h4 class=\"esab__heading_tag\">\u00bfCU\u00c1LES SON LOS PRODUCTOS QUE M\u00c1S NECESITAN?<\/h4><\/div><div class=\"esab__icon\"><div class=\"esab__collapse\"> <svg version=\"1.2\" viewbox=\"0 0 24 24\" width=\"24\" height=\"24\"><path d=\"m11.3 3.6h1.4q0.2 0 0.2 0.1v16.6q0 0.1-0.2 0.1h-1.4q-0.2 0-0.2-0.2v-16.5q0-0.1 0.2-0.1z\"><\/path><path d=\"m4.1 11.1h15.8q0.2 0 0.2 0.2v1.4q0 0.2-0.2 0.2h-15.8q-0.2 0-0.2-0.2v-1.4q0-0.2 0.2-0.2z\"><\/path><\/svg> <\/div><div class=\"esab__expand\"> <svg width=\"24px\" height=\"24px\" viewbox=\"0 0 24 24\"><path d=\"M13.41,12l4.3-4.29a1,1,0,1,0-1.42-1.42L12,10.59,7.71,6.29A1,1,0,0,0,6.29,7.71L10.59,12l-4.3,4.29a1,1,0,0,0,0,1.42,1,1,0,0,0,1.42,0L12,13.41l4.29,4.3a1,1,0,0,0,1.42,0,1,1,0,0,0,0-1.42Z\"><\/path><\/svg> <\/div><\/div><\/div><div class=\"esab__body\">\n<p>Mantequilla de man\u00ed (16 oz)<br>Mermelada\/jalea<br>Salsa para pasta<br>Macarrones con queso<br>At\u00fan en lata<br>Pollo en lata<br>Ma\u00edz en lata<br>Pi\u00f1a en lata<br>Caf\u00e9 molido o instant\u00e1neo<br>Sobres de avena instant\u00e1nea<br>Leche de larga vida\/tetrapak (almendra, avena, etc.)<br>Aceite para cocinar (24 oz)<br>Ensure (Vanilla)<\/p>\n\n\n\n<p class=\"translation-block\"><a href=\"https:\/\/one22jh.org\/wp-content\/uploads\/2025\/11\/One22_MostNeededItems_Sp.pdf\" target=\"_blank\" rel=\"noreferrer noopener\">Haz clic aqu\u00ed<\/a> para descargar esta lista en formato PDF.<\/p>\n<\/div><\/div>\n\n\n\n<div class=\"wp-block-esab-accordion-child\"><div class=\"esab__head\" role=\"button\" aria-expanded=\"false\"><div class=\"esab__heading_txt\"><h4 class=\"esab__heading_tag\">\u00bfQU\u00c9 PRODUCTOS NO ACEPTAN?<\/h4><\/div><div class=\"esab__icon\"><div class=\"esab__collapse\"> <svg version=\"1.2\" viewbox=\"0 0 24 24\" width=\"24\" height=\"24\"><path d=\"m11.3 3.6h1.4q0.2 0 0.2 0.1v16.6q0 0.1-0.2 0.1h-1.4q-0.2 0-0.2-0.2v-16.5q0-0.1 0.2-0.1z\"><\/path><path d=\"m4.1 11.1h15.8q0.2 0 0.2 0.2v1.4q0 0.2-0.2 0.2h-15.8q-0.2 0-0.2-0.2v-1.4q0-0.2 0.2-0.2z\"><\/path><\/svg> <\/div><div class=\"esab__expand\"> <svg width=\"24px\" height=\"24px\" viewbox=\"0 0 24 24\"><path d=\"M13.41,12l4.3-4.29a1,1,0,1,0-1.42-1.42L12,10.59,7.71,6.29A1,1,0,0,0,6.29,7.71L10.59,12l-4.3,4.29a1,1,0,0,0,0,1.42,1,1,0,0,0,1.42,0L12,13.41l4.29,4.3a1,1,0,0,0,1.42,0,1,1,0,0,0,0-1.42Z\"><\/path><\/svg> <\/div><\/div><\/div><div class=\"esab__body\">\n<p>Para garantizar la seguridad de los miembros de nuestra comunidad solo aceptamos alimentos no perecederos sin abrir cuya fecha de caducidad sea menor a un a\u00f1o. No aceptamos productos con da\u00f1os graves (latas abolladas u oxidadas), ni ning\u00fan producto casero. No aceptamos productos caducados que sean para consumo de beb\u00e9s. Aceptamos donaciones de alimentos perecederos, sin embargo, la organizaci\u00f3n Hole Food Rescue ser\u00eda la m\u00e1s indicada para recibir y distribuir estos art\u00edculos. No aceptamos ropa, zapatos, muebles o electrodom\u00e9sticos. Para dichos productos, favor de contactar a Browse n' Buy, para ropa o a Teton Habitat ReStore o Community Safety Network, para muebles y eletrodom\u00e9sticos.<\/p>\n<\/div><\/div>\n\n\n\n<div class=\"wp-block-esab-accordion-child\"><div class=\"esab__head\" role=\"button\" aria-expanded=\"false\"><div class=\"esab__heading_txt\"><h4 class=\"esab__heading_tag\">\u00bfC\u00d3MO COORDINO LA ENTREGA DE MIS DONACIONES?<\/h4><\/div><div class=\"esab__icon\"><div class=\"esab__collapse\"> <svg version=\"1.2\" viewbox=\"0 0 24 24\" width=\"24\" height=\"24\"><path d=\"m11.3 3.6h1.4q0.2 0 0.2 0.1v16.6q0 0.1-0.2 0.1h-1.4q-0.2 0-0.2-0.2v-16.5q0-0.1 0.2-0.1z\"><\/path><path d=\"m4.1 11.1h15.8q0.2 0 0.2 0.2v1.4q0 0.2-0.2 0.2h-15.8q-0.2 0-0.2-0.2v-1.4q0-0.2 0.2-0.2z\"><\/path><\/svg> <\/div><div class=\"esab__expand\"> <svg width=\"24px\" height=\"24px\" viewbox=\"0 0 24 24\"><path d=\"M13.41,12l4.3-4.29a1,1,0,1,0-1.42-1.42L12,10.59,7.71,6.29A1,1,0,0,0,6.29,7.71L10.59,12l-4.3,4.29a1,1,0,0,0,0,1.42,1,1,0,0,0,1.42,0L12,13.41l4.29,4.3a1,1,0,0,0,1.42,0,1,1,0,0,0,0-1.42Z\"><\/path><\/svg> <\/div><\/div><\/div><div class=\"esab__body\">\n<p>Tras finalizar tu acopio, env\u00eda un correo a jacksoncupboard@one22jh.org precisando la hora en la que deseas pasar al Jackson Cupboard a dejar tus donativos.<\/p>\n\n\n\n<p>De ser posible, clasifica por adelantado tus donativos - registramos cada art\u00edculo donado al Jackson Cupboard, as\u00ed que el ayudarnos a clasificar \u00a1nos ahorra tiempo!<\/p>\n<\/div><\/div>\n\n\n\n<div class=\"wp-block-esab-accordion-child\"><div class=\"esab__head\" role=\"button\" aria-expanded=\"false\"><div class=\"esab__heading_txt\"><h4 class=\"esab__heading_tag\">\u00bfRECIBIR\u00c9 UN COMPROBANTE FISCAL AL DONAR?<\/h4><\/div><div class=\"esab__icon\"><div class=\"esab__collapse\"> <svg version=\"1.2\" viewbox=\"0 0 24 24\" width=\"24\" height=\"24\"><path d=\"m11.3 3.6h1.4q0.2 0 0.2 0.1v16.6q0 0.1-0.2 0.1h-1.4q-0.2 0-0.2-0.2v-16.5q0-0.1 0.2-0.1z\"><\/path><path d=\"m4.1 11.1h15.8q0.2 0 0.2 0.2v1.4q0 0.2-0.2 0.2h-15.8q-0.2 0-0.2-0.2v-1.4q0-0.2 0.2-0.2z\"><\/path><\/svg> <\/div><div class=\"esab__expand\"> <svg width=\"24px\" height=\"24px\" viewbox=\"0 0 24 24\"><path d=\"M13.41,12l4.3-4.29a1,1,0,1,0-1.42-1.42L12,10.59,7.71,6.29A1,1,0,0,0,6.29,7.71L10.59,12l-4.3,4.29a1,1,0,0,0,0,1.42,1,1,0,0,0,1.42,0L12,13.41l4.29,4.3a1,1,0,0,0,1.42,0,1,1,0,0,0,0-1.42Z\"><\/path><\/svg> <\/div><\/div><\/div><div class=\"esab__body\">\n<p>\u00a1S\u00ed! Te enviaremos dicho comprobante por correo. <\/p>\n<\/div><\/div>\n<\/div><\/div>\n\n\n\n<div style=\"height:150px\" aria-hidden=\"true\" class=\"wp-block-spacer\"><\/div>","protected":false},"excerpt":{"rendered":"<p>Preguntas frecuentes<\/p>","protected":false},"author":2,"featured_media":0,"parent":277,"menu_order":0,"comment_status":"closed","ping_status":"closed","template":"","meta":{"footnotes":""},"class_list":["post-480","page","type-page","status-publish","hentry"],"yoast_head":"<!-- This site is optimized with the Yoast SEO plugin v27.3 - https:\/\/yoast.com\/product\/yoast-seo-wordpress\/ -->\n<title>Host a Food Drive with One22 Resource Center | Jackson Hole<\/title>\n<meta name=\"description\" content=\"By organizing a food drive, you can directly support One22&#039;s initiatives to give low-cost groceries to individuals and families in need.\" \/>\n<meta name=\"robots\" content=\"index, follow, max-snippet:-1, max-image-preview:large, max-video-preview:-1\" \/>\n<link rel=\"canonical\" href=\"https:\/\/one22jh.org\/es\/participa\/organiza-un-acopio\/\" \/>\n<meta property=\"og:locale\" content=\"es_MX\" \/>\n<meta property=\"og:type\" content=\"article\" \/>\n<meta property=\"og:title\" content=\"Host a Food Drive with One22 Resource Center | Jackson Hole\" \/>\n<meta property=\"og:description\" content=\"By organizing a food drive, you can directly support One22&#039;s initiatives to give low-cost groceries to individuals and families in need.\" \/>\n<meta property=\"og:url\" content=\"https:\/\/one22jh.org\/es\/participa\/organiza-un-acopio\/\" \/>\n<meta property=\"og:site_name\" content=\"One22 Resource Center\" \/>\n<meta property=\"article:modified_time\" content=\"2026-02-18T16:57:21+00:00\" \/>\n<meta name=\"twitter:card\" content=\"summary_large_image\" \/>\n<meta name=\"twitter:label1\" content=\"Tiempo de lectura\" \/>\n\t<meta name=\"twitter:data1\" content=\"2 minutos\" \/>\n<script type=\"application\/ld+json\" class=\"yoast-schema-graph\">{\"@context\":\"https:\\\/\\\/schema.org\",\"@graph\":[{\"@type\":\"WebPage\",\"@id\":\"https:\\\/\\\/one22jh.org\\\/get-involved\\\/host-a-food-drive\\\/\",\"url\":\"https:\\\/\\\/one22jh.org\\\/get-involved\\\/host-a-food-drive\\\/\",\"name\":\"Host a Food Drive with One22 Resource Center | Jackson Hole\",\"isPartOf\":{\"@id\":\"https:\\\/\\\/one22jh.org\\\/#website\"},\"datePublished\":\"2023-04-10T11:55:32+00:00\",\"dateModified\":\"2026-02-18T16:57:21+00:00\",\"description\":\"By organizing a food drive, you can directly support One22's initiatives to give low-cost groceries to individuals and families in need.\",\"breadcrumb\":{\"@id\":\"https:\\\/\\\/one22jh.org\\\/get-involved\\\/host-a-food-drive\\\/#breadcrumb\"},\"inLanguage\":\"es\",\"potentialAction\":[{\"@type\":\"ReadAction\",\"target\":[\"https:\\\/\\\/one22jh.org\\\/get-involved\\\/host-a-food-drive\\\/\"]}]},{\"@type\":\"BreadcrumbList\",\"@id\":\"https:\\\/\\\/one22jh.org\\\/get-involved\\\/host-a-food-drive\\\/#breadcrumb\",\"itemListElement\":[{\"@type\":\"ListItem\",\"position\":1,\"name\":\"Home\",\"item\":\"https:\\\/\\\/one22jh.org\\\/\"},{\"@type\":\"ListItem\",\"position\":2,\"name\":\"Get Involved\",\"item\":\"https:\\\/\\\/one22jh.org\\\/get-involved\\\/\"},{\"@type\":\"ListItem\",\"position\":3,\"name\":\"Host a Food Drive\"}]},{\"@type\":\"WebSite\",\"@id\":\"https:\\\/\\\/one22jh.org\\\/#website\",\"url\":\"https:\\\/\\\/one22jh.org\\\/\",\"name\":\"One22 Resource Center\",\"description\":\"We are One22  Resources to Support One Thriving and Diverse Greater Teton Community.\",\"publisher\":{\"@id\":\"https:\\\/\\\/one22jh.org\\\/#organization\"},\"potentialAction\":[{\"@type\":\"SearchAction\",\"target\":{\"@type\":\"EntryPoint\",\"urlTemplate\":\"https:\\\/\\\/one22jh.org\\\/?s={search_term_string}\"},\"query-input\":{\"@type\":\"PropertyValueSpecification\",\"valueRequired\":true,\"valueName\":\"search_term_string\"}}],\"inLanguage\":\"es\"},{\"@type\":\"Organization\",\"@id\":\"https:\\\/\\\/one22jh.org\\\/#organization\",\"name\":\"One22 Resource Center\",\"url\":\"https:\\\/\\\/one22jh.org\\\/\",\"logo\":{\"@type\":\"ImageObject\",\"inLanguage\":\"es\",\"@id\":\"https:\\\/\\\/one22jh.org\\\/#\\\/schema\\\/logo\\\/image\\\/\",\"url\":\"https:\\\/\\\/one22jh.org\\\/wp-content\\\/uploads\\\/2024\\\/07\\\/logo-blue.webp\",\"contentUrl\":\"https:\\\/\\\/one22jh.org\\\/wp-content\\\/uploads\\\/2024\\\/07\\\/logo-blue.webp\",\"width\":271,\"height\":101,\"caption\":\"One22 Resource Center\"},\"image\":{\"@id\":\"https:\\\/\\\/one22jh.org\\\/#\\\/schema\\\/logo\\\/image\\\/\"}}]}<\/script>\n<!-- \/ Yoast SEO plugin. -->","yoast_head_json":{"title":"Colecta de alimentos con One22 Resource Center | Jackson Hole","description":"Organizando una colecta de alimentos, puedes apoyar directamente las iniciativas de One22 para dar comestibles a bajo coste a personas y familias necesitadas.","robots":{"index":"index","follow":"follow","max-snippet":"max-snippet:-1","max-image-preview":"max-image-preview:large","max-video-preview":"max-video-preview:-1"},"canonical":"https:\/\/one22jh.org\/es\/participa\/organiza-un-acopio\/","og_locale":"es_MX","og_type":"article","og_title":"Host a Food Drive with One22 Resource Center | Jackson Hole","og_description":"By organizing a food drive, you can directly support One22's initiatives to give low-cost groceries to individuals and families in need.","og_url":"https:\/\/one22jh.org\/es\/participa\/organiza-un-acopio\/","og_site_name":"One22 Resource Center","article_modified_time":"2026-02-18T16:57:21+00:00","twitter_card":"summary_large_image","twitter_misc":{"Tiempo de lectura":"2 minutos"},"schema":{"@context":"https:\/\/schema.org","@graph":[{"@type":"WebPage","@id":"https:\/\/one22jh.org\/get-involved\/host-a-food-drive\/","url":"https:\/\/one22jh.org\/get-involved\/host-a-food-drive\/","name":"Colecta de alimentos con One22 Resource Center | Jackson Hole","isPartOf":{"@id":"https:\/\/one22jh.org\/#website"},"datePublished":"2023-04-10T11:55:32+00:00","dateModified":"2026-02-18T16:57:21+00:00","description":"Organizando una colecta de alimentos, puedes apoyar directamente las iniciativas de One22 para dar comestibles a bajo coste a personas y familias necesitadas.","breadcrumb":{"@id":"https:\/\/one22jh.org\/get-involved\/host-a-food-drive\/#breadcrumb"},"inLanguage":"es","potentialAction":[{"@type":"ReadAction","target":["https:\/\/one22jh.org\/get-involved\/host-a-food-drive\/"]}]},{"@type":"BreadcrumbList","@id":"https:\/\/one22jh.org\/get-involved\/host-a-food-drive\/#breadcrumb","itemListElement":[{"@type":"ListItem","position":1,"name":"Home","item":"https:\/\/one22jh.org\/"},{"@type":"ListItem","position":2,"name":"Get Involved","item":"https:\/\/one22jh.org\/get-involved\/"},{"@type":"ListItem","position":3,"name":"Host a Food Drive"}]},{"@type":"WebSite","@id":"https:\/\/one22jh.org\/#website","url":"https:\/\/one22jh.org\/","name":"Centro de Recursos One22","description":"Somos One22 Recursos para apoyar una comunidad pr\u00f3spera y diversa de Greater Teton.","publisher":{"@id":"https:\/\/one22jh.org\/#organization"},"potentialAction":[{"@type":"SearchAction","target":{"@type":"EntryPoint","urlTemplate":"https:\/\/one22jh.org\/?s={search_term_string}"},"query-input":{"@type":"PropertyValueSpecification","valueRequired":true,"valueName":"search_term_string"}}],"inLanguage":"es"},{"@type":"Organization","@id":"https:\/\/one22jh.org\/#organization","name":"Centro de Recursos One22","url":"https:\/\/one22jh.org\/","logo":{"@type":"ImageObject","inLanguage":"es","@id":"https:\/\/one22jh.org\/#\/schema\/logo\/image\/","url":"https:\/\/one22jh.org\/wp-content\/uploads\/2024\/07\/logo-blue.webp","contentUrl":"https:\/\/one22jh.org\/wp-content\/uploads\/2024\/07\/logo-blue.webp","width":271,"height":101,"caption":"One22 Resource Center"},"image":{"@id":"https:\/\/one22jh.org\/#\/schema\/logo\/image\/"}}]}},"acf":[],"_links":{"self":[{"href":"https:\/\/one22jh.org\/es\/wp-json\/wp\/v2\/pages\/480","targetHints":{"allow":["GET"]}}],"collection":[{"href":"https:\/\/one22jh.org\/es\/wp-json\/wp\/v2\/pages"}],"about":[{"href":"https:\/\/one22jh.org\/es\/wp-json\/wp\/v2\/types\/page"}],"author":[{"embeddable":true,"href":"https:\/\/one22jh.org\/es\/wp-json\/wp\/v2\/users\/2"}],"replies":[{"embeddable":true,"href":"https:\/\/one22jh.org\/es\/wp-json\/wp\/v2\/comments?post=480"}],"version-history":[{"count":0,"href":"https:\/\/one22jh.org\/es\/wp-json\/wp\/v2\/pages\/480\/revisions"}],"up":[{"embeddable":true,"href":"https:\/\/one22jh.org\/es\/wp-json\/wp\/v2\/pages\/277"}],"wp:attachment":[{"href":"https:\/\/one22jh.org\/es\/wp-json\/wp\/v2\/media?parent=480"}],"curies":[{"name":"wp","href":"https:\/\/api.w.org\/{rel}","templated":true}]}}