{"id":479,"date":"2023-04-10T11:55:08","date_gmt":"2023-04-10T11:55:08","guid":{"rendered":"https:\/\/one22jh.wpengine.com\/?page_id=479"},"modified":"2026-02-13T17:17:15","modified_gmt":"2026-02-13T17:17:15","slug":"hazte-voluntario","status":"publish","type":"page","link":"https:\/\/one22jh.org\/es\/participa\/hazte-voluntario\/","title":{"rendered":"Hazte voluntario"},"content":{"rendered":"<h1 class=\"wp-block-heading has-text-align-center financial-main-page-heading aos-fade-left animated fadeIn duration5 delay1 eds-on-scroll\">Haz voluntariado<\/h1>\n\n\n\n<div style=\"height:70px\" aria-hidden=\"true\" class=\"wp-block-spacer financial-assistance-first-section-height\"><\/div>\n\n\n<div  id=\"ninec-two-column-full-width-financial-section-grid\" class=\"ninec_fullwidth lazyload ninec_grid_row_wrapper_1 ninec-two-column-full-width-financial-section\"><div class=\"ninec_grid_wrapper\"><div class=\"ninec_row ninec_row_vertical\"><div id=\"\" class=\"ninec_col ninec_grid_col full-width-image-section animated fadeIn duration5 delay1 eds-on-scroll\"><img loading=\"lazy\" decoding=\"async\" width=\"1280\" height=\"800\" src=\"data:image\/png;base64,iVBORw0KGgoAAAANSUhEUgAAAAMAAAACCAQAAAA3fa6RAAAADklEQVR42mNkAANGCAUAACMAA2w\/AMgAAAAASUVORK5CYII=\" data-src=\"https:\/\/one22jh.org\/wp-content\/uploads\/2024\/07\/Volunteer-main.jpg\" alt=\"\" class=\"lazyload nineclazy\"><\/div><div id=\"full-width-finicail-section-two-column-grid\" class=\"ninec_col ninec_grid_col ninec_grid_col_last full-width-column-content aos-fade-up animated fadeInRightBig duration3 delay0 eds-on-scroll\"><h3 >S\u00e9 el cambio, regala tu tiempo<\/h3><div class=\"ninec_grid_col_content\"><h4>DESCUBRE OPORTUNIDADES GRATIFICANTES QUE AYUDEN A SOLUCIONAR LOS PROBLEMAS DE NUESTRA COMUNIDAD<\/h4>\n<p>Puedes aportar tu tiempo, tus habilidades y tu conocimiento de distintas formas. Nuestro comprometido equipo de voluntarios brinda apoyo valioso, garantizando nuestra capacidad de repartir alimentos sin costo a nuestra comunidad.<\/p>\n<\/div><\/div><div class=\"clearfix\"><\/div><\/div><\/div><\/div>\n\n\n<div style=\"height:50px\" aria-hidden=\"true\" class=\"wp-block-spacer become-a-volunteer-spacer-one\"><\/div>\n\n\n\n<div style=\"height:30px\" aria-hidden=\"true\" class=\"wp-block-spacer become-a-volunteer-spacer-two\"><\/div>\n\n\n<div  class=\"ninec_fullwidth lazyload ninec_grid_row_wrapper_1 ninec-one-22-design-full-width-image-banner animated zoomIn duration3 delay0 eds-on-scroll\"><div class=\"ninec_grid_wrapper\"><div class=\"ninec_row ninec_row_vertical\"><div id=\"\" class=\"ninec_col ninec_grid_col ninec_grid_col_last full-width-image-no-padding\"><img loading=\"lazy\" decoding=\"async\" width=\"1600\" height=\"650\" src=\"data:image\/png;base64,iVBORw0KGgoAAAANSUhEUgAAAAMAAAACCAQAAAA3fa6RAAAADklEQVR42mNkAANGCAUAACMAA2w\/AMgAAAAASUVORK5CYII=\" data-src=\"https:\/\/one22jh.org\/wp-content\/uploads\/2024\/07\/Volunteer-SignUp.jpg\" alt=\"Sign up to Volunteer\" class=\"lazyload nineclazy\"><\/div><div class=\"clearfix\"><\/div><\/div><\/div><\/div>\n\n<div  class=\"ninec_normalwidth ninec_grid_row_wrapper_1 two-column-grid-section-buy-online-no-costs-groceries\"><div class=\"ninec_grid_wrapper\"><div class=\"ninec_row\"><div id=\"\" class=\"ninec_col ninec_grid_col one-22-design-new-shoppers-register aos-slide-up animated fadeInLeftBig duration3 delay0 eds-on-scroll\"><h4 class=\"one-22-design-new-shoppers-register-heading\"><a href=\"https:\/\/formstack.io\/67487\" target=\"_blank\">\u00a1Inscr\u00edbete! - Informaci\u00f3n para voluntarios nuevos<\/a><\/h4><div class=\"ninec_grid_col_content\"><p><span style=\"font-weight: 400;\">El(la) voluntario(a) id\u00f3neo(a) es compasivo(a), comprometido(a) y est\u00e1 dispuesto(a) a aprender.<\/span><\/p>\n<p><span style=\"font-weight: 400;\">Cualquier voluntario(a) que apoye al personal del Jackson Cupboard debe cumplir con los siguientes requisitos:<\/span><\/p>\n<ul>\n<li><span style=\"font-weight: 400;\">Edad m\u00ednima de 16 a\u00f1os si desea trabajar durante nuestros horarios de entrega, para garantizar privacidad\/confidencialidad. Si deseas conocer m\u00e1s sobre oportunidades de voluntariado para menores de 16 a\u00f1os, dir\u00edgete a la secci\u00f3n titulada \"Otras oportunidades de voluntariado\", al final de esta p\u00e1gina.<\/span><\/li>\n<li><span style=\"font-weight: 400;\">Asistir a una orientaci\u00f3n general durante el primer mes de servicio<\/span><\/li>\n<li><span style=\"font-weight: 400;\">Capacidad para levantar entre 25 y 40 libras<\/span><\/li>\n<li><span style=\"font-weight: 400;\">Sentirse c\u00f3modo en un entorno con mucho movimiento <\/span><\/li>\n<li><span style=\"font-weight: 400;\">Disposici\u00f3n para aprender e implementar pr\u00e1cticas  de manipulaci\u00f3n de alimentos seguras<\/span><\/li>\n<li><span style=\"font-weight: 400;\">Comprensi\u00f3n del valor de la privacidad y la confidencialidad para las personas a quienes prestamos servicio<\/span><\/li>\n<li><span style=\"font-weight: 400;\">Ser biling\u00fce es una ventaja, pero no un requisito<\/span><\/li>\n<li><span style=\"font-weight: 400;\">Utilizar calzado cerrado, por motivos de seguridad, as\u00ed como vestimenta apropiada para las tareas a realizar (vestimenta casual que pueda ensuciarse).<\/span><\/li>\n<\/ul>\n<\/div><a class=\"site-buttons\" href=\"https:\/\/formstack.io\/67487\" target=\"_blank\">\u00a1Inscr\u00edbete!<\/a><\/div><div id=\"\" class=\"ninec_col ninec_grid_col ninec_grid_col_last one-22-design-order-online aos-slide-down animated fadeInRightBig duration3 delay0 eds-on-scroll\"><h4 class=\"one-22-design-order-online-heading\">El proceso de incorporaci\u00f3n<\/h4><div class=\"ninec_grid_col_content\"><p><span style=\"font-weight: 400;\">Para asegurar la consistencia de nuestros servicios, te pedimos comprometerte con un mismo horario cada semana o cada dos semanas, por una temporada espec\u00edfica. Si est\u00e1s disponible \u00fanicamente \u201cseg\u00fan se necesite\u201d, \u00a1est\u00e1 bien! Para ofrecer un servicio regular al p\u00fablico, necesitamos tu ayuda.<\/span><\/p>\n<ul>\n<li><span style=\"font-weight: 400;\">El primer paso para ser voluntario es llenar nuestro <\/span><a href=\"https:\/\/formstack.io\/67487\" target=\"_blank\" rel=\"noopener\"><span style=\"font-weight: 400;\">formulario para interesados en voluntariado<\/span><\/a><span style=\"font-weight: 400;\">.<\/span><\/li>\n<li style=\"font-weight: 400;\" aria-level=\"1\"><span style=\"font-weight: 400;\">Tras completar dicho formulario un miembro de nuestro equipo te contactar\u00e1 para programar una reuni\u00f3n en formato virtual o presencial.<\/span><\/li>\n<li><span style=\"font-weight: 400;\">\u00a1Toma tu primer turno! Te invitaremos a trabajar tu primer turno en el Jackson Cupboard \u2013 en el que te acompa\u00f1ar\u00e1 un mentor.<\/span><\/li>\n<li>Tras completar tu primer turno, te convertir\u00e1s oficialmente en voluntario(a) activo(a). Recibir\u00e1s un enlace a tu p\u00e1gina de voluntario, desde donde \u00a1podr\u00e1s ver y apuntarte en todos nuestros turnos disponibles!<\/li>\n<li><span style=\"font-weight: 400;\">Todos los voluntarios deben leer y firmar nuestro Manual de Voluntarios, as\u00ed como una exenci\u00f3n de responsabilidad, antes de su primer turno.<\/span><\/li>\n<\/ul>\n<\/div><a class=\"site-buttons\" href=\"\/wp-content\/uploads\/2026\/02\/One22_Volunteer-Handbook-Feb2026.pdf\" target=\"_blank\">Manual de voluntariado<\/a><\/div><div class=\"clearfix\"><\/div><\/div><\/div><\/div>\n\n\n<h2 class=\"wp-block-heading has-text-align-center opportunities-main-heading aos-fade-right animated fadeIn duration5 delay1 eds-on-scroll\">Vacantes actuales<\/h2>\n\n\n\n<div style=\"height:40px\" aria-hidden=\"true\" class=\"wp-block-spacer become-a-volunteer-spacer-four\"><\/div>\n\n\n<div style='background-color:#83aeec' id=\"two-column-box-width-become-a-volunteer-opportunities-section\" class=\"ninec_gridbackground ninec_grid_row_wrapper_1 two-column-box-width-become-a-volunteer-opportunities\"><div class=\"ninec_grid_wrapper\"><div class=\"ninec_row ninec_row_vertical\"><div id=\"\" class=\"ninec_col ninec_grid_col opportunities-column-one-image aos-flip-left animated zoomIn duration3 delay0 eds-on-scroll\"><img loading=\"lazy\" decoding=\"async\" width=\"1512\" height=\"2016\" src=\"data:image\/png;base64,iVBORw0KGgoAAAANSUhEUgAAAAMAAAACCAQAAAA3fa6RAAAADklEQVR42mNkAANGCAUAACMAA2w\/AMgAAAAASUVORK5CYII=\" data-src=\"https:\/\/one22jh.org\/wp-content\/uploads\/2024\/07\/Volunteer-Positions.jpg\" alt=\"\" class=\"lazyload nineclazy\"><\/div><div id=\"\" class=\"ninec_col ninec_grid_col ninec_grid_col_last opportunities-column-two-content\"><div class=\"ninec_grid_col_content\"><div class=\"swiper1 mySwipers1\"><div class=\"swiper-wrapper1\"><div class=\"swiper-button-prev1 Opportunities1\"><\/div><div class=\"swiper-button-next1 Opportunities1\"><\/div><div class=\"swiper-slide1\"><div class=\"swiper-paginations\"><\/div><h3>Empacadores y repositores<\/h3><p class=\"process-text\"><!-- wp:paragraph -->\n<p>La labor principal de los empacadores y repositores ser\u00e1 \u201cescoger y empaquetar\u201d los pedidos de comida, hechos en l\u00ednea y por adelantado. Esto involucra etiquetar y organizar eficazmente los pedidos para que la distribuci\u00f3n y la experiencia del usuario sea f\u00e1cil. Este equipo tambi\u00e9n ayudar\u00e1 con tareas como reabastecer la mercanc\u00eda en los anaqueles, levantar cargas pesadas y reciclar. Labor apta para voluntarios j\u00f3venes y para familias.<\/p>\n<!-- \/wp:paragraph --><\/p><a class=\"site-buttons opportunity-button\" href=\"mailto:kiersten@one22jh.org\" target=\"\">ENV\u00cdANOS TU CURRICULUM<\/a><\/div><div class=\"swiper-slide1\"><div class=\"swiper-paginations\"><\/div><h3>Asistente de entrega<\/h3><p class=\"process-text\"><!-- wp:paragraph -->\n<p>Estos voluntarios promueven un entorno seguro y acogedor para los clientes que recogen sus pedidos en l\u00ednea. Los voluntarios deber\u00e1n entregar los pedidos a los clientes en sus veh\u00edculos, adem\u00e1s de agregar los art\u00edculos refrigerados y congelados a los pedidos al \u00faltimo minuto. Finalmente, ayudan con el montaje y desmontaje de la distribuci\u00f3n, que puede involucrar organizar carritos de art\u00edculos gratuitos y volantes informativos, colocar se\u00f1alamientos o letreros y, en general, mantener bien organizado y ordenado el espacio.<\/p>\n<!-- \/wp:paragraph --><\/p><a class=\"site-buttons opportunity-button\" href=\"mailto:kiersten@one22jh.org\" target=\"\">ENV\u00cdANOS TU CURRICULUM<\/a><\/div><div class=\"swiper-slide1\"><div class=\"swiper-paginations\"><\/div><h3>Equipo repositor de las despensas sat\u00e9lites<\/h3><p class=\"process-text\"><!-- wp:paragraph -->\n<p>Este equipo mantiene bien surtidas y ordenadas  nuestras despensas sat\u00e9lites y a la vez, representa p\u00fablicamente la misi\u00f3n del Centro de Recursos One22. Los voluntarios deber\u00e1n revisar el inventario de las sedes sat\u00e9lite y luego acudir al Jackson Cupboard para surtirse de lo necesario para reabastecerlas. \u00a1Labor ideal para parejas, j\u00f3venes, familias y amigos que buscan trabajar juntos!<\/p>\n<!-- \/wp:paragraph --><\/p><a class=\"site-buttons opportunity-button\" href=\"mailto:kiersten@one22jh.org\" target=\"\">ENV\u00cdANOS TU CURRICULUM<\/a><\/div><p class=\"has-text-align-left volunteer-page-asperate-links\"><a href=\"\/es\/voluntario\/\">VISITA NUESTRA P\u00c1GINA DE VOLUNTARIADO<\/a><\/p><script>\n      var swiper = new Swiper(\".mySwipers\", {\n    speed: 600,\n    loop: true,\n       autoplay: {\n      delay: 60000,\n      disableOnInteraction: true\n    },\n\tnavigation: {\n\t\t\t\t\tnextEl: \".swiper-button-next\",\n\t\t\t\t\tprevEl: \".swiper-button-prev\",\n\t\t\t\t},\n\t\t breakpoints: {\n      320: {\n        slidesPerView: 1,\n        spaceBetween: 40\n      },\n      480: {\n        slidesPerView: 1,\n        spaceBetween: 10\n      },\n      640: {\n        slidesPerView: 1,\n        spaceBetween: 80\n      },\n      1200: {\n        slidesPerView: 1,\n      }\n    }\n      });\n    <\/script><\/div><\/div>\n<\/div><\/div><div class=\"clearfix\"><\/div><\/div><\/div><\/div>\n\n\n<div style=\"height:100px\" aria-hidden=\"true\" class=\"wp-block-spacer\"><\/div>\n\n\n<div  id=\"ninec-one22-other-opportunities-volunteer-box-width\" class=\"ninec_normalwidth ninec_grid_row_wrapper_1 ninec-one22-other-opportunities-volunteer\"><div class=\"ninec_grid_wrapper\"><h2 class=\"ninec_grid_heading\">Otras oportunidades de voluntariado<\/h2><div class=\"ninec_row\"><div id=\"\" class=\"ninec_col ninec_grid_col aos-slide-up animated fadeInLeftBig duration3 delay0 eds-on-scroll\"><h4 >J\u00d3VENES VOLUNTARIOS<\/h4><div class=\"ninec_grid_col_content\"><p>Debido a la naturaleza de nuestro trabajo, la mayor\u00eda de nuestras oportunidades de voluntariado no son apropiadas para menores de 12 a\u00f1os. S\u00ed tenemos algunas oportunidades de voluntariado para menores de 16 a\u00f1os en el Jackson Cupboard. Tomamos a estudiantes y grupos de estudiantes que busquen completar horas de servicio comunitario, caso por caso, dependiendo de nuestra disponibilidad y necesidades. Por favor cont\u00e1ctanos al correo <a href=\"mailto:jacksoncupboard@one22jh.org\">jacksoncupboard@one22jh.org<\/a> para explorar esta opci\u00f3n. Los menores de 16 a\u00f1os deber\u00e1n venir acompa\u00f1ados por su padre\/madre\/tutor legal.<\/p>\n<\/div><\/div><div id=\"\" class=\"ninec_col ninec_grid_col ninec_grid_col_last aos-slide-up animated fadeInRightBig duration3 delay0 eds-on-scroll\"><h4 >EVENTOS DE TEMPORADA<\/h4><div class=\"ninec_grid_col_content\"><p>A lo largo del a\u00f1o organizamos eventos que requieren apoyo adicional, por ejemplo distribuci\u00f3n de platillos durante las fiestas decembrinas, acopios de alimento o recolectas, d\u00edas de servicio voluntario que pueden involucrar clasificar, almacenar y racionar productos. Si te interesan este tipo de oportunidades, por favor prec\u00edsalo en tu formulario para interesados.<\/p>\n<\/div><\/div><div class=\"clearfix\"><\/div><\/div><\/div><\/div>\n\n\n<p><\/p>","protected":false},"excerpt":{"rendered":"<p>Become A Volunteer Current Opportunities<\/p>","protected":false},"author":2,"featured_media":0,"parent":277,"menu_order":0,"comment_status":"closed","ping_status":"closed","template":"","meta":{"footnotes":""},"class_list":["post-479","page","type-page","status-publish","hentry"],"yoast_head":"<!-- This site is optimized with the Yoast SEO plugin v27.3 - https:\/\/yoast.com\/product\/yoast-seo-wordpress\/ -->\n<title>Volunteer | One22 Resource Center | Jackson Hole<\/title>\n<meta name=\"description\" content=\"The Jackson Cupboard and One22&#039;s seasonal drives provide fun and engaging opportunities for community members to join our work.\" \/>\n<meta name=\"robots\" content=\"index, follow, max-snippet:-1, max-image-preview:large, max-video-preview:-1\" \/>\n<link rel=\"canonical\" href=\"https:\/\/one22jh.org\/es\/participa\/hazte-voluntario\/\" \/>\n<meta property=\"og:locale\" content=\"es_MX\" \/>\n<meta property=\"og:type\" content=\"article\" \/>\n<meta property=\"og:title\" content=\"Volunteer | One22 Resource Center | Jackson Hole\" \/>\n<meta property=\"og:description\" content=\"The Jackson Cupboard and One22&#039;s seasonal drives provide fun and engaging opportunities for community members to join our work.\" \/>\n<meta property=\"og:url\" content=\"https:\/\/one22jh.org\/es\/participa\/hazte-voluntario\/\" \/>\n<meta property=\"og:site_name\" content=\"One22 Resource Center\" \/>\n<meta property=\"article:modified_time\" content=\"2026-02-13T17:17:15+00:00\" \/>\n<meta name=\"twitter:card\" content=\"summary_large_image\" \/>\n<meta name=\"twitter:label1\" content=\"Tiempo de lectura\" \/>\n\t<meta name=\"twitter:data1\" content=\"1 minuto\" \/>\n<script type=\"application\/ld+json\" class=\"yoast-schema-graph\">{\"@context\":\"https:\\\/\\\/schema.org\",\"@graph\":[{\"@type\":\"WebPage\",\"@id\":\"https:\\\/\\\/one22jh.org\\\/get-involved\\\/become-a-volunteer\\\/\",\"url\":\"https:\\\/\\\/one22jh.org\\\/get-involved\\\/become-a-volunteer\\\/\",\"name\":\"Volunteer | One22 Resource Center | Jackson Hole\",\"isPartOf\":{\"@id\":\"https:\\\/\\\/one22jh.org\\\/#website\"},\"datePublished\":\"2023-04-10T11:55:08+00:00\",\"dateModified\":\"2026-02-13T17:17:15+00:00\",\"description\":\"The Jackson Cupboard and One22's seasonal drives provide fun and engaging opportunities for community members to join our work.\",\"breadcrumb\":{\"@id\":\"https:\\\/\\\/one22jh.org\\\/get-involved\\\/become-a-volunteer\\\/#breadcrumb\"},\"inLanguage\":\"es\",\"potentialAction\":[{\"@type\":\"ReadAction\",\"target\":[\"https:\\\/\\\/one22jh.org\\\/get-involved\\\/become-a-volunteer\\\/\"]}]},{\"@type\":\"BreadcrumbList\",\"@id\":\"https:\\\/\\\/one22jh.org\\\/get-involved\\\/become-a-volunteer\\\/#breadcrumb\",\"itemListElement\":[{\"@type\":\"ListItem\",\"position\":1,\"name\":\"Home\",\"item\":\"https:\\\/\\\/one22jh.org\\\/\"},{\"@type\":\"ListItem\",\"position\":2,\"name\":\"Get Involved\",\"item\":\"https:\\\/\\\/one22jh.org\\\/get-involved\\\/\"},{\"@type\":\"ListItem\",\"position\":3,\"name\":\"Become a Volunteer\"}]},{\"@type\":\"WebSite\",\"@id\":\"https:\\\/\\\/one22jh.org\\\/#website\",\"url\":\"https:\\\/\\\/one22jh.org\\\/\",\"name\":\"One22 Resource Center\",\"description\":\"We are One22  Resources to Support One Thriving and Diverse Greater Teton Community.\",\"publisher\":{\"@id\":\"https:\\\/\\\/one22jh.org\\\/#organization\"},\"potentialAction\":[{\"@type\":\"SearchAction\",\"target\":{\"@type\":\"EntryPoint\",\"urlTemplate\":\"https:\\\/\\\/one22jh.org\\\/?s={search_term_string}\"},\"query-input\":{\"@type\":\"PropertyValueSpecification\",\"valueRequired\":true,\"valueName\":\"search_term_string\"}}],\"inLanguage\":\"es\"},{\"@type\":\"Organization\",\"@id\":\"https:\\\/\\\/one22jh.org\\\/#organization\",\"name\":\"One22 Resource Center\",\"url\":\"https:\\\/\\\/one22jh.org\\\/\",\"logo\":{\"@type\":\"ImageObject\",\"inLanguage\":\"es\",\"@id\":\"https:\\\/\\\/one22jh.org\\\/#\\\/schema\\\/logo\\\/image\\\/\",\"url\":\"https:\\\/\\\/one22jh.org\\\/wp-content\\\/uploads\\\/2026\\\/04\\\/one22_logo.avif\",\"contentUrl\":\"https:\\\/\\\/one22jh.org\\\/wp-content\\\/uploads\\\/2026\\\/04\\\/one22_logo.avif\",\"width\":937,\"height\":346,\"caption\":\"One22 Resource Center\"},\"image\":{\"@id\":\"https:\\\/\\\/one22jh.org\\\/#\\\/schema\\\/logo\\\/image\\\/\"}}]}<\/script>\n<!-- \/ Yoast SEO plugin. -->","yoast_head_json":{"title":"Voluntario | Centro de Recursos One22 | Jackson Hole","description":"The Jackson Cupboard and One22's seasonal drives provide fun and engaging opportunities for community members to join our work.","robots":{"index":"index","follow":"follow","max-snippet":"max-snippet:-1","max-image-preview":"max-image-preview:large","max-video-preview":"max-video-preview:-1"},"canonical":"https:\/\/one22jh.org\/es\/participa\/hazte-voluntario\/","og_locale":"es_MX","og_type":"article","og_title":"Volunteer | One22 Resource Center | Jackson Hole","og_description":"The Jackson Cupboard and One22's seasonal drives provide fun and engaging opportunities for community members to join our work.","og_url":"https:\/\/one22jh.org\/es\/participa\/hazte-voluntario\/","og_site_name":"One22 Resource Center","article_modified_time":"2026-02-13T17:17:15+00:00","twitter_card":"summary_large_image","twitter_misc":{"Tiempo de lectura":"1 minuto"},"schema":{"@context":"https:\/\/schema.org","@graph":[{"@type":"WebPage","@id":"https:\/\/one22jh.org\/get-involved\/become-a-volunteer\/","url":"https:\/\/one22jh.org\/get-involved\/become-a-volunteer\/","name":"Voluntario | Centro de Recursos One22 | Jackson Hole","isPartOf":{"@id":"https:\/\/one22jh.org\/#website"},"datePublished":"2023-04-10T11:55:08+00:00","dateModified":"2026-02-13T17:17:15+00:00","description":"The Jackson Cupboard and One22's seasonal drives provide fun and engaging opportunities for community members to join our work.","breadcrumb":{"@id":"https:\/\/one22jh.org\/get-involved\/become-a-volunteer\/#breadcrumb"},"inLanguage":"es","potentialAction":[{"@type":"ReadAction","target":["https:\/\/one22jh.org\/get-involved\/become-a-volunteer\/"]}]},{"@type":"BreadcrumbList","@id":"https:\/\/one22jh.org\/get-involved\/become-a-volunteer\/#breadcrumb","itemListElement":[{"@type":"ListItem","position":1,"name":"Home","item":"https:\/\/one22jh.org\/"},{"@type":"ListItem","position":2,"name":"Get Involved","item":"https:\/\/one22jh.org\/get-involved\/"},{"@type":"ListItem","position":3,"name":"Become a Volunteer"}]},{"@type":"WebSite","@id":"https:\/\/one22jh.org\/#website","url":"https:\/\/one22jh.org\/","name":"Centro de Recursos One22","description":"Somos One22 Recursos para apoyar una comunidad pr\u00f3spera y diversa de Greater Teton.","publisher":{"@id":"https:\/\/one22jh.org\/#organization"},"potentialAction":[{"@type":"SearchAction","target":{"@type":"EntryPoint","urlTemplate":"https:\/\/one22jh.org\/?s={search_term_string}"},"query-input":{"@type":"PropertyValueSpecification","valueRequired":true,"valueName":"search_term_string"}}],"inLanguage":"es"},{"@type":"Organization","@id":"https:\/\/one22jh.org\/#organization","name":"Centro de Recursos One22","url":"https:\/\/one22jh.org\/","logo":{"@type":"ImageObject","inLanguage":"es","@id":"https:\/\/one22jh.org\/#\/schema\/logo\/image\/","url":"https:\/\/one22jh.org\/wp-content\/uploads\/2026\/04\/one22_logo.avif","contentUrl":"https:\/\/one22jh.org\/wp-content\/uploads\/2026\/04\/one22_logo.avif","width":937,"height":346,"caption":"One22 Resource Center"},"image":{"@id":"https:\/\/one22jh.org\/#\/schema\/logo\/image\/"}}]}},"acf":[],"_links":{"self":[{"href":"https:\/\/one22jh.org\/es\/wp-json\/wp\/v2\/pages\/479","targetHints":{"allow":["GET"]}}],"collection":[{"href":"https:\/\/one22jh.org\/es\/wp-json\/wp\/v2\/pages"}],"about":[{"href":"https:\/\/one22jh.org\/es\/wp-json\/wp\/v2\/types\/page"}],"author":[{"embeddable":true,"href":"https:\/\/one22jh.org\/es\/wp-json\/wp\/v2\/users\/2"}],"replies":[{"embeddable":true,"href":"https:\/\/one22jh.org\/es\/wp-json\/wp\/v2\/comments?post=479"}],"version-history":[{"count":0,"href":"https:\/\/one22jh.org\/es\/wp-json\/wp\/v2\/pages\/479\/revisions"}],"up":[{"embeddable":true,"href":"https:\/\/one22jh.org\/es\/wp-json\/wp\/v2\/pages\/277"}],"wp:attachment":[{"href":"https:\/\/one22jh.org\/es\/wp-json\/wp\/v2\/media?parent=479"}],"curies":[{"name":"wp","href":"https:\/\/api.w.org\/{rel}","templated":true}]}}