{"id":477,"date":"2023-04-10T11:53:23","date_gmt":"2023-04-10T11:53:23","guid":{"rendered":"https:\/\/one22jh.wpengine.com\/?page_id=477"},"modified":"2026-04-17T16:35:54","modified_gmt":"2026-04-17T16:35:54","slug":"empoderamiento-financiero","status":"publish","type":"page","link":"https:\/\/one22jh.org\/es\/solicita-apoyo\/empoderamiento-financiero\/","title":{"rendered":"Empoderamiento financiero"},"content":{"rendered":"<h1 class=\"wp-block-heading has-text-align-center animated fadeIn duration5 delay1 eds-on-scroll\">Empoderamiento financiero<\/h1>\n\n\n\n<div style=\"height:70px\" aria-hidden=\"true\" class=\"wp-block-spacer financial-assistance-first-section-height\"><\/div>\n\n\n<div  id=\"ninec-two-column-full-width-financial-section-grid-reverse intro-section\" class=\"ninec_fullwidth lazyload ninec_grid_row_wrapper_1 ninec-two-column-full-width-financial-section-reverse hide1\"><div class=\"ninec_grid_wrapper\"><div class=\"ninec_row ninec_row_vertical\"><div id=\"full-width-finicail-section-two-column-grid-reverse\" class=\"ninec_col ninec_grid_col full-width-column-content-reverse aos-fade-up animated fadeIn duration5 delay1 eds-on-scroll\"><h3 >Cultiva tu conciencia financiera <\/h3><div class=\"ninec_grid_col_content\"><p><span style=\"font-weight: 400;\">El prop\u00f3sito de nuestros programas de empoderamiento financiero es prevenir crisis financieras y apoyarte a ser proactivo en tus finanzas. Te apoyamos a forjar un camino hacia la autosuficiencia a trav\u00e9s de talleres y recursos de educaci\u00f3n financiera, cubriendo temas como presupuestos, cr\u00e9dito, deudas y ahorros.<\/span><\/p>\n<\/div><\/div><div id=\"\" class=\"ninec_col ninec_grid_col ninec_grid_col_last full-width-image-section-reverse delay0 eds-on-scroll eds-scroll-visible animated fadeInRightBig duration3\"><div class=\"ninec_grid_col_content\">\n<\/p>\n<div id=\"\" class=\"ninec_col ninec_grid_col full-width-image-section eds-on-scroll eds-scroll-visible animated fadeIn duration5 delay1\">\n<div class=\"ninec_video_block_wrapper\">\n<div class=\"ninec_video_block_vimeo_wrapper\">\n<div class=\"ninec_video_block_inner ninec_video_block_responsive\"><iframe loading=\"lazy\" src=\"https:\/\/player.vimeo.com\/video\/1006372453?h=1148b195a2&amp;title=0&amp;byline=0&amp;portrait=0\" width=\"640\" height=\"360\" frameborder=\"0\" allowfullscreen=\"allowfullscreen\" data-src=\"https:\/\/player.vimeo.com\/video\/1006372453?h=1148b195a2&amp;title=0&amp;byline=0&amp;portrait=0\"><\/iframe><\/div>\n<\/div>\n<\/div>\n<\/div>\n<p>\n<\/div><\/div><div class=\"clearfix\"><\/div><\/div><\/div><\/div>\n\n\n<div style=\"height:50px\" aria-hidden=\"true\" class=\"wp-block-spacer financial-empowerment-spacer-four\"><\/div>\n\n\n<div id=\"one-twenty-two-another-services-section\" class=\"ninec_normalwidth ninec_grid_row_wrapper_1 one-twenty-two-another-services-area animated fadeInRight duration2 delay0 eds-on-scroll\"><div class=\"ninec_grid_wrapper\"><h2 class=\"ninec_grid_heading\">Otros servicios<\/h2><div class=\"ninec_row ninec_row_vertical\"><div class=\"ninec_col ninec_grid_col one-twenty-two-another-services-column aos-fade-right aos-init aos-animate\" data-aos=\"fade-right\"><a href=\"\/es\/solicita-apoyo\/asistencia-financiera\/\" target=\"_self\"><img loading=\"lazy\" decoding=\"async\" class=\"nineclazy\" width=\"300\" height=\"300\" src=\"https:\/\/one22jh.org\/wp-content\/uploads\/2023\/07\/one-ss-get-involved-icon.png\" alt=\"Programa de ayuda financiera\"\/><\/a><h4><a href=\"\/es\/solicita-apoyo\/asistencia-financiera\/\" target=\"_self\">ASISTENCIA FINANCIERA<\/a><\/h4><a href=\"\/es\/solicita-apoyo\/asistencia-financiera\/\" target=\"_self\"><img loading=\"lazy\" decoding=\"async\" class=\"nineclazy financial-heading-image-link\" width=\"298\" height=\"148\" src=\"\/wp-content\/uploads\/2023\/06\/one-22-blue-arrow-icon.png\" alt=\"Programa de ayuda financiera\"\/><\/a><\/div><div class=\"ninec_col ninec_grid_col one-twenty-two-another-services-column aos-fade-right aos-init aos-animate\" data-aos=\"fade-right\"><a href=\"\/es\/solicita-apoyo\/immigrant-services\/\" target=\"_self\"><img loading=\"lazy\" decoding=\"async\" class=\"nineclazy\" width=\"245\" height=\"234\" src=\"https:\/\/one22jh.org\/wp-content\/uploads\/2023\/06\/icons.png\" alt=\"Programa de ayuda financiera\"\/><\/a><h4><a href=\"\/es\/solicita-apoyo\/immigrant-services\/\" target=\"_self\">ACCESO LING\u00dc\u00cdSTICO<\/a><\/h4><a href=\"\/es\/solicita-apoyo\/immigrant-services\/\" target=\"_self\"><img loading=\"lazy\" decoding=\"async\" class=\"nineclazy financial-heading-image-link\" width=\"298\" height=\"148\" src=\"\/wp-content\/uploads\/2023\/06\/one-22-blue-arrow-icon.png\" alt=\"Programa de ayuda financiera\"\/><\/a><\/div><div class=\"ninec_col ninec_grid_col one-twenty-two-another-services-column aos-fade-right aos-init aos-animate\" data-aos=\"fade-right\"><a href=\"\/es\/solicita-apoyo\/becas-de-enriquecimiento\/\" target=\"_self\"><img loading=\"lazy\" decoding=\"async\" class=\"nineclazy\" width=\"300\" height=\"300\" src=\"https:\/\/one22jh.org\/wp-content\/uploads\/2023\/06\/one-twenty-two-blue-paint-icon.png\" alt=\"Programa de ayuda financiera\"\/><\/a><h4><a href=\"\/es\/solicita-apoyo\/becas-de-enriquecimiento\/\" target=\"_self\">BECAS DE ENRIQUECIMIENTO JUVENIL<\/a><\/h4><a href=\"\/es\/solicita-apoyo\/becas-de-enriquecimiento\/\" target=\"_self\"><img loading=\"lazy\" decoding=\"async\" class=\"nineclazy financial-heading-image-link\" width=\"298\" height=\"148\" src=\"\/wp-content\/uploads\/2023\/06\/one-22-blue-arrow-icon.png\" alt=\"Programa de ayuda financiera\"\/><\/a><\/div><div class=\"ninec_col ninec_grid_col one-twenty-two-another-services-column aos-fade-right aos-init aos-animate\" data-aos=\"fade-right\"><a href=\"\/es\/solicita-apoyo\/asistencia-alimenticia\/\" target=\"_self\"><img loading=\"lazy\" decoding=\"async\" class=\"nineclazy\" width=\"300\" height=\"300\" src=\"https:\/\/one22jh.org\/wp-content\/uploads\/2023\/06\/one-twenty-two-blue-carrot-icon.png\" alt=\"Programa de asistencia alimentaria\"\/><\/a><h4><a href=\"\/es\/solicita-apoyo\/asistencia-alimenticia\/\" target=\"_self\">ASISTENCIA ALIMENTICIA<\/a><\/h4><a href=\"\/es\/solicita-apoyo\/asistencia-alimenticia\/\" target=\"_self\"><img loading=\"lazy\" decoding=\"async\" class=\"nineclazy financial-heading-image-link\" width=\"298\" height=\"148\" src=\"\/wp-content\/uploads\/2023\/06\/one-22-blue-arrow-icon.png\" alt=\"Programa de ayuda financiera\"\/><\/a><\/div><\/div><\/div><\/div>","protected":false},"excerpt":{"rendered":"<p>Empoderamiento financiero<\/p>","protected":false},"author":2,"featured_media":0,"parent":275,"menu_order":0,"comment_status":"closed","ping_status":"closed","template":"","meta":{"footnotes":""},"class_list":["post-477","page","type-page","status-publish","hentry"],"yoast_head":"<!-- This site is optimized with the Yoast SEO plugin v27.3 - https:\/\/yoast.com\/product\/yoast-seo-wordpress\/ -->\n<title>Financial Empowerment | One22 Resource Center | Jackson Hole<\/title>\n<meta name=\"description\" content=\"Our Financial Empowerment programs aim to prevent financial crises and help you take an active role in your financial life.\" \/>\n<meta name=\"robots\" content=\"index, follow, max-snippet:-1, max-image-preview:large, max-video-preview:-1\" \/>\n<link rel=\"canonical\" href=\"https:\/\/one22jh.org\/es\/solicita-apoyo\/empoderamiento-financiero\/\" \/>\n<meta property=\"og:locale\" content=\"es_MX\" \/>\n<meta property=\"og:type\" content=\"article\" \/>\n<meta property=\"og:title\" content=\"Financial Empowerment | One22 Resource Center | Jackson Hole\" \/>\n<meta property=\"og:description\" content=\"Our Financial Empowerment programs aim to prevent financial crises and help you take an active role in your financial life.\" \/>\n<meta property=\"og:url\" content=\"https:\/\/one22jh.org\/es\/solicita-apoyo\/empoderamiento-financiero\/\" \/>\n<meta property=\"og:site_name\" content=\"One22 Resource Center\" \/>\n<meta property=\"article:modified_time\" content=\"2026-04-17T16:35:54+00:00\" \/>\n<meta name=\"twitter:card\" content=\"summary_large_image\" \/>\n<meta name=\"twitter:label1\" content=\"Tiempo de lectura\" \/>\n\t<meta name=\"twitter:data1\" content=\"1 minuto\" \/>\n<script type=\"application\/ld+json\" class=\"yoast-schema-graph\">{\"@context\":\"https:\\\/\\\/schema.org\",\"@graph\":[{\"@type\":\"WebPage\",\"@id\":\"https:\\\/\\\/one22jh.org\\\/get-help\\\/financial-empowerment\\\/\",\"url\":\"https:\\\/\\\/one22jh.org\\\/get-help\\\/financial-empowerment\\\/\",\"name\":\"Financial Empowerment | One22 Resource Center | Jackson Hole\",\"isPartOf\":{\"@id\":\"https:\\\/\\\/one22jh.org\\\/#website\"},\"datePublished\":\"2023-04-10T11:53:23+00:00\",\"dateModified\":\"2026-04-17T16:35:54+00:00\",\"description\":\"Our Financial Empowerment programs aim to prevent financial crises and help you take an active role in your financial life.\",\"breadcrumb\":{\"@id\":\"https:\\\/\\\/one22jh.org\\\/get-help\\\/financial-empowerment\\\/#breadcrumb\"},\"inLanguage\":\"es\",\"potentialAction\":[{\"@type\":\"ReadAction\",\"target\":[\"https:\\\/\\\/one22jh.org\\\/get-help\\\/financial-empowerment\\\/\"]}]},{\"@type\":\"BreadcrumbList\",\"@id\":\"https:\\\/\\\/one22jh.org\\\/get-help\\\/financial-empowerment\\\/#breadcrumb\",\"itemListElement\":[{\"@type\":\"ListItem\",\"position\":1,\"name\":\"Home\",\"item\":\"https:\\\/\\\/one22jh.org\\\/\"},{\"@type\":\"ListItem\",\"position\":2,\"name\":\"Get Help\",\"item\":\"https:\\\/\\\/one22jh.org\\\/get-help\\\/\"},{\"@type\":\"ListItem\",\"position\":3,\"name\":\"Financial Empowerment\"}]},{\"@type\":\"WebSite\",\"@id\":\"https:\\\/\\\/one22jh.org\\\/#website\",\"url\":\"https:\\\/\\\/one22jh.org\\\/\",\"name\":\"One22 Resource Center\",\"description\":\"We are One22  Resources to Support One Thriving and Diverse Greater Teton Community.\",\"publisher\":{\"@id\":\"https:\\\/\\\/one22jh.org\\\/#organization\"},\"potentialAction\":[{\"@type\":\"SearchAction\",\"target\":{\"@type\":\"EntryPoint\",\"urlTemplate\":\"https:\\\/\\\/one22jh.org\\\/?s={search_term_string}\"},\"query-input\":{\"@type\":\"PropertyValueSpecification\",\"valueRequired\":true,\"valueName\":\"search_term_string\"}}],\"inLanguage\":\"es\"},{\"@type\":\"Organization\",\"@id\":\"https:\\\/\\\/one22jh.org\\\/#organization\",\"name\":\"One22 Resource Center\",\"url\":\"https:\\\/\\\/one22jh.org\\\/\",\"logo\":{\"@type\":\"ImageObject\",\"inLanguage\":\"es\",\"@id\":\"https:\\\/\\\/one22jh.org\\\/#\\\/schema\\\/logo\\\/image\\\/\",\"url\":\"https:\\\/\\\/one22jh.org\\\/wp-content\\\/uploads\\\/2026\\\/04\\\/one22_logo.avif\",\"contentUrl\":\"https:\\\/\\\/one22jh.org\\\/wp-content\\\/uploads\\\/2026\\\/04\\\/one22_logo.avif\",\"width\":937,\"height\":346,\"caption\":\"One22 Resource Center\"},\"image\":{\"@id\":\"https:\\\/\\\/one22jh.org\\\/#\\\/schema\\\/logo\\\/image\\\/\"}}]}<\/script>\n<!-- \/ Yoast SEO plugin. -->","yoast_head_json":{"title":"Empoderamiento financiero | Centro de Recursos One22 | Jackson Hole","description":"El prop\u00f3sito de nuestros programas de empoderamiento financiero es prevenir crisis financieras y apoyarte a ser proactivo en tus finanzas.","robots":{"index":"index","follow":"follow","max-snippet":"max-snippet:-1","max-image-preview":"max-image-preview:large","max-video-preview":"max-video-preview:-1"},"canonical":"https:\/\/one22jh.org\/es\/solicita-apoyo\/empoderamiento-financiero\/","og_locale":"es_MX","og_type":"article","og_title":"Financial Empowerment | One22 Resource Center | Jackson Hole","og_description":"Our Financial Empowerment programs aim to prevent financial crises and help you take an active role in your financial life.","og_url":"https:\/\/one22jh.org\/es\/solicita-apoyo\/empoderamiento-financiero\/","og_site_name":"One22 Resource Center","article_modified_time":"2026-04-17T16:35:54+00:00","twitter_card":"summary_large_image","twitter_misc":{"Tiempo de lectura":"1 minuto"},"schema":{"@context":"https:\/\/schema.org","@graph":[{"@type":"WebPage","@id":"https:\/\/one22jh.org\/get-help\/financial-empowerment\/","url":"https:\/\/one22jh.org\/get-help\/financial-empowerment\/","name":"Empoderamiento financiero | Centro de Recursos One22 | Jackson Hole","isPartOf":{"@id":"https:\/\/one22jh.org\/#website"},"datePublished":"2023-04-10T11:53:23+00:00","dateModified":"2026-04-17T16:35:54+00:00","description":"El prop\u00f3sito de nuestros programas de empoderamiento financiero es prevenir crisis financieras y apoyarte a ser proactivo en tus finanzas.","breadcrumb":{"@id":"https:\/\/one22jh.org\/get-help\/financial-empowerment\/#breadcrumb"},"inLanguage":"es","potentialAction":[{"@type":"ReadAction","target":["https:\/\/one22jh.org\/get-help\/financial-empowerment\/"]}]},{"@type":"BreadcrumbList","@id":"https:\/\/one22jh.org\/get-help\/financial-empowerment\/#breadcrumb","itemListElement":[{"@type":"ListItem","position":1,"name":"Home","item":"https:\/\/one22jh.org\/"},{"@type":"ListItem","position":2,"name":"Get Help","item":"https:\/\/one22jh.org\/get-help\/"},{"@type":"ListItem","position":3,"name":"Financial Empowerment"}]},{"@type":"WebSite","@id":"https:\/\/one22jh.org\/#website","url":"https:\/\/one22jh.org\/","name":"Centro de Recursos One22","description":"Somos One22 Recursos para apoyar una comunidad pr\u00f3spera y diversa de Greater Teton.","publisher":{"@id":"https:\/\/one22jh.org\/#organization"},"potentialAction":[{"@type":"SearchAction","target":{"@type":"EntryPoint","urlTemplate":"https:\/\/one22jh.org\/?s={search_term_string}"},"query-input":{"@type":"PropertyValueSpecification","valueRequired":true,"valueName":"search_term_string"}}],"inLanguage":"es"},{"@type":"Organization","@id":"https:\/\/one22jh.org\/#organization","name":"Centro de Recursos One22","url":"https:\/\/one22jh.org\/","logo":{"@type":"ImageObject","inLanguage":"es","@id":"https:\/\/one22jh.org\/#\/schema\/logo\/image\/","url":"https:\/\/one22jh.org\/wp-content\/uploads\/2026\/04\/one22_logo.avif","contentUrl":"https:\/\/one22jh.org\/wp-content\/uploads\/2026\/04\/one22_logo.avif","width":937,"height":346,"caption":"One22 Resource Center"},"image":{"@id":"https:\/\/one22jh.org\/#\/schema\/logo\/image\/"}}]}},"acf":[],"_links":{"self":[{"href":"https:\/\/one22jh.org\/es\/wp-json\/wp\/v2\/pages\/477","targetHints":{"allow":["GET"]}}],"collection":[{"href":"https:\/\/one22jh.org\/es\/wp-json\/wp\/v2\/pages"}],"about":[{"href":"https:\/\/one22jh.org\/es\/wp-json\/wp\/v2\/types\/page"}],"author":[{"embeddable":true,"href":"https:\/\/one22jh.org\/es\/wp-json\/wp\/v2\/users\/2"}],"replies":[{"embeddable":true,"href":"https:\/\/one22jh.org\/es\/wp-json\/wp\/v2\/comments?post=477"}],"version-history":[{"count":0,"href":"https:\/\/one22jh.org\/es\/wp-json\/wp\/v2\/pages\/477\/revisions"}],"up":[{"embeddable":true,"href":"https:\/\/one22jh.org\/es\/wp-json\/wp\/v2\/pages\/275"}],"wp:attachment":[{"href":"https:\/\/one22jh.org\/es\/wp-json\/wp\/v2\/media?parent=477"}],"curies":[{"name":"wp","href":"https:\/\/api.w.org\/{rel}","templated":true}]}}