{"id":473,"date":"2023-04-10T11:51:53","date_gmt":"2023-04-10T11:51:53","guid":{"rendered":"https:\/\/one22jh.wpengine.com\/?page_id=473"},"modified":"2026-03-11T15:33:11","modified_gmt":"2026-03-11T15:33:11","slug":"acceso-asistencia-linguistica","status":"publish","type":"page","link":"https:\/\/one22jh.org\/es\/solicita-apoyo\/acceso-asistencia-linguistica\/","title":{"rendered":"Acceso ling\u00fc\u00edstico"},"content":{"rendered":"<h1 class=\"wp-block-heading has-text-align-center financial-main-page-heading aos-fade-left animated fadeIn duration5 delay1 eds-on-scroll\">Acceso ling\u00fc\u00edstico<\/h1>\n\n\n\n<div style=\"height:70px\" aria-hidden=\"true\" class=\"wp-block-spacer financial-assistance-first-section-height\"><\/div>\n\n\n<div  id=\"ninec-two-column-full-width-financial-section-grid\" class=\"ninec_fullwidth lazyload ninec_grid_row_wrapper_1 ninec-two-column-full-width-financial-section\"><div class=\"ninec_grid_wrapper\"><div class=\"ninec_row ninec_row_vertical\"><div id=\"\" class=\"ninec_col ninec_grid_col full-width-image-section animated fadeIn duration5 delay1 eds-on-scroll\"><img loading=\"lazy\" decoding=\"async\" width=\"1280\" height=\"800\" src=\"data:image\/png;base64,iVBORw0KGgoAAAANSUhEUgAAAAMAAAACCAQAAAA3fa6RAAAADklEQVR42mNkAANGCAUAACMAA2w\/AMgAAAAASUVORK5CYII=\" data-src=\"https:\/\/one22jh.org\/wp-content\/uploads\/2023\/08\/THUMB-immigrant-services-immigration-support-services-jpg.webp\" alt=\"Servicios de apoyo a la inmigraci\u00f3n\" class=\"lazyload nineclazy\"><\/div><div id=\"full-width-finicail-section-two-column-grid\" class=\"ninec_col ninec_grid_col ninec_grid_col_last full-width-column-content aos-fade-up animated fadeInRightBig duration3 delay0 eds-on-scroll\"><h3 >\u00a1Bienvenido(a)!<\/h3><div class=\"ninec_grid_col_content\"><p>Hoy d\u00eda, muchos de nuestros clientes cuentan con un dominio limitado del ingl\u00e9s. Reconocemos que la incapacidad de comunicarse presenta desaf\u00edos y obst\u00e1culos considerables para la atenci\u00f3n, los servicios, la informaci\u00f3n y las oportunidades. Por ende, brindamos todos nuestros servicios en ingl\u00e9s y espa\u00f1ol, pero tambi\u00e9n podemos adaptarnos a las necesidades de personas que hablan otros idiomas.<\/p>\n<\/div><\/div><div class=\"clearfix\"><\/div><\/div><\/div><\/div>\n\n\n<div style=\"height:100px\" aria-hidden=\"true\" class=\"wp-block-spacer rent-assistance-spacer-first\"><\/div>\n\n\n<div data-bgset=\"https:\/\/one22jh.org\/wp-content\/uploads\/2023\/08\/background-youth-activity-scholarships-youth-scholarships-jpg.webp\" id=\"one-design-two-column-help-content-section-full-width\" class=\"ninec_gridbackground lazyload ninec_grid_row_wrapper_1 one-design-two-column-help-content-section\"><div class=\"ninec_grid_wrapper\"><div class=\"ninec_row\"><div id=\"\" class=\"ninec_col ninec_grid_col ninec_grid_col_last one-design-two-column-help-section aos-flip-left  animated fadeInLeft duration0 delay0 eds-on-scroll\"><h3 >Fue justo la ayuda que necesitaba...<\/h3><div class=\"ninec_grid_col_content\"><p>\"Ahora, como int\u00e9rprete, tengo el honor de ser el eslab\u00f3n perdido, la persona que puede establecer esas conexiones inestimables que yo anhelaba de ni\u00f1a\". - Celia<\/p>\n<\/div><a class=\"site-buttons site-buttons-text\" href=\"\/es\/quienes-somos\/testimonios-de-clientes\/\" target=\"\">LEE OTROS TESTIMONIOS DE CLIENTES<\/a><\/div><div class=\"clearfix\"><\/div><\/div><\/div><\/div>\n\n\n<div style=\"height:70px\" aria-hidden=\"true\" class=\"wp-block-spacer financial-assistance-fourth-section-height\"><\/div>\n\n\n<div id=\"one-twenty-two-another-services-section\" class=\"ninec_normalwidth ninec_grid_row_wrapper_1 one-twenty-two-another-services-area animated fadeInRight duration2 delay0 eds-on-scroll\"><div class=\"ninec_grid_wrapper\"><h2 class=\"ninec_grid_heading\">Otros servicios<\/h2><div class=\"ninec_row ninec_row_vertical\"><div class=\"ninec_col ninec_grid_col one-twenty-two-another-services-column aos-fade-right aos-init aos-animate\" data-aos=\"fade-right\"><a href=\"\/es\/solicita-apoyo\/asistencia-alimenticia\/\" target=\"_self\"><img loading=\"lazy\" decoding=\"async\" class=\"nineclazy\" width=\"300\" height=\"300\" src=\"https:\/\/one22jh.org\/wp-content\/uploads\/2023\/06\/one-twenty-two-blue-carrot-icon.png\" alt=\"Programa de asistencia alimentaria\"\/><\/a><h4><a href=\"\/es\/solicita-apoyo\/asistencia-alimenticia\/\" target=\"_self\">ASISTENCIA ALIMENTICIA<\/a><\/h4><a href=\"\/es\/solicita-apoyo\/asistencia-alimenticia\/\" target=\"_self\"><img loading=\"lazy\" decoding=\"async\" class=\"nineclazy financial-heading-image-link\" width=\"298\" height=\"148\" src=\"\/wp-content\/uploads\/2023\/06\/one-22-blue-arrow-icon.png\" alt=\"Programa de ayuda financiera\"\/><\/a><\/div><div class=\"ninec_col ninec_grid_col one-twenty-two-another-services-column aos-fade-right aos-init aos-animate\" data-aos=\"fade-right\"><a href=\"\/es\/solicita-apoyo\/asistencia-financiera\/\" target=\"_self\"><img loading=\"lazy\" decoding=\"async\" class=\"nineclazy\" width=\"300\" height=\"300\" src=\"https:\/\/one22jh.org\/wp-content\/uploads\/2023\/07\/one-ss-get-involved-icon.png\" alt=\"Programa de ayuda financiera\"\/><\/a><h4><a href=\"\/es\/solicita-apoyo\/asistencia-financiera\/\" target=\"_self\">ASISTENCIA FINANCIERA<\/a><\/h4><a href=\"\/es\/solicita-apoyo\/asistencia-financiera\/\" target=\"_self\"><img loading=\"lazy\" decoding=\"async\" class=\"nineclazy financial-heading-image-link\" width=\"298\" height=\"148\" src=\"\/wp-content\/uploads\/2023\/06\/one-22-blue-arrow-icon.png\" alt=\"Programa de ayuda financiera\"\/><\/a><\/div><div class=\"ninec_col ninec_grid_col one-twenty-two-another-services-column aos-fade-right aos-init aos-animate\" data-aos=\"fade-right\"><a href=\"\/es\/solicita-apoyo\/becas-de-enriquecimiento\/\" target=\"_self\"><img loading=\"lazy\" decoding=\"async\" class=\"nineclazy\" width=\"300\" height=\"300\" src=\"https:\/\/one22jh.org\/wp-content\/uploads\/2023\/06\/one-twenty-two-blue-paint-icon.png\" alt=\"Programa de ayuda financiera\"\/><\/a><h4><a href=\"\/es\/solicita-apoyo\/becas-de-enriquecimiento\/\" target=\"_self\">BECAS DE ENRIQUECIMIENTO JUVENIL<\/a><\/h4><a href=\"\/es\/solicita-apoyo\/becas-de-enriquecimiento\/\" target=\"_self\"><img loading=\"lazy\" decoding=\"async\" class=\"nineclazy financial-heading-image-link\" width=\"298\" height=\"148\" src=\"\/wp-content\/uploads\/2023\/06\/one-22-blue-arrow-icon.png\" alt=\"Programa de ayuda financiera\"\/><\/a><\/div><div class=\"ninec_col ninec_grid_col one-twenty-two-another-services-column aos-fade-right aos-init aos-animate\" data-aos=\"fade-right\"><a href=\"\/es\/solicita-apoyo\/empoderamiento-financiero\/\" target=\"_self\"><img loading=\"lazy\" decoding=\"async\" class=\"nineclazy\" width=\"300\" height=\"300\" src=\"https:\/\/one22jh.org\/wp-content\/uploads\/2023\/06\/one-twenty-two-blue-piggy-bank.png\" alt=\"Programa de ayuda financiera\"\/><\/a><h4><a href=\"\/es\/solicita-apoyo\/empoderamiento-financiero\/\" target=\"_self\">EMPODERAMIENTO FINANCIERO<\/a><\/h4><a href=\"\/es\/solicita-apoyo\/empoderamiento-financiero\/\" target=\"_self\"><img loading=\"lazy\" decoding=\"async\" class=\"nineclazy financial-heading-image-link\" width=\"298\" height=\"148\" src=\"\/wp-content\/uploads\/2023\/06\/one-22-blue-arrow-icon.png\" alt=\"Programa de ayuda financiera\"\/><\/a><\/div><\/div><\/div><\/div>","protected":false},"excerpt":{"rendered":"<p>Acceso ling\u00fc\u00edstico<\/p>","protected":false},"author":2,"featured_media":0,"parent":275,"menu_order":0,"comment_status":"closed","ping_status":"closed","template":"","meta":{"footnotes":""},"class_list":["post-473","page","type-page","status-publish","hentry"],"yoast_head":"<!-- This site is optimized with the Yoast SEO plugin v27.3 - https:\/\/yoast.com\/product\/yoast-seo-wordpress\/ -->\n<title>Language Access | One22 Resource Center | Jackson Hole<\/title>\n<meta name=\"description\" content=\"One22 has a long history of helping folks find their way with language assistance, interpreter training, vital records and more.\" \/>\n<meta name=\"robots\" content=\"index, follow, max-snippet:-1, max-image-preview:large, max-video-preview:-1\" \/>\n<link rel=\"canonical\" href=\"https:\/\/one22jh.org\/es\/solicita-apoyo\/acceso-asistencia-linguistica\/\" \/>\n<meta property=\"og:locale\" content=\"es_MX\" \/>\n<meta property=\"og:type\" content=\"article\" \/>\n<meta property=\"og:title\" content=\"Language Access | One22 Resource Center | Jackson Hole\" \/>\n<meta property=\"og:description\" content=\"One22 has a long history of helping folks find their way with language assistance, interpreter training, vital records and more.\" \/>\n<meta property=\"og:url\" content=\"https:\/\/one22jh.org\/es\/solicita-apoyo\/acceso-asistencia-linguistica\/\" \/>\n<meta property=\"og:site_name\" content=\"One22 Resource Center\" \/>\n<meta property=\"article:modified_time\" content=\"2026-03-11T15:33:11+00:00\" \/>\n<meta name=\"twitter:card\" content=\"summary_large_image\" \/>\n<meta name=\"twitter:label1\" content=\"Tiempo de lectura\" \/>\n\t<meta name=\"twitter:data1\" content=\"1 minuto\" \/>\n<script type=\"application\/ld+json\" class=\"yoast-schema-graph\">{\"@context\":\"https:\\\/\\\/schema.org\",\"@graph\":[{\"@type\":\"WebPage\",\"@id\":\"https:\\\/\\\/one22jh.org\\\/get-help\\\/language-access-assistance\\\/\",\"url\":\"https:\\\/\\\/one22jh.org\\\/get-help\\\/language-access-assistance\\\/\",\"name\":\"Language Access | One22 Resource Center | Jackson Hole\",\"isPartOf\":{\"@id\":\"https:\\\/\\\/one22jh.org\\\/#website\"},\"datePublished\":\"2023-04-10T11:51:53+00:00\",\"dateModified\":\"2026-03-11T15:33:11+00:00\",\"description\":\"One22 has a long history of helping folks find their way with language assistance, interpreter training, vital records and more.\",\"breadcrumb\":{\"@id\":\"https:\\\/\\\/one22jh.org\\\/get-help\\\/language-access-assistance\\\/#breadcrumb\"},\"inLanguage\":\"es\",\"potentialAction\":[{\"@type\":\"ReadAction\",\"target\":[\"https:\\\/\\\/one22jh.org\\\/get-help\\\/language-access-assistance\\\/\"]}]},{\"@type\":\"BreadcrumbList\",\"@id\":\"https:\\\/\\\/one22jh.org\\\/get-help\\\/language-access-assistance\\\/#breadcrumb\",\"itemListElement\":[{\"@type\":\"ListItem\",\"position\":1,\"name\":\"Home\",\"item\":\"https:\\\/\\\/one22jh.org\\\/\"},{\"@type\":\"ListItem\",\"position\":2,\"name\":\"Get Help\",\"item\":\"https:\\\/\\\/one22jh.org\\\/get-help\\\/\"},{\"@type\":\"ListItem\",\"position\":3,\"name\":\"Language Access\"}]},{\"@type\":\"WebSite\",\"@id\":\"https:\\\/\\\/one22jh.org\\\/#website\",\"url\":\"https:\\\/\\\/one22jh.org\\\/\",\"name\":\"One22 Resource Center\",\"description\":\"We are One22  Resources to Support One Thriving and Diverse Greater Teton Community.\",\"publisher\":{\"@id\":\"https:\\\/\\\/one22jh.org\\\/#organization\"},\"potentialAction\":[{\"@type\":\"SearchAction\",\"target\":{\"@type\":\"EntryPoint\",\"urlTemplate\":\"https:\\\/\\\/one22jh.org\\\/?s={search_term_string}\"},\"query-input\":{\"@type\":\"PropertyValueSpecification\",\"valueRequired\":true,\"valueName\":\"search_term_string\"}}],\"inLanguage\":\"es\"},{\"@type\":\"Organization\",\"@id\":\"https:\\\/\\\/one22jh.org\\\/#organization\",\"name\":\"One22 Resource Center\",\"url\":\"https:\\\/\\\/one22jh.org\\\/\",\"logo\":{\"@type\":\"ImageObject\",\"inLanguage\":\"es\",\"@id\":\"https:\\\/\\\/one22jh.org\\\/#\\\/schema\\\/logo\\\/image\\\/\",\"url\":\"https:\\\/\\\/one22jh.org\\\/wp-content\\\/uploads\\\/2024\\\/07\\\/logo-blue.webp\",\"contentUrl\":\"https:\\\/\\\/one22jh.org\\\/wp-content\\\/uploads\\\/2024\\\/07\\\/logo-blue.webp\",\"width\":271,\"height\":101,\"caption\":\"One22 Resource Center\"},\"image\":{\"@id\":\"https:\\\/\\\/one22jh.org\\\/#\\\/schema\\\/logo\\\/image\\\/\"}}]}<\/script>\n<!-- \/ Yoast SEO plugin. -->","yoast_head_json":{"title":"Acceso ling\u00fc\u00edstico | Centro de Recursos One22 | Jackson Hole","description":"One22 has a long history of helping folks find their way with language assistance, interpreter training, vital records and more.","robots":{"index":"index","follow":"follow","max-snippet":"max-snippet:-1","max-image-preview":"max-image-preview:large","max-video-preview":"max-video-preview:-1"},"canonical":"https:\/\/one22jh.org\/es\/solicita-apoyo\/acceso-asistencia-linguistica\/","og_locale":"es_MX","og_type":"article","og_title":"Language Access | One22 Resource Center | Jackson Hole","og_description":"One22 has a long history of helping folks find their way with language assistance, interpreter training, vital records and more.","og_url":"https:\/\/one22jh.org\/es\/solicita-apoyo\/acceso-asistencia-linguistica\/","og_site_name":"One22 Resource Center","article_modified_time":"2026-03-11T15:33:11+00:00","twitter_card":"summary_large_image","twitter_misc":{"Tiempo de lectura":"1 minuto"},"schema":{"@context":"https:\/\/schema.org","@graph":[{"@type":"WebPage","@id":"https:\/\/one22jh.org\/get-help\/language-access-assistance\/","url":"https:\/\/one22jh.org\/get-help\/language-access-assistance\/","name":"Acceso ling\u00fc\u00edstico | Centro de Recursos One22 | Jackson Hole","isPartOf":{"@id":"https:\/\/one22jh.org\/#website"},"datePublished":"2023-04-10T11:51:53+00:00","dateModified":"2026-03-11T15:33:11+00:00","description":"One22 has a long history of helping folks find their way with language assistance, interpreter training, vital records and more.","breadcrumb":{"@id":"https:\/\/one22jh.org\/get-help\/language-access-assistance\/#breadcrumb"},"inLanguage":"es","potentialAction":[{"@type":"ReadAction","target":["https:\/\/one22jh.org\/get-help\/language-access-assistance\/"]}]},{"@type":"BreadcrumbList","@id":"https:\/\/one22jh.org\/get-help\/language-access-assistance\/#breadcrumb","itemListElement":[{"@type":"ListItem","position":1,"name":"Home","item":"https:\/\/one22jh.org\/"},{"@type":"ListItem","position":2,"name":"Get Help","item":"https:\/\/one22jh.org\/get-help\/"},{"@type":"ListItem","position":3,"name":"Language Access"}]},{"@type":"WebSite","@id":"https:\/\/one22jh.org\/#website","url":"https:\/\/one22jh.org\/","name":"Centro de Recursos One22","description":"Somos One22 Recursos para apoyar una comunidad pr\u00f3spera y diversa de Greater Teton.","publisher":{"@id":"https:\/\/one22jh.org\/#organization"},"potentialAction":[{"@type":"SearchAction","target":{"@type":"EntryPoint","urlTemplate":"https:\/\/one22jh.org\/?s={search_term_string}"},"query-input":{"@type":"PropertyValueSpecification","valueRequired":true,"valueName":"search_term_string"}}],"inLanguage":"es"},{"@type":"Organization","@id":"https:\/\/one22jh.org\/#organization","name":"Centro de Recursos One22","url":"https:\/\/one22jh.org\/","logo":{"@type":"ImageObject","inLanguage":"es","@id":"https:\/\/one22jh.org\/#\/schema\/logo\/image\/","url":"https:\/\/one22jh.org\/wp-content\/uploads\/2024\/07\/logo-blue.webp","contentUrl":"https:\/\/one22jh.org\/wp-content\/uploads\/2024\/07\/logo-blue.webp","width":271,"height":101,"caption":"One22 Resource Center"},"image":{"@id":"https:\/\/one22jh.org\/#\/schema\/logo\/image\/"}}]}},"acf":[],"_links":{"self":[{"href":"https:\/\/one22jh.org\/es\/wp-json\/wp\/v2\/pages\/473","targetHints":{"allow":["GET"]}}],"collection":[{"href":"https:\/\/one22jh.org\/es\/wp-json\/wp\/v2\/pages"}],"about":[{"href":"https:\/\/one22jh.org\/es\/wp-json\/wp\/v2\/types\/page"}],"author":[{"embeddable":true,"href":"https:\/\/one22jh.org\/es\/wp-json\/wp\/v2\/users\/2"}],"replies":[{"embeddable":true,"href":"https:\/\/one22jh.org\/es\/wp-json\/wp\/v2\/comments?post=473"}],"version-history":[{"count":0,"href":"https:\/\/one22jh.org\/es\/wp-json\/wp\/v2\/pages\/473\/revisions"}],"up":[{"embeddable":true,"href":"https:\/\/one22jh.org\/es\/wp-json\/wp\/v2\/pages\/275"}],"wp:attachment":[{"href":"https:\/\/one22jh.org\/es\/wp-json\/wp\/v2\/media?parent=473"}],"curies":[{"name":"wp","href":"https:\/\/api.w.org\/{rel}","templated":true}]}}