{"id":466,"date":"2023-04-10T11:44:23","date_gmt":"2023-04-10T11:44:23","guid":{"rendered":"https:\/\/one22jh.wpengine.com\/?page_id=466"},"modified":"2025-07-08T20:20:52","modified_gmt":"2025-07-08T20:20:52","slug":"asistencia-financiera","status":"publish","type":"page","link":"https:\/\/one22jh.org\/es\/solicita-apoyo\/asistencia-financiera\/","title":{"rendered":"Asistencia financiera"},"content":{"rendered":"<h1 class=\"wp-block-heading has-text-align-center financial-main-page-heading aos-fade-right animated fadeIn duration5 delay1 eds-on-scroll\">Asistencia financiera<\/h1>\n\n\n\n<div style=\"height:70px\" aria-hidden=\"true\" class=\"wp-block-spacer financial-assistance-first-section-height\"><\/div>\n\n\n<div  id=\"ninec-two-column-full-width-financial-section-grid\" class=\"ninec_fullwidth lazyload ninec_grid_row_wrapper_1 ninec-two-column-full-width-financial-section\"><div class=\"ninec_grid_wrapper\"><div class=\"ninec_row ninec_row_vertical\"><div id=\"\" class=\"ninec_col ninec_grid_col full-width-image-section animated fadeIn duration5 delay1 eds-on-scroll\"><img loading=\"lazy\" decoding=\"async\" width=\"1280\" height=\"800\" src=\"data:image\/png;base64,iVBORw0KGgoAAAANSUhEUgAAAAMAAAACCAQAAAA3fa6RAAAADklEQVR42mNkAANGCAUAACMAA2w\/AMgAAAAASUVORK5CYII=\" data-src=\"https:\/\/one22jh.org\/wp-content\/uploads\/2024\/07\/FinancialAssistance-HowWeHelp.jpg\" alt=\"Nuestro trabajo\" class=\"lazyload nineclazy\"><\/div><div id=\"full-width-finicail-section-two-column-grid\" class=\"ninec_col ninec_grid_col ninec_grid_col_last full-width-column-content  aos-fade-up animated fadeInRightBig duration3 delay0 eds-on-scroll\"><h3 >Nuestro trabajo<\/h3><div class=\"ninec_grid_col_content\"><p>En One22 sabemos que, para muchos, el alto costo de la vida en Jackson Hole dificulta o incluso imposibilita cubrir las necesidades b\u00e1sicas durante tiempos de penuria. Nuestros programas de Asistencia financiera pueden ayudar a amortiguar una situaci\u00f3n, al apoyar con los costos de la vivienda y otras necesidades emergentes y as\u00ed crear un margen de tiempo y apoyo que posibilite la planificaci\u00f3n y la toma de decisiones.<\/p>\n<\/div><\/div><div class=\"clearfix\"><\/div><\/div><\/div><\/div>\n\n\n<div style=\"height:80px\" aria-hidden=\"true\" class=\"wp-block-spacer financial-assistance-second-section-height\"><\/div>\n\n\n\n<div class=\"wp-block-gutena-tabs gutena-tabs-block gutena-tabs-block-f2c1ca-36\"><ul class=\"gutena-tabs-tab tab-flex\"><li class=\"gutena-tab-title active\" data-tab=\"1\"><div class=\"gutena-tab-title-content icon-top\"><div class=\"gutena-tab-title-text\"><div>ASISTENCIA PARA EL ALQUILER<\/div><\/div><\/div><\/li><li class=\"gutena-tab-title inactive\" data-tab=\"2\"><div class=\"gutena-tab-title-content icon-top\"><div class=\"gutena-tab-title-text\"><div>ASISTENCIA PARA EL PRIMER MES, \u00daLTIMO MES Y DEP\u00d3SITO<\/div><\/div><\/div><\/li><li class=\"gutena-tab-title inactive\" data-tab=\"3\"><div class=\"gutena-tab-title-content icon-top\"><div class=\"gutena-tab-title-text\"><div>ASISTENCIA PARA SITUACIONES DE EMERGENCIA<\/div><\/div><\/div><\/li><\/ul><div class=\"gutena-tabs-content is-layout-flow wp-block-gutena-tabs-is-layout-flow\">\n<div class=\"wp-block-gutena-tab gutena-tab-block gutena-tab-block-75cd5c-cf active\" data-tab=\"1\"><div  class=\"ninec_normalwidth ninec_grid_row_wrapper_1 three-column-tab-row-section\"><div class=\"ninec_grid_wrapper\"><div class=\"ninec_row ninec_row_vertical\"><div id=\"\" class=\"ninec_col ninec_grid_col two-column-tab-area\"><a href=\"\/es\/solicita-apoyo\/asistencia-financiera\/asistencia-alquiler\/\" target=\"\"><img loading=\"lazy\" decoding=\"async\" width=\"884\" height=\"950\" src=\"data:image\/png;base64,iVBORw0KGgoAAAANSUhEUgAAAAMAAAACCAQAAAA3fa6RAAAADklEQVR42mNkAANGCAUAACMAA2w\/AMgAAAAASUVORK5CYII=\" data-src=\"https:\/\/one22jh.org\/wp-content\/uploads\/2023\/08\/thumb-financial-assistance-rent-assistance-financial-assistance-programs-jpg.webp\" alt=\"Programas de ayuda financiera\" class=\"lazyload nineclazy\"><\/a><\/div><div id=\"\" class=\"ninec_col ninec_grid_col ninec_grid_col_last two-column-tab-area-content\"><h2 ><a href=\"\/es\/solicita-apoyo\/asistencia-financiera\/asistencia-alquiler\/\" target=\"\">Asistencia para el alquiler<\/a><\/h2><div class=\"ninec_grid_col_content\"><p>Si est\u00e1s batallando para pagar la renta, no est\u00e1s solo\u2014existe ayuda. A trav\u00e9s de nuestro programa de Asistencia para el alquiler, trabajaremos contigo, ofreci\u00e9ndote orientaci\u00f3n presupuestaria personalizada y conect\u00e1ndote con recursos comunitarios adicionales. Puede que exista asistencia financiera para ayudarte a recuperar la estabilidad.<\/p>\n<\/div><a class=\"site-buttons\" href=\"https:\/\/one22jh.org\/es\/solicita-apoyo\/asistencia-financiera\/asistencia-alquiler\/\" target=\"\">Conoce m\u00e1s<\/a><\/div><div class=\"clearfix\"><\/div><\/div><\/div><\/div><\/div>\n\n\n\n<div class=\"wp-block-gutena-tab gutena-tab-block gutena-tab-block-622584-5c inactive\" data-tab=\"2\"><div  class=\"ninec_normalwidth ninec_grid_row_wrapper_1 three-column-tab-row-section\"><div class=\"ninec_grid_wrapper\"><div class=\"ninec_row ninec_row_vertical\"><div id=\"\" class=\"ninec_col ninec_grid_col\"><a href=\"\/es\/solicita-apoyo\/asistencia-financiera\/first-last-deposite\/\" target=\"\"><img loading=\"lazy\" decoding=\"async\" width=\"884\" height=\"950\" src=\"data:image\/png;base64,iVBORw0KGgoAAAANSUhEUgAAAAMAAAACCAQAAAA3fa6RAAAADklEQVR42mNkAANGCAUAACMAA2w\/AMgAAAAASUVORK5CYII=\" data-src=\"https:\/\/one22jh.org\/wp-content\/uploads\/2024\/07\/FLD-Vertical.jpg\" alt=\"Family Moving\" class=\"lazyload nineclazy\"><\/a><\/div><div id=\"\" class=\"ninec_col ninec_grid_col ninec_grid_col_last two-column-tab-area-content\"><h2 ><a href=\"\/es\/solicita-apoyo\/asistencia-financiera\/primer-ultimo-deposito\/\" target=\"\">Asistencia para el primer mes, \u00faltimo mes y dep\u00f3sito<\/a><\/h2><div class=\"ninec_grid_col_content\"><p>Si te encuentras en una situaci\u00f3n de vivienda precaria o inestable y encuentras una oportunidad mejor, es posible que este programa te pueda apoyar solventando algunos de los costos iniciales. Nuestro objetivo es ayudar a inquilinos de bajos y moderados ingresos a afianzar oportunidades de alquiler m\u00e1s seguras y saludables, cuando dichas oportunidades de alquiler:<\/p>\n<ul>\n<li>Impliquen un porcentaje de gasto m\u00e1s bajo, con respecto a tus ingresos<\/li>\n<li>Cuenten con contrato de arrendamiento firmado<\/li>\n<li>Sean espacios aptos para vivir<\/li>\n<\/ul>\n<p>Sabemos que estas oportunidades son poco frecuentes y este programa est\u00e1 dise\u00f1ado para responder de manera oportuna. Para m\u00e1s informaci\u00f3n, ll\u00e1manos al (307) 739-4500.<\/p>\n<\/div><a class=\"site-buttons\" href=\"\/es\/solicita-apoyo\/asistencia-financiera\/primer-ultimo-deposito\/\" target=\"\">Conoce m\u00e1s<\/a><\/div><div class=\"clearfix\"><\/div><\/div><\/div><\/div><\/div>\n\n\n\n<div class=\"wp-block-gutena-tab gutena-tab-block gutena-tab-block-2a6ef4-28 inactive\" data-tab=\"3\"><div  class=\"ninec_normalwidth ninec_grid_row_wrapper_1 three-column-tab-row-section\"><div class=\"ninec_grid_wrapper\"><div class=\"ninec_row ninec_row_vertical\"><div id=\"\" class=\"ninec_col ninec_grid_col\"><img loading=\"lazy\" decoding=\"async\" width=\"744\" height=\"800\" src=\"data:image\/png;base64,iVBORw0KGgoAAAANSUhEUgAAAAMAAAACCAQAAAA3fa6RAAAADklEQVR42mNkAANGCAUAACMAA2w\/AMgAAAAASUVORK5CYII=\" data-src=\"https:\/\/one22jh.org\/wp-content\/uploads\/2024\/03\/GetHelp-EmergencyAssistance-Thumb-jpg.webp\" alt=\"Asistencia para situaciones de emergencia\" class=\"lazyload nineclazy\"><\/div><div id=\"\" class=\"ninec_col ninec_grid_col ninec_grid_col_last two-column-tab-area-content\"><h2 >Asistencia para situaciones de emergencia<\/h2><div class=\"ninec_grid_col_content\"><p>\u00bfUna situaci\u00f3n repentina e inesperada afecta directamente tu capacidad de satisfacer tus necesidades b\u00e1sicas o las de tu familia? Para eso existimos. Nuestro equipo trabajar\u00e1 contigo para conectarte con nuestros recursos, as\u00ed como con otros recursos comunitarios.<\/p>\n<p>Las solicitudes de asistencia para emergencias se aceptan de manera continua. Dada la naturaleza urgente de las emergencias, tras recibir tu solicitud, un coordinador de servicio al cliente te contactar\u00e1 al siguiente d\u00eda h\u00e1bil. Si tu situaci\u00f3n requiere atenci\u00f3n inmediata, por favor ll\u00e1manos al (307) 739-4500 o vis\u00edtanos en Jackson, Wyoming, en la direcci\u00f3n 180 S Willow Street, durante nuestros horarios de atenci\u00f3n.<\/p>\n<\/div><a class=\"site-buttons\" href=\"https:\/\/one22jh.org\/es\/solicita-apoyo\/asistencia-financiera\/emergencias\/\" target=\"\">Conoce m\u00e1s<\/a><\/div><div class=\"clearfix\"><\/div><\/div><\/div><\/div><\/div>\n<\/div><\/div>\n\n\n\n<div style=\"height:100px\" aria-hidden=\"true\" class=\"wp-block-spacer financial-assistance-third-section-height\"><\/div>\n\n\n<div  class=\"ninec_normalwidth ninec_grid_row_wrapper_1\"><div class=\"ninec_grid_wrapper\"><div class=\"ninec_row ninec_row_vertical\"><div id=\"\" class=\"ninec_col ninec_grid_col\"><\/div><div id=\"\" class=\"ninec_col ninec_grid_col\"><div class=\"ninec_grid_col_content\"><p><img loading=\"lazy\" decoding=\"async\" class=\"wp-image-4139 aligncenter\" src=\"https:\/\/one22jh.org\/wp-content\/uploads\/2023\/09\/CFJH_Logos_RGB_Dark-300x135.png\" alt=\"Fundaci\u00f3n Comunitaria de Jackson Hole\" width=\"200\" height=\"90\" srcset=\"https:\/\/one22jh.org\/wp-content\/uploads\/2023\/09\/CFJH_Logos_RGB_Dark-300x135.png 300w, https:\/\/one22jh.org\/wp-content\/uploads\/2023\/09\/CFJH_Logos_RGB_Dark-1024x462.png 1024w, https:\/\/one22jh.org\/wp-content\/uploads\/2023\/09\/CFJH_Logos_RGB_Dark-768x347.png 768w, https:\/\/one22jh.org\/wp-content\/uploads\/2023\/09\/CFJH_Logos_RGB_Dark-18x8.png 18w, https:\/\/one22jh.org\/wp-content\/uploads\/2023\/09\/CFJH_Logos_RGB_Dark.png 1342w\" sizes=\"auto, (max-width: 200px) 100vw, 200px\" \/><\/p>\n<p style=\"text-align: center;\"><em>Los programas de asistencia financiera de One22 est\u00e1n financiados parcialmente por una subvenci\u00f3n de la Community Foundation of Jackson Hole. <\/em><\/p>\n<\/div><\/div><div id=\"\" class=\"ninec_col ninec_grid_col ninec_grid_col_last\"><\/div><div class=\"clearfix\"><\/div><\/div><\/div><\/div>\n\n\n<div style=\"height:30px\" aria-hidden=\"true\" class=\"wp-block-spacer\"><\/div>\n\n\n<div data-bgset=\"https:\/\/one22jh.org\/wp-content\/uploads\/2023\/08\/background-no-cost-groceries-need-help-jackson-cupboard-jpg.webp\" id=\"one-design-two-column-help-content-section-full-width\" class=\"ninec_gridbackground lazyload ninec_grid_row_wrapper_1 one-design-two-column-help-content-section\"><div class=\"ninec_grid_wrapper\"><div class=\"ninec_row\"><div id=\"\" class=\"ninec_col ninec_grid_col ninec_grid_col_last one-design-two-column-help-section aos-flip-left animated fadeInLeft duration0 delay0 eds-on-scroll\"><h3 >Fue justo la ayuda que necesitaba...<\/h3><div class=\"ninec_grid_col_content\"><p>\"Si tienes la oportunidad de acceder a una vivienda y One22 es capaz de ayudar, te cambia la vida\"<\/p>\n<\/div><a class=\"site-buttons site-buttons-text\" href=\"\/es\/quienes-somos\/testimonios-de-clientes\/\" target=\"\">LEE OTROS TESTIMONIOS DE CLIENTES<\/a><\/div><div class=\"clearfix\"><\/div><\/div><\/div><\/div>\n\n\n<div style=\"height:70px\" aria-hidden=\"true\" class=\"wp-block-spacer financial-assistance-fourth-section-height\"><\/div>\n\n\n<div id=\"one-twenty-two-another-services-section\" class=\"ninec_normalwidth ninec_grid_row_wrapper_1 one-twenty-two-another-services-area animated fadeInRight duration2 delay0 eds-on-scroll\"><div class=\"ninec_grid_wrapper\"><h2 class=\"ninec_grid_heading\">Otros servicios<\/h2><div class=\"ninec_row ninec_row_vertical\"><div class=\"ninec_col ninec_grid_col one-twenty-two-another-services-column aos-fade-right aos-init aos-animate\" data-aos=\"fade-right\"><a href=\"\/es\/solicita-apoyo\/asistencia-alimenticia\/\" target=\"_self\"><img loading=\"lazy\" decoding=\"async\" class=\"nineclazy\" width=\"300\" height=\"300\" src=\"https:\/\/one22jh.org\/wp-content\/uploads\/2023\/06\/one-twenty-two-blue-carrot-icon.png\" alt=\"Programa de asistencia alimentaria\"\/><\/a><h4><a href=\"\/es\/solicita-apoyo\/asistencia-alimenticia\/\" target=\"_self\">ASISTENCIA ALIMENTICIA<\/a><\/h4><a href=\"\/es\/solicita-apoyo\/asistencia-alimenticia\/\" target=\"_self\"><img loading=\"lazy\" decoding=\"async\" class=\"nineclazy financial-heading-image-link\" width=\"298\" height=\"148\" src=\"\/wp-content\/uploads\/2023\/06\/one-22-blue-arrow-icon.png\" alt=\"Programa de ayuda financiera\"\/><\/a><\/div><div class=\"ninec_col ninec_grid_col one-twenty-two-another-services-column aos-fade-right aos-init aos-animate\" data-aos=\"fade-right\"><a href=\"\/es\/solicita-apoyo\/immigrant-services\/\" target=\"_self\"><img loading=\"lazy\" decoding=\"async\" class=\"nineclazy\" width=\"245\" height=\"234\" src=\"https:\/\/one22jh.org\/wp-content\/uploads\/2023\/06\/icons.png\" alt=\"Programa de ayuda financiera\"\/><\/a><h4><a href=\"\/es\/solicita-apoyo\/immigrant-services\/\" target=\"_self\">ACCESO LING\u00dc\u00cdSTICO<\/a><\/h4><a href=\"\/es\/solicita-apoyo\/immigrant-services\/\" target=\"_self\"><img loading=\"lazy\" decoding=\"async\" class=\"nineclazy financial-heading-image-link\" width=\"298\" height=\"148\" src=\"\/wp-content\/uploads\/2023\/06\/one-22-blue-arrow-icon.png\" alt=\"Programa de ayuda financiera\"\/><\/a><\/div><div class=\"ninec_col ninec_grid_col one-twenty-two-another-services-column aos-fade-right aos-init aos-animate\" data-aos=\"fade-right\"><a href=\"\/es\/solicita-apoyo\/becas-de-enriquecimiento\/\" target=\"_self\"><img loading=\"lazy\" decoding=\"async\" class=\"nineclazy\" width=\"300\" height=\"300\" src=\"https:\/\/one22jh.org\/wp-content\/uploads\/2023\/06\/one-twenty-two-blue-paint-icon.png\" alt=\"Programa de ayuda financiera\"\/><\/a><h4><a href=\"\/es\/solicita-apoyo\/becas-de-enriquecimiento\/\" target=\"_self\">BECAS DE ENRIQUECIMIENTO JUVENIL<\/a><\/h4><a href=\"\/es\/solicita-apoyo\/becas-de-enriquecimiento\/\" target=\"_self\"><img loading=\"lazy\" decoding=\"async\" class=\"nineclazy financial-heading-image-link\" width=\"298\" height=\"148\" src=\"\/wp-content\/uploads\/2023\/06\/one-22-blue-arrow-icon.png\" alt=\"Programa de ayuda financiera\"\/><\/a><\/div><div class=\"ninec_col ninec_grid_col one-twenty-two-another-services-column aos-fade-right aos-init aos-animate\" data-aos=\"fade-right\"><a href=\"\/es\/solicita-apoyo\/empoderamiento-financiero\/\" target=\"_self\"><img loading=\"lazy\" decoding=\"async\" class=\"nineclazy\" width=\"300\" height=\"300\" src=\"https:\/\/one22jh.org\/wp-content\/uploads\/2023\/06\/one-twenty-two-blue-piggy-bank.png\" alt=\"Programa de ayuda financiera\"\/><\/a><h4><a href=\"\/es\/solicita-apoyo\/empoderamiento-financiero\/\" target=\"_self\">EMPODERAMIENTO FINANCIERO<\/a><\/h4><a href=\"\/es\/solicita-apoyo\/empoderamiento-financiero\/\" target=\"_self\"><img loading=\"lazy\" decoding=\"async\" class=\"nineclazy financial-heading-image-link\" width=\"298\" height=\"148\" src=\"\/wp-content\/uploads\/2023\/06\/one-22-blue-arrow-icon.png\" alt=\"Programa de ayuda financiera\"\/><\/a><\/div><\/div><\/div><\/div>","protected":false},"excerpt":{"rendered":"<p>Asistencia financiera<\/p>","protected":false},"author":2,"featured_media":0,"parent":275,"menu_order":0,"comment_status":"closed","ping_status":"closed","template":"","meta":{"footnotes":""},"class_list":["post-466","page","type-page","status-publish","hentry"],"yoast_head":"<!-- This site is optimized with the Yoast SEO plugin v27.3 - https:\/\/yoast.com\/product\/yoast-seo-wordpress\/ -->\n<title>Financial Assistance | One22 Resource Center | Jackson Hole<\/title>\n<meta name=\"description\" content=\"One22 offers a range of financial assistance programs to help individuals and families in the Greater Teton community facing times of hardship.\" \/>\n<meta name=\"robots\" content=\"index, follow, max-snippet:-1, max-image-preview:large, max-video-preview:-1\" \/>\n<link rel=\"canonical\" href=\"https:\/\/one22jh.org\/es\/solicita-apoyo\/asistencia-financiera\/\" \/>\n<meta property=\"og:locale\" content=\"es_MX\" \/>\n<meta property=\"og:type\" content=\"article\" \/>\n<meta property=\"og:title\" content=\"Financial Assistance | One22 Resource Center | Jackson Hole\" \/>\n<meta property=\"og:description\" content=\"One22 offers a range of financial assistance programs to help individuals and families in the Greater Teton community facing times of hardship.\" \/>\n<meta property=\"og:url\" content=\"https:\/\/one22jh.org\/es\/solicita-apoyo\/asistencia-financiera\/\" \/>\n<meta property=\"og:site_name\" content=\"One22 Resource Center\" \/>\n<meta property=\"article:modified_time\" content=\"2025-07-08T20:20:52+00:00\" \/>\n<meta name=\"twitter:card\" content=\"summary_large_image\" \/>\n<meta name=\"twitter:label1\" content=\"Tiempo de lectura\" \/>\n\t<meta name=\"twitter:data1\" content=\"1 minuto\" \/>\n<script type=\"application\/ld+json\" class=\"yoast-schema-graph\">{\"@context\":\"https:\\\/\\\/schema.org\",\"@graph\":[{\"@type\":\"WebPage\",\"@id\":\"https:\\\/\\\/one22jh.org\\\/get-help\\\/financial-assistance\\\/\",\"url\":\"https:\\\/\\\/one22jh.org\\\/get-help\\\/financial-assistance\\\/\",\"name\":\"Financial Assistance | One22 Resource Center | Jackson Hole\",\"isPartOf\":{\"@id\":\"https:\\\/\\\/one22jh.org\\\/#website\"},\"datePublished\":\"2023-04-10T11:44:23+00:00\",\"dateModified\":\"2025-07-08T20:20:52+00:00\",\"description\":\"One22 offers a range of financial assistance programs to help individuals and families in the Greater Teton community facing times of hardship.\",\"breadcrumb\":{\"@id\":\"https:\\\/\\\/one22jh.org\\\/get-help\\\/financial-assistance\\\/#breadcrumb\"},\"inLanguage\":\"es\",\"potentialAction\":[{\"@type\":\"ReadAction\",\"target\":[\"https:\\\/\\\/one22jh.org\\\/get-help\\\/financial-assistance\\\/\"]}]},{\"@type\":\"BreadcrumbList\",\"@id\":\"https:\\\/\\\/one22jh.org\\\/get-help\\\/financial-assistance\\\/#breadcrumb\",\"itemListElement\":[{\"@type\":\"ListItem\",\"position\":1,\"name\":\"Home\",\"item\":\"https:\\\/\\\/one22jh.org\\\/\"},{\"@type\":\"ListItem\",\"position\":2,\"name\":\"Get Help\",\"item\":\"https:\\\/\\\/one22jh.org\\\/get-help\\\/\"},{\"@type\":\"ListItem\",\"position\":3,\"name\":\"Financial Assistance\"}]},{\"@type\":\"WebSite\",\"@id\":\"https:\\\/\\\/one22jh.org\\\/#website\",\"url\":\"https:\\\/\\\/one22jh.org\\\/\",\"name\":\"One22 Resource Center\",\"description\":\"We are One22  Resources to Support One Thriving and Diverse Greater Teton Community.\",\"publisher\":{\"@id\":\"https:\\\/\\\/one22jh.org\\\/#organization\"},\"potentialAction\":[{\"@type\":\"SearchAction\",\"target\":{\"@type\":\"EntryPoint\",\"urlTemplate\":\"https:\\\/\\\/one22jh.org\\\/?s={search_term_string}\"},\"query-input\":{\"@type\":\"PropertyValueSpecification\",\"valueRequired\":true,\"valueName\":\"search_term_string\"}}],\"inLanguage\":\"es\"},{\"@type\":\"Organization\",\"@id\":\"https:\\\/\\\/one22jh.org\\\/#organization\",\"name\":\"One22 Resource Center\",\"url\":\"https:\\\/\\\/one22jh.org\\\/\",\"logo\":{\"@type\":\"ImageObject\",\"inLanguage\":\"es\",\"@id\":\"https:\\\/\\\/one22jh.org\\\/#\\\/schema\\\/logo\\\/image\\\/\",\"url\":\"https:\\\/\\\/one22jh.org\\\/wp-content\\\/uploads\\\/2024\\\/07\\\/logo-blue.webp\",\"contentUrl\":\"https:\\\/\\\/one22jh.org\\\/wp-content\\\/uploads\\\/2024\\\/07\\\/logo-blue.webp\",\"width\":271,\"height\":101,\"caption\":\"One22 Resource Center\"},\"image\":{\"@id\":\"https:\\\/\\\/one22jh.org\\\/#\\\/schema\\\/logo\\\/image\\\/\"}}]}<\/script>\n<!-- \/ Yoast SEO plugin. -->","yoast_head_json":{"title":"Asistencia finaciera | One22 Resource Center | Jackson Hole","description":"One22 offers a range of financial assistance programs to help individuals and families in the Greater Teton community facing times of hardship.","robots":{"index":"index","follow":"follow","max-snippet":"max-snippet:-1","max-image-preview":"max-image-preview:large","max-video-preview":"max-video-preview:-1"},"canonical":"https:\/\/one22jh.org\/es\/solicita-apoyo\/asistencia-financiera\/","og_locale":"es_MX","og_type":"article","og_title":"Financial Assistance | One22 Resource Center | Jackson Hole","og_description":"One22 offers a range of financial assistance programs to help individuals and families in the Greater Teton community facing times of hardship.","og_url":"https:\/\/one22jh.org\/es\/solicita-apoyo\/asistencia-financiera\/","og_site_name":"One22 Resource Center","article_modified_time":"2025-07-08T20:20:52+00:00","twitter_card":"summary_large_image","twitter_misc":{"Tiempo de lectura":"1 minuto"},"schema":{"@context":"https:\/\/schema.org","@graph":[{"@type":"WebPage","@id":"https:\/\/one22jh.org\/get-help\/financial-assistance\/","url":"https:\/\/one22jh.org\/get-help\/financial-assistance\/","name":"Asistencia finaciera | One22 Resource Center | Jackson Hole","isPartOf":{"@id":"https:\/\/one22jh.org\/#website"},"datePublished":"2023-04-10T11:44:23+00:00","dateModified":"2025-07-08T20:20:52+00:00","description":"One22 offers a range of financial assistance programs to help individuals and families in the Greater Teton community facing times of hardship.","breadcrumb":{"@id":"https:\/\/one22jh.org\/get-help\/financial-assistance\/#breadcrumb"},"inLanguage":"es","potentialAction":[{"@type":"ReadAction","target":["https:\/\/one22jh.org\/get-help\/financial-assistance\/"]}]},{"@type":"BreadcrumbList","@id":"https:\/\/one22jh.org\/get-help\/financial-assistance\/#breadcrumb","itemListElement":[{"@type":"ListItem","position":1,"name":"Home","item":"https:\/\/one22jh.org\/"},{"@type":"ListItem","position":2,"name":"Get Help","item":"https:\/\/one22jh.org\/get-help\/"},{"@type":"ListItem","position":3,"name":"Financial Assistance"}]},{"@type":"WebSite","@id":"https:\/\/one22jh.org\/#website","url":"https:\/\/one22jh.org\/","name":"Centro de Recursos One22","description":"Somos One22 Recursos para apoyar una comunidad pr\u00f3spera y diversa de Greater Teton.","publisher":{"@id":"https:\/\/one22jh.org\/#organization"},"potentialAction":[{"@type":"SearchAction","target":{"@type":"EntryPoint","urlTemplate":"https:\/\/one22jh.org\/?s={search_term_string}"},"query-input":{"@type":"PropertyValueSpecification","valueRequired":true,"valueName":"search_term_string"}}],"inLanguage":"es"},{"@type":"Organization","@id":"https:\/\/one22jh.org\/#organization","name":"Centro de Recursos One22","url":"https:\/\/one22jh.org\/","logo":{"@type":"ImageObject","inLanguage":"es","@id":"https:\/\/one22jh.org\/#\/schema\/logo\/image\/","url":"https:\/\/one22jh.org\/wp-content\/uploads\/2024\/07\/logo-blue.webp","contentUrl":"https:\/\/one22jh.org\/wp-content\/uploads\/2024\/07\/logo-blue.webp","width":271,"height":101,"caption":"One22 Resource Center"},"image":{"@id":"https:\/\/one22jh.org\/#\/schema\/logo\/image\/"}}]}},"acf":[],"_links":{"self":[{"href":"https:\/\/one22jh.org\/es\/wp-json\/wp\/v2\/pages\/466","targetHints":{"allow":["GET"]}}],"collection":[{"href":"https:\/\/one22jh.org\/es\/wp-json\/wp\/v2\/pages"}],"about":[{"href":"https:\/\/one22jh.org\/es\/wp-json\/wp\/v2\/types\/page"}],"author":[{"embeddable":true,"href":"https:\/\/one22jh.org\/es\/wp-json\/wp\/v2\/users\/2"}],"replies":[{"embeddable":true,"href":"https:\/\/one22jh.org\/es\/wp-json\/wp\/v2\/comments?post=466"}],"version-history":[{"count":0,"href":"https:\/\/one22jh.org\/es\/wp-json\/wp\/v2\/pages\/466\/revisions"}],"up":[{"embeddable":true,"href":"https:\/\/one22jh.org\/es\/wp-json\/wp\/v2\/pages\/275"}],"wp:attachment":[{"href":"https:\/\/one22jh.org\/es\/wp-json\/wp\/v2\/media?parent=466"}],"curies":[{"name":"wp","href":"https:\/\/api.w.org\/{rel}","templated":true}]}}