{"id":4585,"date":"2023-10-23T15:45:52","date_gmt":"2023-10-23T15:45:52","guid":{"rendered":"https:\/\/one22jh.wpengine.com\/?page_id=4585"},"modified":"2025-12-09T21:03:39","modified_gmt":"2025-12-09T21:03:39","slug":"regalos-de-navidad","status":"publish","type":"page","link":"https:\/\/one22jh.org\/es\/regalos-de-navidad\/","title":{"rendered":"Acopio de regalos de Navidad"},"content":{"rendered":"<div id=\"ninec_banner_1\" class=\"ninec_fullwidth\"><div class=\"ninec_image_banner_wrapper\"><div class=\"ninec_image_banner\"><img loading=\"lazy\" decoding=\"async\" src=\"data:image\/png;base64,iVBORw0KGgoAAAANSUhEUgAAAAMAAAACCAQAAAA3fa6RAAAADklEQVR42mNkAANGCAUAACMAA2w\/AMgAAAAASUVORK5CYII=\" class=\"lazyload nineclazy\" width=\"1600\" height=\"650\" data-src=\"https:\/\/one22jh.org\/wp-content\/uploads\/2025\/10\/TopBanner-HGD.png\" alt=\"\"><div class=\"ninec_image_banner_caption animated zoomIn duration3 delay0 eds-on-scroll\"><h1><span>REGALA ALEGR\u00cdA PROPORCIONANDO OBSEQUIOS PARA FAMILIAS LOCALES<\/span><br>Acopio de regalos de Navidad<\/h1><h2><p>This year, our Holiday Gift Drive is turning into a festive, in-person Holiday Shop experience for our clients \u2014 and you can help us stock the shelves! We\u2019ve curated a Target Registry and a Wish List filled with the most-requested items from past years.<\/p>\n<p>Los donantes podr\u00e1n inspeccionarla, elegir los regalos que m\u00e1s se ajusten a su presupuesto y envi\u00e1rnoslos directamente (\u00a1de preferencia, favor de optar por realizar el env\u00edo a trav\u00e9s de la mesa de regalos Target!). Si prefieres adquirir los obsequios en tiendas locales, puedes entregarlos en la oficina de One22 (180 S Willow Street) antes del <strong>viernes, 5 de diciembre. Abrimos de lunes a viernes, de 9 am\u20135 pm<\/strong>. \u00bfPrefieres saltarte las compras? Tambi\u00e9n puedes donar al Fondo de la Campa\u00f1a de acopio de regalos de Navidad, \u00a1ayudando a asegurar que cada familia sienta el esp\u00edritu de esta temporada!<\/p>\n<\/h2><a class=\"site-buttons\" href=\"https:\/\/www.classy.org\/give\/536719\/#!\/donation\/checkout\" target=\"_blank\">Dona<\/a><\/div><\/div><\/div><\/div>\n\n\n<div style=\"height:250px\" aria-hidden=\"true\" class=\"wp-block-spacer rent-assistance-spacer-first\"><\/div>\n\n\n\n<div style=\"height:100px\" aria-hidden=\"true\" class=\"wp-block-spacer rent-assistance-spacer-two\"><\/div>\n\n\n\n<h2 class=\"wp-block-heading has-text-align-center\">Preguntas frecuentes<\/h2>\n\n\n\n<div style=\"height:100px\" aria-hidden=\"true\" class=\"wp-block-spacer faq-title-spacing\"><\/div>\n\n\n\n<div class=\"wp-block-esab-accordion accordion-0cc40c83\" data-mode=\"global\"><div class=\"esab__container\">\n<div class=\"wp-block-esab-accordion-child\"><div class=\"esab__head\" role=\"button\" aria-expanded=\"false\"><div class=\"esab__heading_txt\"><h4 class=\"esab__heading_tag\">\u00bfC\u00d3MO FUNCIONA?<\/h4><\/div><div class=\"esab__icon\"><div class=\"esab__collapse\"> <svg version=\"1.2\" viewbox=\"0 0 24 24\" width=\"24\" height=\"24\"><path d=\"m11.3 3.6h1.4q0.2 0 0.2 0.1v16.6q0 0.1-0.2 0.1h-1.4q-0.2 0-0.2-0.2v-16.5q0-0.1 0.2-0.1z\"><\/path><path d=\"m4.1 11.1h15.8q0.2 0 0.2 0.2v1.4q0 0.2-0.2 0.2h-15.8q-0.2 0-0.2-0.2v-1.4q0-0.2 0.2-0.2z\"><\/path><\/svg> <\/div><div class=\"esab__expand\"> <svg width=\"24px\" height=\"24px\" viewbox=\"0 0 24 24\"><path d=\"M13.41,12l4.3-4.29a1,1,0,1,0-1.42-1.42L12,10.59,7.71,6.29A1,1,0,0,0,6.29,7.71L10.59,12l-4.3,4.29a1,1,0,0,0,0,1.42,1,1,0,0,0,1.42,0L12,13.41l4.29,4.3a1,1,0,0,0,1.42,0,1,1,0,0,0,0-1.42Z\"><\/path><\/svg> <\/div><\/div><\/div><div class=\"esab__body\">\n<p>Junto con nuestros socios, apoyamos a miembros de la comunidad que enfrentan dificultades financieras, mediante la recolecci\u00f3n de regalos para nuestra Tienda Navide\u00f1a. Puedes contribuir de dos formas:<\/p>\n\n\n\n<ul class=\"wp-block-list\">\n<li>Mesa de regalos Target: Selecciona art\u00edculos de nuestra mesa y env\u00edanoslos directamente (la opci\u00f3n de env\u00edo aparecer\u00e1 cuando finalices la compra).<\/li>\n\n\n\n<li>Lista de regalos m\u00e1s deseados (<em>\u00a1para adquirir en tiendas locales!<\/em>): Compra art\u00edculos de nuestra lista de regalos m\u00e1s deseados y entr\u00e9galos en nuestra oficina (180 S Willow Street) antes del <strong>viernes, 5 de diciembre. Abrimos de lunes a viernes, de 9 am\u20135 pm<\/strong>.<\/li>\n<\/ul>\n\n\n\n<p class=\"translation-block\">El <strong>12 y 13 de diciembre<\/strong>, las familias inscritas acudir\u00e1n a la Tienda Navide\u00f1a para elegir sus regalos, por lo que es vital que recibamos todas las donaciones antes de las 5 pm del viernes, 5 de diciembre.<\/p>\n<\/div><\/div>\n\n\n\n<div class=\"wp-block-esab-accordion-child\"><div class=\"esab__head\" role=\"button\" aria-expanded=\"false\"><div class=\"esab__heading_txt\"><h4 class=\"esab__heading_tag\">\u00bfC\u00d3MO ELIGEN A LAS FAMILIAS?<\/h4><\/div><div class=\"esab__icon\"><div class=\"esab__collapse\"> <svg version=\"1.2\" viewbox=\"0 0 24 24\" width=\"24\" height=\"24\"><path d=\"m11.3 3.6h1.4q0.2 0 0.2 0.1v16.6q0 0.1-0.2 0.1h-1.4q-0.2 0-0.2-0.2v-16.5q0-0.1 0.2-0.1z\"><\/path><path d=\"m4.1 11.1h15.8q0.2 0 0.2 0.2v1.4q0 0.2-0.2 0.2h-15.8q-0.2 0-0.2-0.2v-1.4q0-0.2 0.2-0.2z\"><\/path><\/svg> <\/div><div class=\"esab__expand\"> <svg width=\"24px\" height=\"24px\" viewbox=\"0 0 24 24\"><path d=\"M13.41,12l4.3-4.29a1,1,0,1,0-1.42-1.42L12,10.59,7.71,6.29A1,1,0,0,0,6.29,7.71L10.59,12l-4.3,4.29a1,1,0,0,0,0,1.42,1,1,0,0,0,1.42,0L12,13.41l4.29,4.3a1,1,0,0,0,1.42,0,1,1,0,0,0,0-1.42Z\"><\/path><\/svg> <\/div><\/div><\/div><div class=\"esab__body\">\n<p>Las familias beneficiarias ya han accedido a servicios de One22. Tambi\u00e9n colaboramos con otras organizaciones sin fines de lucro en la comunidad que nos remiten a sus clientes para que les apoyemos con regalos navide\u00f1os.&nbsp;<\/p>\n<\/div><\/div>\n\n\n\n<div class=\"wp-block-esab-accordion-child\"><div class=\"esab__head\" role=\"button\" aria-expanded=\"false\"><div class=\"esab__heading_txt\"><h4 class=\"esab__heading_tag\">\u00bfEN QU\u00c9 DIFIERE ESTE PROGRAMA DEL FONDO DE SANTA CLAUS?<\/h4><\/div><div class=\"esab__icon\"><div class=\"esab__collapse\"> <svg version=\"1.2\" viewbox=\"0 0 24 24\" width=\"24\" height=\"24\"><path d=\"m11.3 3.6h1.4q0.2 0 0.2 0.1v16.6q0 0.1-0.2 0.1h-1.4q-0.2 0-0.2-0.2v-16.5q0-0.1 0.2-0.1z\"><\/path><path d=\"m4.1 11.1h15.8q0.2 0 0.2 0.2v1.4q0 0.2-0.2 0.2h-15.8q-0.2 0-0.2-0.2v-1.4q0-0.2 0.2-0.2z\"><\/path><\/svg> <\/div><div class=\"esab__expand\"> <svg width=\"24px\" height=\"24px\" viewbox=\"0 0 24 24\"><path d=\"M13.41,12l4.3-4.29a1,1,0,1,0-1.42-1.42L12,10.59,7.71,6.29A1,1,0,0,0,6.29,7.71L10.59,12l-4.3,4.29a1,1,0,0,0,0,1.42,1,1,0,0,0,1.42,0L12,13.41l4.29,4.3a1,1,0,0,0,1.42,0,1,1,0,0,0,0-1.42Z\"><\/path><\/svg> <\/div><\/div><\/div><div class=\"esab__body\">\n<p>El Fondo de Santa Claus y One22 son organizaciones sin fines de lucro distintas, que colaboran para garantizar que todas las familias que viven y trabajan en nuestra comunidad y carezcan de los medios para adquirir regalos navide\u00f1os, accedan a ellos. El Fondo de Santa Claus proporciona regalos a ni\u00f1os de escasos recursos que viven en el Condado de Teton. Por su parte, la campa\u00f1a de acopio de regalos navide\u00f1os de One22 brinda regalos a adultos, adultos mayores y ni\u00f1os de escasos recursos, incluyendo a los padres de los ni\u00f1os inscritos en el Fondo de Santa Claus. La campa\u00f1a tambi\u00e9n brinda apoyo a familias que trabajan en el Condado de Teton pero viven en los condados colindantes.<\/p>\n<\/div><\/div>\n\n\n\n<div class=\"wp-block-esab-accordion-child\"><div class=\"esab__head\" role=\"button\" aria-expanded=\"false\"><div class=\"esab__heading_txt\"><h4 class=\"esab__heading_tag\">\u00bfCU\u00c1NTO GASTAR\u00c9 EN LA CAMPA\u00d1A DE ACOPIA DE REGALOS DE NAVIDAD?<\/h4><\/div><div class=\"esab__icon\"><div class=\"esab__collapse\"> <svg version=\"1.2\" viewbox=\"0 0 24 24\" width=\"24\" height=\"24\"><path d=\"m11.3 3.6h1.4q0.2 0 0.2 0.1v16.6q0 0.1-0.2 0.1h-1.4q-0.2 0-0.2-0.2v-16.5q0-0.1 0.2-0.1z\"><\/path><path d=\"m4.1 11.1h15.8q0.2 0 0.2 0.2v1.4q0 0.2-0.2 0.2h-15.8q-0.2 0-0.2-0.2v-1.4q0-0.2 0.2-0.2z\"><\/path><\/svg> <\/div><div class=\"esab__expand\"> <svg width=\"24px\" height=\"24px\" viewbox=\"0 0 24 24\"><path d=\"M13.41,12l4.3-4.29a1,1,0,1,0-1.42-1.42L12,10.59,7.71,6.29A1,1,0,0,0,6.29,7.71L10.59,12l-4.3,4.29a1,1,0,0,0,0,1.42,1,1,0,0,0,1.42,0L12,13.41l4.29,4.3a1,1,0,0,0,1.42,0,1,1,0,0,0,0-1.42Z\"><\/path><\/svg> <\/div><\/div><\/div><div class=\"esab__body\">\n<p>Recomendamos a los donantes gastar entre $50 - $150 por regalo.<\/p>\n<\/div><\/div>\n\n\n\n<div class=\"wp-block-esab-accordion-child\"><div class=\"esab__head\" role=\"button\" aria-expanded=\"false\"><div class=\"esab__heading_txt\"><h4 class=\"esab__heading_tag\">\u00bfDEBO ENVOLVER O ETIQUETAR LOS REGALOS?<\/h4><\/div><div class=\"esab__icon\"><div class=\"esab__collapse\"> <svg version=\"1.2\" viewbox=\"0 0 24 24\" width=\"24\" height=\"24\"><path d=\"m11.3 3.6h1.4q0.2 0 0.2 0.1v16.6q0 0.1-0.2 0.1h-1.4q-0.2 0-0.2-0.2v-16.5q0-0.1 0.2-0.1z\"><\/path><path d=\"m4.1 11.1h15.8q0.2 0 0.2 0.2v1.4q0 0.2-0.2 0.2h-15.8q-0.2 0-0.2-0.2v-1.4q0-0.2 0.2-0.2z\"><\/path><\/svg> <\/div><div class=\"esab__expand\"> <svg width=\"24px\" height=\"24px\" viewbox=\"0 0 24 24\"><path d=\"M13.41,12l4.3-4.29a1,1,0,1,0-1.42-1.42L12,10.59,7.71,6.29A1,1,0,0,0,6.29,7.71L10.59,12l-4.3,4.29a1,1,0,0,0,0,1.42,1,1,0,0,0,1.42,0L12,13.41l4.29,4.3a1,1,0,0,0,1.42,0,1,1,0,0,0,0-1.42Z\"><\/path><\/svg> <\/div><\/div><\/div><div class=\"esab__body\">\n<p>Te pedimos de la manera m\u00e1s atenta <strong>no envolver ni etiquetar<\/strong>los regalos. Esto nos permitir\u00e1 organizar eficientemente la Tienda Navide\u00f1a y garantiza que las familias puedan seleccionar los art\u00edculos que mejor se adapten a sus necesidades.<\/p>\n\n\n\n<p class=\"translation-block\">Si planeas hacer tu compra a trav\u00e9s de Target, por favor incluye tu <strong>nombre y correo electr\u00f3nico<\/strong>, para que podamos enviarte un comprobante fiscal.\nSi prefieres comprar y traer los regalos a nuestra oficina, proporci\u00f3nale tu <strong>nombre e informaci\u00f3n de contacto<\/strong> a nuestro equipo al llegar y nos aseguraremos de que recibas un comprobante fiscal.<\/p>\n<\/div><\/div>\n\n\n\n<div class=\"wp-block-esab-accordion-child\"><div class=\"esab__head\" role=\"button\" aria-expanded=\"false\"><div class=\"esab__heading_txt\"><h4 class=\"esab__heading_tag\">\u00bfCU\u00c1NDO Y D\u00d3NDE ENTREGO LOS REGALOS?<\/h4><\/div><div class=\"esab__icon\"><div class=\"esab__collapse\"> <svg version=\"1.2\" viewbox=\"0 0 24 24\" width=\"24\" height=\"24\"><path d=\"m11.3 3.6h1.4q0.2 0 0.2 0.1v16.6q0 0.1-0.2 0.1h-1.4q-0.2 0-0.2-0.2v-16.5q0-0.1 0.2-0.1z\"><\/path><path d=\"m4.1 11.1h15.8q0.2 0 0.2 0.2v1.4q0 0.2-0.2 0.2h-15.8q-0.2 0-0.2-0.2v-1.4q0-0.2 0.2-0.2z\"><\/path><\/svg> <\/div><div class=\"esab__expand\"> <svg width=\"24px\" height=\"24px\" viewbox=\"0 0 24 24\"><path d=\"M13.41,12l4.3-4.29a1,1,0,1,0-1.42-1.42L12,10.59,7.71,6.29A1,1,0,0,0,6.29,7.71L10.59,12l-4.3,4.29a1,1,0,0,0,0,1.42,1,1,0,0,0,1.42,0L12,13.41l4.29,4.3a1,1,0,0,0,1.42,0,1,1,0,0,0,0-1.42Z\"><\/path><\/svg> <\/div><\/div><\/div><div class=\"esab__body\">\n<p class=\"translation-block\">Al finalizar tu compra en el sitio de Target, tendr\u00e1s la opci\u00f3n de <strong>enviar los regalos directamente a nuestra oficina<\/strong> \u2014 este es nuestro <strong>m\u00e9todo preferido<\/strong>, ya que simplifica el procesamiento y la entrega.<\/p>\n\n\n\n<p class=\"translation-block\">Si prefieres hacer tus compras en persona (\u00a1o si el pedido de Target lleg\u00f3 a tu casa!), trae los regalos a la oficina de One22, ubicada en <strong>180 S Willow Street<\/strong>, antes del <strong>5 de diciembre<\/strong>. Abrimos <strong>de lunes a viernes, de 9 am a 5 pm<\/strong>.<\/p>\n\n\n\n<p class=\"translation-block\">Para coordinar otros horarios de entrega contacta a Libby Gardner, al correo libby@one22jh.org o al tel\u00e9fono \u202a(307) 739-4500.<\/p>\n<\/div><\/div>\n\n\n\n<div class=\"wp-block-esab-accordion-child\"><div class=\"esab__head\" role=\"button\" aria-expanded=\"false\"><div class=\"esab__heading_txt\"><h4 class=\"esab__heading_tag\">ESPERABA QUE SOLICITARA \u00daNICAMENTE ART\u00cdCULOS DE MAYOR NECESIDAD, SIN EMBARGO, PIDIERON JUEGOS Y ROPA DE MARCA. \u00bfC\u00d3MO INTERPRETO ESTO?<\/h4><\/div><div class=\"esab__icon\"><div class=\"esab__collapse\"> <svg version=\"1.2\" viewbox=\"0 0 24 24\" width=\"24\" height=\"24\"><path d=\"m11.3 3.6h1.4q0.2 0 0.2 0.1v16.6q0 0.1-0.2 0.1h-1.4q-0.2 0-0.2-0.2v-16.5q0-0.1 0.2-0.1z\"><\/path><path d=\"m4.1 11.1h15.8q0.2 0 0.2 0.2v1.4q0 0.2-0.2 0.2h-15.8q-0.2 0-0.2-0.2v-1.4q0-0.2 0.2-0.2z\"><\/path><\/svg> <\/div><div class=\"esab__expand\"> <svg width=\"24px\" height=\"24px\" viewbox=\"0 0 24 24\"><path d=\"M13.41,12l4.3-4.29a1,1,0,1,0-1.42-1.42L12,10.59,7.71,6.29A1,1,0,0,0,6.29,7.71L10.59,12l-4.3,4.29a1,1,0,0,0,0,1.42,1,1,0,0,0,1.42,0L12,13.41l4.29,4.3a1,1,0,0,0,1.42,0,1,1,0,0,0,0-1.42Z\"><\/path><\/svg> <\/div><\/div><\/div><div class=\"esab__body\">\n<p>Creemos que todos se merecen algo especial, especialmente durante las fiestas de fin de a\u00f1o. Este programa ofrece a personas de bajos recursos la oportunidad de solicitar productos similares a los de sus pares. <\/p>\n<\/div><\/div>\n\n\n\n<div class=\"wp-block-esab-accordion-child\"><div class=\"esab__head\" role=\"button\" aria-expanded=\"false\"><div class=\"esab__heading_txt\"><h4 class=\"esab__heading_tag\">NO QUIERO PARTICIPAR EN LA RECOLECTA DE REGALOS, PERO S\u00cd QUISIERA HACER UNA DONACI\u00d3N. \u00bfPUEDO HACERLO?<\/h4><\/div><div class=\"esab__icon\"><div class=\"esab__collapse\"> <svg version=\"1.2\" viewbox=\"0 0 24 24\" width=\"24\" height=\"24\"><path d=\"m11.3 3.6h1.4q0.2 0 0.2 0.1v16.6q0 0.1-0.2 0.1h-1.4q-0.2 0-0.2-0.2v-16.5q0-0.1 0.2-0.1z\"><\/path><path d=\"m4.1 11.1h15.8q0.2 0 0.2 0.2v1.4q0 0.2-0.2 0.2h-15.8q-0.2 0-0.2-0.2v-1.4q0-0.2 0.2-0.2z\"><\/path><\/svg> <\/div><div class=\"esab__expand\"> <svg width=\"24px\" height=\"24px\" viewbox=\"0 0 24 24\"><path d=\"M13.41,12l4.3-4.29a1,1,0,1,0-1.42-1.42L12,10.59,7.71,6.29A1,1,0,0,0,6.29,7.71L10.59,12l-4.3,4.29a1,1,0,0,0,0,1.42,1,1,0,0,0,1.42,0L12,13.41l4.29,4.3a1,1,0,0,0,1.42,0,1,1,0,0,0,0-1.42Z\"><\/path><\/svg> <\/div><\/div><\/div><div class=\"esab__body\">\n<p>\u00a1Por supuesto! <a href=\"https:\/\/www.classy.org\/give\/536719\/#!\/donation\/checkout\">Haz clic aqu\u00ed<\/a><a href=\"https:\/\/www.classy.org\/give\/536719\/#!\/donation\/checkout\" target=\"_blank\" rel=\"noreferrer noopener\">.<\/a> para llevar a cabo una donaci\u00f3n montearia al fondo de la campa\u00f1a de acopio de regalos navide\u00f1os. Admitimos donativos de todo tipo y tama\u00f1o a nuestra campa\u00f1a.<\/p>\n<\/div><\/div>\n\n\n\n<div class=\"wp-block-esab-accordion-child\"><div class=\"esab__head\" role=\"button\" aria-expanded=\"false\"><div class=\"esab__heading_txt\"><h4 class=\"esab__heading_tag\">\u00bfLOS REGALOS QUE DONO SON DEDUCIBLES DE IMPUESTOS?<\/h4><\/div><div class=\"esab__icon\"><div class=\"esab__collapse\"> <svg version=\"1.2\" viewbox=\"0 0 24 24\" width=\"24\" height=\"24\"><path d=\"m11.3 3.6h1.4q0.2 0 0.2 0.1v16.6q0 0.1-0.2 0.1h-1.4q-0.2 0-0.2-0.2v-16.5q0-0.1 0.2-0.1z\"><\/path><path d=\"m4.1 11.1h15.8q0.2 0 0.2 0.2v1.4q0 0.2-0.2 0.2h-15.8q-0.2 0-0.2-0.2v-1.4q0-0.2 0.2-0.2z\"><\/path><\/svg> <\/div><div class=\"esab__expand\"> <svg width=\"24px\" height=\"24px\" viewbox=\"0 0 24 24\"><path d=\"M13.41,12l4.3-4.29a1,1,0,1,0-1.42-1.42L12,10.59,7.71,6.29A1,1,0,0,0,6.29,7.71L10.59,12l-4.3,4.29a1,1,0,0,0,0,1.42,1,1,0,0,0,1.42,0L12,13.41l4.29,4.3a1,1,0,0,0,1.42,0,1,1,0,0,0,0-1.42Z\"><\/path><\/svg> <\/div><\/div><\/div><div class=\"esab__body\">\n<p>El Centro de Recursos One22 es una organizaci\u00f3n sin fines de lucro 501(c)(3) (EIN n\u00ba 74-3104462). Te recomendamos consultar con tu asesor fiscal acerca de la deducibilidad fiscal de los regalos donados, ya que se consideran una donaci\u00f3n en especie. Al concluir el programa, enviaremos una carta a todos los donantes que participen, que reflejar\u00e1 su participaci\u00f3n en el mismo.<\/p>\n<\/div><\/div>\n\n\n\n<div class=\"wp-block-esab-accordion-child\"><div class=\"esab__head\" role=\"button\" aria-expanded=\"false\"><div class=\"esab__heading_txt\"><h4 class=\"esab__heading_tag\">\u00bfCON QUI\u00c9N ME COMUNICO SI TENGO PREGUNTAS ADICIONALES?<\/h4><\/div><div class=\"esab__icon\"><div class=\"esab__collapse\"> <svg version=\"1.2\" viewbox=\"0 0 24 24\" width=\"24\" height=\"24\"><path d=\"m11.3 3.6h1.4q0.2 0 0.2 0.1v16.6q0 0.1-0.2 0.1h-1.4q-0.2 0-0.2-0.2v-16.5q0-0.1 0.2-0.1z\"><\/path><path d=\"m4.1 11.1h15.8q0.2 0 0.2 0.2v1.4q0 0.2-0.2 0.2h-15.8q-0.2 0-0.2-0.2v-1.4q0-0.2 0.2-0.2z\"><\/path><\/svg> <\/div><div class=\"esab__expand\"> <svg width=\"24px\" height=\"24px\" viewbox=\"0 0 24 24\"><path d=\"M13.41,12l4.3-4.29a1,1,0,1,0-1.42-1.42L12,10.59,7.71,6.29A1,1,0,0,0,6.29,7.71L10.59,12l-4.3,4.29a1,1,0,0,0,0,1.42,1,1,0,0,0,1.42,0L12,13.41l4.29,4.3a1,1,0,0,0,1.42,0,1,1,0,0,0,0-1.42Z\"><\/path><\/svg> <\/div><\/div><\/div><div class=\"esab__body\">\n<p class=\"translation-block\">Por favor contacta a Libby Gardner, al correo libby@one22jh.org o al tel\u00e9fono \u202a(307) 739-4500.<\/p>\n<\/div><\/div>\n\n\n\n<div class=\"wp-block-esab-accordion-child\"><div class=\"esab__head\" role=\"button\" aria-expanded=\"false\"><div class=\"esab__heading_txt\"><h4 class=\"esab__heading_tag\">\u00bfTE INTERESTA AYUDAR COMO VOLUNTARIO?<\/h4><\/div><div class=\"esab__icon\"><div class=\"esab__collapse\"> <svg version=\"1.2\" viewbox=\"0 0 24 24\" width=\"24\" height=\"24\"><path d=\"m11.3 3.6h1.4q0.2 0 0.2 0.1v16.6q0 0.1-0.2 0.1h-1.4q-0.2 0-0.2-0.2v-16.5q0-0.1 0.2-0.1z\"><\/path><path d=\"m4.1 11.1h15.8q0.2 0 0.2 0.2v1.4q0 0.2-0.2 0.2h-15.8q-0.2 0-0.2-0.2v-1.4q0-0.2 0.2-0.2z\"><\/path><\/svg> <\/div><div class=\"esab__expand\"> <svg width=\"24px\" height=\"24px\" viewbox=\"0 0 24 24\"><path d=\"M13.41,12l4.3-4.29a1,1,0,1,0-1.42-1.42L12,10.59,7.71,6.29A1,1,0,0,0,6.29,7.71L10.59,12l-4.3,4.29a1,1,0,0,0,0,1.42,1,1,0,0,0,1.42,0L12,13.41l4.29,4.3a1,1,0,0,0,1.42,0,1,1,0,0,0,0-1.42Z\"><\/path><\/svg> <\/div><\/div><\/div><div class=\"esab__body\">\n<p>\u00a1Nos encantar\u00eda contar con tu ayuda en nuestra Tienda Navide\u00f1a! Tenemos turnos de voluntariado en las siguientes fechas y horarios:<\/p>\n\n\n\n<ul class=\"wp-block-list\">\n<li><strong>Viernes, 12 de diciembre,<\/strong> de <strong>5:00 \u2013 7:30 pm<\/strong><\/li>\n\n\n\n<li><strong>S\u00e1bado, 13 de diciembre,<\/strong> de <strong>9:30 am \u20137:30 pm<\/strong><\/li>\n<\/ul>\n\n\n\n<p class=\"translation-block\">Si te interesa, por favor contacta a Libby Gardner, al correo libby@one22jh.org o llama al \u202a\u202a(307) 739-4500.<\/p>\n<\/div><\/div>\n<\/div><\/div>\n\n\n\n<div style=\"height:100px\" aria-hidden=\"true\" class=\"wp-block-spacer apply-now-botton-spacing\"><\/div>","protected":false},"excerpt":{"rendered":"<p>Preguntas frecuentes<\/p>","protected":false},"author":2,"featured_media":0,"parent":0,"menu_order":0,"comment_status":"closed","ping_status":"closed","template":"","meta":{"footnotes":""},"class_list":["post-4585","page","type-page","status-publish","hentry"],"yoast_head":"<!-- This site is optimized with the Yoast SEO plugin v27.3 - https:\/\/yoast.com\/product\/yoast-seo-wordpress\/ -->\n<title>Holiday Gift Drive | One22 Resource Center | Jackson Hole<\/title>\n<meta name=\"description\" content=\"One22 Resource Center\u2019s Holiday Gift Drive program pairs donors with individuals and families who need assistance purchasing holiday gifts.\" \/>\n<meta name=\"robots\" content=\"index, follow, max-snippet:-1, max-image-preview:large, max-video-preview:-1\" \/>\n<link rel=\"canonical\" href=\"https:\/\/one22jh.org\/es\/regalos-de-navidad\/\" \/>\n<meta property=\"og:locale\" content=\"es_MX\" \/>\n<meta property=\"og:type\" content=\"article\" \/>\n<meta property=\"og:title\" content=\"Holiday Gift Drive | One22 Resource Center | Jackson Hole\" \/>\n<meta property=\"og:description\" content=\"One22 Resource Center\u2019s Holiday Gift Drive program pairs donors with individuals and families who need assistance purchasing holiday gifts.\" \/>\n<meta property=\"og:url\" content=\"https:\/\/one22jh.org\/es\/regalos-de-navidad\/\" \/>\n<meta property=\"og:site_name\" content=\"One22 Resource Center\" \/>\n<meta property=\"article:modified_time\" content=\"2025-12-09T21:03:39+00:00\" \/>\n<meta name=\"twitter:card\" content=\"summary_large_image\" \/>\n<meta name=\"twitter:label1\" content=\"Tiempo de lectura\" \/>\n\t<meta name=\"twitter:data1\" content=\"3 minutos\" \/>\n<script type=\"application\/ld+json\" class=\"yoast-schema-graph\">{\"@context\":\"https:\\\/\\\/schema.org\",\"@graph\":[{\"@type\":\"WebPage\",\"@id\":\"https:\\\/\\\/one22jh.org\\\/holiday-gift-drive\\\/\",\"url\":\"https:\\\/\\\/one22jh.org\\\/holiday-gift-drive\\\/\",\"name\":\"Holiday Gift Drive | One22 Resource Center | Jackson Hole\",\"isPartOf\":{\"@id\":\"https:\\\/\\\/one22jh.org\\\/#website\"},\"datePublished\":\"2023-10-23T15:45:52+00:00\",\"dateModified\":\"2025-12-09T21:03:39+00:00\",\"description\":\"One22 Resource Center\u2019s Holiday Gift Drive program pairs donors with individuals and families who need assistance purchasing holiday gifts.\",\"breadcrumb\":{\"@id\":\"https:\\\/\\\/one22jh.org\\\/holiday-gift-drive\\\/#breadcrumb\"},\"inLanguage\":\"es\",\"potentialAction\":[{\"@type\":\"ReadAction\",\"target\":[\"https:\\\/\\\/one22jh.org\\\/holiday-gift-drive\\\/\"]}]},{\"@type\":\"BreadcrumbList\",\"@id\":\"https:\\\/\\\/one22jh.org\\\/holiday-gift-drive\\\/#breadcrumb\",\"itemListElement\":[{\"@type\":\"ListItem\",\"position\":1,\"name\":\"Home\",\"item\":\"https:\\\/\\\/one22jh.org\\\/\"},{\"@type\":\"ListItem\",\"position\":2,\"name\":\"Holiday Gift Drive\"}]},{\"@type\":\"WebSite\",\"@id\":\"https:\\\/\\\/one22jh.org\\\/#website\",\"url\":\"https:\\\/\\\/one22jh.org\\\/\",\"name\":\"One22 Resource Center\",\"description\":\"We are One22  Resources to Support One Thriving and Diverse Greater Teton Community.\",\"publisher\":{\"@id\":\"https:\\\/\\\/one22jh.org\\\/#organization\"},\"potentialAction\":[{\"@type\":\"SearchAction\",\"target\":{\"@type\":\"EntryPoint\",\"urlTemplate\":\"https:\\\/\\\/one22jh.org\\\/?s={search_term_string}\"},\"query-input\":{\"@type\":\"PropertyValueSpecification\",\"valueRequired\":true,\"valueName\":\"search_term_string\"}}],\"inLanguage\":\"es\"},{\"@type\":\"Organization\",\"@id\":\"https:\\\/\\\/one22jh.org\\\/#organization\",\"name\":\"One22 Resource Center\",\"url\":\"https:\\\/\\\/one22jh.org\\\/\",\"logo\":{\"@type\":\"ImageObject\",\"inLanguage\":\"es\",\"@id\":\"https:\\\/\\\/one22jh.org\\\/#\\\/schema\\\/logo\\\/image\\\/\",\"url\":\"https:\\\/\\\/one22jh.org\\\/wp-content\\\/uploads\\\/2024\\\/07\\\/logo-blue.webp\",\"contentUrl\":\"https:\\\/\\\/one22jh.org\\\/wp-content\\\/uploads\\\/2024\\\/07\\\/logo-blue.webp\",\"width\":271,\"height\":101,\"caption\":\"One22 Resource Center\"},\"image\":{\"@id\":\"https:\\\/\\\/one22jh.org\\\/#\\\/schema\\\/logo\\\/image\\\/\"}}]}<\/script>\n<!-- \/ Yoast SEO plugin. -->","yoast_head_json":{"title":"Acopio de Regalos de Navidad | El Centro de Recursos One22","description":"A trav\u00e9s del Programa de Recaudaci\u00f3n de Regalos Navide\u00f1os, el Centro de Recursos One22 conecta a donantes con familias e individuos en la localidad que requieran apoyo adquiriendo obsequios de fin de a\u00f1o.","robots":{"index":"index","follow":"follow","max-snippet":"max-snippet:-1","max-image-preview":"max-image-preview:large","max-video-preview":"max-video-preview:-1"},"canonical":"https:\/\/one22jh.org\/es\/regalos-de-navidad\/","og_locale":"es_MX","og_type":"article","og_title":"Holiday Gift Drive | One22 Resource Center | Jackson Hole","og_description":"One22 Resource Center\u2019s Holiday Gift Drive program pairs donors with individuals and families who need assistance purchasing holiday gifts.","og_url":"https:\/\/one22jh.org\/es\/regalos-de-navidad\/","og_site_name":"One22 Resource Center","article_modified_time":"2025-12-09T21:03:39+00:00","twitter_card":"summary_large_image","twitter_misc":{"Tiempo de lectura":"3 minutos"},"schema":{"@context":"https:\/\/schema.org","@graph":[{"@type":"WebPage","@id":"https:\/\/one22jh.org\/holiday-gift-drive\/","url":"https:\/\/one22jh.org\/holiday-gift-drive\/","name":"Acopio de Regalos de Navidad | El Centro de Recursos One22","isPartOf":{"@id":"https:\/\/one22jh.org\/#website"},"datePublished":"2023-10-23T15:45:52+00:00","dateModified":"2025-12-09T21:03:39+00:00","description":"A trav\u00e9s del Programa de Recaudaci\u00f3n de Regalos Navide\u00f1os, el Centro de Recursos One22 conecta a donantes con familias e individuos en la localidad que requieran apoyo adquiriendo obsequios de fin de a\u00f1o.","breadcrumb":{"@id":"https:\/\/one22jh.org\/holiday-gift-drive\/#breadcrumb"},"inLanguage":"es","potentialAction":[{"@type":"ReadAction","target":["https:\/\/one22jh.org\/holiday-gift-drive\/"]}]},{"@type":"BreadcrumbList","@id":"https:\/\/one22jh.org\/holiday-gift-drive\/#breadcrumb","itemListElement":[{"@type":"ListItem","position":1,"name":"Home","item":"https:\/\/one22jh.org\/"},{"@type":"ListItem","position":2,"name":"Holiday Gift Drive"}]},{"@type":"WebSite","@id":"https:\/\/one22jh.org\/#website","url":"https:\/\/one22jh.org\/","name":"Centro de Recursos One22","description":"Somos One22 Recursos para apoyar una comunidad pr\u00f3spera y diversa de Greater Teton.","publisher":{"@id":"https:\/\/one22jh.org\/#organization"},"potentialAction":[{"@type":"SearchAction","target":{"@type":"EntryPoint","urlTemplate":"https:\/\/one22jh.org\/?s={search_term_string}"},"query-input":{"@type":"PropertyValueSpecification","valueRequired":true,"valueName":"search_term_string"}}],"inLanguage":"es"},{"@type":"Organization","@id":"https:\/\/one22jh.org\/#organization","name":"Centro de Recursos One22","url":"https:\/\/one22jh.org\/","logo":{"@type":"ImageObject","inLanguage":"es","@id":"https:\/\/one22jh.org\/#\/schema\/logo\/image\/","url":"https:\/\/one22jh.org\/wp-content\/uploads\/2024\/07\/logo-blue.webp","contentUrl":"https:\/\/one22jh.org\/wp-content\/uploads\/2024\/07\/logo-blue.webp","width":271,"height":101,"caption":"One22 Resource Center"},"image":{"@id":"https:\/\/one22jh.org\/#\/schema\/logo\/image\/"}}]}},"acf":[],"_links":{"self":[{"href":"https:\/\/one22jh.org\/es\/wp-json\/wp\/v2\/pages\/4585","targetHints":{"allow":["GET"]}}],"collection":[{"href":"https:\/\/one22jh.org\/es\/wp-json\/wp\/v2\/pages"}],"about":[{"href":"https:\/\/one22jh.org\/es\/wp-json\/wp\/v2\/types\/page"}],"author":[{"embeddable":true,"href":"https:\/\/one22jh.org\/es\/wp-json\/wp\/v2\/users\/2"}],"replies":[{"embeddable":true,"href":"https:\/\/one22jh.org\/es\/wp-json\/wp\/v2\/comments?post=4585"}],"version-history":[{"count":0,"href":"https:\/\/one22jh.org\/es\/wp-json\/wp\/v2\/pages\/4585\/revisions"}],"wp:attachment":[{"href":"https:\/\/one22jh.org\/es\/wp-json\/wp\/v2\/media?parent=4585"}],"curies":[{"name":"wp","href":"https:\/\/api.w.org\/{rel}","templated":true}]}}