{"id":4571,"date":"2023-10-23T14:46:11","date_gmt":"2023-10-23T14:46:11","guid":{"rendered":"https:\/\/one22jh.wpengine.com\/?page_id=4571"},"modified":"2025-08-11T16:40:20","modified_gmt":"2025-08-11T16:40:20","slug":"acopio-utiles-escolares","status":"publish","type":"page","link":"https:\/\/one22jh.org\/es\/acopio-utiles-escolares\/","title":{"rendered":"Acopio de \u00datiles Escolares"},"content":{"rendered":"<div id=\"ninec_banner_1\" class=\"ninec_fullwidth\"><div class=\"ninec_image_banner_wrapper\"><div class=\"ninec_image_banner\"><img loading=\"lazy\" decoding=\"async\" src=\"data:image\/png;base64,iVBORw0KGgoAAAANSUhEUgAAAAMAAAACCAQAAAA3fa6RAAAADklEQVR42mNkAANGCAUAACMAA2w\/AMgAAAAASUVORK5CYII=\" class=\"lazyload nineclazy\" width=\"1600\" height=\"650\" data-src=\"https:\/\/one22jh.org\/wp-content\/uploads\/2025\/06\/SSD-Banner-2025.jpg\" alt=\"School Supplies\"><div class=\"ninec_image_banner_caption animated zoomIn duration3 delay0 eds-on-scroll\"><h1><span>EL REGRESO A CLASES, A LA VUELTA DE LA ESQUINA<\/span><br>Acopio de \u00datiles Escolares<\/h1><h2><p>\u00a1Gracias por apoyar nuestra campa\u00f1a de acopio de \u00fatiles escolares, que anualmente suministra los \u00fatiles escolares de m\u00e1s de 200 estudiantes locales!<\/p>\n<p><strong>EXISTEN DOS MANERAS DE CONTRIBUIR:<\/strong><br \/>\n1- Purchase supplies from our Target registry. Purchases will be shipped directly to us.<br \/>\n2- Adquiriendo los productos (s\u00f3lo art\u00edculos nuevos enlistados en nuestro sitio web) y entreg\u00e1ndolos en uno de nuestros contenedores de recolecci\u00f3n, antes del 8 de agosto. Ubicaciones de nuestros contenedores de recolecci\u00f3n:<br \/>\nFuera de nuestra oficina (180 S Willow Street)<br \/>\nDentro del edificio principal de la Iglesia Episcopal de St. John (170 N Glenwood Street)<br \/>\nEn el vest\u00edbulo principal de la Iglesia Presbiteriana de Jackson Hole (1251 South Park Loop Road)<br \/>\nEn la Iglesia de Jesucristo de los Santos de los \u00daltimos D\u00edas (420 E Broadway Avenue)<br \/>\nIglesia Cat\u00f3lica Nuestra Se\u00f1ora de las Monta\u00f1as (201 S Jackson Street)<\/p>\n<\/h2><\/div><\/div><\/div><\/div>\n\n\n<div style=\"height:350px\" aria-hidden=\"true\" class=\"wp-block-spacer about-us-spacer-one\"><\/div>\n\n\n<div  class=\"ninec_normalwidth ninec_grid_row_wrapper_1 items-in-need-section-one animated fadeInLeftBig duration3 delay0 eds-on-scroll\"><div class=\"ninec_grid_wrapper\"><h2 class=\"ninec_grid_heading\">Art\u00edculos para donar<\/h2><h4 class=\"ninec_grid_sub_heading\">* Estas especificaciones provienen directamente de las listas de \u00fatiles de los maestros. Favor de donar art\u00edculos nuevos y sin usar.<\/h4><div class=\"ninec_row ninec_row_vertical\"><div id=\"\" class=\"ninec_col ninec_grid_col\"><\/div><div id=\"\" class=\"ninec_col ninec_grid_col items-column-one\"><div class=\"ninec_grid_col_content\"><ul>\n<li>Mochilas con tama\u00f1o m\u00ednimo de 17\" o 28 litros, sin ruedas<\/li>\n<li>L\u00e1pices #2, marca Ticonderoga, afilados<\/li>\n<li>Plumones para pizarr\u00f3n blanco marca Expo, color negro, punta gruesa<\/li>\n<li>L\u00e1pices de colores marca Crayola<\/li>\n<li>Plumones lavables marca Crayola<\/li>\n<li>Marcatextos amarillos, punta gruesa<\/li>\n<li>Pegamento en barra marca Elmer's<\/li>\n<li>Borradores rosas tama\u00f1o mediano o grande<\/li>\n<li>Sacapuntas con tapa<\/li>\n<li>Plumones color negro punta fina, marca Sharpie<\/li>\n<li>Tijeras para ni\u00f1os, de punta afilada o redonda<\/li>\n<li>Estuche para l\u00e1pices, altura m\u00e1xima 3 1\/2\"<\/li>\n<\/ul>\n<\/div><\/div><div id=\"\" class=\"ninec_col ninec_grid_col items-column-one\"><div class=\"ninec_grid_col_content\"><ul>\n<li>Estuche para l\u00e1pices tipo carpeta con agujeros<\/li>\n<li>Folders resistentes con 2 bolsillos (con o sin agujeros)<\/li>\n<li>Cuadernos de composici\u00f3n, raya gruesa<\/li>\n<li>Cuadernos en espiral, raya gruesa<\/li>\n<li>Carpetas de tres anillos, de 1, 1.5 y 2 pulgadas<\/li>\n<li>Notas adhesivas de 3x3, colores claros, no estilo acorde\u00f3n<\/li>\n<li>Paquete de tarjetas \u00edndice rayadas, blancas o de colores<\/li>\n<li>Divisores de carpeta, hoja completa<\/li>\n<li>Toallitas desinfectantes, botella delgada<\/li>\n<li>Desinfectante para manos con dispensador (8 fl oz)<\/li>\n<li>Bolsas tama\u00f1o cuarto de gal\u00f3n o un gal\u00f3n (paquete de 12-25 unidades), marca Ziploc<\/li>\n<li>Pa\u00f1uelos desechables, caja grande<\/li>\n<\/ul>\n<\/div><\/div><div id=\"\" class=\"ninec_col ninec_grid_col ninec_grid_col_last\"><\/div><div class=\"clearfix\"><\/div><\/div><\/div><\/div>\n\n<div  class=\"ninec_normalwidth ninec_grid_row_wrapper_1\"><div class=\"ninec_grid_wrapper\"><div class=\"ninec_row\"><div id=\"\" class=\"ninec_col ninec_grid_col ninec_grid_col_last\"><div class=\"ninec_grid_col_content\"><p style=\"text-align: center;\"><strong>Favor de entregar tus donativos antes del 8 de agosto en nuestros tambos de recolecci\u00f3n, colocados en las siguientes ubicaciones:<\/strong><\/p>\n<p style=\"text-align: center;\">Fuera de nuestra oficina (180 S Willow Street)<br \/>\nDentro del edificio principal de la Iglesia Episcopal de St. John (170 N Glenwood Street)<br \/>\nEn el vest\u00edbulo principal de la Iglesia Presbiteriana de Jackson Hole (1251 South Park Loop Road)<br \/>\nEn la Iglesia de Jesucristo de los Santos de los \u00daltimos D\u00edas (420 E Broadway Avenue)<br \/>\nIglesia Cat\u00f3lica Nuestra Se\u00f1ora de las Monta\u00f1as (201 S Jackson Street)<\/p>\n<\/div><\/div><div class=\"clearfix\"><\/div><\/div><\/div><\/div>","protected":false},"excerpt":{"rendered":"","protected":false},"author":2,"featured_media":0,"parent":0,"menu_order":0,"comment_status":"closed","ping_status":"closed","template":"","meta":{"footnotes":""},"class_list":["post-4571","page","type-page","status-publish","hentry"],"yoast_head":"<!-- This site is optimized with the Yoast SEO plugin v27.3 - https:\/\/yoast.com\/product\/yoast-seo-wordpress\/ -->\n<title>School Supply Drive | One22 Resource Center | Jackson Hole<\/title>\n<meta name=\"description\" content=\"One22&#039;s School Supply Drive provides school supplies to over 200 local students at the beginning of each school year.\" \/>\n<meta name=\"robots\" content=\"index, follow, max-snippet:-1, max-image-preview:large, max-video-preview:-1\" \/>\n<link rel=\"canonical\" href=\"https:\/\/one22jh.org\/es\/acopio-utiles-escolares\/\" \/>\n<meta property=\"og:locale\" content=\"es_MX\" \/>\n<meta property=\"og:type\" content=\"article\" \/>\n<meta property=\"og:title\" content=\"School Supply Drive | One22 Resource Center | Jackson Hole\" \/>\n<meta property=\"og:description\" content=\"One22&#039;s School Supply Drive provides school supplies to over 200 local students at the beginning of each school year.\" \/>\n<meta property=\"og:url\" content=\"https:\/\/one22jh.org\/es\/acopio-utiles-escolares\/\" \/>\n<meta property=\"og:site_name\" content=\"One22 Resource Center\" \/>\n<meta property=\"article:modified_time\" content=\"2025-08-11T16:40:20+00:00\" \/>\n<meta name=\"twitter:card\" content=\"summary_large_image\" \/>\n<script type=\"application\/ld+json\" class=\"yoast-schema-graph\">{\"@context\":\"https:\\\/\\\/schema.org\",\"@graph\":[{\"@type\":\"WebPage\",\"@id\":\"https:\\\/\\\/one22jh.org\\\/school-supply-drive\\\/\",\"url\":\"https:\\\/\\\/one22jh.org\\\/school-supply-drive\\\/\",\"name\":\"School Supply Drive | One22 Resource Center | Jackson Hole\",\"isPartOf\":{\"@id\":\"https:\\\/\\\/one22jh.org\\\/#website\"},\"datePublished\":\"2023-10-23T14:46:11+00:00\",\"dateModified\":\"2025-08-11T16:40:20+00:00\",\"description\":\"One22's School Supply Drive provides school supplies to over 200 local students at the beginning of each school year.\",\"breadcrumb\":{\"@id\":\"https:\\\/\\\/one22jh.org\\\/school-supply-drive\\\/#breadcrumb\"},\"inLanguage\":\"es\",\"potentialAction\":[{\"@type\":\"ReadAction\",\"target\":[\"https:\\\/\\\/one22jh.org\\\/school-supply-drive\\\/\"]}]},{\"@type\":\"BreadcrumbList\",\"@id\":\"https:\\\/\\\/one22jh.org\\\/school-supply-drive\\\/#breadcrumb\",\"itemListElement\":[{\"@type\":\"ListItem\",\"position\":1,\"name\":\"Home\",\"item\":\"https:\\\/\\\/one22jh.org\\\/\"},{\"@type\":\"ListItem\",\"position\":2,\"name\":\"School Supply Drive\"}]},{\"@type\":\"WebSite\",\"@id\":\"https:\\\/\\\/one22jh.org\\\/#website\",\"url\":\"https:\\\/\\\/one22jh.org\\\/\",\"name\":\"One22 Resource Center\",\"description\":\"We are One22  Resources to Support One Thriving and Diverse Greater Teton Community.\",\"publisher\":{\"@id\":\"https:\\\/\\\/one22jh.org\\\/#organization\"},\"potentialAction\":[{\"@type\":\"SearchAction\",\"target\":{\"@type\":\"EntryPoint\",\"urlTemplate\":\"https:\\\/\\\/one22jh.org\\\/?s={search_term_string}\"},\"query-input\":{\"@type\":\"PropertyValueSpecification\",\"valueRequired\":true,\"valueName\":\"search_term_string\"}}],\"inLanguage\":\"es\"},{\"@type\":\"Organization\",\"@id\":\"https:\\\/\\\/one22jh.org\\\/#organization\",\"name\":\"One22 Resource Center\",\"url\":\"https:\\\/\\\/one22jh.org\\\/\",\"logo\":{\"@type\":\"ImageObject\",\"inLanguage\":\"es\",\"@id\":\"https:\\\/\\\/one22jh.org\\\/#\\\/schema\\\/logo\\\/image\\\/\",\"url\":\"https:\\\/\\\/one22jh.org\\\/wp-content\\\/uploads\\\/2024\\\/07\\\/logo-blue.webp\",\"contentUrl\":\"https:\\\/\\\/one22jh.org\\\/wp-content\\\/uploads\\\/2024\\\/07\\\/logo-blue.webp\",\"width\":271,\"height\":101,\"caption\":\"One22 Resource Center\"},\"image\":{\"@id\":\"https:\\\/\\\/one22jh.org\\\/#\\\/schema\\\/logo\\\/image\\\/\"}}]}<\/script>\n<!-- \/ Yoast SEO plugin. -->","yoast_head_json":{"title":"Acopio anual de \u00fatiles escolares | Centro de Recursos One22","description":"One22's School Supply Drive provides school supplies to over 200 local students at the beginning of each school year.","robots":{"index":"index","follow":"follow","max-snippet":"max-snippet:-1","max-image-preview":"max-image-preview:large","max-video-preview":"max-video-preview:-1"},"canonical":"https:\/\/one22jh.org\/es\/acopio-utiles-escolares\/","og_locale":"es_MX","og_type":"article","og_title":"School Supply Drive | One22 Resource Center | Jackson Hole","og_description":"One22's School Supply Drive provides school supplies to over 200 local students at the beginning of each school year.","og_url":"https:\/\/one22jh.org\/es\/acopio-utiles-escolares\/","og_site_name":"One22 Resource Center","article_modified_time":"2025-08-11T16:40:20+00:00","twitter_card":"summary_large_image","schema":{"@context":"https:\/\/schema.org","@graph":[{"@type":"WebPage","@id":"https:\/\/one22jh.org\/school-supply-drive\/","url":"https:\/\/one22jh.org\/school-supply-drive\/","name":"Acopio anual de \u00fatiles escolares | Centro de Recursos One22","isPartOf":{"@id":"https:\/\/one22jh.org\/#website"},"datePublished":"2023-10-23T14:46:11+00:00","dateModified":"2025-08-11T16:40:20+00:00","description":"One22's School Supply Drive provides school supplies to over 200 local students at the beginning of each school year.","breadcrumb":{"@id":"https:\/\/one22jh.org\/school-supply-drive\/#breadcrumb"},"inLanguage":"es","potentialAction":[{"@type":"ReadAction","target":["https:\/\/one22jh.org\/school-supply-drive\/"]}]},{"@type":"BreadcrumbList","@id":"https:\/\/one22jh.org\/school-supply-drive\/#breadcrumb","itemListElement":[{"@type":"ListItem","position":1,"name":"Home","item":"https:\/\/one22jh.org\/"},{"@type":"ListItem","position":2,"name":"School Supply Drive"}]},{"@type":"WebSite","@id":"https:\/\/one22jh.org\/#website","url":"https:\/\/one22jh.org\/","name":"Centro de Recursos One22","description":"Somos One22 Recursos para apoyar una comunidad pr\u00f3spera y diversa de Greater Teton.","publisher":{"@id":"https:\/\/one22jh.org\/#organization"},"potentialAction":[{"@type":"SearchAction","target":{"@type":"EntryPoint","urlTemplate":"https:\/\/one22jh.org\/?s={search_term_string}"},"query-input":{"@type":"PropertyValueSpecification","valueRequired":true,"valueName":"search_term_string"}}],"inLanguage":"es"},{"@type":"Organization","@id":"https:\/\/one22jh.org\/#organization","name":"Centro de Recursos One22","url":"https:\/\/one22jh.org\/","logo":{"@type":"ImageObject","inLanguage":"es","@id":"https:\/\/one22jh.org\/#\/schema\/logo\/image\/","url":"https:\/\/one22jh.org\/wp-content\/uploads\/2024\/07\/logo-blue.webp","contentUrl":"https:\/\/one22jh.org\/wp-content\/uploads\/2024\/07\/logo-blue.webp","width":271,"height":101,"caption":"One22 Resource Center"},"image":{"@id":"https:\/\/one22jh.org\/#\/schema\/logo\/image\/"}}]}},"acf":[],"_links":{"self":[{"href":"https:\/\/one22jh.org\/es\/wp-json\/wp\/v2\/pages\/4571","targetHints":{"allow":["GET"]}}],"collection":[{"href":"https:\/\/one22jh.org\/es\/wp-json\/wp\/v2\/pages"}],"about":[{"href":"https:\/\/one22jh.org\/es\/wp-json\/wp\/v2\/types\/page"}],"author":[{"embeddable":true,"href":"https:\/\/one22jh.org\/es\/wp-json\/wp\/v2\/users\/2"}],"replies":[{"embeddable":true,"href":"https:\/\/one22jh.org\/es\/wp-json\/wp\/v2\/comments?post=4571"}],"version-history":[{"count":0,"href":"https:\/\/one22jh.org\/es\/wp-json\/wp\/v2\/pages\/4571\/revisions"}],"wp:attachment":[{"href":"https:\/\/one22jh.org\/es\/wp-json\/wp\/v2\/media?parent=4571"}],"curies":[{"name":"wp","href":"https:\/\/api.w.org\/{rel}","templated":true}]}}