{"id":277,"date":"2023-03-24T07:12:05","date_gmt":"2023-03-24T07:12:05","guid":{"rendered":"https:\/\/one22jh.wpengine.com\/?page_id=277"},"modified":"2024-07-22T21:05:16","modified_gmt":"2024-07-22T21:05:16","slug":"participa","status":"publish","type":"page","link":"https:\/\/one22jh.org\/es\/participa\/","title":{"rendered":"Participa"},"content":{"rendered":"<div id=\"ninec_banner_1\" class=\"ninec_fullwidth\"><div class=\"ninec_image_banner_wrapper\"><div class=\"ninec_image_banner\"><img loading=\"lazy\" decoding=\"async\" src=\"data:image\/png;base64,iVBORw0KGgoAAAANSUhEUgAAAAMAAAACCAQAAAA3fa6RAAAADklEQVR42mNkAANGCAUAACMAA2w\/AMgAAAAASUVORK5CYII=\" class=\"lazyload nineclazy\" width=\"1600\" height=\"650\" data-src=\"https:\/\/one22jh.org\/wp-content\/uploads\/2023\/08\/banner-volunteer-get-involved-with-one22-become-a-volunteer-jpg.webp\" alt=\"Haz voluntariado\"><div class=\"ninec_image_banner_caption animated zoomIn duration3 delay0 eds-on-scroll\"><h1><span>HAZ VOLUNTARIADO<\/span><br>Participa en One22<\/h1><h2><p>Nuestros voluntarios son pieza fundamental de nuestro equipo laboral y nos permiten satisfacer las necesidades crecientes de nuestra comunidad. La mayor parte de nuestras oportunidades de voluntariado radican en nuestro banco de alimento, el Jackson Cupboard. Sin embargo, tambi\u00e9n contamos con oportunidades de temporada, por ejemplo, distribuyendo \u00fatiles escolares o regalos de navidad. Sin el apoyo de nuestro cuerpo de voluntarios, no podr\u00edamos existir - \u00a1\u00fanete!<\/p>\n<\/h2><\/div><\/div><\/div><\/div>\n\n\n<div style=\"height:300px\" aria-hidden=\"true\" class=\"wp-block-spacer one-twenty-two-spacing\"><\/div>\n\n\n<div  id=\"three-column-grid-section-services-area-normal-width\" class=\"ninec_normalwidth ninec_grid_row_wrapper_1 three-column-grid-section-services-area\"><div class=\"ninec_grid_wrapper\"><div class=\"ninec_row\"><div id=\"\" class=\"ninec_col ninec_grid_col aos-slide-up animated fadeInRight duration3 delay0 eds-on-scroll\"><a href=\"\/es\/voluntario\/\" target=\"\"><img loading=\"lazy\" decoding=\"async\" width=\"884\" height=\"950\" src=\"data:image\/png;base64,iVBORw0KGgoAAAANSUhEUgAAAAMAAAACCAQAAAA3fa6RAAAADklEQVR42mNkAANGCAUAACMAA2w\/AMgAAAAASUVORK5CYII=\" data-src=\"https:\/\/one22jh.org\/wp-content\/uploads\/2024\/07\/Volunteer-Small.jpg\" alt=\"\" class=\"lazyload nineclazy\"><\/a><h4 ><a href=\"\/es\/voluntario\/\" target=\"\">HAZ VOLUNTARIADO<\/a><\/h4><div class=\"ninec_grid_col_content\"><p>Ay\u00fadanos a satisfacer las necesidades de los miembros de nuestra comunidad como voluntario.<\/p>\n<\/div><a class=\"site-buttons\" href=\"\/es\/voluntario\/hazte-voluntario\/\" target=\"\">Conoce m\u00e1s<\/a><\/div><div id=\"\" class=\"ninec_col ninec_grid_col aos-slide-down animated fadeInRight duration3 delay1 eds-on-scroll\"><a href=\"\/es\/voluntario\/organiza-un-acopio\/\" target=\"\"><img loading=\"lazy\" decoding=\"async\" width=\"884\" height=\"950\" src=\"data:image\/png;base64,iVBORw0KGgoAAAANSUhEUgAAAAMAAAACCAQAAAA3fa6RAAAADklEQVR42mNkAANGCAUAACMAA2w\/AMgAAAAASUVORK5CYII=\" data-src=\"https:\/\/one22jh.org\/wp-content\/uploads\/2023\/10\/Food-Drive-Volunteer-jpg.webp\" alt=\"Organiza un acopio o recolecta de alimentos\" class=\"lazyload nineclazy\"><\/a><h4 ><a href=\"\/es\/voluntario\/organiza-un-acopio\/\" target=\"\">ORGANIZA UN ACOPIO O RECOLECTA DE ALIMENTO<\/a><\/h4><div class=\"ninec_grid_col_content\"><p>Planea un evento de recolecci\u00f3n de alimentos y otros productos del hogar, en beneficio de la comunidad.<\/p>\n<\/div><a class=\"site-buttons\" href=\"\/es\/voluntario\/organiza-un-acopio\/\" target=\"\">CONOCE M\u00c1S<\/a><\/div><div id=\"\" class=\"ninec_col ninec_grid_col ninec_grid_col_last aos-slide-up animated fadeInRight duration3 delay2 eds-on-scroll\"><a href=\"\/es\/voluntario\/make-a-donation\/\" target=\"\"><img loading=\"lazy\" decoding=\"async\" width=\"884\" height=\"940\" src=\"data:image\/png;base64,iVBORw0KGgoAAAANSUhEUgAAAAMAAAACCAQAAAA3fa6RAAAADklEQVR42mNkAANGCAUAACMAA2w\/AMgAAAAASUVORK5CYII=\" data-src=\"https:\/\/one22jh.org\/wp-content\/uploads\/2023\/10\/MakeADonation-884x940-1-jpg.webp\" alt=\"Dona\" class=\"lazyload nineclazy\"><\/a><h4 ><a href=\"\/es\/voluntario\/make-a-donation\/\" target=\"\">DONA<\/a><\/h4><div class=\"ninec_grid_col_content\"><p>\u00danete a nuestra misi\u00f3n; apoyar a individuos y familias enfrentando problemas financieros y culturales en el \u00e1rea conurbada de los Tetons<\/p>\n<\/div><a class=\"site-buttons\" href=\"\/es\/voluntario\/make-a-donation\/\" target=\"\">\u00a1Dona ya!<\/a><\/div><div class=\"clearfix\"><\/div><\/div><\/div><\/div>\n\n<div style='background-color:#7165bf' class=\"ninec_gridbackground ninec_grid_row_wrapper_1 one-22-design-immediately-saying animated zoomIn duration3 delay0 eds-on-scroll\"><div class=\"ninec_grid_wrapper\"><div class=\"ninec_row ninec_row_vertical\"><div id=\"\" class=\"ninec_col ninec_grid_col ninec_grid_col_last aos-fade-right\"><h4 >\"Sumamente gratificante\"<\/h4><div class=\"ninec_grid_col_content\"><p>Despu\u00e9s de vivir aqu\u00ed diez a\u00f1os, me quise involucrar m\u00e1s en la comunidad, as\u00ed que comenc\u00e9 a hacer voluntariado en One22. Mucha gente depende del Jackson Cupboard as\u00ed que retribuir de esta manera me da mucha satisfacci\u00f3n. Ver la cantidad de personas a las que el Jackson Cupboard brinda servicios es sumamente gratificante. Todos trabajan en equipo para apoyar a aquellos que utilizan los servicios de One22.<\/p>\n<p><strong>-LINDSEY<\/strong><\/p>\n<\/div><\/div><div class=\"clearfix\"><\/div><\/div><\/div><\/div>\n\n\n<div style=\"height:150px\" aria-hidden=\"true\" class=\"wp-block-spacer volunteer-spacer-one\"><\/div>","protected":false},"excerpt":{"rendered":"","protected":false},"author":2,"featured_media":0,"parent":0,"menu_order":0,"comment_status":"closed","ping_status":"closed","template":"","meta":{"footnotes":""},"class_list":["post-277","page","type-page","status-publish","hentry"],"yoast_head":"<!-- This site is optimized with the Yoast SEO plugin v27.3 - https:\/\/yoast.com\/product\/yoast-seo-wordpress\/ -->\n<title>Get Involved | One22 Resource Center | Jackson Hole<\/title>\n<meta name=\"description\" content=\"Volunteers are a critical part of our workforce, allowing One22 to work toward meeting the growing needs of our community.\" \/>\n<meta name=\"robots\" content=\"index, follow, max-snippet:-1, max-image-preview:large, max-video-preview:-1\" \/>\n<link rel=\"canonical\" href=\"https:\/\/one22jh.org\/es\/participa\/\" \/>\n<meta property=\"og:locale\" content=\"es_MX\" \/>\n<meta property=\"og:type\" content=\"article\" \/>\n<meta property=\"og:title\" content=\"Get Involved | One22 Resource Center | Jackson Hole\" \/>\n<meta property=\"og:description\" content=\"Volunteers are a critical part of our workforce, allowing One22 to work toward meeting the growing needs of our community.\" \/>\n<meta property=\"og:url\" content=\"https:\/\/one22jh.org\/es\/participa\/\" \/>\n<meta property=\"og:site_name\" content=\"One22 Resource Center\" \/>\n<meta property=\"article:modified_time\" content=\"2024-07-22T21:05:16+00:00\" \/>\n<meta name=\"twitter:card\" content=\"summary_large_image\" \/>\n<script type=\"application\/ld+json\" class=\"yoast-schema-graph\">{\"@context\":\"https:\\\/\\\/schema.org\",\"@graph\":[{\"@type\":\"WebPage\",\"@id\":\"https:\\\/\\\/one22jh.org\\\/get-involved\\\/\",\"url\":\"https:\\\/\\\/one22jh.org\\\/get-involved\\\/\",\"name\":\"Get Involved | One22 Resource Center | Jackson Hole\",\"isPartOf\":{\"@id\":\"https:\\\/\\\/one22jh.org\\\/#website\"},\"datePublished\":\"2023-03-24T07:12:05+00:00\",\"dateModified\":\"2024-07-22T21:05:16+00:00\",\"description\":\"Volunteers are a critical part of our workforce, allowing One22 to work toward meeting the growing needs of our community.\",\"breadcrumb\":{\"@id\":\"https:\\\/\\\/one22jh.org\\\/get-involved\\\/#breadcrumb\"},\"inLanguage\":\"es\",\"potentialAction\":[{\"@type\":\"ReadAction\",\"target\":[\"https:\\\/\\\/one22jh.org\\\/get-involved\\\/\"]}]},{\"@type\":\"BreadcrumbList\",\"@id\":\"https:\\\/\\\/one22jh.org\\\/get-involved\\\/#breadcrumb\",\"itemListElement\":[{\"@type\":\"ListItem\",\"position\":1,\"name\":\"Home\",\"item\":\"https:\\\/\\\/one22jh.org\\\/\"},{\"@type\":\"ListItem\",\"position\":2,\"name\":\"Get Involved\"}]},{\"@type\":\"WebSite\",\"@id\":\"https:\\\/\\\/one22jh.org\\\/#website\",\"url\":\"https:\\\/\\\/one22jh.org\\\/\",\"name\":\"One22 Resource Center\",\"description\":\"We are One22  Resources to Support One Thriving and Diverse Greater Teton Community.\",\"publisher\":{\"@id\":\"https:\\\/\\\/one22jh.org\\\/#organization\"},\"potentialAction\":[{\"@type\":\"SearchAction\",\"target\":{\"@type\":\"EntryPoint\",\"urlTemplate\":\"https:\\\/\\\/one22jh.org\\\/?s={search_term_string}\"},\"query-input\":{\"@type\":\"PropertyValueSpecification\",\"valueRequired\":true,\"valueName\":\"search_term_string\"}}],\"inLanguage\":\"es\"},{\"@type\":\"Organization\",\"@id\":\"https:\\\/\\\/one22jh.org\\\/#organization\",\"name\":\"One22 Resource Center\",\"url\":\"https:\\\/\\\/one22jh.org\\\/\",\"logo\":{\"@type\":\"ImageObject\",\"inLanguage\":\"es\",\"@id\":\"https:\\\/\\\/one22jh.org\\\/#\\\/schema\\\/logo\\\/image\\\/\",\"url\":\"https:\\\/\\\/one22jh.org\\\/wp-content\\\/uploads\\\/2026\\\/04\\\/one22_logo.avif\",\"contentUrl\":\"https:\\\/\\\/one22jh.org\\\/wp-content\\\/uploads\\\/2026\\\/04\\\/one22_logo.avif\",\"width\":937,\"height\":346,\"caption\":\"One22 Resource Center\"},\"image\":{\"@id\":\"https:\\\/\\\/one22jh.org\\\/#\\\/schema\\\/logo\\\/image\\\/\"}}]}<\/script>\n<!-- \/ Yoast SEO plugin. -->","yoast_head_json":{"title":"Participa en One22 | Centro de Recursos One22 | Jackson Hole","description":"Nuestros voluntarios son pieza fundamental de nuestro equipo laboral y nos permiten satisfacer las necesidades crecientes de nuestra comunidad.","robots":{"index":"index","follow":"follow","max-snippet":"max-snippet:-1","max-image-preview":"max-image-preview:large","max-video-preview":"max-video-preview:-1"},"canonical":"https:\/\/one22jh.org\/es\/participa\/","og_locale":"es_MX","og_type":"article","og_title":"Get Involved | One22 Resource Center | Jackson Hole","og_description":"Volunteers are a critical part of our workforce, allowing One22 to work toward meeting the growing needs of our community.","og_url":"https:\/\/one22jh.org\/es\/participa\/","og_site_name":"One22 Resource Center","article_modified_time":"2024-07-22T21:05:16+00:00","twitter_card":"summary_large_image","schema":{"@context":"https:\/\/schema.org","@graph":[{"@type":"WebPage","@id":"https:\/\/one22jh.org\/get-involved\/","url":"https:\/\/one22jh.org\/get-involved\/","name":"Participa en One22 | Centro de Recursos One22 | Jackson Hole","isPartOf":{"@id":"https:\/\/one22jh.org\/#website"},"datePublished":"2023-03-24T07:12:05+00:00","dateModified":"2024-07-22T21:05:16+00:00","description":"Nuestros voluntarios son pieza fundamental de nuestro equipo laboral y nos permiten satisfacer las necesidades crecientes de nuestra comunidad.","breadcrumb":{"@id":"https:\/\/one22jh.org\/get-involved\/#breadcrumb"},"inLanguage":"es","potentialAction":[{"@type":"ReadAction","target":["https:\/\/one22jh.org\/get-involved\/"]}]},{"@type":"BreadcrumbList","@id":"https:\/\/one22jh.org\/get-involved\/#breadcrumb","itemListElement":[{"@type":"ListItem","position":1,"name":"Home","item":"https:\/\/one22jh.org\/"},{"@type":"ListItem","position":2,"name":"Get Involved"}]},{"@type":"WebSite","@id":"https:\/\/one22jh.org\/#website","url":"https:\/\/one22jh.org\/","name":"Centro de Recursos One22","description":"Somos One22 Recursos para apoyar una comunidad pr\u00f3spera y diversa de Greater Teton.","publisher":{"@id":"https:\/\/one22jh.org\/#organization"},"potentialAction":[{"@type":"SearchAction","target":{"@type":"EntryPoint","urlTemplate":"https:\/\/one22jh.org\/?s={search_term_string}"},"query-input":{"@type":"PropertyValueSpecification","valueRequired":true,"valueName":"search_term_string"}}],"inLanguage":"es"},{"@type":"Organization","@id":"https:\/\/one22jh.org\/#organization","name":"Centro de Recursos One22","url":"https:\/\/one22jh.org\/","logo":{"@type":"ImageObject","inLanguage":"es","@id":"https:\/\/one22jh.org\/#\/schema\/logo\/image\/","url":"https:\/\/one22jh.org\/wp-content\/uploads\/2026\/04\/one22_logo.avif","contentUrl":"https:\/\/one22jh.org\/wp-content\/uploads\/2026\/04\/one22_logo.avif","width":937,"height":346,"caption":"One22 Resource Center"},"image":{"@id":"https:\/\/one22jh.org\/#\/schema\/logo\/image\/"}}]}},"acf":[],"_links":{"self":[{"href":"https:\/\/one22jh.org\/es\/wp-json\/wp\/v2\/pages\/277","targetHints":{"allow":["GET"]}}],"collection":[{"href":"https:\/\/one22jh.org\/es\/wp-json\/wp\/v2\/pages"}],"about":[{"href":"https:\/\/one22jh.org\/es\/wp-json\/wp\/v2\/types\/page"}],"author":[{"embeddable":true,"href":"https:\/\/one22jh.org\/es\/wp-json\/wp\/v2\/users\/2"}],"replies":[{"embeddable":true,"href":"https:\/\/one22jh.org\/es\/wp-json\/wp\/v2\/comments?post=277"}],"version-history":[{"count":0,"href":"https:\/\/one22jh.org\/es\/wp-json\/wp\/v2\/pages\/277\/revisions"}],"wp:attachment":[{"href":"https:\/\/one22jh.org\/es\/wp-json\/wp\/v2\/media?parent=277"}],"curies":[{"name":"wp","href":"https:\/\/api.w.org\/{rel}","templated":true}]}}